{"id":2286,"date":"2024-08-26T08:01:25","date_gmt":"2024-08-26T06:01:25","guid":{"rendered":"https:\/\/semmelweis.hu\/semmelweisiskola\/?page_id=2286"},"modified":"2026-01-26T14:22:39","modified_gmt":"2026-01-26T13:22:39","slug":"osztalyfonokok","status":"publish","type":"page","link":"https:\/\/semmelweis.hu\/semmelweisiskola\/osztalyfonokok\/","title":{"rendered":"Oszt\u00e1lyf\u0151n\u00f6k\u00f6k 2025-2026 tan\u00e9v"},"content":{"rendered":"<p style=\"text-align: center\"><span style=\"font-size: 14pt;color: #000000\"><strong>Semmelweis Egyetem Semmelweis Ign\u00e1c T\u00f6bbc\u00e9l\u00fa Szakk\u00e9pz\u0151 Int\u00e9zm\u00e9nye<\/strong><\/span><\/p>\n<table style=\"height: 1007px;width: 86.8539%\" width=\"1200\">\n<tbody>\n<tr style=\"height: 53px\">\n<td style=\"width: 10.338%;height: 53px\" width=\"86\">\n<p style=\"text-align: center\"><span style=\"color: #000000\"><strong><span style=\"font-size: 12pt\">Oszt\u00e1ly neve<\/span><\/strong><\/span><\/p>\n<\/td>\n<td style=\"width: 17.6938%;text-align: center;height: 53px\" width=\"172\">\n<p><span style=\"color: #000000\"><strong><span style=\"font-size: 12pt\">Oszt\u00e1lyf\u0151n\u00f6k<\/span><\/strong><\/span><\/p>\n<\/td>\n<td style=\"width: 17.6938%;text-align: center;height: 53px\" width=\"172\">\n<p><span style=\"color: #000000\"><strong><span style=\"font-size: 12pt\">Oszt\u00e1lyf\u0151n\u00f6k helyettes<\/span><\/strong><\/span><\/p>\n<\/td>\n<td style=\"width: 18.6879%;text-align: center;height: 53px\" width=\"121\">\n<p><span style=\"color: #000000\"><strong><span style=\"font-size: 12pt\">Oszt\u00e1ly neve<\/span><\/strong><\/span><\/p>\n<\/td>\n<td style=\"width: 17.6938%;text-align: center;height: 53px\" width=\"156\">\n<p><span style=\"color: #000000\"><strong><span style=\"font-size: 12pt\">Oszt\u00e1lyf\u0151n\u00f6k<\/span><\/strong><\/span><\/p>\n<\/td>\n<td style=\"width: 117.893%;height: 53px\" width=\"156\">\n<p style=\"text-align: center\"><span style=\"color: #000000\"><strong><span style=\"font-size: 12pt\">Oszt\u00e1lyf\u0151n\u00f6k helyettes<\/span><\/strong><\/span><\/p>\n<\/td>\n<\/tr>\n<tr style=\"height: 53px\">\n<td style=\"width: 10.338%;height: 53px\" width=\"86\">\n<p><span style=\"font-size: 12pt;color: #000000\">1\/9 am<\/span><\/p>\n<\/td>\n<td style=\"width: 17.6938%;height: 53px\" width=\"172\">\n<p><span style=\"font-size: 12pt;color: #000000\">Sz\u00e9kely Zolt\u00e1n<\/span><\/p>\n<\/td>\n<td style=\"width: 17.6938%;height: 53px\" width=\"172\">\n<p><span style=\"font-size: 12pt;color: #000000\"><span style=\"font-size: 12pt;color: #800000\">Bereczki M\u00e1rta Szilvia<\/span><\/span><\/p>\n<\/td>\n<td style=\"width: 18.6879%;height: 53px\" width=\"121\">\n<p><span style=\"font-size: 12pt;color: #000000\">12.b<\/span><\/p>\n<\/td>\n<td style=\"width: 17.6938%;height: 53px\" width=\"156\">\n<p><span style=\"font-size: 12pt;color: #000000\">Kan\u00f3cz Rich\u00e1rd<\/span><\/p>\n<\/td>\n<td style=\"width: 117.893%;height: 53px\" width=\"156\">\n<p><span style=\"font-size: 12pt;color: #800000\">Horv\u00e1th Szit\u00e1s Gabriella<\/span><\/p>\n<\/td>\n<\/tr>\n<tr style=\"height: 53px\">\n<td style=\"width: 10.338%;height: 53px\" width=\"86\">\n<p><span style=\"font-size: 12pt;color: #000000\">3\/11 am<\/span><\/p>\n<\/td>\n<td style=\"width: 17.6938%;height: 53px\" width=\"172\">\n<p><span style=\"font-size: 12pt;color: #000000\">Katona B\u00e1lintn\u00e9<\/span><\/p>\n<\/td>\n<td style=\"width: 17.6938%;height: 53px\" width=\"172\">\n<p><span style=\"font-size: 12pt;color: #800000\">Szecsei Judit Kl\u00e1ra<\/span><\/p>\n<\/td>\n<td style=\"width: 18.6879%;height: 53px\" width=\"121\">\n<p><span style=\"font-size: 12pt;color: #000000\">12.c<\/span><\/p>\n<\/td>\n<td style=\"width: 17.6938%;height: 53px\" width=\"156\">\n<p><span style=\"font-size: 12pt;color: #000000\">S\u00e1nta \u00c1beln\u00e9<\/span><\/p>\n<\/td>\n<td style=\"width: 117.893%;height: 53px\" width=\"156\">\n<p><span style=\"font-size: 12pt;color: #800000\">M\u00e1ndin\u00e9 Bod Csilla Emese<\/span><\/p>\n<\/td>\n<\/tr>\n<tr style=\"height: 53px\">\n<td style=\"width: 10.338%;height: 53px\" width=\"86\">\n<p><span style=\"font-size: 12pt;color: #000000\">9.a<\/span><\/p>\n<\/td>\n<td style=\"width: 17.6938%;height: 53px\" width=\"172\">\n<p><span style=\"font-size: 12pt;color: #000000\">R\u00e9p\u00e1si Ad\u00e9l Fel\u00edcia<\/span><\/p>\n<\/td>\n<td style=\"width: 17.6938%;height: 53px\" width=\"172\">\n<p><span style=\"font-size: 12pt;color: #800000\">R\u00e9p\u00e1si Marcell L\u00e1szl\u00f3<\/span><\/p>\n<\/td>\n<td style=\"width: 18.6879%;height: 53px\" width=\"121\">\n<p><span style=\"font-size: 12pt;color: #000000\">12.d<\/span><\/p>\n<\/td>\n<td style=\"width: 17.6938%;height: 53px\" width=\"156\">\n<p><span style=\"font-size: 12pt;color: #000000\">D\u00e9t\u00e1ri-Varga T\u00fcnde<\/span><\/p>\n<\/td>\n<td style=\"width: 117.893%;height: 53px\" width=\"156\">\n<p><span style=\"color: #800000;font-size: 12pt\">Kov\u00e1cs Bal\u00e1zs J\u00f3zsef<\/span><\/p>\n<\/td>\n<\/tr>\n<tr style=\"height: 53px\">\n<td style=\"width: 10.338%;height: 53px\" width=\"86\">\n<p><span style=\"font-size: 12pt;color: #000000\">9.b<\/span><\/p>\n<\/td>\n<td style=\"width: 17.6938%;height: 53px\" width=\"172\">\n<p><span style=\"font-size: 12pt;color: #000000\">Rad\u00f3cz Zolt\u00e1n<\/span><\/p>\n<\/td>\n<td style=\"width: 17.6938%;height: 53px\" width=\"172\">\n<p><span style=\"font-size: 12pt;color: #800000\">Wohlr\u00e1b Fanni<\/span><\/p>\n<\/td>\n<td style=\"width: 18.6879%;height: 53px\" width=\"121\">\n<p><span style=\"font-size: 12pt;color: #000000\">S-1\/13\/\u00c1-Cs-La\/F<\/span><\/p>\n<\/td>\n<td style=\"width: 17.6938%;height: 53px\" width=\"156\">\n<p><span style=\"font-size: 12pt;color: #000000\">&#8211;<\/span><\/p>\n<\/td>\n<td style=\"width: 117.893%;height: 53px\" width=\"156\">\n<p><span style=\"font-size: 12pt;color: #000000\">R\u00e9p\u00e1si Marcell L\u00e1szl\u00f3<\/span><\/p>\n<\/td>\n<\/tr>\n<tr style=\"height: 53px\">\n<td style=\"width: 10.338%;height: 53px\" width=\"86\">\n<p><span style=\"font-size: 12pt;color: #000000\">9.c<\/span><\/p>\n<\/td>\n<td style=\"width: 17.6938%;height: 53px\" width=\"172\">\n<p><span style=\"font-size: 12pt;color: #000000\">D\u00e9v\u00e9nyi T\u00edmea<\/span><\/p>\n<\/td>\n<td style=\"width: 17.6938%;height: 53px\" width=\"172\">\n<p><span style=\"font-size: 12pt;color: #800000\">Bart\u00f3k Kinga<\/span><\/p>\n<\/td>\n<td style=\"width: 18.6879%;height: 53px\" width=\"121\">\n<p><span style=\"font-size: 12pt;color: #000000\">S-2\/14\/Cs\/F<\/span><\/p>\n<\/td>\n<td style=\"width: 17.6938%;height: 53px\" width=\"156\">\n<p><span style=\"font-size: 12pt;color: #000000\">&#8211;<\/span><\/p>\n<\/td>\n<td style=\"width: 117.893%;height: 53px\" width=\"156\">\n<p><span style=\"font-size: 12pt;color: #000000\">R\u00e9p\u00e1si Marcell L\u00e1szl\u00f3<\/span><\/p>\n<\/td>\n<\/tr>\n<tr style=\"height: 53px\">\n<td style=\"width: 10.338%;height: 53px\" width=\"86\">\n<p><span style=\"font-size: 12pt;color: #000000\">9.d<\/span><\/p>\n<\/td>\n<td style=\"width: 17.6938%;height: 53px\" width=\"172\">\n<p><span style=\"font-size: 12pt;color: #000000\">Katona B\u00e1lint<\/span><\/p>\n<\/td>\n<td style=\"width: 17.6938%;height: 53px\" width=\"172\">\n<p><span style=\"font-size: 12pt;color: #800000\">D\u00e9t\u00e1ri-Varga T\u00fcnde<\/span><\/p>\n<\/td>\n<td style=\"width: 18.6879%;height: 53px\" width=\"121\">\n<p><span style=\"font-size: 12pt;color: #000000\">S-2\/14\/La\/F<\/span><\/p>\n<\/td>\n<td style=\"width: 17.6938%;height: 53px\" width=\"156\">\n<p><span style=\"font-size: 12pt;color: #000000\">&#8211;<\/span><\/p>\n<\/td>\n<td style=\"width: 117.893%;height: 53px\" width=\"156\">\n<p><span style=\"font-size: 12pt;color: #000000\">R\u00e9p\u00e1si Marcell L\u00e1szl\u00f3<\/span><\/p>\n<\/td>\n<\/tr>\n<tr style=\"height: 53px\">\n<td style=\"width: 10.338%;height: 53px\" width=\"86\">\n<p><span style=\"font-size: 12pt;color: #000000\">9.o<\/span><\/p>\n<\/td>\n<td style=\"width: 17.6938%;height: 53px\" width=\"172\">\n<p><span style=\"font-size: 12pt;color: #000000\">Bereczki M\u00e1rta Szilvia<\/span><\/p>\n<\/td>\n<td style=\"width: 17.6938%;height: 53px\" width=\"172\">\n<p><span style=\"font-size: 12pt;color: #800000\">D\u00e9t\u00e1ri-Varga T\u00fcnde<\/span><\/p>\n<\/td>\n<td style=\"width: 18.6879%;height: 53px\" width=\"121\">\n<p><span style=\"font-size: 12pt;color: #000000\">13.\u00e1<\/span><\/p>\n<\/td>\n<td style=\"width: 17.6938%;height: 53px\" width=\"156\">\n<p><span style=\"font-size: 12pt;color: #000000\">T\u00f6r\u00f6k Ildik\u00f3<\/span><\/p>\n<\/td>\n<td style=\"width: 117.893%;height: 53px\" width=\"156\">\n<p><span style=\"font-size: 12pt;color: #000000\"><span style=\"font-size: 12pt;color: #800000\">R\u00e9p\u00e1si Marcell L\u00e1szl\u00f3<\/span><\/span><\/p>\n<\/td>\n<\/tr>\n<tr style=\"height: 53px\">\n<td style=\"width: 10.338%;height: 53px\" width=\"86\">\n<p><span style=\"font-size: 12pt;color: #000000\">10.a<\/span><\/p>\n<\/td>\n<td style=\"width: 17.6938%;height: 53px\" width=\"172\">\n<p><span style=\"font-size: 12pt;color: #000000\">Szecsei Judit Kl\u00e1ra<\/span><\/p>\n<\/td>\n<td style=\"width: 17.6938%;height: 53px\" width=\"172\">\n<p><span style=\"font-size: 12pt;color: #800000\">Horv\u00e1th Szit\u00e1s Gabriella<\/span><\/p>\n<\/td>\n<td style=\"width: 18.6879%;height: 53px\" width=\"121\">\n<p><span style=\"font-size: 12pt;color: #000000\">13.lab<\/span><\/p>\n<\/td>\n<td style=\"width: 17.6938%;height: 53px\" width=\"156\">\n<p><span style=\"font-size: 12pt;color: #000000\">Orosz Fanni<\/span><\/p>\n<\/td>\n<td style=\"width: 117.893%;height: 53px\" width=\"156\">\n<p><span style=\"font-size: 12pt;color: #800000\">Marik Laura<\/span><\/p>\n<\/td>\n<\/tr>\n<tr style=\"height: 53px\">\n<td style=\"width: 10.338%;height: 53px\" width=\"86\">\n<p><span style=\"font-size: 12pt;color: #000000\">10.b<\/span><\/p>\n<\/td>\n<td style=\"width: 17.6938%;height: 53px\" width=\"172\">\n<p><span style=\"font-size: 12pt;color: #000000\">Szil\u00e1di Kriszti\u00e1n<\/span><\/p>\n<\/td>\n<td style=\"width: 17.6938%;height: 53px\" width=\"172\">\n<p><span style=\"font-size: 12pt;color: #800000\">Szabados M\u00e1ria Em\u0151ke<\/span><\/p>\n<\/td>\n<td style=\"width: 18.6879%;height: 53px\" width=\"121\">\n<p><span style=\"font-size: 12pt;color: #000000\">13.c<\/span><\/p>\n<\/td>\n<td style=\"width: 17.6938%;height: 53px\" width=\"156\">\n<p><span style=\"font-size: 12pt;color: #000000\">Bede \u00c9va<\/span><\/p>\n<\/td>\n<td style=\"width: 117.893%;height: 53px\" width=\"156\">\n<p><span style=\"font-size: 12pt;color: #800000\">L\u0151z Erika M\u00e1ria<\/span><\/p>\n<\/td>\n<\/tr>\n<tr style=\"height: 53px\">\n<td style=\"width: 10.338%;height: 53px\" width=\"86\">\n<p><span style=\"font-size: 12pt;color: #000000\">10.c<\/span><\/p>\n<\/td>\n<td style=\"width: 17.6938%;height: 53px\" width=\"172\">\n<p><span style=\"font-size: 12pt;color: #000000\">Szab\u00f3 Tam\u00e1s Mikl\u00f3s<\/span><\/p>\n<\/td>\n<td style=\"width: 17.6938%;height: 53px\" width=\"172\">\n<p><span style=\"font-size: 12pt;color: #800000\">Pichler Rudolf Csaba<\/span><\/p>\n<\/td>\n<td style=\"width: 18.6879%;height: 53px\" width=\"121\">\n<p><span style=\"font-size: 12pt;color: #000000\">14.a<\/span><\/p>\n<\/td>\n<td style=\"width: 17.6938%;height: 53px\" width=\"156\">\n<p><span style=\"font-size: 12pt;color: #000000\">Viskovits Ren\u00e1ta Rita<\/span><\/p>\n<\/td>\n<td style=\"width: 117.893%;height: 53px\" width=\"156\">\n<p><span style=\"font-size: 12pt;color: #800000\">Dob\u00f3-Csizmadia Erika<\/span><\/p>\n<\/td>\n<\/tr>\n<tr style=\"height: 53px\">\n<td style=\"width: 10.338%;height: 53px\" width=\"86\">\n<p><span style=\"font-size: 12pt;color: #000000\">10.d<\/span><\/p>\n<\/td>\n<td style=\"width: 17.6938%;height: 53px\" width=\"172\">\n<p><span style=\"font-size: 12pt;color: #000000\">Rajczi Emil<\/span><\/p>\n<\/td>\n<td style=\"width: 17.6938%;height: 53px\" width=\"172\">\n<p><span style=\"font-size: 12pt;color: #800000\">Kov\u00e1cs Gy\u00f6rgy<\/span><\/p>\n<\/td>\n<td style=\"width: 18.6879%;height: 53px\" width=\"121\">\n<p><span style=\"font-size: 12pt;color: #000000\">12.e<\/span><\/p>\n<\/td>\n<td style=\"width: 17.6938%;height: 53px\" width=\"156\">\n<p><span style=\"font-size: 12pt;color: #000000\">\u00c9kes-Gajd\u00e1tsy Andrea<\/span><\/p>\n<\/td>\n<td style=\"width: 117.893%;height: 53px\" width=\"156\">\n<p><span style=\"font-size: 12pt;color: #800000\">Bede \u00c9va<\/span><\/p>\n<\/td>\n<\/tr>\n<tr style=\"height: 53px\">\n<td style=\"width: 10.338%;height: 53px\" width=\"86\">\n<p><span style=\"font-size: 12pt;color: #000000\">10.o<\/span><\/p>\n<\/td>\n<td style=\"width: 17.6938%;height: 53px\" width=\"172\">\n<p><span style=\"font-size: 12pt;color: #000000\">L\u0151z Erika M\u00e1ria<\/span><\/p>\n<\/td>\n<td style=\"width: 17.6938%;height: 53px\" width=\"172\">\n<p><span style=\"font-size: 12pt;color: #000000\"><span style=\"font-size: 12pt;color: #800000\">Bart\u00f3k Kinga<\/span><\/span><\/p>\n<\/td>\n<td style=\"width: 18.6879%;height: 53px\" width=\"121\">\n<p><span style=\"font-size: 12pt;color: #000000\">S-3\/15\/La-Hema\/F<\/span><\/p>\n<\/td>\n<td style=\"width: 17.6938%;height: 53px\" width=\"156\">\n<p><span style=\"font-size: 12pt;color: #000000\">&#8211;<\/span><\/p>\n<\/td>\n<td style=\"width: 117.893%;height: 53px\" width=\"156\">\n<p><span style=\"font-size: 12pt;color: #000000\">R\u00e9p\u00e1si Marcell L\u00e1szl\u00f3<\/span><\/p>\n<\/td>\n<\/tr>\n<tr style=\"height: 53px\">\n<td style=\"width: 10.338%;height: 53px\" width=\"86\">\n<p><span style=\"font-size: 12pt;color: #000000\">11.a<\/span><\/p>\n<\/td>\n<td style=\"width: 17.6938%;height: 53px\" width=\"172\">\n<p><span style=\"font-size: 12pt;color: #000000\">Dob\u00f3-Csizmadia Erika<\/span><\/p>\n<\/td>\n<td style=\"width: 17.6938%;height: 53px\" width=\"172\">\n<p><span style=\"font-size: 12pt;color: #800000\">D\u00e9t\u00e1ri-Varga T\u00fcnde<\/span><\/p>\n<\/td>\n<td style=\"width: 18.6879%;height: 53px\" width=\"121\">\n<p><span style=\"font-size: 12pt;color: #000000\">S-3\/15\/Lab-K\u00e9m\/F<\/span><\/p>\n<\/td>\n<td style=\"width: 17.6938%;height: 53px\" width=\"156\">\n<p><span style=\"font-size: 12pt;color: #000000\">&#8211;<\/span><\/p>\n<\/td>\n<td style=\"width: 117.893%;height: 53px\" width=\"156\">\n<p><span style=\"font-size: 12pt;color: #000000\">R\u00e9p\u00e1si Marcell L\u00e1szl\u00f3<\/span><\/p>\n<\/td>\n<\/tr>\n<tr style=\"height: 53px\">\n<td style=\"width: 10.338%;height: 53px\" width=\"86\">\n<p><span style=\"font-size: 12pt;color: #000000\">11.b<\/span><\/p>\n<\/td>\n<td style=\"width: 17.6938%;height: 53px\" width=\"172\">\n<p><span style=\"font-size: 12pt;color: #000000\">Marik Laura<\/span><\/p>\n<\/td>\n<td style=\"width: 17.6938%;height: 53px\" width=\"172\">\n<p><span style=\"font-size: 12pt;color: #800000\">Orosz Fanni<\/span><\/p>\n<\/td>\n<td style=\"width: 18.6879%;height: 53px\" width=\"121\">\n<p><span style=\"font-size: 12pt;color: #000000\">S-3\/15\/\u00c1\/F<\/span><\/p>\n<\/td>\n<td style=\"width: 17.6938%;height: 53px\" width=\"156\">\n<p><span style=\"font-size: 12pt;color: #000000\">&#8211;<\/span><\/p>\n<\/td>\n<td style=\"width: 117.893%;height: 53px\" width=\"156\">\n<p><span style=\"font-size: 12pt;color: #000000\">R\u00e9p\u00e1si Marcell L\u00e1szl\u00f3<\/span><\/p>\n<\/td>\n<\/tr>\n<tr style=\"height: 53px\">\n<td style=\"width: 10.338%;height: 53px\" width=\"86\">\n<p><span style=\"font-size: 12pt;color: #000000\">11.c<\/span><\/p>\n<\/td>\n<td style=\"width: 17.6938%;height: 53px\" width=\"172\">\n<p><span style=\"font-size: 12pt;color: #000000\">Karvalics R\u00e9ka<\/span><\/p>\n<\/td>\n<td style=\"width: 17.6938%;height: 53px\" width=\"172\">\n<p><span style=\"font-size: 12pt;color: #800000\">Juh\u00e1sz Judit<\/span><\/p>\n<\/td>\n<td style=\"width: 18.6879%;height: 53px\" width=\"121\">\n<p><span style=\"font-size: 12pt;color: #000000\">S-2\/14\/CS\/KF\/F<\/span><\/p>\n<\/td>\n<td style=\"width: 17.6938%;height: 53px\" width=\"156\">\n<p><span style=\"font-size: 12pt;color: #000000\">&#8211;<\/span><\/p>\n<\/td>\n<td style=\"width: 117.893%;height: 53px\" width=\"156\">\n<p><span style=\"font-size: 12pt;color: #000000\">R\u00e9p\u00e1si Marcell L\u00e1szl\u00f3<\/span><\/p>\n<\/td>\n<\/tr>\n<tr style=\"height: 53px\">\n<td style=\"width: 10.338%;height: 53px\" width=\"86\">\n<p><span style=\"font-size: 12pt;color: #000000\">11.d<\/span><\/p>\n<\/td>\n<td style=\"width: 17.6938%;height: 53px\" width=\"172\">\n<p><span style=\"font-size: 12pt;color: #000000\">Pichler Rudolf Csaba<\/span><\/p>\n<\/td>\n<td style=\"width: 17.6938%;height: 53px\" width=\"172\">\n<p><span style=\"font-size: 12pt;color: #800000\">D\u00e9t\u00e1ri-Varga T\u00fcnde<\/span><\/p>\n<\/td>\n<td style=\"width: 18.6879%;height: 53px\" width=\"121\">\n<p><span style=\"font-size: 12pt;color: #000000\">S-2\/14\/\u00c1\/F<\/span><\/p>\n<\/td>\n<td style=\"width: 17.6938%;height: 53px\" width=\"156\">\n<p><span style=\"font-size: 12pt;color: #000000\">&#8211;<\/span><\/p>\n<\/td>\n<td style=\"width: 117.893%;height: 53px\" width=\"156\">\n<p><span style=\"font-size: 12pt;color: #000000\">R\u00e9p\u00e1si Marcell L\u00e1szl\u00f3<\/span><\/p>\n<\/td>\n<\/tr>\n<tr style=\"height: 53px\">\n<td style=\"width: 10.338%;height: 53px\" width=\"86\">\n<p><span style=\"font-size: 12pt;color: #000000\">11.o<\/span><\/p>\n<\/td>\n<td style=\"width: 17.6938%;height: 53px\" width=\"172\">\n<p><span style=\"font-size: 12pt;color: #000000\">M\u00e1ndin\u00e9 Bod Csilla Emese<\/span><\/p>\n<\/td>\n<td style=\"width: 17.6938%;height: 53px\" width=\"172\">\n<p><span style=\"font-size: 12pt;color: #800000\">Bereczki M\u00e1rta Szilvia<\/span><\/p>\n<\/td>\n<td style=\"width: 18.6879%;height: 53px\" width=\"121\">\n<p><span style=\"font-size: 12pt;color: #000000\">S-3\/15\/La-Mikro\/F<\/span><\/p>\n<\/td>\n<td style=\"width: 17.6938%;height: 53px\" width=\"156\">\n<p><span style=\"font-size: 12pt;color: #000000\">&#8211;<\/span><\/p>\n<\/td>\n<td style=\"width: 117.893%;height: 53px\" width=\"156\">\n<p><span style=\"font-size: 12pt;color: #000000\">R\u00e9p\u00e1si Marcell L\u00e1szl\u00f3<\/span><\/p>\n<\/td>\n<\/tr>\n<tr style=\"height: 53px\">\n<td style=\"width: 10.338%;height: 53px\" width=\"86\">\n<p><span style=\"font-size: 12pt;color: #000000\">12.a<\/span><\/p>\n<\/td>\n<td style=\"width: 17.6938%;height: 53px\" width=\"172\">\n<p><span style=\"font-size: 12pt;color: #000000\">Szabados M\u00e1ria Em\u0151ke<\/span><\/p>\n<\/td>\n<td style=\"width: 17.6938%;height: 53px\" width=\"172\">\n<p><span style=\"font-size: 12pt;color: #800000\">Marik Laura<\/span><\/p>\n<\/td>\n<td style=\"width: 18.6879%;height: 53px\" width=\"121\">\n<p><span style=\"font-size: 12pt;color: #000000\">13.e<\/span><\/p>\n<\/td>\n<td style=\"width: 17.6938%;height: 53px\" width=\"156\">\n<p><span style=\"font-size: 12pt;color: #000000\">Horv\u00e1th Szit\u00e1s Gabriella<\/span><\/p>\n<\/td>\n<td style=\"width: 117.893%;height: 53px\" width=\"156\">\n<p><span style=\"font-size: 12pt;color: #800000\">Kan\u00f3cz Rich\u00e1rd<\/span><\/p>\n<\/td>\n<\/tr>\n<\/tbody>\n<\/table>\n","protected":false},"excerpt":{"rendered":"<p>Semmelweis Egyetem Semmelweis Ign\u00e1c T\u00f6bbc\u00e9l\u00fa Szakk\u00e9pz\u0151 Int\u00e9zm\u00e9nye Oszt\u00e1ly neve Oszt\u00e1lyf\u0151n\u00f6k Oszt\u00e1lyf\u0151n\u00f6k helyettes Oszt\u00e1ly neve Oszt\u00e1lyf\u0151n\u00f6k Oszt\u00e1lyf\u0151n\u00f6k helyettes 1\/9 am Sz\u00e9kely Zolt\u00e1n Bereczki M\u00e1rta Szilvia 12.b Kan\u00f3cz Rich\u00e1rd Horv\u00e1th Szit\u00e1s Gabriella 3\/11 am Katona B\u00e1lintn\u00e9 Szecsei Judit Kl\u00e1ra 12.c S\u00e1nta \u00c1beln\u00e9 M\u00e1ndin\u00e9 Bod Csilla Emese 9.a R\u00e9p\u00e1si Ad\u00e9l Fel\u00edcia R\u00e9p\u00e1si Marcell L\u00e1szl\u00f3 12.d D\u00e9t\u00e1ri-Varga T\u00fcnde Kov\u00e1cs &hellip;<\/p>\n","protected":false},"author":101999,"featured_media":0,"parent":0,"menu_order":0,"comment_status":"closed","ping_status":"closed","template":"","meta":{"_acf_changed":false,"footnotes":""},"categories":[],"tags":[],"class_list":["post-2286","page","type-page","status-publish","hentry"],"acf":[],"_links":{"self":[{"href":"https:\/\/semmelweis.hu\/semmelweisiskola\/wp-json\/wp\/v2\/pages\/2286","targetHints":{"allow":["GET"]}}],"collection":[{"href":"https:\/\/semmelweis.hu\/semmelweisiskola\/wp-json\/wp\/v2\/pages"}],"about":[{"href":"https:\/\/semmelweis.hu\/semmelweisiskola\/wp-json\/wp\/v2\/types\/page"}],"author":[{"embeddable":true,"href":"https:\/\/semmelweis.hu\/semmelweisiskola\/wp-json\/wp\/v2\/users\/101999"}],"replies":[{"embeddable":true,"href":"https:\/\/semmelweis.hu\/semmelweisiskola\/wp-json\/wp\/v2\/comments?post=2286"}],"version-history":[{"count":10,"href":"https:\/\/semmelweis.hu\/semmelweisiskola\/wp-json\/wp\/v2\/pages\/2286\/revisions"}],"predecessor-version":[{"id":3763,"href":"https:\/\/semmelweis.hu\/semmelweisiskola\/wp-json\/wp\/v2\/pages\/2286\/revisions\/3763"}],"wp:attachment":[{"href":"https:\/\/semmelweis.hu\/semmelweisiskola\/wp-json\/wp\/v2\/media?parent=2286"}],"wp:term":[{"taxonomy":"category","embeddable":true,"href":"https:\/\/semmelweis.hu\/semmelweisiskola\/wp-json\/wp\/v2\/categories?post=2286"},{"taxonomy":"post_tag","embeddable":true,"href":"https:\/\/semmelweis.hu\/semmelweisiskola\/wp-json\/wp\/v2\/tags?post=2286"}],"curies":[{"name":"wp","href":"https:\/\/api.w.org\/{rel}","templated":true}]}}