{"id":205,"date":"2024-09-02T10:01:11","date_gmt":"2024-09-02T08:01:11","guid":{"rendered":"https:\/\/semmelweis.hu\/semmelweisiskola\/?page_id=205"},"modified":"2026-02-04T09:31:06","modified_gmt":"2026-02-04T08:31:06","slug":"pszichologus","status":"publish","type":"page","link":"https:\/\/semmelweis.hu\/semmelweisiskola\/iskolarol\/pszichologus\/","title":{"rendered":"Pszichol\u00f3gus"},"content":{"rendered":"<p style=\"margin-top: 0cm;background: white\"><strong><span style=\"font-size: 15.0pt;color: #1e2326\">Iskolapszichol\u00f3gus:\u00a0<\/span><\/strong><span style=\"font-size: 15.0pt;color: #1e2326\">Varga Zs\u00f3fia<\/span><\/p>\n<p style=\"margin-top: 0cm;background: white\"><span style=\"font-size: 15.0pt;color: #1e2326;background: white\">[<em>Figyelem: az al\u00e1bbi pszichol\u00f3giai ell\u00e1t\u00e1s szakk\u00f6z\u00e9piskolai di\u00e1koknak sz\u00f3l! Egyetemi hallgat\u00f3k a Semmelweis Egyetem Hallgat\u00f3i Pszichol\u00f3giai Konzult\u00e1ci\u00f3s Szolg\u00e1lata (\u201eDi\u00e1ktan\u00e1csad\u00f3ja\u201d) keretein bel\u00fcl juthatnak ell\u00e1t\u00e1shoz.<\/em>]<\/span><\/p>\n<p style=\"margin-top: 0cm;background: white\"><strong><span style=\"font-size: 15.0pt;color: #1e2326\">Fogad\u00f3\u00f3r\u00e1k a 111. teremben:\u00a0<\/span><\/strong><\/p>\n<p style=\"margin-top: 0cm;background: white\"><span style=\"font-size: 15.0pt;color: #1e2326\">H\u00e9tf\u0151: 8.00-16.00<\/span><\/p>\n<p style=\"margin-top: 0cm;background: white\"><span style=\"font-size: 15.0pt;color: #1e2326\">Kedd: 8.00-14.00<\/span><\/p>\n<p style=\"margin-top: 0cm;background: white\"><span style=\"font-size: 15.0pt;color: #1e2326\">Szerda: 8.00-13.00<\/span><\/p>\n<p style=\"margin-top: 0cm;background: white\"><span style=\"font-size: 15.0pt;color: #1e2326\">Cs\u00fct\u00f6rt\u00f6k: 8.00-16.00<\/span><\/p>\n<p style=\"margin-top: 0cm;background: white\"><span style=\"font-size: 15.0pt;color: #1e2326\">P\u00e9ntek: 8.00-13.00*<\/span><\/p>\n<p style=\"background: white\">*Az al\u00e1bbi p\u00e9ntekeken NEM leszek el\u00e9rhet\u0151: febru\u00e1r 20., m\u00e1rcius 20. \u00e9s m\u00e1jus 15.<\/p>\n<p style=\"margin-top: 0cm;background: white\"><strong><span style=\"font-size: 15.0pt;color: #1e2326\">Bejelentkez\u00e9s:<\/span><\/strong><span style=\"font-size: 15.0pt;color: #1e2326\">\u00a0b\u00e1rmely iskolai sz\u00fcnetben a 111. teremben, vagy<\/span><\/p>\n<p style=\"margin-top: 0cm;background: white\"><span style=\"font-size: 15.0pt;color: #1e2326\">e-mailben az\u00a0<\/span><a href=\"mailto:se.iskolapszi@gmail.com\"><span style=\"font-size: 15.0pt;color: #007bff\">se.iskolapszi@gmail.com<\/span><\/a><span style=\"font-size: 15.0pt;color: #1e2326\">\u00a0vagy <\/span><a href=\"mailto:varga.zsofia1@semmelweis.hu\"><span style=\"font-size: 15.0pt\">varga.zsofia1@semmelweis.hu<\/span><\/a><span style=\"font-size: 15.0pt;color: #1e2326\"> c\u00edmen,<\/span><\/p>\n<p style=\"margin-top: 0cm;background: white\"><span style=\"font-size: 15.0pt;color: #1e2326\">telefonon a +36-20-6615608 sz\u00e1mon.<\/span><\/p>\n<p><strong>Az al\u00e1bbiakban egy r\u00f6vid t\u00e1j\u00e9koztat\u00e1st olvashatnak arr\u00f3l, hogyan tudunk egy\u00fcttm\u0171k\u00f6dni \u00e9s miben tud az iskolapszichol\u00f3gus seg\u00edteni.<\/strong><\/p>\n<p>Az iskolapszichol\u00f3gusi munka c\u00e9lja a di\u00e1kok \u00e9s az ott dolgoz\u00f3 pedag\u00f3gusok mindennapjainak seg\u00edt\u00e9se, t\u00e1mogat\u00f3 iskolai k\u00f6rnyezet kialak\u00edt\u00e1sa \u00e9s a di\u00e1kok szem\u00e9lyis\u00e9gfejl\u0151d\u00e9s\u00e9nek t\u00e1mogat\u00e1sa.<\/p>\n<p>Sokszor megel\u0151zhet\u0151ek, de legal\u00e1bbis gyorsabban enyh\u00edthet\u0151k a fiatalokn\u00e1l jelentkez\u0151 testi-lelki probl\u00e9m\u00e1k, amennyiben a k\u00f6r\u00fcl\u00f6tt\u00fck l\u00e9v\u0151 feln\u0151ttek (az iskol\u00e1ban \u00e9s otthon is) meg\u00e9rtik \u00e9s t\u00e1mogatj\u00e1k \u0151ket. Ebben a folyamatban ny\u00fajtok seg\u00edts\u00e9get az \u00d6n\u00f6k, illetve a pedag\u00f3gusok sz\u00e1m\u00e1ra. A konzult\u00e1ci\u00f3 c\u00e9lja gyermek\u00fckkel kapcsolatban felmer\u00fcl\u0151 probl\u00e9m\u00e1k, teend\u0151k egyeztet\u00e9se \u00e9s tiszt\u00e1z\u00e1sa; megl\u00e9v\u0151 szakv\u00e9lem\u00e9nyek \u00e9rtelmez\u00e9se \u00e9s az esetleges tov\u00e1bbir\u00e1ny\u00edt\u00e1s megbesz\u00e9l\u00e9se.<\/p>\n<p><strong>Milyen esetekben \u00e9rdemes felkeresni az iskolapszichol\u00f3gust?<\/strong><\/p>\n<ul>\n<li><strong>\u00c9rzelmi neh\u00e9zs\u00e9geket tapasztal gyermek\u00e9n\u00e9l, pl. szorong\u00e1s, t\u00falzott agg\u00f3d\u00e1s, f\u00e9lelmek, g\u00e1tl\u00e1soss\u00e1g, elszigetel\u0151d\u00e9s a t\u00e1rsakt\u00f3l<\/strong><\/li>\n<li><strong>Tanul\u00e1si neh\u00e9zs\u00e9geket, pl. f\u00e1rad\u00e9konys\u00e1g, teljes\u00edtm\u00e9nyszorong\u00e1s, motiv\u00e1ci\u00f3hi\u00e1ny<\/strong><\/li>\n<li><strong>Magatart\u00e1si probl\u00e9m\u00e1kat v\u00e9l felfedezni gyermek\u00e9n\u00e9l, pl. \u00f6nkontroll hi\u00e1nya, beilleszked\u00e9si probl\u00e9ma, agresszivit\u00e1s, visszah\u00faz\u00f3d\u00e1s<\/strong><\/li>\n<li><strong>Nehezen feldolgozhat\u00f3 esem\u00e9ny, v\u00e1ltoz\u00e1s t\u00f6rt\u00e9nik gyermek\u00fck \u00e9let\u00e9ben<\/strong><\/li>\n<li><strong>Valamilyen nevel\u00e9si k\u00e9rd\u00e9sben tan\u00e1cstalan, bizonytalan, \u00e9s szeretne besz\u00e9lgetni err\u0151l valakivel.<\/strong><\/li>\n<\/ul>\n<p>Szem\u00e9lyes vagy online form\u00e1ban is lehet\u0151s\u00e9g van konzult\u00e1ci\u00f3ra,\u00a0<strong>e-mailben tudnak bejelentkezni\u00a0<\/strong>(gyermek\u00fck nev\u00e9t \u00e9s oszt\u00e1ly\u00e1t legyenek sz\u00edvesek megadni) az al\u00e1bbi c\u00edmen: varga.zsofia1@semmelweis-univ.hu<\/p>\n<p>Gyermek\u00fck k\u00f6zvetlen\u00fcl is jelentkezhet hozz\u00e1m tan\u00e1csad\u00e1sra, a r\u00e9szv\u00e9tel 18 \u00e9ves kor alatt sz\u00fcl\u0151i beleegyez\u00e9shez k\u00f6t\u00f6tt. Az ehhez kapcsol\u00f3d\u00f3 nyilatkozat az al\u00e1bbiakban \u00e9rhet\u0151 el: <a href=\"https:\/\/semmelweis.hu\/semmelweisiskola\/files\/2021\/12\/SZULOI-BELEEGYEZO-NYILATKOZAT.pdf\" target=\"_blank\" rel=\"noopener\">SZULOI-BELEEGYEZO-NYILATKOZAT<\/a><\/p>\n<div>Fontos tudnival\u00f3k:<\/div>\n<ul>\n<li>A be\u00e9rkez\u0151 adatokat \u00e9s inform\u00e1ci\u00f3kat bizalmasan kezelem<\/li>\n<li>A sz\u00fcl\u0151i konzult\u00e1ci\u00f3, vagy di\u00e1ktan\u00e1csad\u00e1s nem pszichoter\u00e1pia sem a gyerek, sem a csal\u00e1d vonatkoz\u00e1s\u00e1ban<\/li>\n<\/ul>\n<p>Emellett a tanul\u00f3kkal kiscsoportos \u00e9s oszt\u00e1lyszint\u0171 foglalkoz\u00e1sokon is fogok tal\u00e1lkozni, amelyek c\u00e9lja az eg\u00e9szs\u00e9ges szem\u00e9lyis\u00e9gfejl\u0151d\u00e9s t\u00e1mogat\u00e1sa (pl. \u00f6nismeret, t\u00e1rsas k\u00e9szs\u00e9gek fejleszt\u00e9se, stresszel val\u00f3 megk\u00fczd\u00e9s \u00e9s hat\u00e9kony tanul\u00e1si technik\u00e1k elsaj\u00e1t\u00edt\u00e1sa).<\/p>\n<p align=\"right\">Forduljanak hozz\u00e1m bizalommal!<\/p>\n<p align=\"right\">\u00a0 \u00a0 \u00a0 \u00a0 \u00a0 \u00a0 \u00a0 \u00a0 \u00a0 \u00a0 \u00a0 \u00a0 \u00a0 \u00a0 \u00a0 \u00a0 \u00a0 \u00a0 \u00a0 \u00a0 \u00a0 \u00a0 \u00a0 \u00a0 \u00a0 \u00a0 \u00a0 \u00a0 \u00a0 \u00a0 \u00a0 \u00a0 \u00a0 \u00a0 \u00a0 \u00a0 \u00a0 \u00a0 \u00a0 \u00a0 \u00a0 \u00a0 \u00a0 \u00a0 \u00a0 \u00a0 \u00a0 \u00a0 \u00a0 \u00a0 \u00a0 \u00a0 \u00a0 \u00a0 \u00a0 \u00a0 \u00a0 \u00a0 Varga Zs\u00f3fia\u00a0<\/p>\n<p>&nbsp;<\/p>\n","protected":false},"excerpt":{"rendered":"<p>Iskolapszichol\u00f3gus:\u00a0Varga Zs\u00f3fia [Figyelem: az al\u00e1bbi pszichol\u00f3giai ell\u00e1t\u00e1s szakk\u00f6z\u00e9piskolai di\u00e1koknak sz\u00f3l! Egyetemi hallgat\u00f3k a Semmelweis Egyetem Hallgat\u00f3i Pszichol\u00f3giai Konzult\u00e1ci\u00f3s Szolg\u00e1lata (\u201eDi\u00e1ktan\u00e1csad\u00f3ja\u201d) keretein bel\u00fcl juthatnak ell\u00e1t\u00e1shoz.] Fogad\u00f3\u00f3r\u00e1k a 111. teremben:\u00a0 H\u00e9tf\u0151: 8.00-16.00 Kedd: 8.00-14.00 Szerda: 8.00-13.00 Cs\u00fct\u00f6rt\u00f6k: 8.00-16.00 P\u00e9ntek: 8.00-13.00* *Az al\u00e1bbi p\u00e9ntekeken NEM leszek el\u00e9rhet\u0151: febru\u00e1r 20., m\u00e1rcius 20. \u00e9s m\u00e1jus 15. Bejelentkez\u00e9s:\u00a0b\u00e1rmely iskolai sz\u00fcnetben a &hellip;<\/p>\n","protected":false},"author":101934,"featured_media":0,"parent":531,"menu_order":8,"comment_status":"closed","ping_status":"closed","template":"","meta":{"_acf_changed":false,"footnotes":""},"categories":[],"tags":[],"class_list":["post-205","page","type-page","status-publish","hentry"],"acf":[],"_links":{"self":[{"href":"https:\/\/semmelweis.hu\/semmelweisiskola\/wp-json\/wp\/v2\/pages\/205","targetHints":{"allow":["GET"]}}],"collection":[{"href":"https:\/\/semmelweis.hu\/semmelweisiskola\/wp-json\/wp\/v2\/pages"}],"about":[{"href":"https:\/\/semmelweis.hu\/semmelweisiskola\/wp-json\/wp\/v2\/types\/page"}],"author":[{"embeddable":true,"href":"https:\/\/semmelweis.hu\/semmelweisiskola\/wp-json\/wp\/v2\/users\/101934"}],"replies":[{"embeddable":true,"href":"https:\/\/semmelweis.hu\/semmelweisiskola\/wp-json\/wp\/v2\/comments?post=205"}],"version-history":[{"count":12,"href":"https:\/\/semmelweis.hu\/semmelweisiskola\/wp-json\/wp\/v2\/pages\/205\/revisions"}],"predecessor-version":[{"id":3775,"href":"https:\/\/semmelweis.hu\/semmelweisiskola\/wp-json\/wp\/v2\/pages\/205\/revisions\/3775"}],"up":[{"embeddable":true,"href":"https:\/\/semmelweis.hu\/semmelweisiskola\/wp-json\/wp\/v2\/pages\/531"}],"wp:attachment":[{"href":"https:\/\/semmelweis.hu\/semmelweisiskola\/wp-json\/wp\/v2\/media?parent=205"}],"wp:term":[{"taxonomy":"category","embeddable":true,"href":"https:\/\/semmelweis.hu\/semmelweisiskola\/wp-json\/wp\/v2\/categories?post=205"},{"taxonomy":"post_tag","embeddable":true,"href":"https:\/\/semmelweis.hu\/semmelweisiskola\/wp-json\/wp\/v2\/tags?post=205"}],"curies":[{"name":"wp","href":"https:\/\/api.w.org\/{rel}","templated":true}]}}