{"id":200,"date":"2021-10-27T09:55:49","date_gmt":"2021-10-27T07:55:49","guid":{"rendered":"https:\/\/semmelweis.hu\/semmelweisiskola\/?page_id=200"},"modified":"2025-04-02T13:57:34","modified_gmt":"2025-04-02T11:57:34","slug":"iskolaorvos-pszichologus","status":"publish","type":"page","link":"https:\/\/semmelweis.hu\/semmelweisiskola\/iskolarol\/iskolaorvos-pszichologus\/","title":{"rendered":"Iskolaorvos, v\u00e9d\u0151n\u0151"},"content":{"rendered":"<p>&nbsp;<\/p>\n<p style=\"text-align: center\"><strong>ISKOLAORVOS<\/strong><\/p>\n<p style=\"text-align: center\">Dr. Tak\u00e1cs Annam\u00e1ria<\/p>\n<p style=\"text-align: center\">Rendel\u00e9si id\u0151: cs\u00fct\u00f6rt\u00f6k 9:00-13:00 \u00f3ra<\/p>\n<p style=\"text-align: center\"><a href=\"https:\/\/idp.e-kreta.hu\/Account\/Login?ReturnUrl=%2Fconnect%2Fauthorize%2Fcallback%3Fresponse_type%3Dcode%26client_id%3Dkreta-ier-js-web%26state%3DR1RabURsTWtKb2FXSzJOQ1Z3ZUl6TnZzdy1oQk4xcmpwcDByN1dMbV9pRmpj%26redirect_uri%3Dhttps%253A%252F%252Fier.e-kreta.hu%26scope%3Dkreta-ier-webapi.public%2520openid%26code_challenge%3D-nc_3_vfuI0rsf9ersNTLxB_AhjdimeOdCQZVgW5X2s%26code_challenge_method%3DS256%26nonce%3DR1RabURsTWtKb2FXSzJOQ1Z3ZUl6TnZzdy1oQk4xcmpwcDByN1dMbV9pRmpj%26prompt%3Dlogin%26institute_code%3D%2523%257BfenntartoTipus%257D%26suppressed_prompt%3Dlogin\" target=\"_blank\" rel=\"noopener\">IER<\/a><\/p>\n<p style=\"text-align: center\"><strong>Ifj\u00fas\u00e1gi v\u00e9d\u0151n\u0151<\/strong><\/p>\n<p style=\"text-align: center\">Bir\u00f3 Krisztina<\/p>\n<p style=\"text-align: center\">Rendel\u00e9si id\u0151: kedd 8-14:30 \u00e9s szerda 12-14:30<\/p>\n<p style=\"text-align: center\">Tan\u00e1csad\u00e1si id\u0151: kedd 9:30-11:30<\/p>\n<p style=\"text-align: center\">El\u00e9rhet\u0151s\u00e9g: +36 70\u00a0798 3083<\/p>\n<p style=\"text-align: center\"><a href=\"mailto:vno.biro@euint.kispest.hu\">vno.biro@euint.kispest.hu<\/a>, <a href=\"mailto:vno.biro.krisztina@gmail.com\">vno.biro.krisztina@gmail.com<\/a><\/p>\n","protected":false},"excerpt":{"rendered":"<p>&nbsp;<br \/>\nISKOLAORVOS<br \/>\nDr. Tak\u00e1cs Annam\u00e1ria<br \/>\nRendel\u00e9si id\u0151: cs\u00fct\u00f6rt\u00f6k 9:00-13:00 \u00f3ra<br \/>\n<a href=\"https:\/\/idp.e-kreta.hu\/Account\/Login?ReturnUrl=%2Fconnect%2Fauthorize%2Fcallback%3Fresponse_type%3Dcode%26client_id%3Dkreta-ier-js-web%26state%3DR1RabURsTWtKb2FXSzJOQ1Z3ZUl6TnZzdy1oQk4xcmpwcDByN1dMbV9pRmpj%26redirect_uri%3Dhttps%253A%252F%252Fier.e-kreta.hu%26scope%3Dkreta-ier-webapi.public%2520openid%26code_challenge%3D-nc_3_vfuI0rsf9ersNTLxB_AhjdimeOdCQZVgW5X2s%26code_challenge_method%3DS256%26nonce%3DR1RabURsTWtKb2FXSzJOQ1Z3ZUl6TnZzdy1oQk4xcmpwcDByN1dMbV9pRmpj%26prompt%3Dlogin%26institute_code%3D%2523%257BfenntartoTipus%257D%26suppressed_prompt%3Dlogin\" target=\"_blank\" rel=\"noopener\">IER<\/a><br \/>\nIfj\u00fas\u00e1gi v\u00e9d\u0151n\u0151<br \/>\nBir\u00f3 Krisztina<br \/>\nRendel\u00e9si id\u0151: kedd 8-14:30 \u00e9s szerda 12-14:30<br \/>\nTan\u00e1csad\u00e1si id\u0151: kedd 9:30-11:30<br \/>\nEl\u00e9rhet\u0151s\u00e9g: +36 70\u00a0798 3083<br \/>\n<a href=\"mailto:vno.biro@euint.kispest.hu\">vno.biro@euint.kispest.hu<\/a>, <a href=\"mailto:vno.biro.krisztina@gmail.com\">vno.biro.krisztina@gmail.com<\/a><\/p>\n","protected":false},"author":101934,"featured_media":0,"parent":531,"menu_order":9,"comment_status":"closed","ping_status":"closed","template":"","meta":{"_acf_changed":false,"footnotes":""},"categories":[],"tags":[],"class_list":["post-200","page","type-page","status-publish","hentry"],"acf":[],"_links":{"self":[{"href":"https:\/\/semmelweis.hu\/semmelweisiskola\/wp-json\/wp\/v2\/pages\/200","targetHints":{"allow":["GET"]}}],"collection":[{"href":"https:\/\/semmelweis.hu\/semmelweisiskola\/wp-json\/wp\/v2\/pages"}],"about":[{"href":"https:\/\/semmelweis.hu\/semmelweisiskola\/wp-json\/wp\/v2\/types\/page"}],"author":[{"embeddable":true,"href":"https:\/\/semmelweis.hu\/semmelweisiskola\/wp-json\/wp\/v2\/users\/101934"}],"replies":[{"embeddable":true,"href":"https:\/\/semmelweis.hu\/semmelweisiskola\/wp-json\/wp\/v2\/comments?post=200"}],"version-history":[{"count":11,"href":"https:\/\/semmelweis.hu\/semmelweisiskola\/wp-json\/wp\/v2\/pages\/200\/revisions"}],"predecessor-version":[{"id":3371,"href":"https:\/\/semmelweis.hu\/semmelweisiskola\/wp-json\/wp\/v2\/pages\/200\/revisions\/3371"}],"up":[{"embeddable":true,"href":"https:\/\/semmelweis.hu\/semmelweisiskola\/wp-json\/wp\/v2\/pages\/531"}],"wp:attachment":[{"href":"https:\/\/semmelweis.hu\/semmelweisiskola\/wp-json\/wp\/v2\/media?parent=200"}],"wp:term":[{"taxonomy":"category","embeddable":true,"href":"https:\/\/semmelweis.hu\/semmelweisiskola\/wp-json\/wp\/v2\/categories?post=200"},{"taxonomy":"post_tag","embeddable":true,"href":"https:\/\/semmelweis.hu\/semmelweisiskola\/wp-json\/wp\/v2\/tags?post=200"}],"curies":[{"name":"wp","href":"https:\/\/api.w.org\/{rel}","templated":true}]}}