{"id":1527,"date":"2022-09-13T11:06:22","date_gmt":"2022-09-13T09:06:22","guid":{"rendered":"https:\/\/semmelweis.hu\/semmelweisiskola\/?page_id=1527"},"modified":"2022-09-15T12:17:56","modified_gmt":"2022-09-15T10:17:56","slug":"iskolai-etkezes","status":"publish","type":"page","link":"https:\/\/semmelweis.hu\/semmelweisiskola\/iskolai-etkezes\/","title":{"rendered":"Iskolai \u00e9tkez\u00e9s"},"content":{"rendered":"<p style=\"text-align: center\"><strong>Kedves Di\u00e1kok, tisztelt Sz\u00fcl\u0151k!<\/strong><\/p>\n<p>A 2022\/23. tan\u00e9vben tov\u00e1bbra is az EUREST Kft biztos\u00edtja a gyermek\u00e9tkeztet\u00e9st, men\u00fcs form\u00e1ban, dobozos kisz\u00e1ll\u00edt\u00e1ssal.<\/p>\n<p>Ehhez kapcsol\u00f3d\u00f3an <a href=\"https:\/\/semmelweis.hu\/semmelweisiskola\/files\/2022\/09\/Eurest_Tajekoztato_20220908.pdf\" target=\"_blank\" rel=\"noopener\"><strong>itt olvashat\u00f3 az EUREST Kft \u00e1ltal\u00e1nos t\u00e1j\u00e9koztat\u00f3ja<\/strong><\/a>,<\/p>\n<p>valamint az <a href=\"https:\/\/semmelweis.hu\/semmelweisiskola\/files\/2022\/09\/SE_tajekoztato_20220908.pdf\" target=\"_blank\" rel=\"noopener\"><strong>iskolai t\u00e1j\u00e9koztat\u00f3<\/strong><\/a> melyben a befizet\u00e9sek id\u0151pontjai \u00e9s helye olvashat\u00f3.<\/p>\n","protected":false},"excerpt":{"rendered":"<p>Kedves Di\u00e1kok, tisztelt Sz\u00fcl\u0151k!<br \/>\nA 2022\/23. tan\u00e9vben tov\u00e1bbra is az EUREST Kft biztos\u00edtja a gyermek\u00e9tkeztet\u00e9st, men\u00fcs form\u00e1ban, dobozos kisz\u00e1ll\u00edt\u00e1ssal.<br \/>\nEhhez kapcsol\u00f3d\u00f3an <a href=\"https:\/\/semmelweis.hu\/semmelweisiskola\/files\/2022\/09\/Eurest_Tajekoztato_20220908.pdf\" target=\"_blank\" rel=\"noopener\">itt olvashat\u00f3 az EUREST Kft \u00e1ltal\u00e1nos t\u00e1j\u00e9koztat\u00f3ja<\/a>,<br \/>\nvalamint az <a href=\"https:\/\/semmelweis.hu\/semmelweisiskola\/files\/2022\/09\/SE_tajekoztato_20220908.pdf\" target=\"_blank\" rel=\"noopener\">iskolai t\u00e1j\u00e9koztat\u00f3<\/a> melyben a befizet\u00e9sek id\u0151pontjai \u00e9s helye olvashat\u00f3.<\/p>\n","protected":false},"author":101999,"featured_media":0,"parent":0,"menu_order":0,"comment_status":"closed","ping_status":"closed","template":"","meta":{"_acf_changed":false,"footnotes":""},"categories":[],"tags":[],"class_list":["post-1527","page","type-page","status-publish","hentry"],"acf":[],"_links":{"self":[{"href":"https:\/\/semmelweis.hu\/semmelweisiskola\/wp-json\/wp\/v2\/pages\/1527","targetHints":{"allow":["GET"]}}],"collection":[{"href":"https:\/\/semmelweis.hu\/semmelweisiskola\/wp-json\/wp\/v2\/pages"}],"about":[{"href":"https:\/\/semmelweis.hu\/semmelweisiskola\/wp-json\/wp\/v2\/types\/page"}],"author":[{"embeddable":true,"href":"https:\/\/semmelweis.hu\/semmelweisiskola\/wp-json\/wp\/v2\/users\/101999"}],"replies":[{"embeddable":true,"href":"https:\/\/semmelweis.hu\/semmelweisiskola\/wp-json\/wp\/v2\/comments?post=1527"}],"version-history":[{"count":5,"href":"https:\/\/semmelweis.hu\/semmelweisiskola\/wp-json\/wp\/v2\/pages\/1527\/revisions"}],"predecessor-version":[{"id":1566,"href":"https:\/\/semmelweis.hu\/semmelweisiskola\/wp-json\/wp\/v2\/pages\/1527\/revisions\/1566"}],"wp:attachment":[{"href":"https:\/\/semmelweis.hu\/semmelweisiskola\/wp-json\/wp\/v2\/media?parent=1527"}],"wp:term":[{"taxonomy":"category","embeddable":true,"href":"https:\/\/semmelweis.hu\/semmelweisiskola\/wp-json\/wp\/v2\/categories?post=1527"},{"taxonomy":"post_tag","embeddable":true,"href":"https:\/\/semmelweis.hu\/semmelweisiskola\/wp-json\/wp\/v2\/tags?post=1527"}],"curies":[{"name":"wp","href":"https:\/\/api.w.org\/{rel}","templated":true}]}}