{"id":152,"date":"2021-10-26T12:45:36","date_gmt":"2021-10-26T10:45:36","guid":{"rendered":"https:\/\/semmelweis.hu\/semmelweisiskola\/?page_id=152"},"modified":"2025-06-24T07:09:16","modified_gmt":"2025-06-24T05:09:16","slug":"noks-alkalmazottak","status":"publish","type":"page","link":"https:\/\/semmelweis.hu\/semmelweisiskola\/iskolarol\/noks-alkalmazottak\/","title":{"rendered":"Iskolatitk\u00e1rs\u00e1g"},"content":{"rendered":"<p style=\"text-align: center\">\u00a0<\/p>\n<table style=\"border-collapse: collapse;width: 98.0489%;height: 76px\">\n<tbody>\n<tr style=\"height: 33px\">\n<td style=\"width: 33.6382%;height: 33px\">Szab\u00f3 Judit<\/td>\n<td style=\"width: 16.1167%;height: 33px\">iskolatitk\u00e1r<\/td>\n<td style=\"width: 53.8283%;height: 33px\">szabo.judit.maria@semmelweis.hu<\/td>\n<\/tr>\n<tr style=\"height: 33px\">\n<td style=\"width: 33.6382%;height: 33px\">Patakin\u00e9 Szab\u00f3 Zsuzsanna<\/td>\n<td style=\"width: 16.1167%;height: 33px\">iskolatitk\u00e1r<\/td>\n<td style=\"width: 53.8283%;height: 33px\">patakine.szabo.zsuzsanna@semmelweis.hu<\/td>\n<\/tr>\n<tr>\n<td style=\"width: 33.6382%\">Stiller Gabriella B\u00edborka<\/td>\n<td style=\"width: 16.1167%\">adminisztr\u00e1tor<\/td>\n<td style=\"width: 53.8283%\">stiller.gabriella.biborka@semmelweis.hu<\/td>\n<\/tr>\n<tr style=\"height: 33px\">\n<td style=\"width: 103.583%;height: 10px\" colspan=\"3\">\n<p>&nbsp;<\/p>\n<p><span style=\"font-size: 1rem\"><strong>Telefon:<\/strong> +36 (70)797-9703, +36 (70)797-9704, +36 (1) 282-9877<\/span><br \/>\n<strong>Titk\u00e1rs\u00e1g:<\/strong> <a href=\"mailto:titkarsag.szakkepzo@semmelweis.hu\">titkarsag.szakkepzo@semmelweis.hu<\/a><br \/>\n<strong>C\u00edm:\u00a0<\/strong>1194 Budapest Cseng\u0151 utca 1.<br \/>\n<strong>Post\u00e1z\u00e1si c\u00edm:<\/strong>\u00a0Semmelweis Egyetem 1085 Budapest, \u00dcll\u0151i \u00fat 26.<\/p>\n<\/td>\n<\/tr>\n<\/tbody>\n<\/table>\n<p>&nbsp;<\/p>\n","protected":false},"excerpt":{"rendered":"<p>\u00a0<\/p>\n<p>Szab\u00f3 Judit<br \/>\niskolatitk\u00e1r<br \/>\nszabo.judit.maria@semmelweis.hu<\/p>\n<p>Patakin\u00e9 Szab\u00f3 Zsuzsanna<br \/>\niskolatitk\u00e1r<br \/>\npatakine.szabo.zsuzsanna@semmelweis.hu<\/p>\n<p>Stiller Gabriella B\u00edborka<br \/>\nadminisztr\u00e1tor<br \/>\nstiller.gabriella.biborka@semmelweis.hu<\/p>\n<p>&nbsp;<br \/>\nTelefon: +36 (70)797-9703, +36 (70)797-9704, +36 (1) 282-9877<br \/>\nTitk\u00e1rs\u00e1g: <a href=\"mailto:titkarsag.szakkepzo@semmelweis.hu\">titkarsag.szakkepzo@semmelweis.hu<\/a><br \/>\nC\u00edm:\u00a01194 Budapest Cseng\u0151 utca 1.<br \/>\nPost\u00e1z\u00e1si c\u00edm:\u00a0Semmelweis Egyetem 1085 Budapest, \u00dcll\u0151i \u00fat 26.<\/p>\n<p>&nbsp;<\/p>\n","protected":false},"author":101934,"featured_media":0,"parent":531,"menu_order":8,"comment_status":"closed","ping_status":"closed","template":"","meta":{"_acf_changed":false,"footnotes":""},"categories":[],"tags":[],"class_list":["post-152","page","type-page","status-publish","hentry"],"acf":[],"_links":{"self":[{"href":"https:\/\/semmelweis.hu\/semmelweisiskola\/wp-json\/wp\/v2\/pages\/152","targetHints":{"allow":["GET"]}}],"collection":[{"href":"https:\/\/semmelweis.hu\/semmelweisiskola\/wp-json\/wp\/v2\/pages"}],"about":[{"href":"https:\/\/semmelweis.hu\/semmelweisiskola\/wp-json\/wp\/v2\/types\/page"}],"author":[{"embeddable":true,"href":"https:\/\/semmelweis.hu\/semmelweisiskola\/wp-json\/wp\/v2\/users\/101934"}],"replies":[{"embeddable":true,"href":"https:\/\/semmelweis.hu\/semmelweisiskola\/wp-json\/wp\/v2\/comments?post=152"}],"version-history":[{"count":11,"href":"https:\/\/semmelweis.hu\/semmelweisiskola\/wp-json\/wp\/v2\/pages\/152\/revisions"}],"predecessor-version":[{"id":3451,"href":"https:\/\/semmelweis.hu\/semmelweisiskola\/wp-json\/wp\/v2\/pages\/152\/revisions\/3451"}],"up":[{"embeddable":true,"href":"https:\/\/semmelweis.hu\/semmelweisiskola\/wp-json\/wp\/v2\/pages\/531"}],"wp:attachment":[{"href":"https:\/\/semmelweis.hu\/semmelweisiskola\/wp-json\/wp\/v2\/media?parent=152"}],"wp:term":[{"taxonomy":"category","embeddable":true,"href":"https:\/\/semmelweis.hu\/semmelweisiskola\/wp-json\/wp\/v2\/categories?post=152"},{"taxonomy":"post_tag","embeddable":true,"href":"https:\/\/semmelweis.hu\/semmelweisiskola\/wp-json\/wp\/v2\/tags?post=152"}],"curies":[{"name":"wp","href":"https:\/\/api.w.org\/{rel}","templated":true}]}}