{"id":150,"date":"2021-10-26T12:44:57","date_gmt":"2021-10-26T10:44:57","guid":{"rendered":"https:\/\/semmelweis.hu\/semmelweisiskola\/?page_id=150"},"modified":"2021-11-24T14:40:54","modified_gmt":"2021-11-24T13:40:54","slug":"pedagogiai-szakmai-ellenorzes","status":"publish","type":"page","link":"https:\/\/semmelweis.hu\/semmelweisiskola\/iskolarol\/pedagogiai-szakmai-ellenorzes\/","title":{"rendered":"Pedag\u00f3giai-szakmai ellen\u0151rz\u00e9s"},"content":{"rendered":"<p style=\"text-align: center;\"><strong>PEDAG\u00d3GIAI-SZAKMAI ELLEN\u0150RZ\u00c9S, FENNTART\u00d3I VIZSG\u00c1LAT<\/strong><\/p>\n<p><a href=\"https:\/\/semmelweis.hu\/semmelweisiskola\/files\/2021\/10\/torvenyessegi_ellenorzes_2014.pdf\" target=\"_blank\" rel=\"noopener noreferrer\">T\u00f6rv\u00e9nyess\u00e9gi ellen\u0151rz\u00e9s (2014)<\/a><\/p>\n<p><a href=\"https:\/\/semmelweis.hu\/semmelweisiskola\/files\/2021\/10\/Torvenyessegi_ellenorzes_lezarasa.pdf\" target=\"_blank\" rel=\"noopener noreferrer\">T\u00f6rv\u00e9nyess\u00e9gi ellen\u0151rz\u00e9s lez\u00e1r\u00e1sa (2015)<\/a><\/p>\n","protected":false},"excerpt":{"rendered":"<p>PEDAG\u00d3GIAI-SZAKMAI ELLEN\u0150RZ\u00c9S, FENNTART\u00d3I VIZSG\u00c1LAT<br \/>\n<a href=\"https:\/\/semmelweis.hu\/semmelweisiskola\/files\/2021\/10\/torvenyessegi_ellenorzes_2014.pdf\" target=\"_blank\" rel=\"noopener noreferrer\">T\u00f6rv\u00e9nyess\u00e9gi ellen\u0151rz\u00e9s (2014)<\/a><br \/>\n<a href=\"https:\/\/semmelweis.hu\/semmelweisiskola\/files\/2021\/10\/Torvenyessegi_ellenorzes_lezarasa.pdf\" target=\"_blank\" rel=\"noopener noreferrer\">T\u00f6rv\u00e9nyess\u00e9gi ellen\u0151rz\u00e9s lez\u00e1r\u00e1sa (2015)<\/a><\/p>\n","protected":false},"author":101934,"featured_media":0,"parent":531,"menu_order":11,"comment_status":"closed","ping_status":"closed","template":"","meta":{"_acf_changed":false,"footnotes":""},"categories":[],"tags":[],"class_list":["post-150","page","type-page","status-publish","hentry"],"acf":[],"_links":{"self":[{"href":"https:\/\/semmelweis.hu\/semmelweisiskola\/wp-json\/wp\/v2\/pages\/150","targetHints":{"allow":["GET"]}}],"collection":[{"href":"https:\/\/semmelweis.hu\/semmelweisiskola\/wp-json\/wp\/v2\/pages"}],"about":[{"href":"https:\/\/semmelweis.hu\/semmelweisiskola\/wp-json\/wp\/v2\/types\/page"}],"author":[{"embeddable":true,"href":"https:\/\/semmelweis.hu\/semmelweisiskola\/wp-json\/wp\/v2\/users\/101934"}],"replies":[{"embeddable":true,"href":"https:\/\/semmelweis.hu\/semmelweisiskola\/wp-json\/wp\/v2\/comments?post=150"}],"version-history":[{"count":4,"href":"https:\/\/semmelweis.hu\/semmelweisiskola\/wp-json\/wp\/v2\/pages\/150\/revisions"}],"predecessor-version":[{"id":601,"href":"https:\/\/semmelweis.hu\/semmelweisiskola\/wp-json\/wp\/v2\/pages\/150\/revisions\/601"}],"up":[{"embeddable":true,"href":"https:\/\/semmelweis.hu\/semmelweisiskola\/wp-json\/wp\/v2\/pages\/531"}],"wp:attachment":[{"href":"https:\/\/semmelweis.hu\/semmelweisiskola\/wp-json\/wp\/v2\/media?parent=150"}],"wp:term":[{"taxonomy":"category","embeddable":true,"href":"https:\/\/semmelweis.hu\/semmelweisiskola\/wp-json\/wp\/v2\/categories?post=150"},{"taxonomy":"post_tag","embeddable":true,"href":"https:\/\/semmelweis.hu\/semmelweisiskola\/wp-json\/wp\/v2\/tags?post=150"}],"curies":[{"name":"wp","href":"https:\/\/api.w.org\/{rel}","templated":true}]}}