{"id":146,"date":"2021-10-26T12:42:01","date_gmt":"2021-10-26T10:42:01","guid":{"rendered":"https:\/\/semmelweis.hu\/semmelweisiskola\/?page_id=146"},"modified":"2021-11-24T14:45:52","modified_gmt":"2021-11-24T13:45:52","slug":"tanoran-kivuli-foglalkozasok","status":"publish","type":"page","link":"https:\/\/semmelweis.hu\/semmelweisiskola\/oktatas\/tanoran-kivuli-foglalkozasok\/","title":{"rendered":"Tan\u00f3r\u00e1n k\u00edv\u00fcli foglalkoz\u00e1sok"},"content":{"rendered":"<p style=\"text-align: center;\"><strong>A TAN\u00d3R\u00c1N K\u00cdV\u00dcLI FOGLALKOZ\u00c1SOK IG\u00c9NYBE V\u00c9TEL\u00c9NEK LEHET\u0150S\u00c9GE<\/strong><\/p>\n<p><strong>A tan\u00f3r\u00e1n k\u00edv\u00fcli (egy\u00e9b) foglalkoz\u00e1sok fajt\u00e1i iskol\u00e1nkban:<\/strong><\/p>\n<ul>\n<li>felz\u00e1rk\u00f3ztat\u00f3 foglalkoz\u00e1s (korrepet\u00e1l\u00e1s)<\/li>\n<li>egy\u00e9ni foglalkoz\u00e1s<\/li>\n<li>szakk\u00f6r<\/li>\n<li>sportk\u00f6r<\/li>\n<li>\u00e9retts\u00e9gi el\u0151k\u00e9sz\u00edt\u0151 (fakult\u00e1ci\u00f3)<\/li>\n<\/ul>\n<p><strong><u>A tan\u00f3r\u00e1n k\u00edv\u00fcli foglalkoz\u00e1sok rendje<\/u><\/strong><\/p>\n<ul>\n<li>A tan\u00f3r\u00e1n k\u00edv\u00fcli foglalkoz\u00e1sok \u2013 a di\u00e1kokkal val\u00f3 egyeztet\u00e9s alapj\u00e1n \u2013 \u00e1ltal\u00e1ban a tan\u00edt\u00e1s ut\u00e1n kezd\u0151dnek. Indokolt esetben a 0. \u00f3r\u00e1ban is tarthat\u00f3 tan\u00f3r\u00e1n k\u00edv\u00fcli foglalkoz\u00e1s.<\/li>\n<li>A tan\u00f3r\u00e1n k\u00edv\u00fcli foglalkoz\u00e1sok 45 percesek.<\/li>\n<li>A pedag\u00f3gusok \u2013 egym\u00e1s k\u00f6z\u00f6tti id\u0151pont-egyeztet\u00e9ssel \u2013 lehet\u0151s\u00e9g szerint biztos\u00edtj\u00e1k a tanul\u00f3k sz\u00e1m\u00e1ra, hogy t\u00f6bb d\u00e9lut\u00e1ni foglalkoz\u00e1st is ig\u00e9nybe vehessenek.<\/li>\n<li>A tan\u00f3r\u00e1n k\u00edv\u00fcli foglalkoz\u00e1sok id\u0151pontj\u00e1t be\u00edratjuk az ellen\u0151rz\u0151be.<\/li>\n<li>A tan\u00f3r\u00e1n k\u00edv\u00fcli foglalkoz\u00e1sokat minden olyan tanul\u00f3 ingyenesen veheti ig\u00e9nybe, akinek nem kell t\u00e9r\u00edt\u00e9si vagy tand\u00edjat fizetnie.<\/li>\n<li>A tanul\u00f3 a nem k\u00f6telez\u0151 tan\u00f3r\u00e1n k\u00edv\u00fcli foglalkoz\u00e1sokon \u2013 ha ezekre jelentkezett \u00e9s felv\u00e9telt nyert \u2013 k\u00f6teles megjelenni, illetve mulaszt\u00e1s\u00e1t a h\u00e1zirendben el\u0151\u00edrt m\u00f3don igazolni.<\/li>\n<\/ul>\n","protected":false},"excerpt":{"rendered":"<p>A TAN\u00d3R\u00c1N K\u00cdV\u00dcLI FOGLALKOZ\u00c1SOK IG\u00c9NYBE V\u00c9TEL\u00c9NEK LEHET\u0150S\u00c9GE A tan\u00f3r\u00e1n k\u00edv\u00fcli (egy\u00e9b) foglalkoz\u00e1sok fajt\u00e1i iskol\u00e1nkban: felz\u00e1rk\u00f3ztat\u00f3 foglalkoz\u00e1s (korrepet\u00e1l\u00e1s) egy\u00e9ni foglalkoz\u00e1s szakk\u00f6r sportk\u00f6r \u00e9retts\u00e9gi el\u0151k\u00e9sz\u00edt\u0151 (fakult\u00e1ci\u00f3) A tan\u00f3r\u00e1n k\u00edv\u00fcli foglalkoz\u00e1sok rendje A tan\u00f3r\u00e1n k\u00edv\u00fcli foglalkoz\u00e1sok \u2013 a di\u00e1kokkal val\u00f3 egyeztet\u00e9s alapj\u00e1n \u2013 \u00e1ltal\u00e1ban a tan\u00edt\u00e1s ut\u00e1n kezd\u0151dnek. Indokolt esetben a 0. \u00f3r\u00e1ban is tarthat\u00f3 tan\u00f3r\u00e1n k\u00edv\u00fcli foglalkoz\u00e1s. &hellip;<\/p>\n","protected":false},"author":101934,"featured_media":0,"parent":380,"menu_order":9,"comment_status":"closed","ping_status":"closed","template":"","meta":{"_acf_changed":false,"footnotes":""},"categories":[],"tags":[],"class_list":["post-146","page","type-page","status-publish","hentry"],"acf":[],"_links":{"self":[{"href":"https:\/\/semmelweis.hu\/semmelweisiskola\/wp-json\/wp\/v2\/pages\/146","targetHints":{"allow":["GET"]}}],"collection":[{"href":"https:\/\/semmelweis.hu\/semmelweisiskola\/wp-json\/wp\/v2\/pages"}],"about":[{"href":"https:\/\/semmelweis.hu\/semmelweisiskola\/wp-json\/wp\/v2\/types\/page"}],"author":[{"embeddable":true,"href":"https:\/\/semmelweis.hu\/semmelweisiskola\/wp-json\/wp\/v2\/users\/101934"}],"replies":[{"embeddable":true,"href":"https:\/\/semmelweis.hu\/semmelweisiskola\/wp-json\/wp\/v2\/comments?post=146"}],"version-history":[{"count":4,"href":"https:\/\/semmelweis.hu\/semmelweisiskola\/wp-json\/wp\/v2\/pages\/146\/revisions"}],"predecessor-version":[{"id":620,"href":"https:\/\/semmelweis.hu\/semmelweisiskola\/wp-json\/wp\/v2\/pages\/146\/revisions\/620"}],"up":[{"embeddable":true,"href":"https:\/\/semmelweis.hu\/semmelweisiskola\/wp-json\/wp\/v2\/pages\/380"}],"wp:attachment":[{"href":"https:\/\/semmelweis.hu\/semmelweisiskola\/wp-json\/wp\/v2\/media?parent=146"}],"wp:term":[{"taxonomy":"category","embeddable":true,"href":"https:\/\/semmelweis.hu\/semmelweisiskola\/wp-json\/wp\/v2\/categories?post=146"},{"taxonomy":"post_tag","embeddable":true,"href":"https:\/\/semmelweis.hu\/semmelweisiskola\/wp-json\/wp\/v2\/tags?post=146"}],"curies":[{"name":"wp","href":"https:\/\/api.w.org\/{rel}","templated":true}]}}