{"id":144,"date":"2021-10-26T12:41:18","date_gmt":"2021-10-26T10:41:18","guid":{"rendered":"https:\/\/semmelweis.hu\/semmelweisiskola\/?page_id=144"},"modified":"2021-11-24T14:34:21","modified_gmt":"2021-11-24T13:34:21","slug":"tanulok-atvetele-masik-iskolabol","status":"publish","type":"page","link":"https:\/\/semmelweis.hu\/semmelweisiskola\/felveteli\/tanulok-atvetele-masik-iskolabol\/","title":{"rendered":"Tanul\u00f3k \u00e1tv\u00e9tele m\u00e1sik iskol\u00e1b\u00f3l"},"content":{"rendered":"<p style=\"text-align: center;\"><strong>A TANUL\u00d3K \u00c1TV\u00c9TELE M\u00c1SIK ISKOL\u00c1B\u00d3L<\/strong><\/p>\n<p><strong>Az \u00e1tv\u00e9tel elj\u00e1r\u00e1srendje<\/strong><\/p>\n<ul style=\"text-align: left;\">\n<li>Ha az adott oszt\u00e1ly l\u00e9tsz\u00e1ma engedi, a sz\u00fcl\u0151 k\u00e9r\u00e9s\u00e9re \u2013 els\u0151sorban a tan\u00e9v befejez\u00e9se ut\u00e1n \u2013 biztos\u00edtjuk a m\u00e1s iskol\u00e1ba j\u00e1r\u00f3 tanul\u00f3k sz\u00e1m\u00e1ra az iskolav\u00e1lt\u00e1s lehet\u0151s\u00e9g\u00e9t. Az \u00e1tv\u00e9telr\u0151l \u2013 a nevel\u0151test\u00fclet \u00e1ltal \u00e1truh\u00e1zott jogk\u00f6r alapj\u00e1n \u2013 az igazgat\u00f3 d\u00f6nt az \u00e9rintett oszt\u00e1lyf\u0151n\u00f6k v\u00e9lem\u00e9ny\u00e9nek kik\u00e9r\u00e9s\u00e9vel.<\/li>\n<li>Ha az igazgat\u00f3 enged\u00e9lyezi a tanul\u00f3 \u00e1tv\u00e9tel\u00e9t, a k\u00e9t iskola \u00e1ltal tan\u00edtott tant\u00e1rgyak \u00f6sszehasonl\u00edt\u00e1sa alapj\u00e1n d\u00f6nt arr\u00f3l, hogy a tanul\u00f3 sz\u00e1m\u00e1ra el kell-e rendelnie k\u00fcl\u00f6nb\u00f6zeti vizsg\u00e1t.<\/li>\n<li>Ha a tanul\u00f3nak nem kell k\u00fcl\u00f6nb\u00f6zeti vizsg\u00e1t tennie, az igazgat\u00f3 tan\u00e9v k\u00f6zben is enged\u00e9lyezheti az \u00e1tv\u00e9tel\u00e9t, ebben az esetben\u00a0<em><strong>\u00edr\u00e1sbeli befogad\u00f3 nyilatkozatot<\/strong>\u00a0<\/em>k\u00fcld a tanul\u00f3 iskol\u00e1j\u00e1nak. A tanul\u00f3 akkor iratkozhat be iskol\u00e1nkba, ha az<em><strong>\u00a0\u201e\u00c9rtes\u00edt\u00e9s iskolav\u00e1ltoztat\u00e1sr\u00f3l\u201d<\/strong><\/em>\u00a0dokumentumot k\u00e9zhez kaptuk.<\/li>\n<li>Ha a tanul\u00f3nak k\u00fcl\u00f6nb\u00f6zeti vizsg\u00e1t kell tennie, csak annak eredm\u00e9nyes teljes\u00edt\u00e9se ut\u00e1n iratkozhat be iskol\u00e1nkba, ez\u00e9rt a tank\u00f6teles tanul\u00f3nak eredeti iskol\u00e1j\u00e1ban fenn kell tartania a tanul\u00f3i jogviszony\u00e1t.\u00a0<\/li>\n<li>Az \u00e9vk\u00f6zi \u00e1tv\u00e9teln\u00e9l a k\u00fcl\u00f6nb\u00f6zeti vizsga el\u0151zetes let\u00e9tel\u00e9t\u0151l eltekinthet az igazgat\u00f3, ha a tanul\u00f3 eddigi eredm\u00e9nyei, illetve a hi\u00e1nyz\u00f3 tant\u00e1rgy neh\u00e9zs\u00e9gi foka alapj\u00e1n biztos\u00edtottnak l\u00e1tja a k\u00fcl\u00f6nb\u00f6zeti vizsga eredm\u00e9nyess\u00e9g\u00e9t.<\/li>\n<li>\u00c9vk\u00f6zi k\u00fcl\u00f6nb\u00f6zeti vizsg\u00e1t kiz\u00e1r\u00f3lag a fenti esetben tartunk, egy\u00e9bk\u00e9nt \u00e1ltal\u00e1ban az augusztusi vizsgaid\u0151szakban szervezz\u00fck meg.<\/li>\n<li>\u00c9vk\u00f6zi \u00e1tv\u00e9teln\u00e9l a tanul\u00f3 \u00e9rdemjegyeit a volt iskol\u00e1ja \u00e1ltal megk\u00fcld\u00f6tt hiteles dokumentumok alapj\u00e1n az oszt\u00e1lyf\u0151n\u00f6k \u00e1tvezeti az oszt\u00e1lyoz\u00e1si napl\u00f3ba.\u00a0<\/li>\n<li>Az \u00e1tvett tanul\u00f3nak az esetleges tud\u00e1sbeli hi\u00e1nyoss\u00e1gait a szaktan\u00e1rok seg\u00edts\u00e9g\u00e9vel \u00e9s \u00fatmutat\u00e1sai szerint p\u00f3tolnia kell.<\/li>\n<\/ul>\n<p><strong>Az iskolav\u00e1lt\u00e1s elutas\u00edt\u00e1sa<\/strong><\/p>\n<ul>\n<li style=\"text-align: left;\">Ha a k\u00e9t iskola tantervei k\u00f6z\u00f6tt nem nagyok a k\u00fcl\u00f6nbs\u00e9gek, es\u00e9lyteremt\u0151 iskola r\u00e9v\u00e9n nem z\u00e1rk\u00f3zunk el a tanul\u00e1si kudarccal k\u00fczd\u0151, gyeng\u00e9bb eredm\u00e9ny\u0171 tanul\u00f3k \u00e1tv\u00e9tel\u00e9t\u0151l, de az iskolav\u00e1lt\u00e1st kiz\u00e1rja \u2013 kiv\u00e9ve, ha ezt a m\u00e1sik iskola igazgat\u00f3ja k\u00e9ri \u2013, ha a tanul\u00f3 magatart\u00e1s\u00e1val komoly gondok vannak, vagy ha sokat mulasztott igazolatlanul. Ennek meg\u00e1llap\u00edt\u00e1s\u00e1ra a tanul\u00f3nak az \u00e1tv\u00e9tel k\u00e9relmez\u00e9sekor be kell mutatnia az ellen\u0151rz\u0151j\u00e9t.<\/li>\n<li style=\"text-align: left;\">Ha a k\u00e9t iskola tantervei k\u00f6z\u00f6tt jelent\u0151sek a k\u00fcl\u00f6nbs\u00e9gek, nem tudjuk \u00e1tvenni azt a tanul\u00f3t,\n<ul>\n<li>akin\u00e9l az eddigi teljes\u00edtm\u00e9nye alapj\u00e1n nem felt\u00e9telezhet\u0151, hogy eredm\u00e9nyes k\u00fcl\u00f6nb\u00f6zeti vizsg\u00e1t tesz,<\/li>\n<li>a szakmai gyakorlatok p\u00f3tl\u00e1s\u00e1ra nincs lehet\u0151s\u00e9g.<\/li>\n<\/ul>\n<\/li>\n<li style=\"text-align: left;\">Ha a tanul\u00f3 az augusztusi k\u00fcl\u00f6nb\u00f6zeti vizsg\u00e1n b\u00e1rmely tant\u00e1rgyb\u00f3l nem teljes\u00edtette az el\u00e9gs\u00e9ges szintet, az \u00e1tv\u00e9tel\u00e9t elutas\u00edtjuk.<\/li>\n<\/ul>\n","protected":false},"excerpt":{"rendered":"<p>A TANUL\u00d3K \u00c1TV\u00c9TELE M\u00c1SIK ISKOL\u00c1B\u00d3L Az \u00e1tv\u00e9tel elj\u00e1r\u00e1srendje Ha az adott oszt\u00e1ly l\u00e9tsz\u00e1ma engedi, a sz\u00fcl\u0151 k\u00e9r\u00e9s\u00e9re \u2013 els\u0151sorban a tan\u00e9v befejez\u00e9se ut\u00e1n \u2013 biztos\u00edtjuk a m\u00e1s iskol\u00e1ba j\u00e1r\u00f3 tanul\u00f3k sz\u00e1m\u00e1ra az iskolav\u00e1lt\u00e1s lehet\u0151s\u00e9g\u00e9t. Az \u00e1tv\u00e9telr\u0151l \u2013 a nevel\u0151test\u00fclet \u00e1ltal \u00e1truh\u00e1zott jogk\u00f6r alapj\u00e1n \u2013 az igazgat\u00f3 d\u00f6nt az \u00e9rintett oszt\u00e1lyf\u0151n\u00f6k v\u00e9lem\u00e9ny\u00e9nek kik\u00e9r\u00e9s\u00e9vel. Ha az igazgat\u00f3 &hellip;<\/p>\n","protected":false},"author":101934,"featured_media":0,"parent":550,"menu_order":0,"comment_status":"closed","ping_status":"closed","template":"","meta":{"_acf_changed":false,"footnotes":""},"categories":[],"tags":[],"class_list":["post-144","page","type-page","status-publish","hentry"],"acf":[],"_links":{"self":[{"href":"https:\/\/semmelweis.hu\/semmelweisiskola\/wp-json\/wp\/v2\/pages\/144","targetHints":{"allow":["GET"]}}],"collection":[{"href":"https:\/\/semmelweis.hu\/semmelweisiskola\/wp-json\/wp\/v2\/pages"}],"about":[{"href":"https:\/\/semmelweis.hu\/semmelweisiskola\/wp-json\/wp\/v2\/types\/page"}],"author":[{"embeddable":true,"href":"https:\/\/semmelweis.hu\/semmelweisiskola\/wp-json\/wp\/v2\/users\/101934"}],"replies":[{"embeddable":true,"href":"https:\/\/semmelweis.hu\/semmelweisiskola\/wp-json\/wp\/v2\/comments?post=144"}],"version-history":[{"count":8,"href":"https:\/\/semmelweis.hu\/semmelweisiskola\/wp-json\/wp\/v2\/pages\/144\/revisions"}],"predecessor-version":[{"id":835,"href":"https:\/\/semmelweis.hu\/semmelweisiskola\/wp-json\/wp\/v2\/pages\/144\/revisions\/835"}],"up":[{"embeddable":true,"href":"https:\/\/semmelweis.hu\/semmelweisiskola\/wp-json\/wp\/v2\/pages\/550"}],"wp:attachment":[{"href":"https:\/\/semmelweis.hu\/semmelweisiskola\/wp-json\/wp\/v2\/media?parent=144"}],"wp:term":[{"taxonomy":"category","embeddable":true,"href":"https:\/\/semmelweis.hu\/semmelweisiskola\/wp-json\/wp\/v2\/categories?post=144"},{"taxonomy":"post_tag","embeddable":true,"href":"https:\/\/semmelweis.hu\/semmelweisiskola\/wp-json\/wp\/v2\/tags?post=144"}],"curies":[{"name":"wp","href":"https:\/\/api.w.org\/{rel}","templated":true}]}}