{"id":138,"date":"2021-10-26T11:54:19","date_gmt":"2021-10-26T09:54:19","guid":{"rendered":"https:\/\/semmelweis.hu\/semmelweisiskola\/?page_id=138"},"modified":"2021-11-24T14:47:15","modified_gmt":"2021-11-24T13:47:15","slug":"a-hazi-feladat-kijelolesenek-szabalyai","status":"publish","type":"page","link":"https:\/\/semmelweis.hu\/semmelweisiskola\/oktatas\/szabalyaink\/a-hazi-feladat-kijelolesenek-szabalyai\/","title":{"rendered":"A h\u00e1zi feladat kijel\u00f6l\u00e9s\u00e9nek szab\u00e1lyai"},"content":{"rendered":"<div style=\"text-align: center;\"><span style=\"font-size: 15pt;\"><strong>A H\u00c1ZI FELADAT KIJEL\u00d6L\u00c9S\u00c9NEK SZAB\u00c1LYAI<\/strong><\/span><\/p>\n<p>A h\u00e1zi feladat meghat\u00e1roz\u00e1s\u00e1nak alapelvei<\/p>\n<ul>\n<li style=\"text-align: left;\">rendszeress\u00e9g:\n<ul>\n<li>a tanul\u00e1s eredm\u00e9nyess\u00e9g\u00e9nek \u00e9s tart\u00f3ss\u00e1g\u00e1nak alapfelt\u00e9tele a rendszeress\u00e9g, s a kamp\u00e1nyszer\u0171 tanul\u00e1sr\u00f3l \u00fagy szoktathatjuk le tanul\u00f3inkat, ha lehet\u0151leg minden \u00f3r\u00e1ra kapnak h\u00e1zi feladatot;<\/li>\n<\/ul>\n<\/li>\n<li style=\"text-align: left;\">ar\u00e1nyos terhel\u00e9s:\n<ul>\n<li>t\u00f6reksz\u00fcnk a tanul\u00f3k ar\u00e1nyos terhel\u00e9s\u00e9re, ez\u00e9rt az \u00e9letkori saj\u00e1toss\u00e1gokon k\u00edv\u00fcl arra is \u00fcgyel\u00fcnk, hogy a h\u00e1zi feladat ne legyen teljes\u00edthetetlen mennyis\u00e9g\u0171, illetve ne szor\u00edtsa h\u00e1tt\u00e9rbe m\u00e1s tant\u00e1rgyak tanul\u00e1s\u00e1t;<\/li>\n<\/ul>\n<\/li>\n<li style=\"text-align: left;\">tervezetts\u00e9g:\n<ul>\n<li>a h\u00e1zi feladat kijel\u00f6l\u00e9se legyen el\u0151re tervezett, tudatos, pontosan k\u00f6r\u00fclhat\u00e1rolt, \u00e9s csak a feladott anyagr\u00e9szeket k\u00e9rj\u00fck sz\u00e1mon;<\/li>\n<\/ul>\n<\/li>\n<li style=\"text-align: left;\">differenci\u00e1l\u00e1s:\n<ul>\n<li>a feladatok neh\u00e9zs\u00e9gi fok\u00e1n\u00e1l lehet\u0151s\u00e9g szerint vegy\u00fck figyelembe a tanul\u00f3k k\u00e9pess\u00e9geit;<\/li>\n<\/ul>\n<\/li>\n<li style=\"text-align: left;\">legyen motiv\u00e1l\u00f3:\n<ul>\n<li>a feladatok megoldhat\u00f3 neh\u00e9zs\u00e9gi fok\u00faak \u00e9s mennyis\u00e9g\u0171ek legyenek, hogy az elv\u00e9gz\u00e9s\u00fck siker\u00e9lm\u00e9nyt \u00e9s a j\u00f3l v\u00e9gzett munka \u00f6r\u00f6m\u00e9t ny\u00fajtsa a tanul\u00f3nak;<\/li>\n<\/ul>\n<\/li>\n<li>egy\u00e9b elvek:\n<ul>\n<li style=\"text-align: left;\">az egy\u00e9ni tanul\u00e1si technik\u00e1k kialak\u00edt\u00e1sa \u00e9rdek\u00e9ben legyen rendszeres feladat a v\u00e1zlatk\u00e9sz\u00edt\u00e9s, amelyet a tanul\u00f3 a sz\u00f3beli sz\u00e1monk\u00e9r\u00e9s sor\u00e1n ak\u00e1r feleletv\u00e1zlatk\u00e9nt is haszn\u00e1lhat;<\/li>\n<li style=\"text-align: left;\">a reprodukt\u00edv tud\u00e1s a tov\u00e1bbhalad\u00e1s alapvet\u0151 felt\u00e9tele, de kiemelt c\u00e9lunk a produkt\u00edv tud\u00e1s \u00e9s a probl\u00e9mamegold\u00f3 gondolkod\u00e1s fejleszt\u00e9se, ez\u00e9rt a h\u00e1zi feladatokn\u00e1l prefer\u00e1ljuk az \u00f6n\u00e1ll\u00f3s\u00e1got ig\u00e9nyl\u0151 munk\u00e1k (essz\u00e9, kisel\u0151ad\u00e1s stb.) l\u00e9trehoz\u00e1s\u00e1t, \u00e9s az iskolai p\u00e1ly\u00e1zatokon val\u00f3 r\u00e9szv\u00e9tel is szerepeljen az \u00e9rintett tant\u00e1rgy(ak) feladat-meghat\u00e1roz\u00e1s\u00e1ban;<\/li>\n<li style=\"text-align: left;\">az IKT bevon\u00e1sa: a lehet\u0151s\u00e9gek f\u00fcggv\u00e9ny\u00e9ben egyre ink\u00e1bb kapjon szerepet a sz\u00e1m\u00edt\u00f3g\u00e9ppel seg\u00edtett tanul\u00e1s, az internetes inform\u00e1ci\u00f3gy\u0171jt\u00e9s \u00e9s -feldolgoz\u00e1s, illetve a sz\u00e1m\u00edt\u00f3g\u00e9p seg\u00edts\u00e9g\u00e9vel elk\u00e9sz\u00edtett otthoni munka;<\/li>\n<\/ul>\n<\/li>\n<\/ul>\n<p>A h\u00e1zi feladat meghat\u00e1roz\u00e1s\u00e1nak korl\u00e1tai<\/p>\n<ul>\n<li style=\"text-align: left;\">A sz\u00f3beli \u00e9s az \u00edr\u00e1sbeli h\u00e1zi feladatokat \u2013 egyik \u00f3r\u00e1r\u00f3l a m\u00e1sikra \u2013 \u00fagy jel\u00f6lj\u00fck ki, hogy egy \u00e1tlagos k\u00e9pess\u00e9g\u0171 tanul\u00f3 sz\u00e1m\u00e1ra tant\u00e1rgyank\u00e9nt (vagy tan\u00f3r\u00e1nk\u00e9nt) lehet\u0151leg f\u00e9l \u00f3r\u00e1n\u00e1l t\u00f6bbet ne vegyen ig\u00e9nybe a teljes\u00edt\u00e9s\u00fck.<\/li>\n<li style=\"text-align: left;\">A sok munka- \u00e9s id\u0151r\u00e1ford\u00edt\u00e1st ig\u00e9nyl\u0151 \u00edr\u00e1sbeli h\u00e1zi feladatokra (p\u00e9ld\u00e1ul h\u00e1zi dolgozat, essz\u00e9, projektfeladat stb.), illetve a hosszabb vers vagy nagyobb mennyis\u00e9g\u0171 idegen sz\u00f3 megtanul\u00e1s\u00e1ra legal\u00e1bb egy h\u00e9t hat\u00e1rid\u0151t adunk.<\/li>\n<li style=\"text-align: left;\">H\u00e9tv\u00e9g\u00e9re \u2013 kiv\u00e9ve a z\u00e1r\u00f3vizsg\u00e1val v\u00e9gz\u0151d\u0151 \u00e9vfolyamokat \u2013 csak annyi h\u00e1zi feladatot jel\u00f6l\u00fcnk ki, amely nem haladja meg az \u00f3r\u00e1r\u00f3l \u00f3r\u00e1ra val\u00f3 felk\u00e9sz\u00fcl\u00e9s m\u00e9rt\u00e9k\u00e9t. A tan\u00edt\u00e1si sz\u00fcnetekn\u00e9l ugyanezt a szempontot \u00e9rv\u00e9nyes\u00edtj\u00fck, illetve els\u0151sorban szorgalmi vagy a kikapcsol\u00f3d\u00e1st is el\u0151seg\u00edt\u0151 h\u00e1zi feladatot adunk.<\/li>\n<li style=\"text-align: left;\">Nem adhat\u00f3 olyan h\u00e1zi feladat, amely \u2013 a tant\u00e1rgyhoz sz\u00fcks\u00e9ges eszk\u00f6z\u00f6k\u00f6n k\u00edv\u00fcl \u2013 anyagi r\u00e1ford\u00edt\u00e1st ig\u00e9nyel.<\/li>\n<\/ul>\n<p>A h\u00e1zi feladat sz\u00e1monk\u00e9r\u00e9s\u00e9nek elvei<\/p>\n<ul>\n<li style=\"text-align: left;\">kisz\u00e1m\u00edthat\u00f3s\u00e1g:\n<ul>\n<li>a tan\u00e9v elej\u00e9n a szaktan\u00e1r t\u00e1j\u00e9koztatja a tanul\u00f3kat a tant\u00e1rgyi k\u00f6vetelm\u00e9nyekr\u0151l, az otthoni (sz\u00f3beli \u00e9s \u00edr\u00e1sbeli) felk\u00e9sz\u00fcl\u00e9s ellen\u0151rz\u00e9s\u00e9nek, \u00e9rt\u00e9kel\u00e9s\u00e9nek \u00e9s min\u0151s\u00edt\u00e9s\u00e9nek m\u00f3dszereir\u0151l, a szorgalmi munk\u00e1k besz\u00e1m\u00edt\u00e1s\u00e1r\u00f3l, illetve az \u00edr\u00e1sbeli h\u00e1zi feladat hi\u00e1ny\u00e1nak szankci\u00f3ir\u00f3l;<\/li>\n<\/ul>\n<\/li>\n<li style=\"text-align: left;\">k\u00f6vetkezetess\u00e9g:\n<ul>\n<li>az \u00edr\u00e1sbeli h\u00e1zi feladat sz\u00e1monk\u00e9r\u00e9s\u00e9n\u00e9l a szaktan\u00e1r nem alkalmazhat ad hoc b\u00fcntet\u00e9st, hanem ki kell alak\u00edtani a saj\u00e1t m\u00f3dszer\u00e9t, amelyet k\u00f6vetkezetesen alkalmaz minden tan\u00edt\u00e1si \u00f3r\u00e1n;<\/li>\n<\/ul>\n<\/li>\n<li style=\"text-align: left;\">rendszeress\u00e9g:\n<ul>\n<li>legyen rendszeres a sz\u00e1monk\u00e9r\u00e9s, illetve az \u00edr\u00e1sbeli h\u00e1zi feladat ellen\u0151rz\u00e9se, megbesz\u00e9l\u00e9se, jav\u00edt\u00e1sa, \u00e9rt\u00e9kel\u00e9se, a hi\u00e1nyok p\u00f3tl\u00e1s\u00e1nak megk\u00f6vetel\u00e9se;<\/li>\n<\/ul>\n<\/li>\n<li style=\"text-align: left;\">legyen rendre, fegyelemre szoktat\u00f3:\n<ul>\n<li>az otthoni felk\u00e9sz\u00fcl\u00e9s \u00e9s az \u00f3rai munka elengedhetetlen r\u00e9sze a megfelel\u0151 felszerel\u00e9s, ez\u00e9rt megk\u00f6vetelj\u00fck, hogy a tanul\u00f3k ezeket magukkal hozz\u00e1k az iskol\u00e1ba, hogy minden tant\u00e1rgyhoz k\u00fcl\u00f6n f\u00fczetet vezessenek, \u00e9s \u00fcgyeljenek annak rendezetts\u00e9gre, \u00e1ttekinthet\u0151s\u00e9g\u00e9re;<\/li>\n<\/ul>\n<\/li>\n<li style=\"text-align: left;\">ar\u00e1nyos szankci\u00f3k:\n<ul>\n<li>az \u00edr\u00e1sbeli h\u00e1zi feladat hi\u00e1nya abban az esetben min\u0151s\u00edthet\u0151 teljes \u00e9rt\u00e9k\u0171 el\u00e9gtelen oszt\u00e1lyzattal, ha\u00a0<\/li>\n<li>a munk\u00e1t egy\u00e9bk\u00e9nt is oszt\u00e1lyzattal \u00e9rt\u00e9kelt\u00fck volna,<\/li>\n<li>a tan\u00e1r el\u0151re bejelentette, hogy a h\u00e1zi feladat hi\u00e1nya el\u00e9gtelent von maga ut\u00e1n,<\/li>\n<li>a tan\u00edt\u00e1si \u00f3ra nagyobb r\u00e9sze a h\u00e1zi feladatra \u00e9p\u00fcl, \u00e9s a tanul\u00f3 annak hi\u00e1nya miatt nem tud bekapcsol\u00f3dni az \u00f3rai munk\u00e1ba;<\/li>\n<\/ul>\n<\/li>\n<li>embers\u00e9g az indokolt mentess\u00e9gek megad\u00e1s\u00e1ban:\n<ul>\n<li style=\"text-align: left;\">ha a tanul\u00f3 alapos ok miatt nem tudott felk\u00e9sz\u00fclni az \u00f3r\u00e1ra, vagy nem \u00edrta meg a h\u00e1zi feladat\u00e1t, a \u201ejelent\u00e9s\u00e9t\u201d \u2013 a legal\u00e1bb egy h\u00e9ttel kor\u00e1bban bejelentett t\u00e9maz\u00e1r\u00f3 dolgozatokat kiv\u00e9ve \u2013 elfogadjuk, ha a sz\u00fcl\u0151 be\u00edrta az ellen\u0151rz\u0151be, egy\u00e9bk\u00e9nt a szaktan\u00e1r \u2013 a k\u00f6r\u00fclm\u00e9nyeket m\u00e9rlegelve \u2013 saj\u00e1t hat\u00e1sk\u00f6rben d\u00f6nt;<\/li>\n<li style=\"text-align: left;\">a sz\u00f3beli \u00e9s az \u00edr\u00e1sbeli h\u00e1zi feladatot \u2013 a tanul\u00f3 k\u00e9r\u00e9s\u00e9re \u2013 nem k\u00e9rj\u00fck sz\u00e1mon a h\u00e1romn\u00e1l t\u00f6bb napos hi\u00e1nyz\u00e1st k\u00f6vet\u0151 els\u0151 tan\u00edt\u00e1si \u00f3r\u00e1n, ha pedig a tanul\u00f3 k\u00e9t h\u00e9tig vagy ann\u00e1l hosszabb ideig hi\u00e1nyzott, a tan\u00e1r halad\u00e9kot ad sz\u00e1m\u00e1ra a tananyag p\u00f3tl\u00e1s\u00e1ra.<\/li>\n<li style=\"text-align: left;\">ha a tanul\u00f3k az iskola \u00e1ltal szervezett programon vettek r\u00e9szt, k\u00e9r\u00e9s\u00fckre a szaktan\u00e1r m\u00e1snap mentes\u00edti \u0151ket a program napj\u00e1n feladott sz\u00f3beli vagy \u00edr\u00e1sbeli h\u00e1zi feladat sz\u00e1monk\u00e9r\u00e9se al\u00f3l.<\/li>\n<\/ul>\n<\/li>\n<\/ul>\n<\/div>\n","protected":false},"excerpt":{"rendered":"<p>A H\u00c1ZI FELADAT KIJEL\u00d6L\u00c9S\u00c9NEK SZAB\u00c1LYAI A h\u00e1zi feladat meghat\u00e1roz\u00e1s\u00e1nak alapelvei rendszeress\u00e9g: a tanul\u00e1s eredm\u00e9nyess\u00e9g\u00e9nek \u00e9s tart\u00f3ss\u00e1g\u00e1nak alapfelt\u00e9tele a rendszeress\u00e9g, s a kamp\u00e1nyszer\u0171 tanul\u00e1sr\u00f3l \u00fagy szoktathatjuk le tanul\u00f3inkat, ha lehet\u0151leg minden \u00f3r\u00e1ra kapnak h\u00e1zi feladatot; ar\u00e1nyos terhel\u00e9s: t\u00f6reksz\u00fcnk a tanul\u00f3k ar\u00e1nyos terhel\u00e9s\u00e9re, ez\u00e9rt az \u00e9letkori saj\u00e1toss\u00e1gokon k\u00edv\u00fcl arra is \u00fcgyel\u00fcnk, hogy a h\u00e1zi feladat ne legyen &hellip;<\/p>\n","protected":false},"author":101934,"featured_media":0,"parent":548,"menu_order":15,"comment_status":"closed","ping_status":"closed","template":"","meta":{"_acf_changed":false,"footnotes":""},"categories":[],"tags":[],"class_list":["post-138","page","type-page","status-publish","hentry"],"acf":[],"_links":{"self":[{"href":"https:\/\/semmelweis.hu\/semmelweisiskola\/wp-json\/wp\/v2\/pages\/138","targetHints":{"allow":["GET"]}}],"collection":[{"href":"https:\/\/semmelweis.hu\/semmelweisiskola\/wp-json\/wp\/v2\/pages"}],"about":[{"href":"https:\/\/semmelweis.hu\/semmelweisiskola\/wp-json\/wp\/v2\/types\/page"}],"author":[{"embeddable":true,"href":"https:\/\/semmelweis.hu\/semmelweisiskola\/wp-json\/wp\/v2\/users\/101934"}],"replies":[{"embeddable":true,"href":"https:\/\/semmelweis.hu\/semmelweisiskola\/wp-json\/wp\/v2\/comments?post=138"}],"version-history":[{"count":9,"href":"https:\/\/semmelweis.hu\/semmelweisiskola\/wp-json\/wp\/v2\/pages\/138\/revisions"}],"predecessor-version":[{"id":616,"href":"https:\/\/semmelweis.hu\/semmelweisiskola\/wp-json\/wp\/v2\/pages\/138\/revisions\/616"}],"up":[{"embeddable":true,"href":"https:\/\/semmelweis.hu\/semmelweisiskola\/wp-json\/wp\/v2\/pages\/548"}],"wp:attachment":[{"href":"https:\/\/semmelweis.hu\/semmelweisiskola\/wp-json\/wp\/v2\/media?parent=138"}],"wp:term":[{"taxonomy":"category","embeddable":true,"href":"https:\/\/semmelweis.hu\/semmelweisiskola\/wp-json\/wp\/v2\/categories?post=138"},{"taxonomy":"post_tag","embeddable":true,"href":"https:\/\/semmelweis.hu\/semmelweisiskola\/wp-json\/wp\/v2\/tags?post=138"}],"curies":[{"name":"wp","href":"https:\/\/api.w.org\/{rel}","templated":true}]}}