{"id":136,"date":"2022-06-05T11:53:12","date_gmt":"2022-06-05T09:53:12","guid":{"rendered":"https:\/\/semmelweis.hu\/semmelweisiskola\/?page_id=136"},"modified":"2023-06-12T10:38:29","modified_gmt":"2023-06-12T08:38:29","slug":"beiratkozas","status":"publish","type":"page","link":"https:\/\/semmelweis.hu\/semmelweisiskola\/felveteli\/beiratkozas\/","title":{"rendered":"Beiratkoz\u00e1s, \u00e1tv\u00e9tel"},"content":{"rendered":"<p style=\"text-align: center\"><strong>BEIRATKOZ\u00c1SI T\u00c1J\u00c9KOZTAT\u00d3<\/strong><\/p>\n<p>Tisztelt Sz\u00fcl\u0151k!<\/p>\n<p>Ez\u00faton t\u00e1j\u00e9koztatjuk \u00d6n\u00f6ket a leend\u0151 9. oszt\u00e1lyos tanul\u00f3k beiratkoz\u00e1s\u00e1r\u00f3l:<\/p>\n<p>Ideje: 2023. j\u00fan. 21 (szerda) 08:00-16:00 \u00f3ra<br \/>\nHelye: SE Semmelweis Ign\u00e1c T\u00f6bbc\u00e9l\u00fa SZKI<br \/>\nIskola c\u00edme: 1194 Budapest Cseng\u0151 utca 1.<br \/>\nMegk\u00f6zel\u00edthet\u0151s\u00e9g\u00fcnk: 194,68,54,55-\u00f6s buszokkal<\/p>\n<p align=\"center\"><strong>T\u00c1J\u00c9KOZTAT\u00c1S<\/strong><\/p>\n<p>A beiratkoz\u00e1shoz sz\u00fcks\u00e9ges:<\/p>\n<ul>\n<li>szem\u00e9lyi igazolv\u00e1ny<\/li>\n<li>lakc\u00edm k\u00e1rtya<\/li>\n<li>ad\u00f3k\u00e1rtya<\/li>\n<li>TAJ k\u00e1rtya<\/li>\n<li>v\u00e9detts\u00e9gi igazolv\u00e1ny<\/li>\n<li>\u00e1ltal\u00e1nos iskolai bizony\u00edtv\u00e1ny\u00a0<\/li>\n<li>amennyiben a gyermek saj\u00e1tos nevel\u00e9si ig\u00e9ny\u0171 vagy tanul\u00e1si neh\u00e9zs\u00e9ggel k\u00fczd, az err\u0151l sz\u00f3l\u00f3 szak\u00e9rt\u0151i v\u00e9lem\u00e9ny<\/li>\n<li>k\u00fclf\u00f6ldi \u00e1llampolg\u00e1r eset\u00e9n a Magyarorsz\u00e1gon val\u00f3 tart\u00f3zkod\u00e1st igazol\u00f3 okm\u00e1ny (tart\u00f3zkod\u00e1si enged\u00e9ly eset\u00e9n a sz\u00fcl\u0151 keres\u0151 tev\u00e9kenys\u00e9g\u00e9nek igazol\u00e1sa)<\/li>\n<li>di\u00e1kigazolv\u00e1nyhoz: a lak\u00f3hely szerinti okm\u00e1nyirod\u00e1ban k\u00e9sz\u00fclt igazol\u00f3lap a di\u00e1kr\u00f3l k\u00e9sz\u00fclt digit\u00e1lis f\u00e9nyk\u00e9p elk\u00e9sz\u00edt\u00e9s\u00e9r\u0151l \u00e9s digit\u00e1lis al\u00e1\u00edr\u00e1sa felv\u00e9tel\u00e9r\u0151l.<\/li>\n<li><strong><em>K\u00e9rj\u00fck, hogy a\u00a0 beiratkoz\u00e1s alakl\u00e1m\u00e1val, a kiskor\u00fa tanul\u00f3 a sz\u00fcl\u0151vel \u00e9rkezzen.\u00a0<\/em><\/strong><\/li>\n<\/ul>\n<p><strong>T\u00e1j\u00e9koztatom, hogy a beiratkoz\u00e1s felt\u00e9telek\u00e9nt a tanul\u00f3nak eg\u00e9szs\u00e9g\u00fcgyi alkalmass\u00e1gi vizsg\u00e1laton kell r\u00e9szt vennie.\u00a0<\/strong><\/p>\n<p>K\u00e9rj\u00fck, hogy a tanul\u00f3 eg\u00e9szs\u00e9g\u00fcgyi alkalmass\u00e1gi vizsg\u00e1ra f\u00e1radjon be iskol\u00e1nkba. Vizsg\u00e1lat\u00e1nak idej\u00e9r\u0151l lev\u00e9lben t\u00e1j\u00e9koztattuk \u00d6n\u00f6ket.\u00a0<\/p>\n<p><strong>K\u00e9rj\u00fck, hozza mag\u00e1val az al\u00e1bbiakat:<\/strong><\/p>\n<ul>\n<li>a mell\u00e9kelt kit\u00f6lt\u00f6tt eg\u00e9szs\u00e9g\u00fcgyi lap,<\/li>\n<li>az \u00e1ltal\u00e1nos iskol\u00e1ban az iskolaorvos \u00e1ltal vezetett olt\u00e1si k\u00f6nyvet<\/li>\n<\/ul>\n<p>Ha a felv\u00e9tellel, beiratkoz\u00e1ssal b\u00e1rmilyen k\u00e9rd\u00e9se mer\u00fcl fel, k\u00e9rj\u00fck, forduljon az iskola igazgat\u00f3j\u00e1hoz az al\u00e1bbi e-mail c\u00edmen:<\/p>\n<p>titkarsag.semmelweis@semmelweis-univ.hu<\/p>\n","protected":false},"excerpt":{"rendered":"<p>BEIRATKOZ\u00c1SI T\u00c1J\u00c9KOZTAT\u00d3 Tisztelt Sz\u00fcl\u0151k! Ez\u00faton t\u00e1j\u00e9koztatjuk \u00d6n\u00f6ket a leend\u0151 9. oszt\u00e1lyos tanul\u00f3k beiratkoz\u00e1s\u00e1r\u00f3l: Ideje: 2023. j\u00fan. 21 (szerda) 08:00-16:00 \u00f3ra Helye: SE Semmelweis Ign\u00e1c T\u00f6bbc\u00e9l\u00fa SZKI Iskola c\u00edme: 1194 Budapest Cseng\u0151 utca 1. Megk\u00f6zel\u00edthet\u0151s\u00e9g\u00fcnk: 194,68,54,55-\u00f6s buszokkal T\u00c1J\u00c9KOZTAT\u00c1S A beiratkoz\u00e1shoz sz\u00fcks\u00e9ges: szem\u00e9lyi igazolv\u00e1ny lakc\u00edm k\u00e1rtya ad\u00f3k\u00e1rtya TAJ k\u00e1rtya v\u00e9detts\u00e9gi igazolv\u00e1ny \u00e1ltal\u00e1nos iskolai bizony\u00edtv\u00e1ny\u00a0 amennyiben a gyermek &hellip;<\/p>\n","protected":false},"author":101934,"featured_media":0,"parent":550,"menu_order":0,"comment_status":"closed","ping_status":"closed","template":"","meta":{"_acf_changed":false,"footnotes":""},"categories":[],"tags":[],"class_list":["post-136","page","type-page","status-publish","hentry"],"acf":[],"_links":{"self":[{"href":"https:\/\/semmelweis.hu\/semmelweisiskola\/wp-json\/wp\/v2\/pages\/136","targetHints":{"allow":["GET"]}}],"collection":[{"href":"https:\/\/semmelweis.hu\/semmelweisiskola\/wp-json\/wp\/v2\/pages"}],"about":[{"href":"https:\/\/semmelweis.hu\/semmelweisiskola\/wp-json\/wp\/v2\/types\/page"}],"author":[{"embeddable":true,"href":"https:\/\/semmelweis.hu\/semmelweisiskola\/wp-json\/wp\/v2\/users\/101934"}],"replies":[{"embeddable":true,"href":"https:\/\/semmelweis.hu\/semmelweisiskola\/wp-json\/wp\/v2\/comments?post=136"}],"version-history":[{"count":9,"href":"https:\/\/semmelweis.hu\/semmelweisiskola\/wp-json\/wp\/v2\/pages\/136\/revisions"}],"predecessor-version":[{"id":2189,"href":"https:\/\/semmelweis.hu\/semmelweisiskola\/wp-json\/wp\/v2\/pages\/136\/revisions\/2189"}],"up":[{"embeddable":true,"href":"https:\/\/semmelweis.hu\/semmelweisiskola\/wp-json\/wp\/v2\/pages\/550"}],"wp:attachment":[{"href":"https:\/\/semmelweis.hu\/semmelweisiskola\/wp-json\/wp\/v2\/media?parent=136"}],"wp:term":[{"taxonomy":"category","embeddable":true,"href":"https:\/\/semmelweis.hu\/semmelweisiskola\/wp-json\/wp\/v2\/categories?post=136"},{"taxonomy":"post_tag","embeddable":true,"href":"https:\/\/semmelweis.hu\/semmelweisiskola\/wp-json\/wp\/v2\/tags?post=136"}],"curies":[{"name":"wp","href":"https:\/\/api.w.org\/{rel}","templated":true}]}}