{"id":134,"date":"2021-10-26T11:50:43","date_gmt":"2021-10-26T09:50:43","guid":{"rendered":"https:\/\/semmelweis.hu\/semmelweisiskola\/?page_id=134"},"modified":"2026-03-23T07:15:09","modified_gmt":"2026-03-23T06:15:09","slug":"dokumentumok","status":"publish","type":"page","link":"https:\/\/semmelweis.hu\/semmelweisiskola\/iskolarol\/dokumentumok\/","title":{"rendered":"Dokumentumok"},"content":{"rendered":"<h4>Az iskola ALAPdokumentumai<\/h4>\n<ul style=\"list-style-type: square\">\n<li><a href=\"https:\/\/semmelweis.hu\/semmelweisiskola\/files\/2022\/09\/SE-Semmelweis-Ignac-Tobbcelu-SZKI-AO-2021.-08.-01..pdf\" target=\"_blank\" rel=\"noopener noreferrer\">Alap\u00edt\u00f3 okirat (pdf)<\/a><\/li>\n<li><a href=\"https:\/\/semmelweis.hu\/semmelweisiskola\/files\/2023\/09\/BP_1009_06706_2_2022_muk_eng_mod_semmelweis_ignac_TSzI_Alairt_3.pdf\" target=\"_blank\" rel=\"noopener\">M\u0171k\u00f6d\u00e9si enged\u00e9ly (pdf)<\/a><\/li>\n<li><a href=\"https:\/\/semmelweis.hu\/semmelweisiskola\/files\/2026\/03\/Semmelweis-Szakmai-program_MI-kiegeszitett_2026.pdf\" target=\"_blank\" rel=\"noopener noreferrer\">Szakmai program (pdf)<\/a><\/li>\n<li><a href=\"https:\/\/semmelweis.hu\/semmelweisiskola\/files\/2025\/09\/SISZA-TANEV-HELYI-RENDJE-PROGRAMJAI-20252026-3-1-2.pdf\" target=\"_blank\" rel=\"noopener\">A 2025-2026 tan\u00e9v rendje (pdf)<\/a><\/li>\n<li><a href=\"https:\/\/semmelweis.hu\/semmelweisiskola\/files\/2021\/10\/Fenntartoi_nyilatkozat_iskolai_munkaterv_SISZ.pdf\" target=\"_blank\" rel=\"noopener noreferrer\">Fenntart\u00f3i nyilatkozat (pdf)<\/a><\/li>\n<li><a href=\"https:\/\/semmelweis.hu\/semmelweisiskola\/files\/2025\/08\/Semmelweis_Hazirend_2025.pdf\" target=\"_blank\" rel=\"noopener noreferrer\">H\u00e1zirend (pdf)<\/a><\/li>\n<li><a href=\"https:\/\/semmelweis.hu\/semmelweisiskola\/files\/2021\/10\/SZMSZ-SE_Semmelweis_Ignac_TSzI.pdf\" target=\"_blank\" rel=\"noopener noreferrer\">Szervezeti \u00e9s m\u0171k\u00f6d\u00e9si szab\u00e1lyzat (pdf)<\/a><\/li>\n<li><a href=\"https:\/\/semmelweis.hu\/semmelweisiskola\/files\/2021\/10\/E-Kreta_hasznalat_szabalyzata.pdf\" target=\"_blank\" rel=\"noopener noreferrer\">E-Kr\u00e9ta haszn\u00e1lat szab\u00e1lyzata (pdf)<\/a><\/li>\n<li><a href=\"https:\/\/semmelweis.hu\/semmelweisiskola\/files\/2021\/10\/Gyakornoki2009.pdf\" target=\"_blank\" rel=\"noopener noreferrer\">Gyakornoki szab\u00e1lyzat (pdf)<\/a><\/li>\n<li><a href=\"https:\/\/semmelweis.hu\/semmelweisiskola\/files\/2021\/10\/Semmelweis_Ignac_Adatkezelesi_Szabalyzat.pdf\" target=\"_blank\" rel=\"noopener noreferrer\">Adatkezel\u00e9si Szab\u00e1lyzat (pdf)<\/a><\/li>\n<\/ul>\n<h4>Igazgat\u00f3i program<\/h4>\n<p><strong>Zaja Roland p\u00e1ly\u00e1z\u00f3nak az int\u00e9zm\u00e9nyvezet\u0151i megb\u00edz\u00e1sra beny\u00fajtott p\u00e1ly\u00e1zat r\u00e9sz\u00e9t k\u00e9pez\u0151 programja<\/strong><\/p>\n<ul style=\"list-style-type: square\">\n<li><a href=\"https:\/\/semmelweis.hu\/semmelweisiskola\/files\/2022\/03\/Zaja_palyazat_Merkely.pdf\" target=\"_blank\" rel=\"noopener noreferrer\">Vezet\u0151i p\u00e1ly\u00e1zat 2021 <\/a>(pdf)<\/li>\n<\/ul>\n","protected":false},"excerpt":{"rendered":"<p>Az iskola ALAPdokumentumai<\/p>\n<p><a href=\"https:\/\/semmelweis.hu\/semmelweisiskola\/files\/2022\/09\/SE-Semmelweis-Ignac-Tobbcelu-SZKI-AO-2021.-08.-01..pdf\" target=\"_blank\" rel=\"noopener noreferrer\">Alap\u00edt\u00f3 okirat (pdf)<\/a><br \/>\n<a href=\"https:\/\/semmelweis.hu\/semmelweisiskola\/files\/2023\/09\/BP_1009_06706_2_2022_muk_eng_mod_semmelweis_ignac_TSzI_Alairt_3.pdf\" target=\"_blank\" rel=\"noopener\">M\u0171k\u00f6d\u00e9si enged\u00e9ly (pdf)<\/a><br \/>\n<a href=\"https:\/\/semmelweis.hu\/semmelweisiskola\/files\/2026\/03\/Semmelweis-Szakmai-program_MI-kiegeszitett_2026.pdf\" target=\"_blank\" rel=\"noopener noreferrer\">Szakmai program (pdf)<\/a><br \/>\n<a href=\"https:\/\/semmelweis.hu\/semmelweisiskola\/files\/2025\/09\/SISZA-TANEV-HELYI-RENDJE-PROGRAMJAI-20252026-3-1-2.pdf\" target=\"_blank\" rel=\"noopener\">A 2025-2026 tan\u00e9v rendje (pdf)<\/a><br \/>\n<a href=\"https:\/\/semmelweis.hu\/semmelweisiskola\/files\/2021\/10\/Fenntartoi_nyilatkozat_iskolai_munkaterv_SISZ.pdf\" target=\"_blank\" rel=\"noopener noreferrer\">Fenntart\u00f3i nyilatkozat (pdf)<\/a><br \/>\n<a href=\"https:\/\/semmelweis.hu\/semmelweisiskola\/files\/2025\/08\/Semmelweis_Hazirend_2025.pdf\" target=\"_blank\" rel=\"noopener noreferrer\">H\u00e1zirend (pdf)<\/a><br \/>\n<a href=\"https:\/\/semmelweis.hu\/semmelweisiskola\/files\/2021\/10\/SZMSZ-SE_Semmelweis_Ignac_TSzI.pdf\" target=\"_blank\" rel=\"noopener noreferrer\">Szervezeti \u00e9s m\u0171k\u00f6d\u00e9si szab\u00e1lyzat (pdf)<\/a><br \/>\n<a href=\"https:\/\/semmelweis.hu\/semmelweisiskola\/files\/2021\/10\/E-Kreta_hasznalat_szabalyzata.pdf\" target=\"_blank\" rel=\"noopener noreferrer\">E-Kr\u00e9ta haszn\u00e1lat szab\u00e1lyzata (pdf)<\/a><br \/>\n<a href=\"https:\/\/semmelweis.hu\/semmelweisiskola\/files\/2021\/10\/Gyakornoki2009.pdf\" target=\"_blank\" rel=\"noopener noreferrer\">Gyakornoki szab\u00e1lyzat (pdf)<\/a><br \/>\n<a href=\"https:\/\/semmelweis.hu\/semmelweisiskola\/files\/2021\/10\/Semmelweis_Ignac_Adatkezelesi_Szabalyzat.pdf\" target=\"_blank\" rel=\"noopener noreferrer\">Adatkezel\u00e9si Szab\u00e1lyzat (pdf)<\/a><\/p>\n<p>Igazgat\u00f3i program<br \/>\nZaja Roland p\u00e1ly\u00e1z\u00f3nak az int\u00e9zm\u00e9nyvezet\u0151i megb\u00edz\u00e1sra beny\u00fajtott p\u00e1ly\u00e1zat r\u00e9sz\u00e9t k\u00e9pez\u0151 programja<\/p>\n<p><a href=\"https:\/\/semmelweis.hu\/semmelweisiskola\/files\/2022\/03\/Zaja_palyazat_Merkely.pdf\" target=\"_blank\" rel=\"noopener noreferrer\">Vezet\u0151i p\u00e1ly\u00e1zat 2021 <\/a>(pdf)<\/p>\n","protected":false},"author":101934,"featured_media":0,"parent":531,"menu_order":4,"comment_status":"closed","ping_status":"closed","template":"","meta":{"_acf_changed":false,"footnotes":""},"categories":[],"tags":[],"class_list":["post-134","page","type-page","status-publish","hentry"],"acf":[],"_links":{"self":[{"href":"https:\/\/semmelweis.hu\/semmelweisiskola\/wp-json\/wp\/v2\/pages\/134","targetHints":{"allow":["GET"]}}],"collection":[{"href":"https:\/\/semmelweis.hu\/semmelweisiskola\/wp-json\/wp\/v2\/pages"}],"about":[{"href":"https:\/\/semmelweis.hu\/semmelweisiskola\/wp-json\/wp\/v2\/types\/page"}],"author":[{"embeddable":true,"href":"https:\/\/semmelweis.hu\/semmelweisiskola\/wp-json\/wp\/v2\/users\/101934"}],"replies":[{"embeddable":true,"href":"https:\/\/semmelweis.hu\/semmelweisiskola\/wp-json\/wp\/v2\/comments?post=134"}],"version-history":[{"count":12,"href":"https:\/\/semmelweis.hu\/semmelweisiskola\/wp-json\/wp\/v2\/pages\/134\/revisions"}],"predecessor-version":[{"id":3836,"href":"https:\/\/semmelweis.hu\/semmelweisiskola\/wp-json\/wp\/v2\/pages\/134\/revisions\/3836"}],"up":[{"embeddable":true,"href":"https:\/\/semmelweis.hu\/semmelweisiskola\/wp-json\/wp\/v2\/pages\/531"}],"wp:attachment":[{"href":"https:\/\/semmelweis.hu\/semmelweisiskola\/wp-json\/wp\/v2\/media?parent=134"}],"wp:term":[{"taxonomy":"category","embeddable":true,"href":"https:\/\/semmelweis.hu\/semmelweisiskola\/wp-json\/wp\/v2\/categories?post=134"},{"taxonomy":"post_tag","embeddable":true,"href":"https:\/\/semmelweis.hu\/semmelweisiskola\/wp-json\/wp\/v2\/tags?post=134"}],"curies":[{"name":"wp","href":"https:\/\/api.w.org\/{rel}","templated":true}]}}