{"id":1336,"date":"2022-04-28T11:36:05","date_gmt":"2022-04-28T09:36:05","guid":{"rendered":"https:\/\/semmelweis.hu\/semmelweisiskola\/?page_id=1336"},"modified":"2022-04-28T12:28:14","modified_gmt":"2022-04-28T10:28:14","slug":"irasbeli-tudnivalok","status":"publish","type":"page","link":"https:\/\/semmelweis.hu\/semmelweisiskola\/irasbeli-tudnivalok\/","title":{"rendered":"\u00cdr\u00e1sbeli tudnival\u00f3k"},"content":{"rendered":"<p style=\"text-align: center\"><strong>Fontosabb tudnival\u00f3 az \u00edr\u00e1sbeli \u00e9retts\u00e9gi vizsg\u00e1r\u00f3l<\/strong><\/p>\n<p>Az \u00e9retts\u00e9gi vizsg\u00e1kr\u00f3l rendelkez\u0151 jogszab\u00e1lyok, (100\/1997. (VI.13) Korm\u00e1nyrendelet az \u00e9retts\u00e9gi vizsga vizsgaszab\u00e1lyzat\u00e1nak kiad\u00e1s\u00e1r\u00f3l \u00e9s a 40\/2002 (V.24.) OM rendelet az \u00e9retts\u00e9gi vizsga r\u00e9szletes k\u00f6vetelm\u00e9nyeir\u0151l) el\u00e9rhet\u0151 az Oktat\u00e1si Hivatal honlapj\u00e1n.<\/p>\n<p><strong>Az \u00e9retts\u00e9gi vizsga lebonyol\u00edt\u00e1sa<\/strong><\/p>\n<p>A vizsg\u00e1z\u00f3k az \u00e9retts\u00e9gi vizsga minden esem\u00e9ny\u00e9re (teh\u00e1t valamennyi\u00a0<strong>\u00edr\u00e1sbeli vizsg\u00e1ra<\/strong>, a\u00a0<strong>sz\u00f3beli vizsg\u00e1ra<\/strong>, a\u00a0<strong>t\u00e1j\u00e9koztat\u00f3 \u00e9rtekezletre\u00a0<\/strong>\u00e9s az\u00a0<strong>eredm\u00e9nyhirdet\u00e9sre<\/strong>)\u00a0<strong><em>\u00fcnnepi \u00f6lt\u00f6zetben\u00a0<\/em><\/strong>j\u00f6nnek.<\/p>\n<p>Az \u00e9retts\u00e9gi vizsg\u00e1r\u00f3l (\u00edr\u00e1sbelir\u0151l, sz\u00f3belir\u0151l)\u00a0<strong><em>elk\u00e9sni\u00a0nem lehet<\/em><\/strong>. \u00dagy indulj el hazulr\u00f3l, hogy legal\u00e1bb 30 perccel a vizsga kihirdetett id\u0151pontja (a sz\u00f3beli eset\u00e9ben: a terembe l\u00e9p\u00e9s tervezett ideje) el\u0151tt az \u00e9p\u00fcletben legy\u00e9l. Nem indokolhat k\u00e9s\u00e9st sem k\u00f6zleked\u00e9si akad\u00e1ly, sem b\u00e1rmilyen szem\u00e9lyes mulaszt\u00e1s vagy gondatlans\u00e1g (csak eg\u00e9szen kiv\u00e9teles esem\u00e9ny, pl. term\u00e9szeti katasztr\u00f3fa, \u00e1rv\u00edz, k\u00f6zleked\u00e9si sztr\u00e1jk stb.).<\/p>\n<p>Ha a vizsg\u00e1z\u00f3\u00a0<strong>neki felr\u00f3hat\u00f3 okb\u00f3l<em>\u00a0<\/em><\/strong>elk\u00e9sik, vagy t\u00e1vol marad, vagy enged\u00e9ly n\u00e9lk\u00fcl elt\u00e1vozik a vizsg\u00e1r\u00f3l, akkor az adott t\u00e1rgyb\u00f3l (egy m\u00e1sik vizsgaid\u0151szakban)\u00a0<strong>csak jav\u00edt\u00f3vizsg\u00e1t<em>\u00a0<\/em><\/strong>tehet. Az esetleges k\u00e9s\u00e9s, hi\u00e1nyz\u00e1s, elt\u00e1voz\u00e1s ok\u00e1nak meg\u00edt\u00e9l\u00e9se az iskola igazgat\u00f3j\u00e1nak joga.<\/p>\n<p><strong>Az \u00edr\u00e1sbeli vizsga<\/strong><\/p>\n<p>Az \u00edr\u00e1sbeli vizsg\u00e1ra vizsg\u00e1z\u00f3nak mag\u00e1val kell hoznia a szem\u00e9lyazonoss\u00e1g\u00e1t igazol\u00f3 okiratait (di\u00e1kigazolv\u00e1ny, szem\u00e9lyi igazolv\u00e1ny). A\u00a0<strong>k\u00f6z\u00e9pszint\u0171\u00a0<\/strong>\u00edr\u00e1sbeli vizsg\u00e1k\u00a0<strong><em>id\u0151pontj\u00e1t\u00a0<\/em><\/strong>\u00e9s a\u00a0<strong><em>terembeoszt\u00e1s\u00a0<\/em><\/strong>a port\u00e1n\u00e1l lehet megtekinteni.<\/p>\n<p>A termen bel\u00fcli \u00fcl\u00e9srendet a fel\u00fcgyel\u0151 tan\u00e1r hat\u00e1rozza meg \u00fagy, hogy a vizsg\u00e1z\u00f3k egym\u00e1st ne zavarhass\u00e1k.<\/p>\n<p>A vizsga megkezd\u00e9se el\u0151tt a fel\u00fcgyel\u0151 tan\u00e1r ellen\u0151rzi a di\u00e1kok szem\u00e9lyazonoss\u00e1g\u00e1t, majd ismerteti az\u00a0<strong>\u00edr\u00e1sbeli dolgozatok megtekint\u00e9s\u00e9nek napj\u00e1t<\/strong>\u00a0\u00e9s a\u00a0<strong>fel\u00fclvizsg\u00e1lati k\u00e9relem bead\u00e1s\u00e1nak m\u00f3dj\u00e1t<\/strong>. A vizsg\u00e1z\u00f3k jegyz\u0151k\u00f6nyv\u00f6n al\u00e1\u00edr\u00e1sukkal igazolj\u00e1k, hogy a t\u00e1j\u00e9koztat\u00e1s megt\u00f6rt\u00e9nt.<\/p>\n<p>Az \u00edr\u00e1sbeli vizsg\u00e1n k\u00f6zpontilag \u00f6ssze\u00e1ll\u00edtott feladatsort kell megoldani, melyet a Korm\u00e1nyhivatalt\u00f3l a k\u00f6rzetk\u00f6zponti jegyz\u0151t\u0151l \u00e1tv\u00e9ve az \u00e9retts\u00e9gi vizsga reggel\u00e9n kap meg az iskola.<\/p>\n<p><strong>K\u00d6Z\u00c9PSZINTEN<\/strong>\u00a0a vizsg\u00e1z\u00f3t nev\u00e9vel azonos\u00edtj\u00e1k.\u00a0<strong>A neveteket teh\u00e1t fel kell \u00edrni a feladatlap minden oldal\u00e1ra \u00e9s arra a bor\u00edt\u00e9kra, amelybe a kidolgozott feladatlapokat teszik.<\/strong><\/p>\n<p><strong>EMELT SZINTEN<\/strong>\u00a0minden \u00e9retts\u00e9giz\u0151 kap egy azonos\u00edt\u00f3 jelet.\u00a0<strong>A feladatlapokra \u00e9s a bor\u00edt\u00e9kra nem a neveteket, hanem ezt az azonos\u00edt\u00f3 jelet kell r\u00e1\u00edrni.<\/strong><\/p>\n<p>A feladatlap bels\u0151 oldal\u00e1n a kit\u00f6lt\u00e9ssel kapcsolatos\u00a0<strong>fontos tudnival\u00f3k\u00a0<\/strong>tal\u00e1lhat\u00f3k, ezt a kit\u00f6lt\u00e9s megkezd\u00e9se el\u0151tt minden vizsg\u00e1z\u00f3nak figyelmesen el kell olvasnia.<\/p>\n<p>A vizsg\u00e1z\u00f3k\u00a0<strong>csak tollal<em>\u00a0<\/em><\/strong>\u00edrhatnak. Vegyszeres jav\u00edt\u00e1s, \u00e1tfest\u00e9s tilos.<\/p>\n<p>Az \u00edr\u00e1sbeli vizsga alatt a<em>\u00a0<\/em>termet<strong><em>\u00a0<\/em>(<\/strong>r\u00f6vid id\u0151re, azaz 2-3 percre) egyes\u00e9vel el lehet hagyni, ilyenkor a feladatlapokat, dolgozatlapokat a fel\u00fcgyel\u0151nek \u00e1t kell adni. Odakint besz\u00e9lni senkivel sem szabad. Az \u00e9retts\u00e9gi vizsga szab\u00e1lyoss\u00e1g\u00e1ra a folyos\u00f3kon is fel\u00fcgyel\u0151 tan\u00e1rok vigy\u00e1znak.<\/p>\n<p>Az\u00a0<strong>\u00edr\u00e1sbeli munka befejezt\u00e9vel\u00a0<\/strong>(ill. az egyes feladatlapok bead\u00e1sa el\u0151tt) a vizsg\u00e1z\u00f3nak \u2013 egyetlen ferde vonallal \u2013\u00a0<strong>\u00e1t kell h\u00fazni az \u00fcresen hagyott r\u00e9szeket<\/strong>, valamint a piszkozatlapokat.<\/p>\n<p>A dolgozat fed\u0151lapj\u00e1ra r\u00e1 kell \u00edrni, hogy h\u00e1ny darab\u00a0<strong>piszkozati lapot<\/strong>\u00a0\u00e9s h\u00e1ny darab\u00a0<strong>tiszt\u00e1zati lapot<\/strong>\u00a0haszn\u00e1lt a di\u00e1k. A tiszt\u00e1zati lap azt jelenti, hogy a feladatlaphoz tartoz\u00f3 megold\u00e1sokat a vizsg\u00e1z\u00f3 k\u00fcl\u00f6n lapon oldott meg, ezeket nem kell \u00e1th\u00fazni.<\/p>\n<p>A\u00a0<strong>dolgozat bead\u00e1sakor\u00a0<\/strong>a vizsg\u00e1z\u00f3 a feladatlapokat, tiszt\u00e1zati- \u00e9s piszkozatlapokat beleteszi a bor\u00edt\u00e9kba, \u00e9s azt nyitva \u00e1tadja a fel\u00fcgyel\u0151 tan\u00e1rnak. A fel\u00fcgyel\u0151 tan\u00e1r ellen\u0151rzi a rovatok kit\u00f6lt\u00e9s\u00e9t \u00e9s az \u00e1th\u00faz\u00e1sokat, majd a vizsg\u00e1z\u00f3 jelenl\u00e9t\u00e9ben leragasztja a bor\u00edt\u00e9kot; a jegyz\u00e9k \u00e9s a jegyz\u0151k\u00f6nyv megfelel\u0151 rovat\u00e1ba be\u00edrja a befejez\u00e9s id\u0151pontj\u00e1t, \u00e9s al\u00e1\u00edr\u00e1s\u00e1val<strong><em>\u00a0<\/em><\/strong>hiteles\u00edti azokat. A jegyz\u00e9k megfelel\u0151 rovat\u00e1t a vizsg\u00e1z\u00f3 is<strong><em>\u00a0<\/em><\/strong>al\u00e1\u00edr\u00e1s\u00e1val l\u00e1tja el. Ez id\u0151t vesz ig\u00e9nybe, ez\u00e9rt azok a di\u00e1kok, akik szint\u00e9n befejezt\u00e9k m\u00e1r dolgozatukat, csendben hely\u00fck\u00f6n \u00fclve v\u00e1rakoznak, hogy a dolgozatuk bead\u00e1s\u00e1val r\u00e1juk ker\u00fclj\u00f6n a sor. A vizsg\u00e1z\u00f3nak a terem elhagy\u00e1sa ut\u00e1n a vizsga r\u00e9sz\u00e9re elk\u00fcl\u00f6n\u00edtett \u00e9p\u00fcletr\u00e9szb\u0151l is azonnal el kell t\u00e1voznia.<\/p>\n<p><strong>Szab\u00e1lytalans\u00e1gok kezel\u00e9se<\/strong><\/p>\n<ul>\n<li><strong>Szab\u00e1lytalans\u00e1gnak min\u0151s\u00fcl az \u00e9retts\u00e9gi vizsg\u00e1ra vonatkoz\u00f3 szab\u00e1lyok megszeg\u00e9se<\/strong>.(mobil telefon haszn\u00e1lata, fegyelmezetlens\u00e9g, meg nem engedett seg\u00e9deszk\u00f6z\u00f6k haszn\u00e1lata, a terem enged\u00e9ly n\u00e9lk\u00fcli elhagy\u00e1sa stb.)<\/li>\n<li>Amennyiben a fel\u00fcgyel\u0151 tan\u00e1r szab\u00e1lytalans\u00e1got \u00e9szlel, ennek t\u00e9ny\u00e9t, illet\u0151leg pontos idej\u00e9t a feladatlapra r\u00e1vezeti, azt al\u00e1\u00edrja,\u00a0<strong>de a feladatlapot nem veszi el a vizsg\u00e1z\u00f3t\u00f3l, \u00e9s a vizsg\u00e1z\u00f3 az \u00edr\u00e1sbeli vizsg\u00e1t folytathatja.\u00a0<\/strong>A szab\u00e1lytalans\u00e1gr\u00f3l a folyos\u00f3 \u00fcgyeletes tan\u00e1ron kereszt\u00fcl t\u00e1j\u00e9koztatja az int\u00e9zm\u00e9ny igazgat\u00f3j\u00e1t.<\/li>\n<li><strong>Az igazgat\u00f3 az \u00edr\u00e1sbeli vizsg\u00e1t k\u00f6vet\u0151en halad\u00e9ktalanul kivizsg\u00e1lja\u00a0<\/strong>a szab\u00e1lytalans\u00e1g elk\u00f6vet\u00e9s\u00e9vel kapcsolatos bejelent\u00e9st. Meg\u00e1llap\u00edt\u00e1sait r\u00e9szletes jegyz\u0151k\u00f6nyve foglalja. A jegyz\u0151k\u00f6nyv elk\u00e9sz\u00edt\u00e9s\u00e9nek ideje alatt az \u00e9rintett vizsg\u00e1z\u00f3(k) a vizsga helysz\u00edn\u00e9t nem hagyhatj\u00e1k el.<\/li>\n<\/ul>\n<p><strong>A szab\u00e1lytalans\u00e1g elb\u00edr\u00e1l\u00e1s\u00e1ra a vizsgabizotts\u00e1g jogosult, \u00e9s a k\u00f6vetkez\u0151 d\u00f6nt\u00e9seket hozhatja:<\/strong><\/p>\n<ul>\n<li>a szab\u00e1lytalans\u00e1g elk\u00f6vet\u00e9sekor \u00e9ppen kidolgozott vizsgak\u00e9rd\u00e9sre adott megold\u00e1st r\u00e9szben vagy eg\u00e9sz\u00e9ben \u00e9rv\u00e9nytelennek nyilv\u00e1n\u00edtja, \u00e9s az \u00e9rv\u00e9nytelen r\u00e9sz figyelmen k\u00edv\u00fcl hagy\u00e1s\u00e1val \u00e9rt\u00e9keli a vizsg\u00e1n ny\u00fajtott teljes\u00edtm\u00e9nyt.<\/li>\n<li>az adott vizsgat\u00e1rgyb\u00f3l a vizsg\u00e1z\u00f3t jav\u00edt\u00f3vizsg\u00e1ra utas\u00edtja.<\/li>\n<li>a vizsg\u00e1z\u00f3t valamennyi vizsgat\u00e1rgyb\u00f3l jav\u00edt\u00f3vizsg\u00e1ra utas\u00edtja.<\/li>\n<\/ul>\n<p><strong>\u00a0<\/strong><\/p>\n<p><strong>Az \u00edr\u00e1sbeli dolgozat megtekint\u00e9se<\/strong><\/p>\n<p>A kijav\u00edtott dolgozat megtekint\u00e9s\u00e9re a vizsg\u00e1z\u00f3nak lehet\u0151s\u00e9ge ad\u00f3dik, melynek pontos id\u0151pontja az \u00edr\u00e1sbeli vizsga id\u0151pontj\u00e1ban ker\u00fcl kihirdet\u00e9sre. A betekint\u00e9s sor\u00e1n a dolgozatr\u00f3l elektronikus \u00faton m\u00e1solatot k\u00e9sz\u00edthetsz, \u00e9s az \u00e9rt\u00e9kel\u00e9sre \u00e9szrev\u00e9telt tehetsz.<\/p>\n<p>Esetleges\u00a0<strong>fellebbez\u00e9sre a megtekint\u00e9st k\u00f6vet\u0151 els\u0151 munkanap v\u00e9g\u00e9ig\u00a0<\/strong>\u2013 16 \u00f3r\u00e1ig \u2013\u00a0<strong>adhatod be az iskola igazgat\u00f3j\u00e1nak az iskola hivatalos \u00edm\u00e9lc\u00edm\u00e9n<em>.\u00a0<\/em><\/strong><em>\u00c9szrev\u00e9tel kiz\u00e1r\u00f3lag az \u00fatmutat\u00f3ban foglaltakr\u00f3l elt\u00e9r\u0151 jav\u00edt\u00e1s vagy az \u00e9rt\u00e9kel\u00e9s sz\u00e1mszaki hib\u00e1ja eset\u00e9ben tehet\u0151.<\/em><\/p>\n<p>A beny\u00fajtott \u00e9szrev\u00e9telr\u0151l k\u00f6z\u00e9pszint\u0171 \u00e9retts\u00e9gi vizsga eset\u00e9n a vizsg\u00e1t szervez\u0151 int\u00e9zm\u00e9ny pedag\u00f3gusaib\u00f3l \u00e9s az eln\u00f6kb\u0151l \u00e1ll\u00f3 vizsgabizotts\u00e1g, m\u00edg emelt szint\u0171 vizsga eset\u00e9n a Korm\u00e1nyhivatal \u00e1ltal kijel\u00f6lt \u2013 a vizsg\u00e1t szervez\u0151 int\u00e9zm\u00e9nyt\u0151l \u2013 f\u00fcggetlen szak\u00e9rt\u0151 d\u00f6nt.<\/p>\n","protected":false},"excerpt":{"rendered":"<p>Fontosabb tudnival\u00f3 az \u00edr\u00e1sbeli \u00e9retts\u00e9gi vizsg\u00e1r\u00f3l Az \u00e9retts\u00e9gi vizsg\u00e1kr\u00f3l rendelkez\u0151 jogszab\u00e1lyok, (100\/1997. (VI.13) Korm\u00e1nyrendelet az \u00e9retts\u00e9gi vizsga vizsgaszab\u00e1lyzat\u00e1nak kiad\u00e1s\u00e1r\u00f3l \u00e9s a 40\/2002 (V.24.) OM rendelet az \u00e9retts\u00e9gi vizsga r\u00e9szletes k\u00f6vetelm\u00e9nyeir\u0151l) el\u00e9rhet\u0151 az Oktat\u00e1si Hivatal honlapj\u00e1n. Az \u00e9retts\u00e9gi vizsga lebonyol\u00edt\u00e1sa A vizsg\u00e1z\u00f3k az \u00e9retts\u00e9gi vizsga minden esem\u00e9ny\u00e9re (teh\u00e1t valamennyi\u00a0\u00edr\u00e1sbeli vizsg\u00e1ra, a\u00a0sz\u00f3beli vizsg\u00e1ra, a\u00a0t\u00e1j\u00e9koztat\u00f3 \u00e9rtekezletre\u00a0\u00e9s az\u00a0eredm\u00e9nyhirdet\u00e9sre)\u00a0\u00fcnnepi \u00f6lt\u00f6zetben\u00a0j\u00f6nnek. &hellip;<\/p>\n","protected":false},"author":101999,"featured_media":0,"parent":0,"menu_order":0,"comment_status":"closed","ping_status":"closed","template":"","meta":{"_acf_changed":false,"footnotes":""},"categories":[],"tags":[],"class_list":["post-1336","page","type-page","status-publish","hentry"],"acf":[],"_links":{"self":[{"href":"https:\/\/semmelweis.hu\/semmelweisiskola\/wp-json\/wp\/v2\/pages\/1336","targetHints":{"allow":["GET"]}}],"collection":[{"href":"https:\/\/semmelweis.hu\/semmelweisiskola\/wp-json\/wp\/v2\/pages"}],"about":[{"href":"https:\/\/semmelweis.hu\/semmelweisiskola\/wp-json\/wp\/v2\/types\/page"}],"author":[{"embeddable":true,"href":"https:\/\/semmelweis.hu\/semmelweisiskola\/wp-json\/wp\/v2\/users\/101999"}],"replies":[{"embeddable":true,"href":"https:\/\/semmelweis.hu\/semmelweisiskola\/wp-json\/wp\/v2\/comments?post=1336"}],"version-history":[{"count":2,"href":"https:\/\/semmelweis.hu\/semmelweisiskola\/wp-json\/wp\/v2\/pages\/1336\/revisions"}],"predecessor-version":[{"id":1346,"href":"https:\/\/semmelweis.hu\/semmelweisiskola\/wp-json\/wp\/v2\/pages\/1336\/revisions\/1346"}],"wp:attachment":[{"href":"https:\/\/semmelweis.hu\/semmelweisiskola\/wp-json\/wp\/v2\/media?parent=1336"}],"wp:term":[{"taxonomy":"category","embeddable":true,"href":"https:\/\/semmelweis.hu\/semmelweisiskola\/wp-json\/wp\/v2\/categories?post=1336"},{"taxonomy":"post_tag","embeddable":true,"href":"https:\/\/semmelweis.hu\/semmelweisiskola\/wp-json\/wp\/v2\/tags?post=1336"}],"curies":[{"name":"wp","href":"https:\/\/api.w.org\/{rel}","templated":true}]}}