{"id":1334,"date":"2022-04-28T11:35:37","date_gmt":"2022-04-28T09:35:37","guid":{"rendered":"https:\/\/semmelweis.hu\/semmelweisiskola\/?page_id=1334"},"modified":"2025-10-28T09:33:52","modified_gmt":"2025-10-28T08:33:52","slug":"idopontok","status":"publish","type":"page","link":"https:\/\/semmelweis.hu\/semmelweisiskola\/idopontok\/","title":{"rendered":"Id\u0151pontok"},"content":{"rendered":"<pre><strong><span style=\"color: #000000\">A 2026 \u00e9vi m\u00e1jus\u2013j\u00faniusi \u00edr\u00e1sbeli \u00e9retts\u00e9gi vizsg\u00e1k<\/span><\/strong><\/pre>\n<table style=\"width: 60.8952%\">\n<tbody>\n<tr>\n<td style=\"width: 7.95848%\" width=\"46\">\n<pre>\u00a0<\/pre>\n<\/td>\n<td style=\"width: 34.4291%\" width=\"199\">\n<pre><strong><span style=\"color: #000000\">A<\/span><\/strong><\/pre>\n<\/td>\n<td style=\"width: 33.045%\" width=\"191\">\n<pre><strong><span style=\"color: #000000\">B<\/span><\/strong><\/pre>\n<\/td>\n<td style=\"width: 69.7232%\" width=\"142\">\n<pre><strong><span style=\"color: #000000\">C<\/span><\/strong><\/pre>\n<\/td>\n<\/tr>\n<tr>\n<td style=\"width: 7.95848%\" width=\"46\">\n<pre><strong><span style=\"color: #000000\">1<\/span><\/strong><\/pre>\n<\/td>\n<td style=\"width: 34.4291%\" width=\"199\">\n<pre><strong><span style=\"color: #000000\">Emelt szint\u0171 \u00edr\u00e1sbeli \u00e9retts\u00e9gi vizsga<\/span><\/strong><\/pre>\n<\/td>\n<td style=\"width: 33.045%\" width=\"191\">\n<pre><strong><span style=\"color: #000000\">K\u00f6z\u00e9pszint\u0171 \u00e9retts\u00e9gi \u00edr\u00e1sbeli vizsga<\/span><\/strong><\/pre>\n<\/td>\n<td style=\"width: 69.7232%\" width=\"142\">\n<pre><strong><span style=\"color: #000000\">Id\u0151-pont<\/span><\/strong><\/pre>\n<\/td>\n<\/tr>\n<tr>\n<td style=\"width: 7.95848%\" width=\"46\">\n<pre><strong><span style=\"color: #000000\">2<\/span><\/strong><\/pre>\n<\/td>\n<td style=\"width: 34.4291%\" width=\"199\">\n<pre><strong><span style=\"color: #000000\">magyar nyelv \u00e9s irodalom<\/span><\/strong><\/pre>\n<\/td>\n<td style=\"width: 33.045%\" width=\"191\">\n<pre><strong><span style=\"color: #000000\">magyar nyelv \u00e9s irodalom, magyar mint idegen nyelv<\/span><\/strong><\/pre>\n<\/td>\n<td style=\"width: 69.7232%\" width=\"142\">\n<pre><strong><span style=\"color: #000000\">2026. m\u00e1jus 4., 9.00<\/span><\/strong><\/pre>\n<\/td>\n<\/tr>\n<tr>\n<td style=\"width: 7.95848%\" width=\"46\">\n<pre><strong><span style=\"color: #000000\">3<\/span><\/strong><\/pre>\n<\/td>\n<td style=\"width: 34.4291%\" width=\"199\">\n<pre><strong><span style=\"color: #000000\">matematika<\/span><\/strong><\/pre>\n<\/td>\n<td style=\"width: 33.045%\" width=\"191\">\n<pre><strong><span style=\"color: #000000\">matematika<\/span><\/strong><\/pre>\n<\/td>\n<td style=\"width: 69.7232%\" width=\"142\">\n<pre><strong><span style=\"color: #000000\">2026. m\u00e1jus 5., 9.00<\/span><\/strong><\/pre>\n<\/td>\n<\/tr>\n<tr>\n<td style=\"width: 7.95848%\" width=\"46\">\n<pre><strong><span style=\"color: #000000\">4<\/span><\/strong><\/pre>\n<\/td>\n<td style=\"width: 34.4291%\" width=\"199\">\n<pre><strong><span style=\"color: #000000\">t\u00f6rt\u00e9nelem<\/span><\/strong><\/pre>\n<\/td>\n<td style=\"width: 33.045%\" width=\"191\">\n<pre><strong><span style=\"color: #000000\">t\u00f6rt\u00e9nelem<\/span><\/strong><\/pre>\n<\/td>\n<td style=\"width: 69.7232%\" width=\"142\">\n<pre><strong><span style=\"color: #000000\">2026. m\u00e1jus 6., 9.00<\/span><\/strong><\/pre>\n<\/td>\n<\/tr>\n<tr>\n<td style=\"width: 7.95848%\" width=\"46\">\n<pre><strong><span style=\"color: #000000\">5<\/span><\/strong><\/pre>\n<\/td>\n<td style=\"width: 34.4291%\" width=\"199\">\n<pre><strong><span style=\"color: #000000\">angol nyelv<\/span><\/strong><\/pre>\n<\/td>\n<td style=\"width: 33.045%\" width=\"191\">\n<pre><strong><span style=\"color: #000000\">angol nyelv<\/span><\/strong><\/pre>\n<\/td>\n<td style=\"width: 69.7232%\" width=\"142\">\n<pre><strong><span style=\"color: #000000\">2026. m\u00e1jus 7., 9.00<\/span><\/strong><\/pre>\n<\/td>\n<\/tr>\n<tr>\n<td style=\"width: 7.95848%\" width=\"46\">\n<pre><strong><span style=\"color: #000000\">6<\/span><\/strong><\/pre>\n<\/td>\n<td style=\"width: 34.4291%\" width=\"199\">\n<pre><strong><span style=\"color: #000000\">n\u00e9met nyelv<\/span><\/strong><\/pre>\n<\/td>\n<td style=\"width: 33.045%\" width=\"191\">\n<pre><strong><span style=\"color: #000000\">n\u00e9met nyelv<\/span><\/strong><\/pre>\n<\/td>\n<td style=\"width: 69.7232%\" width=\"142\">\n<pre><strong><span style=\"color: #000000\">2026. m\u00e1jus 8., 9.00<\/span><\/strong><\/pre>\n<\/td>\n<\/tr>\n<tr>\n<td style=\"width: 7.95848%\" width=\"46\">\n<pre><strong><span style=\"color: #000000\">7<\/span><\/strong><\/pre>\n<\/td>\n<td style=\"width: 34.4291%\" width=\"199\">\n<pre><strong><span style=\"color: #000000\">\u2013<\/span><\/strong><\/pre>\n<\/td>\n<td style=\"width: 33.045%\" width=\"191\">\n<pre><strong><span style=\"color: #000000\">digit\u00e1lis kult\u00fara<\/span><\/strong><\/pre>\n<\/td>\n<td style=\"width: 69.7232%\" width=\"142\">\n<pre><strong><span style=\"color: #000000\">2026. m\u00e1jus 11., 8.00<\/span><\/strong><\/pre>\n<\/td>\n<\/tr>\n<tr>\n<td style=\"width: 7.95848%\" width=\"46\">\n<pre><strong><span style=\"color: #000000\">8<\/span><\/strong><\/pre>\n<\/td>\n<td style=\"width: 34.4291%\" width=\"199\">\n<pre><strong><span style=\"color: #000000\">\u00e9nek-zene, bel\u00fcgyi rend\u00e9szeti ismeretek<\/span><\/strong><\/pre>\n<\/td>\n<td style=\"width: 33.045%\" width=\"191\">\n<pre><strong><span style=\"color: #000000\">\u00e9nek-zene, bel\u00fcgyi rend\u00e9szeti ismeretek<\/span><\/strong><\/pre>\n<\/td>\n<td style=\"width: 69.7232%\" width=\"142\">\n<pre><strong><span style=\"color: #000000\">2026. m\u00e1jus 11., 14.00<\/span><\/strong><\/pre>\n<\/td>\n<\/tr>\n<tr>\n<td style=\"width: 7.95848%\" width=\"46\">\n<pre><strong><span style=\"color: #000000\">9<\/span><\/strong><\/pre>\n<\/td>\n<td style=\"width: 34.4291%\" width=\"199\">\n<pre><strong><span style=\"color: #000000\">biol\u00f3gia<\/span><\/strong><\/pre>\n<\/td>\n<td style=\"width: 33.045%\" width=\"191\">\n<pre><strong><span style=\"color: #000000\">biol\u00f3gia<\/span><\/strong><\/pre>\n<\/td>\n<td style=\"width: 69.7232%\" width=\"142\">\n<pre><strong><span style=\"color: #000000\">2026. m\u00e1jus 12., 8.00<\/span><\/strong><\/pre>\n<\/td>\n<\/tr>\n<tr>\n<td style=\"width: 7.95848%\" width=\"46\">\n<pre><strong><span style=\"color: #000000\">10<\/span><\/strong><\/pre>\n<\/td>\n<td style=\"width: 34.4291%\" width=\"199\">\n<pre><strong><span style=\"color: #000000\">k\u00f6zigazgat\u00e1si ismeretek<\/span><\/strong><\/pre>\n<\/td>\n<td style=\"width: 33.045%\" width=\"191\">\n<pre><strong><span style=\"color: #000000\">\u2013<\/span><\/strong><\/pre>\n<\/td>\n<td style=\"width: 69.7232%\" width=\"142\">\n<pre><strong><span style=\"color: #000000\">2026. m\u00e1jus 12., 14.00<\/span><\/strong><\/pre>\n<\/td>\n<\/tr>\n<tr>\n<td style=\"width: 7.95848%\" width=\"46\">\n<pre><strong><span style=\"color: #000000\">11<\/span><\/strong><\/pre>\n<\/td>\n<td style=\"width: 34.4291%\" width=\"199\">\n<pre><strong><span style=\"color: #000000\">nemzetis\u00e9gi nyelv \u00e9s irodalom<\/span>\r\n<span style=\"color: #000000\">vizu\u00e1lis kult\u00fara<\/span><\/strong><\/pre>\n<\/td>\n<td style=\"width: 33.045%\" width=\"191\">\n<pre><strong><span style=\"color: #000000\">nemzetis\u00e9gi nyelv \u00e9s irodalom<\/span>\r\n<span style=\"color: #000000\">vizu\u00e1lis kult\u00fara<\/span><\/strong><\/pre>\n<\/td>\n<td style=\"width: 69.7232%\" width=\"142\">\n<pre><strong><span style=\"color: #000000\">2026. m\u00e1jus 13., 8.00<\/span>\r\n<span style=\"color: #000000\">2026. m\u00e1jus 13., 14.00<\/span><\/strong><\/pre>\n<\/td>\n<\/tr>\n<tr>\n<td style=\"width: 7.95848%\" width=\"46\">\n<pre><strong><span style=\"color: #000000\">12<\/span><\/strong><\/pre>\n<\/td>\n<td style=\"width: 34.4291%\" width=\"199\">\n<pre><strong><span style=\"color: #000000\">k\u00e9mia<\/span><\/strong><\/pre>\n<\/td>\n<td style=\"width: 33.045%\" width=\"191\">\n<pre><strong><span style=\"color: #000000\">k\u00e9mia<\/span><\/strong><\/pre>\n<\/td>\n<td style=\"width: 69.7232%\" width=\"142\">\n<pre><strong><span style=\"color: #000000\">2026. m\u00e1jus 14., 8.00<\/span><\/strong><\/pre>\n<\/td>\n<\/tr>\n<tr>\n<td style=\"width: 7.95848%\" width=\"46\">\n<pre><strong><span style=\"color: #000000\">13<\/span><\/strong><\/pre>\n<\/td>\n<td style=\"width: 34.4291%\" width=\"199\">\n<pre><strong><span style=\"color: #000000\">f\u00f6ldrajz<\/span><\/strong><\/pre>\n<\/td>\n<td style=\"width: 33.045%\" width=\"191\">\n<pre><strong><span style=\"color: #000000\">f\u00f6ldrajz<\/span><\/strong><\/pre>\n<\/td>\n<td style=\"width: 69.7232%\" width=\"142\">\n<pre><strong><span style=\"color: #000000\">2026. m\u00e1jus 14., 14.00<\/span><\/strong><\/pre>\n<\/td>\n<\/tr>\n<tr>\n<td style=\"width: 7.95848%\" width=\"46\">\n<pre><strong><span style=\"color: #000000\">14<\/span><\/strong><\/pre>\n<\/td>\n<td style=\"width: 34.4291%\" width=\"199\">\n<pre><strong><span style=\"color: #000000\">orosz nyelv, egy\u00e9b, m\u00e1s vizsganapon nem szerepl\u0151 nyelvek<\/span><\/strong><\/pre>\n<\/td>\n<td style=\"width: 33.045%\" width=\"191\">\n<pre><strong><span style=\"color: #000000\">orosz nyelv, egy\u00e9b, m\u00e1s vizsganapon nem szerepl\u0151 nyelvek<\/span><\/strong><\/pre>\n<\/td>\n<td style=\"width: 69.7232%\" width=\"142\">\n<pre><strong><span style=\"color: #000000\">2026. m\u00e1jus 15., 8.00<\/span><\/strong><\/pre>\n<\/td>\n<\/tr>\n<\/tbody>\n<\/table>\n<pre>\u00a0<\/pre>\n<table style=\"width: 60.7502%\">\n<tbody>\n<tr>\n<td style=\"width: 7.95848%\" width=\"46\">\n<pre><strong><span style=\"color: #000000\">15<\/span><\/strong><\/pre>\n<\/td>\n<td style=\"width: 34.4291%\" width=\"199\">\n<pre><strong><span style=\"color: #000000\">gazdas\u00e1gi ismeretek, honv\u00e9delmi alapismeretek<\/span><\/strong><\/pre>\n<\/td>\n<td style=\"width: 33.045%\" width=\"191\">\n<pre><strong><span style=\"color: #000000\">honv\u00e9delmi alapismeretek, term\u00e9szettudom\u00e1ny<\/span><\/strong><\/pre>\n<\/td>\n<td style=\"width: 90.6421%\" width=\"142\">\n<pre><strong><span style=\"color: #000000\">2026. m\u00e1jus 15., 14.00<\/span><\/strong><\/pre>\n<\/td>\n<\/tr>\n<tr>\n<td style=\"width: 7.95848%\" width=\"46\">\n<pre><strong><span style=\"color: #000000\">16<\/span><\/strong><\/pre>\n<\/td>\n<td style=\"width: 34.4291%\" width=\"199\">\n<pre><strong><span style=\"color: #000000\">digit\u00e1lis kult\u00fara<\/span><\/strong><\/pre>\n<\/td>\n<td style=\"width: 33.045%\" width=\"191\">\n<pre><strong><span style=\"color: #000000\">\u2013<\/span><\/strong><\/pre>\n<\/td>\n<td style=\"width: 90.6421%\" width=\"142\">\n<pre><strong><span style=\"color: #000000\">2026. m\u00e1jus 18., 8.00<\/span><\/strong><\/pre>\n<\/td>\n<\/tr>\n<tr>\n<td style=\"width: 7.95848%\" width=\"46\">\n<pre><strong><span style=\"color: #000000\">17<\/span><\/strong><\/pre>\n<\/td>\n<td style=\"width: 34.4291%\" width=\"199\">\n<pre><strong><span style=\"color: #000000\">latin nyelv, h\u00e9ber nyelv<\/span><\/strong><\/pre>\n<\/td>\n<td style=\"width: 33.045%\" width=\"191\">\n<pre><strong><span style=\"color: #000000\">latin nyelv, h\u00e9ber nyelv<\/span><\/strong><\/pre>\n<\/td>\n<td style=\"width: 90.6421%\" width=\"142\">\n<pre><strong><span style=\"color: #000000\">2026. m\u00e1jus 18., 14.00<\/span><\/strong><\/pre>\n<\/td>\n<\/tr>\n<tr>\n<td style=\"width: 7.95848%\" width=\"46\">\n<pre><strong><span style=\"color: #000000\">18<\/span><\/strong><\/pre>\n<\/td>\n<td style=\"width: 34.4291%\" width=\"199\">\n<pre><strong><span style=\"color: #000000\">fizika<\/span><\/strong><\/pre>\n<\/td>\n<td style=\"width: 33.045%\" width=\"191\">\n<pre><strong><span style=\"color: #000000\">fizika<\/span><\/strong><\/pre>\n<\/td>\n<td style=\"width: 90.6421%\" width=\"142\">\n<pre><strong><span style=\"color: #000000\">2026. m\u00e1jus 19., 8.00<\/span><\/strong><\/pre>\n<\/td>\n<\/tr>\n<tr>\n<td style=\"width: 7.95848%\" width=\"46\">\n<pre><strong><span style=\"color: #000000\">19<\/span><\/strong><\/pre>\n<\/td>\n<td style=\"width: 34.4291%\" width=\"199\">\n<pre><strong><span style=\"color: #000000\">mozg\u00f3k\u00e9pkult\u00fara \u00e9s m\u00e9diaismeret<\/span><\/strong><\/pre>\n<\/td>\n<td style=\"width: 33.045%\" width=\"191\">\n<pre><strong><span style=\"color: #000000\">mozg\u00f3k\u00e9pkult\u00fara \u00e9s m\u00e9diaismeret<\/span><\/strong><\/pre>\n<\/td>\n<td style=\"width: 90.6421%\" width=\"142\">\n<pre><strong><span style=\"color: #000000\">2026. m\u00e1jus 19., 14.00<\/span><\/strong><\/pre>\n<\/td>\n<\/tr>\n<tr>\n<td style=\"width: 7.95848%\" width=\"46\">\n<pre><strong><span style=\"color: #000000\">20<\/span><\/strong><\/pre>\n<\/td>\n<td style=\"width: 34.4291%\" width=\"199\">\n<pre><strong><span style=\"color: #000000\">francia nyelv<\/span><\/strong><\/pre>\n<\/td>\n<td style=\"width: 33.045%\" width=\"191\">\n<pre><strong><span style=\"color: #000000\">francia nyelv<\/span><\/strong><\/pre>\n<\/td>\n<td style=\"width: 90.6421%\" width=\"142\">\n<pre><strong><span style=\"color: #000000\">2026. m\u00e1jus 20., 8.00<\/span><\/strong><\/pre>\n<\/td>\n<\/tr>\n<tr>\n<td style=\"width: 7.95848%\" width=\"46\">\n<pre><strong><span style=\"color: #000000\">21<\/span><\/strong><\/pre>\n<\/td>\n<td style=\"width: 34.4291%\" width=\"199\">\n<pre><strong><span style=\"color: #000000\">filoz\u00f3fia<\/span><\/strong><\/pre>\n<\/td>\n<td style=\"width: 33.045%\" width=\"191\">\n<pre><strong><span style=\"color: #000000\">filoz\u00f3fia<\/span><\/strong><\/pre>\n<\/td>\n<td style=\"width: 90.6421%\" width=\"142\">\n<pre><strong><span style=\"color: #000000\">2026. m\u00e1jus 20., 14.00<\/span><\/strong><\/pre>\n<\/td>\n<\/tr>\n<tr>\n<td style=\"width: 7.95848%\" width=\"46\">\n<pre><strong><span style=\"color: #000000\">22<\/span><\/strong><\/pre>\n<\/td>\n<td style=\"width: 34.4291%\" width=\"199\">\n<pre><strong><span style=\"color: #000000\">spanyol nyelv<\/span><\/strong><\/pre>\n<\/td>\n<td style=\"width: 33.045%\" width=\"191\">\n<pre><strong><span style=\"color: #000000\">spanyol nyelv<\/span><\/strong><\/pre>\n<\/td>\n<td style=\"width: 90.6421%\" width=\"142\">\n<pre><strong><span style=\"color: #000000\">2026. m\u00e1jus 21., 8.00<\/span><\/strong><\/pre>\n<\/td>\n<\/tr>\n<tr>\n<td style=\"width: 7.95848%\" width=\"46\">\n<pre><strong><span style=\"color: #000000\">23<\/span><\/strong><\/pre>\n<\/td>\n<td style=\"width: 34.4291%\" width=\"199\">\n<pre><strong><span style=\"color: #000000\">dr\u00e1ma<\/span><\/strong><\/pre>\n<\/td>\n<td style=\"width: 33.045%\" width=\"191\">\n<pre><strong><span style=\"color: #000000\">dr\u00e1ma<\/span><\/strong><\/pre>\n<\/td>\n<td style=\"width: 90.6421%\" width=\"142\">\n<pre><strong><span style=\"color: #000000\">2026. m\u00e1jus 21., 14.00<\/span><\/strong><\/pre>\n<\/td>\n<\/tr>\n<tr>\n<td style=\"width: 7.95848%\" width=\"46\">\n<pre><strong><span style=\"color: #000000\">24<\/span><\/strong><\/pre>\n<\/td>\n<td style=\"width: 34.4291%\" width=\"199\">\n<pre><strong><span style=\"color: #000000\">olasz nyelv<\/span><\/strong><\/pre>\n<\/td>\n<td style=\"width: 33.045%\" width=\"191\">\n<pre><strong><span style=\"color: #000000\">olasz nyelv<\/span><\/strong><\/pre>\n<\/td>\n<td style=\"width: 90.6421%\" width=\"142\">\n<pre><strong><span style=\"color: #000000\">2026. m\u00e1jus 22., 8.00<\/span><\/strong><\/pre>\n<\/td>\n<\/tr>\n<\/tbody>\n<\/table>\n<pre><strong><span style=\"color: #000000\">A 2026 \u00e9vi m\u00e1jus\u2013j\u00faniusi sz\u00f3beli \u00e9retts\u00e9gi vizsg\u00e1k<\/span><\/strong><\/pre>\n<table>\n<tbody>\n<tr>\n<td width=\"48\">\n<pre>\u00a0<\/pre>\n<\/td>\n<td width=\"198\">\n<pre><strong><span style=\"color: #000000\">A<\/span><\/strong><\/pre>\n<\/td>\n<td width=\"189\">\n<pre><strong><span style=\"color: #000000\">B<\/span><\/strong><\/pre>\n<\/td>\n<td width=\"143\">\n<pre><strong><span style=\"color: #000000\">C<\/span><\/strong><\/pre>\n<\/td>\n<\/tr>\n<tr>\n<td width=\"48\">\n<pre><strong><span style=\"color: #000000\">1.<\/span><\/strong><\/pre>\n<\/td>\n<td width=\"198\">\n<pre><strong><span style=\"color: #000000\">Emelt szint\u0171 sz\u00f3beli \u00e9retts\u00e9gi vizsga<\/span><\/strong><\/pre>\n<\/td>\n<td width=\"189\">\n<pre><strong><span style=\"color: #000000\">K\u00f6z\u00e9pszint\u0171 sz\u00f3beli \u00e9retts\u00e9gi vizsga<\/span><\/strong><\/pre>\n<\/td>\n<td width=\"143\">\n<pre><strong><span style=\"color: #000000\">Id\u0151-pont<\/span><\/strong><\/pre>\n<\/td>\n<\/tr>\n<tr>\n<td width=\"48\">\n<pre><strong><span style=\"color: #000000\">2.<\/span><\/strong><\/pre>\n<\/td>\n<td width=\"198\">\n<pre><strong><span style=\"color: #000000\">sz\u00f3beli vizsg\u00e1k<\/span><\/strong><\/pre>\n<\/td>\n<td width=\"189\">\n<pre><strong><span style=\"color: #000000\">\u2013<\/span><\/strong><\/pre>\n<\/td>\n<td width=\"143\">\n<pre><strong><span style=\"color: #000000\">2026. j\u00fanius 3\u201310<\/span><\/strong><\/pre>\n<\/td>\n<\/tr>\n<tr>\n<td width=\"48\">\n<pre><strong><span style=\"color: #000000\">3.<\/span><\/strong><\/pre>\n<\/td>\n<td width=\"198\">\n<pre><strong><span style=\"color: #000000\">\u2013<\/span><\/strong><\/pre>\n<\/td>\n<td width=\"189\">\n<pre><strong><span style=\"color: #000000\">sz\u00f3beli vizsg\u00e1k<\/span><\/strong><\/pre>\n<\/td>\n<td width=\"143\">\n<pre><strong><span style=\"color: #000000\">2026. j\u00fanius 15. \u2013 j\u00falius 1.<\/span><\/strong><\/pre>\n<\/td>\n<\/tr>\n<\/tbody>\n<\/table>\n","protected":false},"excerpt":{"rendered":"<p>A 2026 \u00e9vi m\u00e1jus\u2013j\u00faniusi \u00edr\u00e1sbeli \u00e9retts\u00e9gi vizsg\u00e1k \u00a0 A B C 1 Emelt szint\u0171 \u00edr\u00e1sbeli \u00e9retts\u00e9gi vizsga K\u00f6z\u00e9pszint\u0171 \u00e9retts\u00e9gi \u00edr\u00e1sbeli vizsga Id\u0151-pont 2 magyar nyelv \u00e9s irodalom magyar nyelv \u00e9s irodalom, magyar mint idegen nyelv 2026. m\u00e1jus 4., 9.00 3 matematika matematika 2026. m\u00e1jus 5., 9.00 4 t\u00f6rt\u00e9nelem t\u00f6rt\u00e9nelem 2026. m\u00e1jus 6., 9.00 5 angol &hellip;<\/p>\n","protected":false},"author":101999,"featured_media":0,"parent":0,"menu_order":0,"comment_status":"closed","ping_status":"closed","template":"","meta":{"_acf_changed":false,"footnotes":""},"categories":[],"tags":[],"class_list":["post-1334","page","type-page","status-publish","hentry"],"acf":[],"_links":{"self":[{"href":"https:\/\/semmelweis.hu\/semmelweisiskola\/wp-json\/wp\/v2\/pages\/1334","targetHints":{"allow":["GET"]}}],"collection":[{"href":"https:\/\/semmelweis.hu\/semmelweisiskola\/wp-json\/wp\/v2\/pages"}],"about":[{"href":"https:\/\/semmelweis.hu\/semmelweisiskola\/wp-json\/wp\/v2\/types\/page"}],"author":[{"embeddable":true,"href":"https:\/\/semmelweis.hu\/semmelweisiskola\/wp-json\/wp\/v2\/users\/101999"}],"replies":[{"embeddable":true,"href":"https:\/\/semmelweis.hu\/semmelweisiskola\/wp-json\/wp\/v2\/comments?post=1334"}],"version-history":[{"count":5,"href":"https:\/\/semmelweis.hu\/semmelweisiskola\/wp-json\/wp\/v2\/pages\/1334\/revisions"}],"predecessor-version":[{"id":3601,"href":"https:\/\/semmelweis.hu\/semmelweisiskola\/wp-json\/wp\/v2\/pages\/1334\/revisions\/3601"}],"wp:attachment":[{"href":"https:\/\/semmelweis.hu\/semmelweisiskola\/wp-json\/wp\/v2\/media?parent=1334"}],"wp:term":[{"taxonomy":"category","embeddable":true,"href":"https:\/\/semmelweis.hu\/semmelweisiskola\/wp-json\/wp\/v2\/categories?post=1334"},{"taxonomy":"post_tag","embeddable":true,"href":"https:\/\/semmelweis.hu\/semmelweisiskola\/wp-json\/wp\/v2\/tags?post=1334"}],"curies":[{"name":"wp","href":"https:\/\/api.w.org\/{rel}","templated":true}]}}