{"id":130,"date":"2021-10-26T11:49:03","date_gmt":"2021-10-26T09:49:03","guid":{"rendered":"https:\/\/semmelweis.hu\/semmelweisiskola\/?page_id=130"},"modified":"2021-11-24T14:46:01","modified_gmt":"2021-11-24T13:46:01","slug":"kozossegi-szolgalat","status":"publish","type":"page","link":"https:\/\/semmelweis.hu\/semmelweisiskola\/oktatas\/kozossegi-szolgalat\/","title":{"rendered":"K\u00f6z\u00f6ss\u00e9gi szolg\u00e1lat"},"content":{"rendered":"<p style=\"text-align: center;\"><strong>T\u00c1J\u00c9KOZTAT\u00d3 A K\u00d6Z\u00d6SS\u00c9GI SZOLG\u00c1LATR\u00d3L<\/strong><\/p>\n<p>A nemzeti k\u00f6znevel\u00e9sr\u0151l sz\u00f3l\u00f3 CXC. t\u00f6rv\u00e9ny 6. \u00a7 (4) bekezd\u00e9se szerint az \u00e9retts\u00e9gi vizsga megkezd\u00e9s\u00e9nek felt\u00e9tele\u00a0<strong>\u00f6tven \u00f3ra<\/strong>\u00a0k\u00f6z\u00f6ss\u00e9gi szolg\u00e1lat elv\u00e9gz\u00e9s\u00e9nek igazol\u00e1sa.<\/p>\n<p>A k\u00f6z\u00f6ss\u00e9gi szolg\u00e1latot az iskola szervezi meg az els\u0151 h\u00e1rom \u00e9vfolyamon lehet\u0151s\u00e9g szerint ar\u00e1nyosan elosztva.<\/p>\n<p>A tanul\u00f3nak az iskola \u00e1ltal kiadott jelentkez\u00e9si lapon \u2013 amely a sz\u00fcl\u0151 egyet\u00e9rt\u0151 nyilatkozat\u00e1t is tartalmazza \u2013 minden tan\u00e9v elej\u00e9n nyilatkoznia kell arr\u00f3l, hogy az adott tan\u00e9vben milyen ter\u00fcleten szeretn\u00e9 teljes\u00edteni a k\u00f6z\u00f6ss\u00e9gi szolg\u00e1latot.<\/p>\n<p>A k\u00f6z\u00f6ss\u00e9gi szolg\u00e1lat teljes\u00edt\u00e9s\u00e9t az iskola dokument\u00e1lja a napl\u00f3ban, a bizony\u00edtv\u00e1nyban \u00e9s a t\u00f6rzslapban.<\/p>\n<p>A k\u00f6z\u00f6ss\u00e9gi szolg\u00e1lattal kapcsolatos el\u0151\u00edr\u00e1sokat r\u00e9szletesen a 20\/2012. (VIII. 31.) EMMI rendelet 133. \u00a7-a tartalmazza.<\/p>\n<p><strong><u>A k\u00f6z\u00f6ss\u00e9gi szolg\u00e1lat a k\u00f6vetkez\u0151 ter\u00fcleteken v\u00e9gezhet\u0151:<\/u><\/strong><\/p>\n<ul>\n<li>eg\u00e9szs\u00e9g\u00fcgyi,<\/li>\n<li>szoci\u00e1lis \u00e9s j\u00f3t\u00e9konys\u00e1gi,<\/li>\n<li>oktat\u00e1si,<\/li>\n<li>kultur\u00e1lis \u00e9s k\u00f6z\u00f6ss\u00e9gi,<\/li>\n<li>k\u00f6rnyezet- \u00e9s term\u00e9szetv\u00e9delmi,<\/li>\n<li>katasztr\u00f3fav\u00e9delmi,<\/li>\n<li>\u00f3vod\u00e1s kor\u00fa, saj\u00e1tos nevel\u00e9si ig\u00e9ny\u0171 gyermekekkel, tanul\u00f3kkal, id\u0151s emberekkel k\u00f6z\u00f6s sport- \u00e9s szabadid\u0151s tev\u00e9kenys\u00e9g.<\/li>\n<\/ul>\n<p><strong><u>A k\u00f6z\u00f6ss\u00e9gi szolg\u00e1lat szab\u00e1lyai:<\/u><\/strong><\/p>\n<ul>\n<li>egy alkalommal legal\u00e1bb egy, legfeljebb h\u00e1rom \u00f3r\u00e1s id\u0151tartamban lehet k\u00f6z\u00f6ss\u00e9gi szolg\u00e1latot v\u00e9gezni,<\/li>\n<li>egy \u00f3ra alatt 60 perces k\u00f6z\u00f6ss\u00e9gi szolg\u00e1lat \u00e9rtend\u0151 (ebbe nem sz\u00e1m\u00edthat\u00f3 be az utaz\u00e1s ideje),<\/li>\n<li>a k\u00f6z\u00f6ss\u00e9gi szolg\u00e1latr\u00f3l a tanul\u00f3 k\u00f6teles az iskola \u00e1ltal megadott form\u00e1ban napl\u00f3t vezetni, \u00e9s azt az \u00e9retts\u00e9gi vizsg\u00e1ig meg\u0151rizni.<\/li>\n<\/ul>\n<p><strong><u>Egy\u00e9b tudnival\u00f3k:<\/u><\/strong><\/p>\n<ul>\n<li>Az iskola a k\u00f6z\u00f6ss\u00e9gi szolg\u00e1lat teljes\u00edt\u00e9s\u00e9be bevont szervezetekkel egy\u00fcttm\u0171k\u00f6d\u00e9si meg\u00e1llapod\u00e1st k\u00f6t, \u00e9s ezek a szervezetek gondoskodnak r\u00f3la, hogy a tanul\u00f3k tev\u00e9kenys\u00e9g\u00e9t mentor seg\u00edtse \u00e9s ir\u00e1ny\u00edtsa. (Ez\u00e9rt a tanul\u00f3k egy\u00e9nileg nem vehetnek r\u00e9szt k\u00f6z\u00f6ss\u00e9gi szolg\u00e1laton, \u00e9s az iskola nem fogadja el az igazol\u00e1st.)<\/li>\n<li>Az iskola minden esetben gondoskodik a pedag\u00f3gusk\u00eds\u00e9retr\u0151l, ha a k\u00f6z\u00f6ss\u00e9gi szolg\u00e1latot k\u00fcls\u0151 helysz\u00ednen szervezi meg.<\/li>\n<li>Mivel a k\u00f6z\u00f6ss\u00e9gi szolg\u00e1latot csak a tanul\u00f3k szabadidej\u00e9ben (tan\u00edt\u00e1s ut\u00e1n vagy h\u00e9tv\u00e9g\u00e9n) lehet teljes\u00edteni, el\u0151zetesen t\u00e1j\u00e9koztatjuk a sz\u00fcl\u0151ket a pontos helysz\u00ednr\u0151l \u00e9s id\u0151pontr\u00f3l. A tanul\u00f3 csak akkor vehet r\u00e9szt a k\u00f6z\u00f6ss\u00e9gi szolg\u00e1laton, ha a sz\u00fcl\u0151 \u00e1ltal al\u00e1\u00edrt beleegyez\u0151 nyilatkozatot legk\u00e9s\u0151bb az adott napon visszahozta az iskol\u00e1ba.<\/li>\n<\/ul>\n","protected":false},"excerpt":{"rendered":"<p>T\u00c1J\u00c9KOZTAT\u00d3 A K\u00d6Z\u00d6SS\u00c9GI SZOLG\u00c1LATR\u00d3L A nemzeti k\u00f6znevel\u00e9sr\u0151l sz\u00f3l\u00f3 CXC. t\u00f6rv\u00e9ny 6. \u00a7 (4) bekezd\u00e9se szerint az \u00e9retts\u00e9gi vizsga megkezd\u00e9s\u00e9nek felt\u00e9tele\u00a0\u00f6tven \u00f3ra\u00a0k\u00f6z\u00f6ss\u00e9gi szolg\u00e1lat elv\u00e9gz\u00e9s\u00e9nek igazol\u00e1sa. A k\u00f6z\u00f6ss\u00e9gi szolg\u00e1latot az iskola szervezi meg az els\u0151 h\u00e1rom \u00e9vfolyamon lehet\u0151s\u00e9g szerint ar\u00e1nyosan elosztva. A tanul\u00f3nak az iskola \u00e1ltal kiadott jelentkez\u00e9si lapon \u2013 amely a sz\u00fcl\u0151 egyet\u00e9rt\u0151 nyilatkozat\u00e1t is tartalmazza &hellip;<\/p>\n","protected":false},"author":101934,"featured_media":0,"parent":380,"menu_order":10,"comment_status":"closed","ping_status":"closed","template":"","meta":{"_acf_changed":false,"footnotes":""},"categories":[],"tags":[],"class_list":["post-130","page","type-page","status-publish","hentry"],"acf":[],"_links":{"self":[{"href":"https:\/\/semmelweis.hu\/semmelweisiskola\/wp-json\/wp\/v2\/pages\/130","targetHints":{"allow":["GET"]}}],"collection":[{"href":"https:\/\/semmelweis.hu\/semmelweisiskola\/wp-json\/wp\/v2\/pages"}],"about":[{"href":"https:\/\/semmelweis.hu\/semmelweisiskola\/wp-json\/wp\/v2\/types\/page"}],"author":[{"embeddable":true,"href":"https:\/\/semmelweis.hu\/semmelweisiskola\/wp-json\/wp\/v2\/users\/101934"}],"replies":[{"embeddable":true,"href":"https:\/\/semmelweis.hu\/semmelweisiskola\/wp-json\/wp\/v2\/comments?post=130"}],"version-history":[{"count":3,"href":"https:\/\/semmelweis.hu\/semmelweisiskola\/wp-json\/wp\/v2\/pages\/130\/revisions"}],"predecessor-version":[{"id":609,"href":"https:\/\/semmelweis.hu\/semmelweisiskola\/wp-json\/wp\/v2\/pages\/130\/revisions\/609"}],"up":[{"embeddable":true,"href":"https:\/\/semmelweis.hu\/semmelweisiskola\/wp-json\/wp\/v2\/pages\/380"}],"wp:attachment":[{"href":"https:\/\/semmelweis.hu\/semmelweisiskola\/wp-json\/wp\/v2\/media?parent=130"}],"wp:term":[{"taxonomy":"category","embeddable":true,"href":"https:\/\/semmelweis.hu\/semmelweisiskola\/wp-json\/wp\/v2\/categories?post=130"},{"taxonomy":"post_tag","embeddable":true,"href":"https:\/\/semmelweis.hu\/semmelweisiskola\/wp-json\/wp\/v2\/tags?post=130"}],"curies":[{"name":"wp","href":"https:\/\/api.w.org\/{rel}","templated":true}]}}