{"id":127,"date":"2021-10-26T11:48:32","date_gmt":"2021-10-26T09:48:32","guid":{"rendered":"https:\/\/semmelweis.hu\/semmelweisiskola\/?page_id=127"},"modified":"2021-11-24T14:47:31","modified_gmt":"2021-11-24T13:47:31","slug":"a-hianyzasok-igazolasa-kovetkezmenyei","status":"publish","type":"page","link":"https:\/\/semmelweis.hu\/semmelweisiskola\/oktatas\/szabalyaink\/a-hianyzasok-igazolasa-kovetkezmenyei\/","title":{"rendered":"A hi\u00e1nyz\u00e1sok igazol\u00e1sa, k\u00f6vetkezm\u00e9nyei"},"content":{"rendered":"<p style=\"text-align: center;\"><strong>A MULASZT\u00c1S K\u00d6VETKEZM\u00c9NYEI<\/strong><\/p>\n<p style=\"text-align: center;\"><strong>a 20\/2012 (VIII. 31.) EMMI rendelet \u00e9s a szakk\u00e9pz\u00e9si t\u00f6rv\u00e9ny szerint<\/strong><\/p>\n<p><strong>NAPPALI MUNKAREND\u0170 OSZT\u00c1LYOK<\/strong><\/p>\n<p><strong>Az iskola \u00e9rtes\u00edt\u00e9si k\u00f6telezetts\u00e9ge igazolatlan mulaszt\u00e1s eset\u00e9n:<\/strong><\/p>\n<p><u>Tank\u00f6teles kor\u00fa tanul\u00f3 eset\u00e9ben<\/u><\/p>\n<ul>\n<li>\u00a0 els\u0151 igazolatlan mulaszt\u00e1s \u2192 a sz\u00fcl\u0151 \u00e9rtes\u00edt\u00e9se ellen\u0151rz\u0151 \u00fatj\u00e1n<\/li>\n<li>\u00a0 ism\u00e9telt igazolatlanul mulaszt\u00e1s\u2192 a gyermekj\u00f3l\u00e9ti szolg\u00e1lat \u00e9rtes\u00edt\u00e9se<\/li>\n<li>\u00a0 10 igazolatlan \u00f3ra \u2192 a sz\u00fcl\u0151 \u00e9s a gyermekj\u00f3l\u00e9ti szolg\u00e1lat ism\u00e9telt \u00e9rtes\u00edt\u00e9se \u2192 int\u00e9zked\u00e9si terv (gyermekv\u00e9delmi szakell\u00e1t\u00e1sban nevelked\u0151 tanul\u00f3 \u2192 ter\u00fcleti gyermekv\u00e9delmi szakszolg\u00e1lat)<\/li>\n<li>\u00a0 30 igazolatlan \u00f3ra \u2192 az \u00e1ltal\u00e1nos szab\u00e1lys\u00e9rt\u00e9si hat\u00f3s\u00e1g \u00e9s gyermekj\u00f3l\u00e9ti szolg\u00e1lat \u00e9rtes\u00edt\u00e9se (gyermekv\u00e9delmi szakell\u00e1t\u00e1sban nevelked\u0151 tanul\u00f3 \u2192 ter\u00fcleti gyermekv\u00e9delmi szakszolg\u00e1lat)<\/li>\n<li>\u00a0 50 igazolatlan \u00f3ra \u2192 a tart\u00f3zkod\u00e1si hely szerint illet\u00e9kes gy\u00e1mhivatal \u00e9rtes\u00edt\u00e9se (amely f\u00e9l \u00e9vre v\u00e9glegesen megvonja a csal\u00e1di p\u00f3tl\u00e9kot, \u00e9s v\u00e9delembe is veheti a tanul\u00f3t).<\/li>\n<\/ul>\n<p><u>Nem tank\u00f6teles tanul\u00f3 eset\u00e9ben<\/u><\/p>\n<ul>\n<li>\u00a0 az iskola k\u00f6teles \u00e9rtes\u00edteni a nagykor\u00fa tanul\u00f3t, illetve kiskor\u00fa tanul\u00f3 eset\u00e9ben a sz\u00fcleit, ha a tanul\u00f3 igazolatlan mulaszt\u00e1sa el\u00e9ri a 10 \u00f3r\u00e1t, \u00e9s fel kell h\u00edvnia a figyelm\u00e9t a mulaszt\u00e1s k\u00f6vetkezm\u00e9nyeire,<\/li>\n<li>\u00a0 a nem tank\u00f6teles tanul\u00f3 tanul\u00f3i jogviszonya a t\u00f6rv\u00e9ny erej\u00e9n\u00e9l fogva megsz\u0171nik, ha 30 tan\u00edt\u00e1si \u00f3r\u00e1n\u00e1l \u2013 a feln\u0151ttoktat\u00e1sban 20 tan\u00edt\u00e1si \u00f3r\u00e1n\u00e1l \u2013 t\u00f6bbet mulaszt igazolatlanul, felt\u00e9ve, ha az iskola a tanul\u00f3t, illetve kiskor\u00fa tanul\u00f3 eset\u00e9n a sz\u00fcl\u0151t legal\u00e1bb k\u00e9t alkalommal \u00edr\u00e1sban figyelmeztette a hi\u00e1nyz\u00e1s k\u00f6vetkezm\u00e9nyeire.<\/li>\n<\/ul>\n<p><strong>Fegyelmez\u0151 int\u00e9zked\u00e9sek:<\/strong><\/p>\n<ul>\n<li>\u00a0 3 igazolatlan \u00f3ra \u2192 oszt\u00e1lyf\u0151n\u00f6ki figyelmeztet\u00e9s (legfeljebb j\u00f3 magatart\u00e1s),<\/li>\n<li>\u00a0 6 igazolatlan \u00f3ra \u2192 oszt\u00e1lyf\u0151n\u00f6ki int\u00e9s (legfeljebb v\u00e1ltoz\u00f3 magatart\u00e1s),<\/li>\n<li>\u00a0 9 igazolatlan \u00f3ra \u2192 igazgat\u00f3i int\u00e9s (rossz magatart\u00e1s),<\/li>\n<li>\u00a0 12 igazolatlan \u00f3ra \u2192 igazgat\u00f3i megrov\u00e1s,<\/li>\n<li>\u00a0 15 igazolatlan \u00f3ra \u2192 nevel\u0151test\u00fcleti int\u00e9s<\/li>\n<li>\u00a0 18 igazolatlan \u00f3ra \u2192 nevel\u0151test\u00fcleti megrov\u00e1s<\/li>\n<li>\u00a0 21 igazolatlan \u00f3ra \u2192 fegyelmi b\u00fcntet\u00e9s.<\/li>\n<\/ul>\n<p><strong><u>9-13. \u00e9vfolyam<\/u><\/strong><\/p>\n<p>Ha a tanul\u00f3 igazolt \u00e9s igazolatlan mulaszt\u00e1sa egy tan\u00e9vben egy\u00fcttesen meghaladja<\/p>\n<ul>\n<li>\u00a0 a 250 tan\u00edt\u00e1si \u00f3r\u00e1t,<\/li>\n<li>\u00a0 a szakmai elm\u00e9leti tan\u00edt\u00e1si \u00f3r\u00e1k 20 %-\u00e1t,<\/li>\n<li>\u00a0 egy adott k\u00f6zismereti tant\u00e1rgy tan\u00edt\u00e1si \u00f3r\u00e1inak 30 %-\u00e1t (a 9-12. \u00e9vfolyamon),<\/li>\n<\/ul>\n<p>\u00e9s emiatt teljes\u00edtm\u00e9nye a tan\u00edt\u00e1si \u00e9v k\u00f6zben nem volt \u00e9rdemjeggyel \u00e9rt\u00e9kelhet\u0151, a tan\u00edt\u00e1si \u00e9v v\u00e9g\u00e9n nem min\u0151s\u00edthet\u0151, kiv\u00e9ve, ha a nevel\u0151test\u00fclet enged\u00e9lyezi, hogy oszt\u00e1lyoz\u00f3vizsg\u00e1t tegyen. Ezt a nevel\u0151test\u00fclet akkor tagadhatja meg, ha az igazolatlan mulaszt\u00e1sok sz\u00e1ma meghaladja a 20 tan\u00edt\u00e1si \u00f3r\u00e1t, \u00e9s az iskola eleget tett az \u00e9rtes\u00edt\u00e9si k\u00f6telezetts\u00e9g\u00e9nek. (Az oszt\u00e1lyoz\u00f3 vizsga megtagad\u00e1sa azt jelenti, hogy \u00e9vet kell ism\u00e9telnie.)<\/p>\n<p>Ha a tanul\u00f3 mulaszt\u00e1sainak sz\u00e1ma m\u00e1r az els\u0151 f\u00e9l\u00e9v v\u00e9g\u00e9re meghaladja a meghat\u00e1rozott m\u00e9rt\u00e9ket, \u00e9s emiatt teljes\u00edtm\u00e9nye nem volt \u00e9rdemjeggyel min\u0151s\u00edthet\u0151, f\u00e9l\u00e9vkor kell oszt\u00e1lyoz\u00f3vizsg\u00e1t tennie, egy\u00e9bk\u00e9nt az augusztusi jav\u00edt\u00f3vizsga-id\u0151szakban.<\/p>\n<p><strong><u>A szakmai gyakorlatr\u00f3l val\u00f3 mulaszt\u00e1sra vonatkoz\u00f3 tov\u00e1bbi k\u00f6vetkezm\u00e9nyek<\/u><\/strong><\/p>\n<p><u>\u00c9vk\u00f6zi szakmai gyakorlati \u00f3r\u00e1k:<\/u><\/p>\n<p>Ha a tanul\u00f3nak az \u00e9vk\u00f6zi gyakorlati \u00f3r\u00e1kr\u00f3l val\u00f3 igazolt \u00e9s igazolatlan mulaszt\u00e1sa egy tan\u00e9vben meghaladja az adott tan\u00e9vre vonatkoz\u00f3 \u00f6sszes gyakorlati \u00f3rasz\u00e1m\u00a0<strong>h\u00fasz sz\u00e1zal\u00e9k\u00e1t<\/strong>, a tanul\u00f3 a tanulm\u00e1nyait csak az \u00e9vfolyam megism\u00e9tl\u00e9s\u00e9vel folytathatja (a gyakorlatot tanul\u00f3szerz\u0151d\u00e9ssel teljes\u00edt\u0151 tanul\u00f3 eset\u00e9ben az \u00e9vfolyamism\u00e9tl\u00e9shez a gyakorlati k\u00e9pz\u00e9st folytat\u00f3 szervezet hozz\u00e1j\u00e1rul\u00e1sa is sz\u00fcks\u00e9ges).<\/p>\n<p>Az \u00e9vism\u00e9tl\u00e9s al\u00f3l a nevel\u0151test\u00fclet akkor mentes\u00edtheti a tanul\u00f3t, ha<\/p>\n<ul>\n<li>\u00a0 igazolatlan mulaszt\u00e1sa nincs, valamint<\/li>\n<li>\u00a0 a szorgalma \u00e9s eddigi teljes\u00edtm\u00e9nye alapj\u00e1n felt\u00e9telezhet\u0151, hogy a mulaszt\u00e1s\u00e1t a k\u00f6vetkez\u0151 tan\u00e9v megkezd\u00e9s\u00e9ig p\u00f3tolni \u00e9s az el\u0151\u00edrt gyakorlati k\u00f6vetelm\u00e9nyeket teljes\u00edteni tudja.<\/li>\n<\/ul>\n<p>A fentiekr\u0151l a nevel\u0151test\u00fclet a tan\u00e9v v\u00e9gi oszt\u00e1lyoz\u00f3 konferenci\u00e1n d\u00f6nt (k\u00fcls\u0151 gyakorlat eset\u00e9n a gyakorl\u00f3hely javaslat\u00e1ra).<\/p>\n<p>Ha a nevel\u0151test\u00fclet mentes\u00edti a tanul\u00f3t az \u00e9vism\u00e9tl\u00e9s al\u00f3l, a tanul\u00f3nak az augusztus v\u00e9gi jav\u00edt\u00f3vizsga id\u0151szak\u00e1ban oszt\u00e1lyoz\u00f3 vizsg\u00e1t kell tennie.<\/p>\n<p><u>\u00d6sszef\u00fcgg\u0151 (ny\u00e1ri) szakmai gyakorlat:<\/u><\/p>\n<p>Ha a tanul\u00f3 \u00f6sszef\u00fcgg\u0151 szakmai gyakorlatr\u00f3l val\u00f3 igazolt \u00e9s igazolatlan mulaszt\u00e1sa meghaladja az \u00f6sszef\u00fcgg\u0151 szakmai gyakorlat \u00f3rasz\u00e1m\u00e1nak\u00a0<strong>h\u00fasz sz\u00e1zal\u00e9k\u00e1t<\/strong>, a tanul\u00f3 az \u00e9vfolyam k\u00f6vetelm\u00e9nyeit nem teljes\u00edtette (magasabb \u00e9vfolyamra nem l\u00e9phet).<\/p>\n<p>Az igazolatlan mulaszt\u00e1s nem haladhatja meg az \u00f6sszef\u00fcgg\u0151 szakmai gyakorlat \u00f3rasz\u00e1m\u00e1nak\u00a0<strong>\u00f6t sz\u00e1zal\u00e9k\u00e1t<\/strong>. Az igazolatlan mulaszt\u00e1st a tanul\u00f3 p\u00f3tolni k\u00f6teles.<\/p>\n<p>Ha a tanul\u00f3 mulaszt\u00e1sa meghaladja a fenti m\u00e9rt\u00e9ket, az \u00e9vism\u00e9tl\u00e9st\u0151l a nevel\u0151test\u00fclet akkor tekinthet el, ha a tanul\u00f3nak<\/p>\n<ul>\n<li>\u00a0 igazolatlan mulaszt\u00e1sa nincs, vagy<\/li>\n<li>\u00a0 az igazolatlan mulaszt\u00e1sa nem haladja meg az \u00f3rasz\u00e1m \u00f6t sz\u00e1zal\u00e9k\u00e1t, \u00e9s az igazolatlan mulaszt\u00e1s\u00e1t p\u00f3tolta,<\/li>\n<li>\u00a0 az el\u0151\u00edrt gyakorlati k\u00f6vetelm\u00e9nyeket a k\u00f6vetkez\u0151 tan\u00e9v megkezd\u00e9s\u00e9ig p\u00f3tolja.<\/li>\n<\/ul>\n<p>A tanul\u00f3 tov\u00e1bbhalad\u00e1sr\u00f3l a nevel\u0151test\u00fclet \u2013 a gyakorl\u00f3hely igazol\u00e1sa alapj\u00e1n \u2013 legk\u00e9s\u0151bb a tan\u00e9vkezd\u00e9st megel\u0151z\u0151 utols\u00f3 munkanapon d\u00f6nt, figyelembe v\u00e9ve a gyakorl\u00f3hely javaslat\u00e1t.<\/p>\n<p>&nbsp;<\/p>\n<p><strong>ESTI MUNKAREND\u0170 OSZT\u00c1LYOK \u2013 FELN\u0150TTOKTAT\u00c1S<\/strong><\/p>\n<p>Az esti munkarend\u0171 feln\u0151ttoktat\u00e1sban r\u00e9szt vev\u0151 tanul\u00f3k a k\u00e9pz\u00e9s kezdet\u00e9n \u00edr\u00e1sban kapnak pontos t\u00e1j\u00e9koztat\u00e1st a tanrendr\u0151l, illetve hogy az adott tan\u00e9vben h\u00e1ny gyakorlati \u00e9s elm\u00e9leti \u00f3r\u00e1n kell jelen lenni\u00fck.<\/p>\n<p><u>A mulaszt\u00e1s k\u00f6vetkezm\u00e9nyei:<\/u><\/p>\n<ul>\n<li>\u00a0 megsz\u0171nik a tanul\u00f3i jogviszonya, ha 20 tan\u00edt\u00e1si \u00f3r\u00e1r\u00f3l t\u00f6bbet mulasztott igazolatlanul,<\/li>\n<li>\u00a0 ha tan\u00f3rai foglalkoz\u00e1sok t\u00f6bb mint \u00f6tven sz\u00e1zal\u00e9k\u00e1r\u00f3l t\u00e1vol maradt, f\u00e9l\u00e9vkor \u00e9s a tan\u00e9v v\u00e9g\u00e9n minden esetben oszt\u00e1lyoz\u00f3 vizsg\u00e1n k\u00f6teles sz\u00e1mot adni tud\u00e1s\u00e1r\u00f3l, \u00e9s ez al\u00f3l felment\u00e9s nem adhat\u00f3 (teh\u00e1t akkor is oszt\u00e1lyoz\u00f3 vizsg\u00e1t kell tennie, ha egy\u00e9bk\u00e9nt van elegend\u0151 \u00e9rdemjegye).<\/li>\n<\/ul>\n","protected":false},"excerpt":{"rendered":"<p>A MULASZT\u00c1S K\u00d6VETKEZM\u00c9NYEI a 20\/2012 (VIII. 31.) EMMI rendelet \u00e9s a szakk\u00e9pz\u00e9si t\u00f6rv\u00e9ny szerint NAPPALI MUNKAREND\u0170 OSZT\u00c1LYOK Az iskola \u00e9rtes\u00edt\u00e9si k\u00f6telezetts\u00e9ge igazolatlan mulaszt\u00e1s eset\u00e9n: Tank\u00f6teles kor\u00fa tanul\u00f3 eset\u00e9ben \u00a0 els\u0151 igazolatlan mulaszt\u00e1s \u2192 a sz\u00fcl\u0151 \u00e9rtes\u00edt\u00e9se ellen\u0151rz\u0151 \u00fatj\u00e1n \u00a0 ism\u00e9telt igazolatlanul mulaszt\u00e1s\u2192 a gyermekj\u00f3l\u00e9ti szolg\u00e1lat \u00e9rtes\u00edt\u00e9se \u00a0 10 igazolatlan \u00f3ra \u2192 a sz\u00fcl\u0151 \u00e9s a &hellip;<\/p>\n","protected":false},"author":101934,"featured_media":0,"parent":548,"menu_order":17,"comment_status":"closed","ping_status":"closed","template":"","meta":{"_acf_changed":false,"footnotes":""},"categories":[],"tags":[],"class_list":["post-127","page","type-page","status-publish","hentry"],"acf":[],"_links":{"self":[{"href":"https:\/\/semmelweis.hu\/semmelweisiskola\/wp-json\/wp\/v2\/pages\/127","targetHints":{"allow":["GET"]}}],"collection":[{"href":"https:\/\/semmelweis.hu\/semmelweisiskola\/wp-json\/wp\/v2\/pages"}],"about":[{"href":"https:\/\/semmelweis.hu\/semmelweisiskola\/wp-json\/wp\/v2\/types\/page"}],"author":[{"embeddable":true,"href":"https:\/\/semmelweis.hu\/semmelweisiskola\/wp-json\/wp\/v2\/users\/101934"}],"replies":[{"embeddable":true,"href":"https:\/\/semmelweis.hu\/semmelweisiskola\/wp-json\/wp\/v2\/comments?post=127"}],"version-history":[{"count":3,"href":"https:\/\/semmelweis.hu\/semmelweisiskola\/wp-json\/wp\/v2\/pages\/127\/revisions"}],"predecessor-version":[{"id":617,"href":"https:\/\/semmelweis.hu\/semmelweisiskola\/wp-json\/wp\/v2\/pages\/127\/revisions\/617"}],"up":[{"embeddable":true,"href":"https:\/\/semmelweis.hu\/semmelweisiskola\/wp-json\/wp\/v2\/pages\/548"}],"wp:attachment":[{"href":"https:\/\/semmelweis.hu\/semmelweisiskola\/wp-json\/wp\/v2\/media?parent=127"}],"wp:term":[{"taxonomy":"category","embeddable":true,"href":"https:\/\/semmelweis.hu\/semmelweisiskola\/wp-json\/wp\/v2\/categories?post=127"},{"taxonomy":"post_tag","embeddable":true,"href":"https:\/\/semmelweis.hu\/semmelweisiskola\/wp-json\/wp\/v2\/tags?post=127"}],"curies":[{"name":"wp","href":"https:\/\/api.w.org\/{rel}","templated":true}]}}