{"id":116,"date":"2021-10-26T11:46:38","date_gmt":"2021-10-26T09:46:38","guid":{"rendered":"https:\/\/semmelweis.hu\/semmelweisiskola\/?page_id=116"},"modified":"2021-11-24T14:47:41","modified_gmt":"2021-11-24T13:47:41","slug":"felmentesek","status":"publish","type":"page","link":"https:\/\/semmelweis.hu\/semmelweisiskola\/oktatas\/szabalyaink\/felmentesek\/","title":{"rendered":"Felment\u00e9sek"},"content":{"rendered":"<p style=\"text-align: center;\"><strong>FELMENT\u00c9SEK, MENTES\u00cdT\u00c9SEK<\/strong><\/p>\n<p><strong><u>A felment\u00e9sek, mentes\u00edt\u00e9sek fajt\u00e1i:<\/u><\/strong><\/p>\n<ul>\n<li>Az igazgat\u00f3 a tanul\u00f3t k\u00e9relm\u00e9re (kiskor\u00fa tanul\u00f3 eset\u00e9n a sz\u00fcl\u0151 k\u00e9relm\u00e9re), ha azt egy\u00e9ni adotts\u00e1ga, saj\u00e1tos nevel\u00e9si ig\u00e9nye vagy saj\u00e1tos helyzete indokoltt\u00e1 teszi, r\u00e9szben vagy eg\u00e9szben mentes\u00edtheti\n<ul>\n<li>a k\u00f6telez\u0151 tan\u00edt\u00e1si \u00f3r\u00e1kon val\u00f3 r\u00e9szv\u00e9tel al\u00f3l (a gyakorlati k\u00e9pz\u00e9s kiv\u00e9tel\u00e9vel),<\/li>\n<li>a k\u00e9szs\u00e9gt\u00e1rgyak tanul\u00e1sa al\u00f3l,<\/li>\n<li>egyes tant\u00e1rgyakb\u00f3l vagy tananyagr\u00e9szekb\u0151l az \u00e9rdemjegyekkel t\u00f6rt\u00e9n\u0151 \u00e9rt\u00e9kel\u00e9s \u00e9s a min\u0151s\u00edt\u00e9s al\u00f3l.<\/li>\n<\/ul>\n<\/li>\n<li>A felment\u00e9sek, mentes\u00edt\u00e9sek esetei:\n<ul>\n<li>mag\u00e1ntanul\u00f3i jogviszony<\/li>\n<li>eredm\u00e9nyes el\u0151rehozott \u00e9retts\u00e9gi vizsga<\/li>\n<li>saj\u00e1tos nevel\u00e9si ig\u00e9ny (SNI) vagy beilleszked\u00e9si, tanul\u00e1si, magatart\u00e1si neh\u00e9zs\u00e9g (BTM)<\/li>\n<li>testnevel\u00e9s.<\/li>\n<\/ul>\n<\/li>\n<\/ul>\n<p><strong><u>A mag\u00e1ntanul\u00f3i jogviszony:<\/u><\/strong><\/p>\n<ul>\n<li>A tanul\u00f3 tanulm\u00e1nyi k\u00f6telezetts\u00e9g\u00e9nek mag\u00e1ntanul\u00f3k\u00e9nt is eleget tehet, ezt a sz\u00fcl\u0151nek az igazgat\u00f3t\u00f3l \u00edr\u00e1sban kell k\u00e9relmeznie az okok megjel\u00f6l\u00e9s\u00e9vel, illetve \u2013 ha a k\u00e9relem oka a tanul\u00f3 saj\u00e1tos helyzete \u2013 a sz\u00fcks\u00e9ges szak\u00e9rt\u0151i vagy szakorvosi igazol\u00e1sok beny\u00fajt\u00e1s\u00e1val.<\/li>\n<li>Az igazgat\u00f3 a mag\u00e1ntanul\u00f3i jogviszony enged\u00e9lyez\u00e9s\u00e9r\u0151l a jogszab\u00e1lyi el\u0151\u00edr\u00e1sok, illetve az azokban meghat\u00e1rozott szakv\u00e9lem\u00e9nyek alapj\u00e1n d\u00f6nt.<\/li>\n<li>A 20\/2012. (VIII. 31.) EMMI rendelet szerint 75. \u00a7 (1) bekezd\u00e9se szerint ha a mag\u00e1ntanul\u00f3i jogviszony \u201eaz iskola igazgat\u00f3j\u00e1nak meg\u00edt\u00e9l\u00e9se szerint a tanul\u00f3nak h\u00e1tr\u00e1nyos, akkor az erre ir\u00e1nyul\u00f3 k\u00e9relem beny\u00fajt\u00e1s\u00e1t\u00f3l sz\u00e1m\u00edtott \u00f6t napon bel\u00fcl az iskola igazgat\u00f3ja megkeresi a gyermek lak\u00f3helye, ennek hi\u00e1ny\u00e1ban tart\u00f3zkod\u00e1si helye szerint illet\u00e9kes korm\u00e1nyhivatalt, amely a gy\u00e1mhat\u00f3s\u00e1g \u00e9s a gyermekj\u00f3l\u00e9ti szolg\u00e1lat v\u00e9lem\u00e9ny\u00e9nek kik\u00e9r\u00e9se ut\u00e1n d\u00f6nt arr\u00f3l, hogy a tanul\u00f3 milyen m\u00f3don teljes\u00edtse tank\u00f6telezetts\u00e9g\u00e9t. Halmozottan h\u00e1tr\u00e1nyos helyzet\u0171 tanul\u00f3 eset\u00e9n az iskola igazgat\u00f3j\u00e1nak a d\u00f6nt\u00e9shez be kell szereznie a gyermekj\u00f3l\u00e9ti szolg\u00e1lat v\u00e9lem\u00e9ny\u00e9t.\u201d<\/li>\n<li>A mag\u00e1ntanul\u00f3 az iskol\u00e1val tanul\u00f3i jogviszonyban \u00e1ll, ez\u00e9rt ugyanazok a jogok illetik meg, mint a t\u00f6bbi tanul\u00f3t, de a tan\u00f3rai \u00e9s az egy\u00e9b foglalkoz\u00e1sokon csak az igazgat\u00f3 el\u0151zetes enged\u00e9ly\u00e9vel vehet r\u00e9szt.<\/li>\n<li>Ha a tanul\u00f3 tanulm\u00e1nyi k\u00f6telezetts\u00e9g\u00e9t sz\u00fcl\u0151i k\u00e9relem alapj\u00e1n teljes\u00edti mag\u00e1ntanul\u00f3k\u00e9nt, felk\u00e9sz\u00edt\u00e9s\u00e9r\u0151l a sz\u00fcl\u0151 gondoskodik. Ha a d\u00f6nt\u00e9s alapja szak\u00e9rt\u0151i vagy szakorvosi v\u00e9lem\u00e9ny, a tanul\u00f3 felk\u00e9sz\u00edt\u00e9s\u00e9r\u0151l az iskol\u00e1nak kell gondoskodnia. Ebben az esetben az igazgat\u00f3 egyezeti a tanul\u00f3val, illetve a sz\u00fcl\u0151vel az iskolai foglalkoz\u00e1sok id\u0151pontj\u00e1t \u00e9s \u00fctemez\u00e9s\u00e9t.<\/li>\n<li>A mag\u00e1ntanul\u00f3nak a f\u00e9l\u00e9vi \u00e9s az \u00e9v v\u00e9gi oszt\u00e1lyzatok meg\u00e1llap\u00edt\u00e1s\u00e1hoz oszt\u00e1lyoz\u00f3 vizsg\u00e1t kell tennie. Az oszt\u00e1lyoz\u00f3 vizsg\u00e1k pontos id\u0151pontj\u00e1r\u00f3l \u00edr\u00e1sban \u00e9rtes\u00edtj\u00fck a tanul\u00f3t, a sz\u00f3beli t\u00e9telek megtal\u00e1lhat\u00f3k a\u00a0<u><strong>Vizsgat\u00e9telek<\/strong><\/u>\u00a0men\u00fcpont alatt.<\/li>\n<\/ul>\n<p><u><strong>El\u0151rehozott \u00e9retts\u00e9gi vizsga:<\/strong><\/u><\/p>\n<ul>\n<li>Ha a tanul\u00f3 valamely tant\u00e1rgyb\u00f3l eredm\u00e9nyes el\u0151rehozott \u00e9retts\u00e9gi vizsg\u00e1t tett, az iskola magasabb \u00e9vfolyam\u00e1n vagy \u00e9vism\u00e9tl\u00e9s eset\u00e9n \u2013 k\u00e9relm\u00e9re \u2013 az igazgat\u00f3 mentes\u00edti az adott tant\u00e1rgy tanul\u00e1sa al\u00f3l. A tanul\u00f3nak az \u00f3r\u00e1n nem kell jelen lennie, de az iskola \u00e9p\u00fclet\u00e9t nem hagyhatja el, \u00e9s a tan\u00edt\u00e1s rendj\u00e9t nem zavarhatja meg.<\/li>\n<li>Ha a tanul\u00f3 tov\u00e1bbra is szeretne r\u00e9szt venni az \u00f3r\u00e1kon, \u00e9s ez\u00e9rt nem k\u00e9relmezi a felment\u00e9s\u00e9t, az \u00e9v v\u00e9gi oszt\u00e1lyzathoz ebben az esetben is az oszt\u00e1lyoz\u00f3 vizsg\u00e1n kapott oszt\u00e1lyzatot kell be\u00edrni, mivel a tant\u00e1rgyi k\u00f6vetelm\u00e9nyeket m\u00e1r teljes\u00edtette.<\/li>\n<\/ul>\n<p><strong><u>SNI vagy BTM tanul\u00f3k:<\/u><\/strong><\/p>\n<ul>\n<li>A saj\u00e1tos nevel\u00e9si ig\u00e9ny\u0171 (SNI), illetve a beilleszked\u00e9si, tanul\u00e1si vagy magatart\u00e1si neh\u00e9zs\u00e9ggel k\u00fczd\u0151 (BTM) tanul\u00f3t az igazgat\u00f3 a 2011. \u00e9vi CXC. t\u00f6rv\u00e9ny a nemzeti k\u00f6znevel\u00e9sr\u0151l (Nkt.) 56. \u00a7 (1) bekezd\u00e9se szerint a szak\u00e9rt\u0151i v\u00e9lem\u00e9ny javaslata alapj\u00e1n\n<ul>\n<li>mentes\u00edtheti:\n<ul>\n<li>az egyes tant\u00e1rgyak vagy tananyagr\u00e9szek (p\u00e9ld\u00e1ul helyes\u00edr\u00e1s) \u00e9rdemjegyekkel t\u00f6rt\u00e9n\u0151 \u00e9rt\u00e9kel\u00e9se \u00e9s min\u0151s\u00edt\u00e9se al\u00f3l (helyette sz\u00f6veges \u00e9rt\u00e9kel\u00e9st is el\u0151\u00edrhat),<\/li>\n<li>a sz\u00f3beli vagy az \u00edr\u00e1sbeli sz\u00e1monk\u00e9r\u00e9s al\u00f3l,<\/li>\n<\/ul>\n<\/li>\n<li>enged\u00e9lyezheti az egy\u00e9ni b\u00e1n\u00e1sm\u00f3dot, ennek keret\u00e9ben:\n<ul>\n<li>a seg\u00e9deszk\u00f6z haszn\u00e1lat\u00e1t,<\/li>\n<li>sz\u00e1monk\u00e9r\u00e9skor a hosszabb felk\u00e9sz\u00fcl\u00e9si id\u0151t,<\/li>\n<li>a differenci\u00e1lt feladatkijel\u00f6l\u00e9st \u00e9s \u00e9rt\u00e9kel\u00e9st.<\/li>\n<\/ul>\n<\/li>\n<\/ul>\n<\/li>\n<li>A mentes\u00edt\u00e9s ir\u00e1nti \u00edr\u00e1sbeli k\u00e9relmet a tanul\u00f3, illetve kiskor\u00fa tanul\u00f3 eset\u00e9n a sz\u00fcl\u0151 ny\u00fajtja be az iskola igazgat\u00f3j\u00e1nak, mell\u00e9kelve az \u00e9rv\u00e9nyes, jogszab\u00e1lyban meghat\u00e1rozott szak\u00e9rt\u0151i v\u00e9lem\u00e9nyt.<\/li>\n<li>Az egyes tant\u00e1rgyak vagy tananyagr\u00e9szek \u00e9rdemjegyekkel t\u00f6rt\u00e9n\u0151 \u00e9rt\u00e9kel\u00e9se \u00e9s min\u0151s\u00edt\u00e9se al\u00f3l mentes\u00edtett tanul\u00f3nak a tan\u00edt\u00e1si \u00f3r\u00e1kon akt\u00edvan r\u00e9szt kell vennie, de oszt\u00e1lyzatot nem kap.<\/li>\n<li>A mentes\u00edtett tanul\u00f3 az Nkt. 47. \u00a7 (8) bekezd\u00e9se alapj\u00e1n fejleszt\u0151 foglalkoz\u00e1sra jogosult, illetve az igazgat\u00f3 k\u00f6telez\u0151v\u00e9 teheti a felz\u00e1rk\u00f3ztat\u00f3 foglalkoz\u00e1son val\u00f3 r\u00e9szv\u00e9telt.<\/li>\n<li>A mentes\u00edt\u00e9s 100\/1997 (VI. 13.) Korm. rendelet 20. \u00a7-a alapj\u00e1n az \u00e9retts\u00e9gi vizsg\u00e1n is \u00e9rv\u00e9nyes\u00edthet\u0151, ezt a tanul\u00f3nak az \u00e9retts\u00e9gi vizsg\u00e1ra val\u00f3 jelentkez\u00e9skor \u00edr\u00e1sban kell k\u00e9rv\u00e9nyeznie az igazgat\u00f3t\u00f3l.<\/li>\n<\/ul>\n<p><strong><u>Testnevel\u00e9s:<\/u><\/strong><\/p>\n<ul>\n<li>Az iskolai testnevel\u00e9s\u00f3r\u00e1r\u00f3l \u2013 szakorvosi javaslat alapj\u00e1n \u2013 az iskolaorvos mentheti fel a tanul\u00f3t r\u00e9szlegesen vagy egy tan\u00e9vre vonatkoz\u00f3an, illetve gy\u00f3gytestnevel\u00e9sre vagy k\u00f6nny\u00edtett testnevel\u00e9sre utalhatja.<\/li>\n<li>A felment\u00e9s akkor tekinthet\u0151 \u00e9rv\u00e9nyesnek, ha az iskolaorvos az ellen\u0151rz\u0151be be\u00edrta, \u00e9s az oszt\u00e1lyf\u0151n\u00f6k \u2013 a kateg\u00f3ria megjel\u00f6l\u00e9s\u00e9vel \u2013 az oszt\u00e1lynapl\u00f3ba is bejegyezte.<\/li>\n<li>A mindennapos testnevel\u00e9s keret\u00e9ben megszervezett heti k\u00e9t \u00f3ra sportk\u00f6r\u00f6n val\u00f3 r\u00e9szv\u00e9tel al\u00f3l a versenyszer\u0171en sporttev\u00e9kenys\u00e9get folytat\u00f3, igazolt, egyes\u00fcleti tags\u00e1ggal rendelkez\u0151 vagy amat\u0151r sportol\u00f3i sportszerz\u0151d\u00e9s alapj\u00e1n sportol\u00f3 tanul\u00f3 mentes\u00fclhet. Az igazgat\u00f3hoz beny\u00fajtott sz\u00fcl\u0151i k\u00e9relemhez csatolni kell a tan\u00e9vre \u00e9rv\u00e9nyes versenyenged\u00e9ly f\u00e9nym\u00e1solat\u00e1t \u00e9s a sportszervezet \u00e1ltal ki\u00e1ll\u00edtott igazol\u00e1st arr\u00f3l, hogy a tanul\u00f3 r\u00e9szt vesz az edz\u00e9seken \u00e9s a versenyeken.<\/li>\n<li>Egy \u00f3r\u00e1ra felment\u00e9st \u2013 a sz\u00fcl\u0151 el\u0151zetes \u00edr\u00e1sbeli k\u00e9relm\u00e9re vagy egy\u00e9ni m\u00e9rlegel\u00e9s alapj\u00e1n \u2013 a testnevel\u0151 tan\u00e1r adhat.<\/li>\n<li>A k\u00f6nny\u00edtett testnevel\u00e9sre utalt tanul\u00f3nak a testnevel\u00e9s\u00f3r\u00e1kon k\u00f6telez\u0151 r\u00e9szt vennie, de mentes\u00fcl a szakorvos \u00e1ltal nem aj\u00e1nlott feladatok v\u00e9grehajt\u00e1sa al\u00f3l.<\/li>\n<li>Az iskolaorvos \u00e1ltal felmentett tanul\u00f3nak a testnevel\u00e9s\u00f3r\u00e1kon jelen kell lennie, kiv\u00e9ve, ha az az els\u0151 vagy utols\u00f3 \u00f3r\u00e1ra esik, illetve ha a szaktan\u00e1r \u2013 a m\u00e1sik pedag\u00f3gussal val\u00f3 el\u0151zetes egyeztet\u00e9s ut\u00e1n \u2013 enged\u00e9lyezte sz\u00e1m\u00e1ra, hogy tan\u00e1ri fel\u00fcgyelet mellett a tanulm\u00e1nyaival \u00f6sszef\u00fcgg\u0151 feladatokat v\u00e9gezzen.<\/li>\n<li>A gy\u00f3gytestnevel\u00e9sre utalt tanul\u00f3nak a kijel\u00f6lt int\u00e9zm\u00e9nyben k\u00f6telez\u0151 a gy\u00f3gytestnevel\u00e9s-\u00f3r\u00e1kon r\u00e9szt vennie. Jelenl\u00e9t\u00e9t a gy\u00f3gytestnevel\u0151 tan\u00e1rral minden \u00f3r\u00e1n igazoltatnia kell, \u00e9s az ellen\u0151rz\u0151j\u00e9t az oszt\u00e1lyf\u0151n\u00f6knek havonta be kell mutatnia.<\/li>\n<\/ul>\n","protected":false},"excerpt":{"rendered":"<p>FELMENT\u00c9SEK, MENTES\u00cdT\u00c9SEK A felment\u00e9sek, mentes\u00edt\u00e9sek fajt\u00e1i: Az igazgat\u00f3 a tanul\u00f3t k\u00e9relm\u00e9re (kiskor\u00fa tanul\u00f3 eset\u00e9n a sz\u00fcl\u0151 k\u00e9relm\u00e9re), ha azt egy\u00e9ni adotts\u00e1ga, saj\u00e1tos nevel\u00e9si ig\u00e9nye vagy saj\u00e1tos helyzete indokoltt\u00e1 teszi, r\u00e9szben vagy eg\u00e9szben mentes\u00edtheti a k\u00f6telez\u0151 tan\u00edt\u00e1si \u00f3r\u00e1kon val\u00f3 r\u00e9szv\u00e9tel al\u00f3l (a gyakorlati k\u00e9pz\u00e9s kiv\u00e9tel\u00e9vel), a k\u00e9szs\u00e9gt\u00e1rgyak tanul\u00e1sa al\u00f3l, egyes tant\u00e1rgyakb\u00f3l vagy tananyagr\u00e9szekb\u0151l az \u00e9rdemjegyekkel t\u00f6rt\u00e9n\u0151 &hellip;<\/p>\n","protected":false},"author":101934,"featured_media":0,"parent":548,"menu_order":18,"comment_status":"closed","ping_status":"closed","template":"","meta":{"_acf_changed":false,"footnotes":""},"categories":[],"tags":[],"class_list":["post-116","page","type-page","status-publish","hentry"],"acf":[],"_links":{"self":[{"href":"https:\/\/semmelweis.hu\/semmelweisiskola\/wp-json\/wp\/v2\/pages\/116","targetHints":{"allow":["GET"]}}],"collection":[{"href":"https:\/\/semmelweis.hu\/semmelweisiskola\/wp-json\/wp\/v2\/pages"}],"about":[{"href":"https:\/\/semmelweis.hu\/semmelweisiskola\/wp-json\/wp\/v2\/types\/page"}],"author":[{"embeddable":true,"href":"https:\/\/semmelweis.hu\/semmelweisiskola\/wp-json\/wp\/v2\/users\/101934"}],"replies":[{"embeddable":true,"href":"https:\/\/semmelweis.hu\/semmelweisiskola\/wp-json\/wp\/v2\/comments?post=116"}],"version-history":[{"count":7,"href":"https:\/\/semmelweis.hu\/semmelweisiskola\/wp-json\/wp\/v2\/pages\/116\/revisions"}],"predecessor-version":[{"id":832,"href":"https:\/\/semmelweis.hu\/semmelweisiskola\/wp-json\/wp\/v2\/pages\/116\/revisions\/832"}],"up":[{"embeddable":true,"href":"https:\/\/semmelweis.hu\/semmelweisiskola\/wp-json\/wp\/v2\/pages\/548"}],"wp:attachment":[{"href":"https:\/\/semmelweis.hu\/semmelweisiskola\/wp-json\/wp\/v2\/media?parent=116"}],"wp:term":[{"taxonomy":"category","embeddable":true,"href":"https:\/\/semmelweis.hu\/semmelweisiskola\/wp-json\/wp\/v2\/categories?post=116"},{"taxonomy":"post_tag","embeddable":true,"href":"https:\/\/semmelweis.hu\/semmelweisiskola\/wp-json\/wp\/v2\/tags?post=116"}],"curies":[{"name":"wp","href":"https:\/\/api.w.org\/{rel}","templated":true}]}}