{"id":108,"date":"2021-10-26T11:44:41","date_gmt":"2021-10-26T09:44:41","guid":{"rendered":"https:\/\/semmelweis.hu\/semmelweisiskola\/?page_id=108"},"modified":"2024-09-16T07:17:43","modified_gmt":"2024-09-16T05:17:43","slug":"csengetesi-rend","status":"publish","type":"page","link":"https:\/\/semmelweis.hu\/semmelweisiskola\/oktatas\/oktatasi-rend\/csengetesi-rend\/","title":{"rendered":"Csenget\u00e9si rend"},"content":{"rendered":"<p style=\"text-align: left\"><strong>CSENGET\u00c9SI REND<\/strong><\/p>\n<p style=\"text-align: center\"><b>Nappali munkarend<\/b><\/p>\n<table style=\"border-collapse: collapse;width: 100%;height: 264px\">\n<tbody>\n<tr>\n<td style=\"width: 50%\"><strong>0.<\/strong><\/td>\n<td style=\"width: 50%\"><strong>07:10-07:55<\/strong><\/td>\n<\/tr>\n<tr style=\"height: 33px\">\n<td style=\"width: 50%;height: 33px\"><strong>1.<\/strong><\/td>\n<td style=\"width: 50%;height: 33px\"><strong>08:00-08:45<\/strong><\/td>\n<\/tr>\n<tr style=\"height: 33px\">\n<td style=\"width: 50%;height: 33px\"><strong>2.<\/strong><\/td>\n<td style=\"width: 50%;height: 33px\"><strong>08:55-09:40<\/strong><\/td>\n<\/tr>\n<tr style=\"height: 33px\">\n<td style=\"width: 50%;height: 33px\"><strong>3.<\/strong><\/td>\n<td style=\"width: 50%;height: 33px\"><strong>10:00-10:45<\/strong><\/td>\n<\/tr>\n<tr style=\"height: 33px\">\n<td style=\"width: 50%;height: 33px\"><strong>4.<\/strong><\/td>\n<td style=\"width: 50%;height: 33px\"><strong>11:00-11:45<\/strong><\/td>\n<\/tr>\n<tr style=\"height: 33px\">\n<td style=\"width: 50%;height: 33px\"><strong>5.<\/strong><\/td>\n<td style=\"width: 50%;height: 33px\"><strong>11:55-12:40<\/strong><\/td>\n<\/tr>\n<tr style=\"height: 33px\">\n<td style=\"width: 50%;height: 33px\"><strong>6.<\/strong><\/td>\n<td style=\"width: 50%;height: 33px\"><strong>13:05-13:50<\/strong><\/td>\n<\/tr>\n<tr style=\"height: 33px\">\n<td style=\"width: 50%;height: 33px\"><strong>7.<\/strong><\/td>\n<td style=\"width: 50%;height: 33px\"><strong>14:00-14:45<\/strong><\/td>\n<\/tr>\n<tr style=\"height: 33px\">\n<td style=\"width: 50%;height: 33px\"><strong>8.<\/strong><\/td>\n<td style=\"width: 50%;height: 33px\"><strong>14:50-15:35<\/strong><\/td>\n<\/tr>\n<\/tbody>\n<\/table>\n<p>&nbsp;<\/p>\n<p style=\"text-align: center\"><b>Esti munkarend<\/b><\/p>\n<table style=\"border-collapse: collapse;width: 100%\">\n<tbody>\n<tr>\n<td style=\"width: 50%\"><strong>1.<\/strong><\/td>\n<td style=\"width: 50%\"><strong>15:00-15:45<\/strong><\/td>\n<\/tr>\n<tr>\n<td style=\"width: 50%\"><strong>2.<\/strong><\/td>\n<td style=\"width: 50%\"><strong>15:55-16:40<\/strong><\/td>\n<\/tr>\n<tr>\n<td style=\"width: 50%\"><strong>3.<\/strong><\/td>\n<td style=\"width: 50%\"><strong>16:50-17:35<\/strong><\/td>\n<\/tr>\n<tr>\n<td style=\"width: 50%\"><strong>4.<\/strong><\/td>\n<td style=\"width: 50%\"><strong>17:40-18:25<\/strong><\/td>\n<\/tr>\n<tr>\n<td style=\"width: 50%\"><strong>5.<\/strong><\/td>\n<td style=\"width: 50%\"><strong>18:30-19:15<\/strong><\/td>\n<\/tr>\n<tr>\n<td style=\"width: 50%\"><strong>6.\u00a0<\/strong><\/td>\n<td style=\"width: 50%\"><strong>19:30-20:15<\/strong><\/td>\n<\/tr>\n<tr>\n<td style=\"width: 50%\"><strong>7.<\/strong><\/td>\n<td style=\"width: 50%\"><strong>20:20-21:05<\/strong><\/td>\n<\/tr>\n<\/tbody>\n<\/table>\n<p>&nbsp;<\/p>\n<p style=\"text-align: center\"><b>Nappali munkarend, <br \/>\nr\u00f6vid\u00edtett csenget\u00e9s<\/b><\/p>\n<table style=\"border-collapse: collapse;width: 100%\">\n<tbody>\n<tr>\n<td style=\"width: 50%\"><strong>0.<\/strong><\/td>\n<td style=\"width: 50%\"><strong>07:10-07:45<\/strong><\/td>\n<\/tr>\n<tr>\n<td style=\"width: 50%\"><strong>1.<\/strong><\/td>\n<td style=\"width: 50%\"><strong>07:55-08:30<\/strong><\/td>\n<\/tr>\n<tr>\n<td style=\"width: 50%\"><strong>2.<\/strong><\/td>\n<td style=\"width: 50%\"><strong>08:40-09:15<\/strong><\/td>\n<\/tr>\n<tr>\n<td style=\"width: 50%\"><strong>3.<\/strong><\/td>\n<td style=\"width: 50%\"><strong>09:25-10:00<\/strong><\/td>\n<\/tr>\n<tr>\n<td style=\"width: 50%\"><strong>4.<\/strong><\/td>\n<td style=\"width: 50%\"><strong>10:10-10:45<\/strong><\/td>\n<\/tr>\n<tr>\n<td style=\"width: 50%\"><strong>5.<\/strong><\/td>\n<td style=\"width: 50%\"><strong>10:55-11:30<\/strong><\/td>\n<\/tr>\n<tr>\n<td style=\"width: 50%\"><strong>6.<\/strong><\/td>\n<td style=\"width: 50%\"><strong>11:40-12:15<\/strong><\/td>\n<\/tr>\n<tr>\n<td style=\"width: 50%\"><strong>7.<\/strong><\/td>\n<td style=\"width: 50%\"><strong>12:25-13:00<\/strong><\/td>\n<\/tr>\n<tr>\n<td style=\"width: 50%\"><strong>8.<\/strong><\/td>\n<td style=\"width: 50%\"><strong>13:10-13:45<\/strong><\/td>\n<\/tr>\n<\/tbody>\n<\/table>\n<p>&nbsp;<\/p>\n","protected":false},"excerpt":{"rendered":"<p>CSENGET\u00c9SI REND Nappali munkarend 0. 07:10-07:55 1. 08:00-08:45 2. 08:55-09:40 3. 10:00-10:45 4. 11:00-11:45 5. 11:55-12:40 6. 13:05-13:50 7. 14:00-14:45 8. 14:50-15:35 &nbsp; Esti munkarend 1. 15:00-15:45 2. 15:55-16:40 3. 16:50-17:35 4. 17:40-18:25 5. 18:30-19:15 6.\u00a0 19:30-20:15 7. 20:20-21:05 &nbsp; Nappali munkarend, r\u00f6vid\u00edtett csenget\u00e9s 0. 07:10-07:45 1. 07:55-08:30 2. 08:40-09:15 3. 09:25-10:00 4. 10:10-10:45 5. &hellip;<\/p>\n","protected":false},"author":101934,"featured_media":0,"parent":546,"menu_order":7,"comment_status":"closed","ping_status":"closed","template":"","meta":{"_acf_changed":false,"footnotes":""},"categories":[],"tags":[],"class_list":["post-108","page","type-page","status-publish","hentry"],"acf":[],"_links":{"self":[{"href":"https:\/\/semmelweis.hu\/semmelweisiskola\/wp-json\/wp\/v2\/pages\/108","targetHints":{"allow":["GET"]}}],"collection":[{"href":"https:\/\/semmelweis.hu\/semmelweisiskola\/wp-json\/wp\/v2\/pages"}],"about":[{"href":"https:\/\/semmelweis.hu\/semmelweisiskola\/wp-json\/wp\/v2\/types\/page"}],"author":[{"embeddable":true,"href":"https:\/\/semmelweis.hu\/semmelweisiskola\/wp-json\/wp\/v2\/users\/101934"}],"replies":[{"embeddable":true,"href":"https:\/\/semmelweis.hu\/semmelweisiskola\/wp-json\/wp\/v2\/comments?post=108"}],"version-history":[{"count":10,"href":"https:\/\/semmelweis.hu\/semmelweisiskola\/wp-json\/wp\/v2\/pages\/108\/revisions"}],"predecessor-version":[{"id":3085,"href":"https:\/\/semmelweis.hu\/semmelweisiskola\/wp-json\/wp\/v2\/pages\/108\/revisions\/3085"}],"up":[{"embeddable":true,"href":"https:\/\/semmelweis.hu\/semmelweisiskola\/wp-json\/wp\/v2\/pages\/546"}],"wp:attachment":[{"href":"https:\/\/semmelweis.hu\/semmelweisiskola\/wp-json\/wp\/v2\/media?parent=108"}],"wp:term":[{"taxonomy":"category","embeddable":true,"href":"https:\/\/semmelweis.hu\/semmelweisiskola\/wp-json\/wp\/v2\/categories?post=108"},{"taxonomy":"post_tag","embeddable":true,"href":"https:\/\/semmelweis.hu\/semmelweisiskola\/wp-json\/wp\/v2\/tags?post=108"}],"curies":[{"name":"wp","href":"https:\/\/api.w.org\/{rel}","templated":true}]}}