{"id":907,"date":"2025-02-22T19:03:05","date_gmt":"2025-02-22T18:03:05","guid":{"rendered":"https:\/\/semmelweis.hu\/selye\/?page_id=907"},"modified":"2025-02-22T19:03:05","modified_gmt":"2025-02-22T18:03:05","slug":"adatkezeles","status":"publish","type":"page","link":"https:\/\/semmelweis.hu\/selye\/adatkezeles\/","title":{"rendered":"Adatkezel\u00e9si t\u00e1j\u00e9koztat\u00f3"},"content":{"rendered":"<p class=\"c2\"><span class=\"c8 c14\">Az adatok v\u00e9delm\u00e9r\u0151l a\u00a0<\/span><span class=\"c9 c8\"><a class=\"c21\" href=\"https:\/\/www.google.com\/url?q=https:\/\/semmelweis.hu\/jogigfoig\/files\/2020\/08\/Adatvedelmi_Szabalyzat_hatalyos_2020_08_05.pdf&amp;sa=D&amp;source=editors&amp;ust=1740250753127314&amp;usg=AOvVaw0Om5bj2uWYkkb0Cmp_zOme\">Semmelweis Egyetem adatv\u00e9delmi, valamint a k\u00f6z\u00e9rdek\u0171 adatok megismer\u00e9s\u00e9re ir\u00e1nyul\u00f3 ig\u00e9nyek teljes\u00edt\u00e9s\u00e9nek, tov\u00e1bb\u00e1 a k\u00f6telez\u0151en k\u00f6zz\u00e9teend\u0151 adatok nyilv\u00e1noss\u00e1gra hozatal\u00e1nak rendj\u00e9r\u0151l sz\u00f3l\u00f3 szab\u00e1lyzata<\/a><\/span><span class=\"c8 c14\">\u00a0rendelkezik, tov\u00e1bb\u00e1 m\u00e9rvad\u00f3 m\u00e9g \u00a0az\u00a0<\/span><span class=\"c9 c8\"><a class=\"c21\" href=\"https:\/\/www.google.com\/url?q=https:\/\/semmelweis.hu\/jogigfoig\/files\/2019\/03\/Adatkezelesi-tajekoztato_hallgato.pdf&amp;sa=D&amp;source=editors&amp;ust=1740250753127529&amp;usg=AOvVaw1qpLdCo71a5AFLoEMOCklQ\">Adatkezel\u00e9si t\u00e1j\u00e9koztat\u00f3 a szem\u00e9lyes adatok kezel\u00e9s\u00e9r\u0151l &#8211; a hallgat\u00f3i jogviszonyhoz kapcsol\u00f3d\u00f3an<\/a><\/span><span class=\"c8 c12\">\u00a0dokumentum.<\/span><\/p>\n<p class=\"c2\"><span class=\"c8 c14\">A Semmelweis Egyetem Selye J\u00e1nos Doktorandusz Szakkoll\u00e9giumba online regisztr\u00e1l\u00f3k adataival kapcsolatban a saj\u00e1t adatkezel\u00e9si t\u00e1j\u00e9koztat\u00f3 szerint j\u00e1runk el. K\u00e9rd\u00e9s\u00e9vel, k\u00e9r\u00e9s\u00e9vel kapcsolatban forduljon hozz\u00e1nk bizalommal az\u00a0<\/span><span class=\"c9 c8 c26\"><a class=\"c21\" href=\"mailto:semmelweis.phd.dormitory@gmail.com\">semmelweis.phd.dormitory@gmail.com<\/a><\/span><span class=\"c8 c24\">\u00a0<\/span><span class=\"c12 c8\">e-mail c\u00edmen.<\/span><\/p>\n<p class=\"c4\">\u00a0<\/p>\n<p id=\"h.gjdgxs\" class=\"c2\"><span class=\"c16 c8\">1. Adatkezel\u00e9si t\u00e1j\u00e9koztat\u00f3 &#8211; Semmelweis Egyetem Selye J\u00e1nos Doktorandusz Szakkoll\u00e9gium<\/span><\/p>\n<p class=\"c2\"><span class=\"c3\">Semmelweis Egyetem Selye J\u00e1nos Doktorandusz Szakkoll\u00e9gium tagjai sz\u00e1m\u00e1ra<\/span><\/p>\n<p class=\"c2\"><span class=\"c3\">a term\u00e9szetes szem\u00e9lyeknek a szem\u00e9lyes adatok kezel\u00e9se tekintet\u00e9ben t\u00f6rt\u00e9n\u0151 v\u00e9delm\u00e9r\u0151l \u00e9s az ilyen adatok szabad \u00e1raml\u00e1s\u00e1r\u00f3l, valamint a 95\/46\/EK ir\u00e1nyelv hat\u00e1lyon k\u00edv\u00fcl helyez\u00e9s\u00e9r\u0151l (\u00e1ltal\u00e1nos adatv\u00e9delmi rendelet) sz\u00f3l\u00f3 2016. \u00e1prilis 27-i (EU) 2016\/679. sz. Eur\u00f3pai Parlament \u00e9s a Tan\u00e1cs Rendelet (a tov\u00e1bbiakban: GDPR), valamint az inform\u00e1ci\u00f3s \u00f6nrendelkez\u00e9si jogr\u00f3l \u00e9s az inform\u00e1ci\u00f3szabads\u00e1gr\u00f3l sz\u00f3l\u00f3 2011. \u00e9vi CXII. t\u00f6rv\u00e9ny (a tov\u00e1bbiakban: Infotv.), tov\u00e1bb\u00e1 a nemzeti fels\u0151oktat\u00e1sr\u00f3l sz\u00f3l\u00f3 2011. \u00e9vi CCIV. t\u00f6rv\u00e9ny (a tov\u00e1bbiakban: Nftv.) \u00e9s az oktat\u00e1si nyilv\u00e1ntart\u00e1sr\u00f3l sz\u00f3l\u00f3 2018. \u00e9vi LXXXIX. t\u00f6rv\u00e9ny (a tov\u00e1bbiakban: Oktny.tv.) alapj\u00e1n a Semmelweis Egyetem ezen bel\u00fcl a Semmelweis Egyetem Selye J\u00e1nos Doktorandusz Szakkoll\u00e9gium, mint Adatkezel\u0151 a szem\u00e9lyes adatok kezel\u00e9se k\u00f6r\u00e9ben az al\u00e1bbi t\u00e1j\u00e9koztat\u00e1st ny\u00fajtja:<\/span><\/p>\n<p class=\"c2\"><span class=\"c10 c8\">Az adatkezel\u00e9s c\u00e9lja:\u00a0<\/span><span class=\"c8 c19\">\u00a0<\/span><span class=\"c3\">\u00a0<\/span><\/p>\n<p class=\"c2\"><span class=\"c8\">C\u00e9lunk a Semmelweis Egyetem Selye J\u00e1nos Doktorandusz Szakkoll\u00e9gium fenntart\u00e1sa \u00e9s folyamatos fejleszt\u00e9se annak \u00e9rdek\u00e9ben, hogy az int\u00e9zm\u00e9ny\u00fcnk hallgat\u00f3i fenntarthass\u00e1k a kapcsolatot az Egyetemmel \u00e9s egym\u00e1ssal, ennek \u00e9rdek\u00e9ben a Semmelweis Egyetem Selye J\u00e1nos Doktorandusz Szakkoll\u00e9gium folyamatosan b\u0151v\u00fcl\u0151 szolg\u00e1ltat\u00e1saival, rendezv\u00e9nyeivel, kommunik\u00e1ci\u00f3s fel\u00fcleteivel, h\u00edrleveleivel, inform\u00e1ci\u00f3s szolg\u00e1ltat\u00e1saival, jelenlegi \u00e9s v\u00e9gzett hallgat\u00f3inak sz\u00e1nt kedvezm\u00e9nyekkel szeretn\u00e9 er\u0151s\u00edteni a k\u00f6t\u0151d\u00e9s\u00e9t az Egyetemhez \u00e9s a kutat\u00f3i tev\u00e9kenys\u00e9ghez. Adatkezel\u00e9s\u00fcnk tov\u00e1bbi c\u00e9lja a jelenlegi \u00e9s v\u00e9gzett hallgat\u00f3k szakmai \u00e9s tudom\u00e1nyos \u00e9letp\u00e1ly\u00e1j\u00e1nak k\u00f6vet\u00e9se, diplom\u00e1s p\u00e1lyak\u00f6vet\u0151 rendszer m\u0171k\u00f6dtet\u00e9se, a karrier \u00fat egy\u00e9ni vagy csoportos t\u00e1mogat\u00e1sa tudom\u00e1nyos \u00e9letp\u00e1lya- \u00e9s karrier-tan\u00e1csad\u00e1ssal, kutat\u00e1s-fejleszt\u00e9si p\u00e1ly\u00e1zatok \u00e9s lehet\u0151s\u00e9gek, \u00e1ll\u00e1saj\u00e1nlatok k\u00f6zvet\u00edt\u00e9se a megfelel\u0151 tudom\u00e1nyos pl\u00e9num vagy a munkaer\u0151piaci szerepl\u0151k bevon\u00e1s\u00e1val, tov\u00e1bb\u00e1 k\u00f6t\u00f6tt \u00e9s k\u00f6tetlen tal\u00e1lkoz\u00f3k megszervez\u00e9se \u00e9s adom\u00e1nygy\u0171jt\u00e9s szervez\u00e9se a Semmelweis Egyetem sz\u00e1m\u00e1ra.<\/span><\/p>\n<p class=\"c2\"><span class=\"c3\">A Semmelweis Egyetem Selye J\u00e1nos Doktorandusz Szakkoll\u00e9gium adatb\u00e1zisba val\u00f3 regisztr\u00e1ci\u00f3val a tagok hozz\u00e1j\u00e1rulnak ahhoz, hogy adataikat az adatkezel\u0151 feldolgozza.<\/span><\/p>\n<p class=\"c6\"><span class=\"c8 c15\">Mire haszn\u00e1ljuk az \u00d6n adatait?<\/span><span class=\"c3\">\u00a0<\/span><\/p>\n<p class=\"c6 c7\"><span class=\"c8 c14\">a)<\/span><span class=\"c11\">\u00a0<\/span><span class=\"c3\">a regisztr\u00e1lt hallgat\u00f3k \u00e9s alumnusok sz\u00e1m\u00e1ra a Semmelweis Egyetemen a tudom\u00e1nyos \u00e9letp\u00e1lyamodell t\u00e1mogat\u00e1sa, \u00e9lethosszig tart\u00f3 tanul\u00e1s, a szak- \u00e9s tov\u00e1bbk\u00e9pz\u00e9s t\u00e1mogat\u00e1sa, p\u00e1lyafut\u00e1suk k\u00f6vet\u00e9se;<\/span><\/p>\n<p class=\"c6 c7\"><span class=\"c8 c14\">b)<\/span><span class=\"c11\">\u00a0\u00a0<\/span><span class=\"c3\">a nagy tapasztalattal \u00e9s ismeretekkel rendelkez\u0151, h\u00edres \u00e9s p\u00e9ldak\u00e9pk\u00e9nt tekinthet\u0151 Semmelweis Diplom\u00e1sok sz\u00e1m\u00e1ra lehet\u0151v\u00e9 tenni, hogy tud\u00e1sukat rendszeresen megoszthass\u00e1k a feln\u00f6vekv\u0151 kutat\u00f3i gener\u00e1ci\u00f3val, a jelen \u00e9s v\u00e9gzett hallgat\u00f3ival \u00e9s oktat\u00f3ival;<\/span><\/p>\n<p class=\"c6 c7\"><span class=\"c8 c14\">c)<\/span><span class=\"c11\">\u00a0\u00a0<\/span><span class=\"c3\">a Semmelweis Egyetem hazai \u00e9s nemzetk\u00f6zi h\u00edrnev\u00e9nek, rangsorokban elfoglalt hely\u00e9nek meg\u0151rz\u00e9se, folyamatos er\u0151s\u00edt\u00e9se;<\/span><\/p>\n<p class=\"c6 c7\"><span class=\"c8 c14\">d)<\/span><span class=\"c11\">\u00a0 \u00a0 \u00a0<\/span><span class=\"c3\">a Semmelweis Egyetem k\u00e9pz\u00e9sei ir\u00e1nti \u00e9rdekl\u0151d\u00e9s fenntart\u00e1sa, gener\u00e1l\u00e1sa;<\/span><\/p>\n<p class=\"c6 c7\"><span class=\"c8 c14\">e)<\/span><span class=\"c11\">\u00a0 \u00a0 \u00a0<\/span><span class=\"c3\">tehets\u00e9ges hallgat\u00f3k, illetve kutat\u00f3k tanulm\u00e1nyainak, illetve kutat\u00e1s\u00e1nak t\u00e1mogat\u00e1sa;<\/span><\/p>\n<p class=\"c6 c7\"><span class=\"c8 c14\">f)<\/span><span class=\"c11\">\u00a0 \u00a0 \u00a0 \u00a0<\/span><span class=\"c3\">az egyetemi hagyom\u00e1nyok sz\u00e9lesebb k\u00f6r\u0171 \u00e9s magasabb szinten t\u00f6rt\u00e9n\u0151 \u00e1pol\u00e1sa;<\/span><\/p>\n<p class=\"c6 c7\"><span class=\"c8 c14\">g)<\/span><span class=\"c11\">\u00a0 \u00a0\u00a0<\/span><span class=\"c3\">mindezekr\u0151l az SE szellemis\u00e9g\u00e9t k\u00f6vet\u0151, rendszeres \u00e9s folyamatos kommunik\u00e1ci\u00f3val h\u00edrt adni;<\/span><\/p>\n<p class=\"c6 c7\"><span class=\"c8 c14\">h)<\/span><span class=\"c11\">\u00a0<\/span><span class=\"c3\">a regisztr\u00e1lt tagok sz\u00e1m\u00e1ra v\u00e1ltozatos, \u00e9rdekl\u0151d\u00e9si k\u00f6r\u00fcknek megfelel\u0151 tudom\u00e1nyos, szoci\u00e1lis \u00e9s szabadid\u0151s lehet\u0151s\u00e9gek biztos\u00edt\u00e1sa.<\/span><\/p>\n<p class=\"c1\">\u00a0<\/p>\n<p class=\"c1\">\u00a0<\/p>\n<p class=\"c1\">\u00a0<\/p>\n<p class=\"c2\"><span class=\"c10 c8\">A kezelt adatok k\u00f6re:<\/span><\/p>\n<p class=\"c2\"><span class=\"c3\">A regisztr\u00e1ci\u00f3hoz k\u00f6telez\u0151 megadni az al\u00e1bbi adatokat:<\/span><\/p>\n<ul class=\"c23 lst-kix_9rr7kg4e7vqu-0 start\">\n<li class=\"c0 li-bullet-0\"><span class=\"c3\">n\u00e9v, e-mail c\u00edm<\/span><\/li>\n<li class=\"c0 li-bullet-0\"><span class=\"c3\">mesterdiploma kibocs\u00e1t\u00f3ja<\/span><\/li>\n<li class=\"c0 li-bullet-0\"><span class=\"c3\">doktori iskola<\/span><\/li>\n<li class=\"c0 li-bullet-0\"><span class=\"c3\">doktori iskol\u00e1ba val\u00f3 beiratkoz\u00e1s d\u00e1tuma<\/span><\/li>\n<li class=\"c0 li-bullet-0\"><span class=\"c3\">jelenlegi munkahely vagy kutat\u00e1si hely<\/span><\/li>\n<li class=\"c0 li-bullet-0\"><span class=\"c3\">jelenlegi kutat\u00e1si t\u00e9ma<\/span><\/li>\n<li class=\"c0 li-bullet-0\"><span class=\"c3\">t\u00e9mavezet\u0151<\/span><\/li>\n<li class=\"c0 li-bullet-0\"><span class=\"c3\">\u00f6n\u00e9letrajz<\/span><\/li>\n<\/ul>\n<p class=\"c2\"><span class=\"c15 c8 c27\">A regisztr\u00e1ci\u00f3 sor\u00e1n megadhatja az al\u00e1bbi adatokat:<\/span><\/p>\n<ul class=\"c23 lst-kix_ourhz5k8m15d-0 start\">\n<li class=\"c0 li-bullet-0\"><span class=\"c3\">telefonsz\u00e1m<\/span><\/li>\n<li class=\"c0 li-bullet-0\"><span class=\"c3\">eddigi eredm\u00e9nyek<\/span><\/li>\n<\/ul>\n<p class=\"c28\">\u00a0<\/p>\n<p class=\"c2\"><span class=\"c3\">A regisztr\u00e1ci\u00f3 d\u00e1tum\u00e1t a rendszer automatikusan r\u00f6gz\u00edti.<\/span><\/p>\n<p class=\"c1\">\u00a0<\/p>\n<p class=\"c2\"><span class=\"c16 c8\">Vonatkoz\u00f3 id\u00e9zetek a hallgat\u00f3i adatkezel\u00e9si t\u00e1j\u00e9koztat\u00f3b\u00f3l (https:\/\/semmelweis.hu\/jogigfoig\/files\/2019\/03\/Adatkezelesi-tajekoztato_hallgato.pdf) :<\/span><\/p>\n<p class=\"c2\"><span class=\"c10 c8\">Az adatkezel\u00e9s jogalapjai<\/span><\/p>\n<p class=\"c2\"><span class=\"c3\">Jogszer\u0171 az adatkezel\u00e9s, ha<\/span><\/p>\n<p class=\"c2\"><span class=\"c3\">a.) az \u00e9rintett hozz\u00e1j\u00e1rul\u00e1s\u00e1t adta szem\u00e9lyes adatainak egy vagy t\u00f6bb konkr\u00e9t c\u00e9lb\u00f3l t\u00f6rt\u00e9n\u0151 kezel\u00e9s\u00e9hez;<\/span><\/p>\n<p class=\"c2\"><span class=\"c3\">b.) az adatkezel\u00e9s olyan szerz\u0151d\u00e9s teljes\u00edt\u00e9s\u00e9hez sz\u00fcks\u00e9ges, amelyben az \u00e9rintett az egyik f\u00e9l, vagy az a szerz\u0151d\u00e9s megk\u00f6t\u00e9s\u00e9t megel\u0151z\u0151en az \u00e9rintett k\u00e9r\u00e9s\u00e9re t\u00f6rt\u00e9n\u0151 l\u00e9p\u00e9sek megt\u00e9tel\u00e9hez sz\u00fcks\u00e9ges;<\/span><\/p>\n<p class=\"c2\"><span class=\"c3\">c.) az adatkezel\u00e9s az adatkezel\u0151re vonatkoz\u00f3 jogi k\u00f6telezetts\u00e9g teljes\u00edt\u00e9s\u00e9hez sz\u00fcks\u00e9ges;<\/span><\/p>\n<p class=\"c2\"><span class=\"c3\">d.) az adatkezel\u00e9s az \u00e9rintett vagy egy m\u00e1sik term\u00e9szetes szem\u00e9ly l\u00e9tfontoss\u00e1g\u00fa \u00e9rdekeinek v\u00e9delme miatt sz\u00fcks\u00e9ges;<\/span><\/p>\n<p class=\"c2\"><span class=\"c3\">e.) az adatkezel\u00e9s k\u00f6z\u00e9rdek\u0171 vagy az adatkezel\u0151re ruh\u00e1zott k\u00f6zhatalmi jogos\u00edtv\u00e1ny gyakorl\u00e1s\u00e1nak keret\u00e9ben v\u00e9gzett feladat v\u00e9grehajt\u00e1s\u00e1hoz sz\u00fcks\u00e9ges;<\/span><\/p>\n<p class=\"c2\"><span class=\"c3\">f.) az adatkezel\u00e9s az adatkezel\u0151 vagy egy harmadik f\u00e9l jogos \u00e9rdekeinek \u00e9rv\u00e9nyes\u00edt\u00e9s\u00e9hez sz\u00fcks\u00e9ges, kiv\u00e9ve, ha ezen \u00e9rdekekkel szemben els\u0151bbs\u00e9get \u00e9lveznek az \u00e9rintett olyan \u00e9rdekei vagy alapvet\u0151 jogai \u00e9s szabads\u00e1gai, amelyek szem\u00e9lyes adatok v\u00e9delm\u00e9t teszik sz\u00fcks\u00e9gess\u00e9, k\u00fcl\u00f6n\u00f6sen, ha az \u00e9rintett gyermek.<\/span><\/p>\n<p class=\"c2\"><span class=\"c5\">A hozz\u00e1j\u00e1rul\u00e1s felt\u00e9telei<\/span><\/p>\n<p class=\"c2\"><span class=\"c3\">Amennyiben a szem\u00e9lyes adatok kezel\u00e9s\u00e9t nem tag\u00e1llami jog hat\u00e1rozza meg, \u00e9s nem alkalmazhat\u00f3ak a hivatkozott jogszab\u00e1lyok \u00e1ltal meghat\u00e1rozott egy\u00e9b jogalapok, a szem\u00e9lyes adatok kiz\u00e1r\u00f3lag az \u00e9rintettek hozz\u00e1j\u00e1rul\u00e1sa alapj\u00e1n kezelhet\u0151ek. Ilyen adatkezel\u00e9snek min\u0151s\u00fclnek pl. kapcsolattart\u00e1si adatok megad\u00e1sa, \u00f6n\u00e9letrajz beny\u00fajt\u00e1sa, szabadid\u0151 tev\u00e9kenys\u00e9ggel kapcsolatos adatlap kit\u00f6lt\u00e9se \u00e9s lead\u00e1sa, tanulm\u00e1nyok teljes\u00edt\u00e9s\u00e9vel \u00f6sszef\u00fcgg\u0151 egy\u00e9b adatkezel\u00e9sek, tanulm\u00e1nyi verseny, p\u00e1ly\u00e1zat eredm\u00e9ny\u00e9nek r\u00f6gz\u00edt\u00e9se, az Egyetem SZMSZ-\u00e9ben \u00e9s szab\u00e1lyzataiban nem r\u00e9szletezett dokumentumok kit\u00f6lt\u00e9se.<\/span><\/p>\n<p class=\"c2\"><span class=\"c3\">A hozz\u00e1j\u00e1rul\u00e1s az \u00e9rintett akarat\u00e1nak \u00f6nk\u00e9ntes, hat\u00e1rozott \u00e9s megfelel\u0151 t\u00e1j\u00e9koztat\u00e1son alapul\u00f3 egy\u00e9rtelm\u0171 kinyilv\u00e1n\u00edt\u00e1sa, amellyel az \u00e9rintett nyilatkozat vagy az akarat\u00e1t f\u00e9lre\u00e9rthetetlen\u00fcl kifejez\u0151 m\u00e1s magatart\u00e1s \u00fatj\u00e1n jelzi, hogy beleegyez\u00e9s\u00e9t adja a r\u00e1 vonatkoz\u00f3 szem\u00e9lyes adatok kezel\u00e9s\u00e9hez.<br \/>\nAz \u00e9rintett jogosult arra, hogy hozz\u00e1j\u00e1rul\u00e1s\u00e1t b\u00e1rmikor visszavonja. A hozz\u00e1j\u00e1rul\u00e1s visszavon\u00e1sa nem \u00e9rinti azonban a hozz\u00e1j\u00e1rul\u00e1son alapul\u00f3, a visszavon\u00e1s el\u0151tti adatkezel\u00e9s jogszer\u0171s\u00e9g\u00e9t.<\/span><\/p>\n<p class=\"c2\"><span class=\"c10 c8\">A jogos \u00e9rdek megjel\u00f6l\u00e9se<\/span><span class=\"c3\">\u00a0<\/span><\/p>\n<p class=\"c2\"><span class=\"c3\">A Semmelweis Egyetem Selye J\u00e1nos Doktorandusz Szakkoll\u00e9gium aktu\u00e1lis \u00e9s kor\u00e1bbi hallgat\u00f3inak megfelel\u0151 adatkezel\u00e9s\u00e9t \u00e9s p\u00e1lyak\u00f6vet\u00e9s\u00e9t az Semmelweis Egyetem Selye J\u00e1nos Doktorandusz Szakkoll\u00e9gium v\u00e9gzi.<\/span><\/p>\n<p class=\"c2\"><span class=\"c5\">Az adatok meg\u0151rz\u00e9s\u00e9nek helye, adatbiztons\u00e1gi rendelkez\u00e9sek<\/span><\/p>\n<p class=\"c2\"><span class=\"c3\">Az Adatkezel\u0151 az Adatv\u00e9delmi Szab\u00e1lyzata, Informatikai Biztons\u00e1gi Szab\u00e1lyzata, Informatikai \u00dczemeltet\u00e9si \u00e9s H\u00e1l\u00f3zati Szab\u00e1lyzata, valamint Iratkezel\u00e9si Szab\u00e1lyzata alapj\u00e1n kezeli \u00e9s \u0151rzi a szem\u00e9lyes adatokat tartalmaz\u00f3 inform\u00e1ci\u00f3hordoz\u00f3kat.<\/span><\/p>\n<p class=\"c2\"><span class=\"c5\">Az adatok gy\u0171jt\u00e9s\u00e9nek forr\u00e1sa<\/span><\/p>\n<p class=\"c2\"><span class=\"c3\">a.) K\u00f6zvetlen\u00fcl az \u00e9rintett\u0151l.<\/span><\/p>\n<p class=\"c2\"><span class=\"c3\">b.) Adat\u00e1tv\u00e9tel jogszab\u00e1ly rendelkez\u00e9se alapj\u00e1n.<\/span><\/p>\n<p class=\"c2\"><span class=\"c5\">Az adatok tov\u00e1bb\u00edt\u00e1sa<\/span><\/p>\n<p class=\"c2\"><span class=\"c3\">A szem\u00e9lyes adatok uni\u00f3s vagy a tag\u00e1llami joggal \u2013 t\u00f6bbek k\u00f6z\u00f6tt az Oktny.tv. 7. \u00a7; (1) bek. a.); (5) bek.; (17) \u2013 (25) bek.; Nftv. 3. sz. mell\u00e9klet I\/B. 4. pont szerint &#8211; \u00f6sszhangban t\u00f6rt\u00e9n\u0151 tov\u00e1bb\u00edt\u00e1s\u00e1n t\u00falmen\u0151en az Adatkezel\u0151 szem\u00e9lyes adatot meghat\u00e1rozott harmadik szem\u00e9ly, vagy a nyilv\u00e1noss\u00e1g sz\u00e1m\u00e1ra nem tesz hozz\u00e1f\u00e9rhet\u0151v\u00e9. A GDPR 4. cikk 9. pontja alapj\u00e1n azon k\u00f6zhatalmi szervek adatkezel\u00e9se, amelyek egy egyedi vizsg\u00e1lat keret\u00e9ben az uni\u00f3s vagy a tag\u00e1llami joggal \u00f6sszhangban f\u00e9rhetnek hozz\u00e1 szem\u00e9lyes adatokhoz, meg kell, hogy feleljen az adatkezel\u00e9s c\u00e9ljainak megfelel\u0151en az alkalmazand\u00f3 adatv\u00e9delmi szab\u00e1lyoknak. Ezen szervek adatkezel\u00e9s\u00e9nek jogszer\u0171s\u00e9g\u00e9\u00e9rt az Adatkezel\u0151 nem tartozik felel\u0151ss\u00e9ggel.<\/span><\/p>\n<p class=\"c2\"><span class=\"c5\">Az \u00e9rintettek jogai, jogaik \u00e9rv\u00e9nyes\u00fcl\u00e9s\u00e9nek biztos\u00edt\u00e1sa<\/span><\/p>\n<p class=\"c2\"><span class=\"c3\">Az \u00e9rintettek az Infotv.-ben \u00e9s a GDPR-ban meghat\u00e1rozottak szerint, az ott r\u00f6gz\u00edtett felt\u00e9telekkel jogosultak:<\/span><\/p>\n<ul class=\"c23 lst-kix_ac31vn7gf4oz-0 start\">\n<li class=\"c0 li-bullet-0\"><span class=\"c3\">t\u00e1j\u00e9koztat\u00e1shoz val\u00f3 joghoz [GDPR 12-14. cikk; Infotv. 16. \u00a7];<\/span><\/li>\n<li class=\"c0 li-bullet-0\"><span class=\"c3\">\u00a0hozz\u00e1f\u00e9r\u00e9si joghoz [GDPR 15. cikk; Infotv. 17. \u00a7];<\/span><\/li>\n<li class=\"c0 li-bullet-0\"><span class=\"c3\">helyesb\u00edt\u00e9si joghoz [GDPR 16.;19 cikk; Infotv. 18., 21 \u00a7];<\/span><\/li>\n<li class=\"c0 li-bullet-0\"><span class=\"c3\">t\u00f6rl\u00e9shez val\u00f3 joghoz [GDPR 17.; 19 cikk; Infotv. 20.,21. \u00a7], felt\u00e9ve, hogy az adat kezel\u00e9s\u00e9t nem jogszab\u00e1ly \u00edrja el\u0151, vagy teszi lehet\u0151v\u00e9;<\/span><\/li>\n<li class=\"c0 li-bullet-0\"><span class=\"c3\">korl\u00e1toz\u00e1shoz val\u00f3 joghoz [GDPR 18.; 19 cikk; Infotv. 19.,21. \u00a7];<\/span><\/li>\n<li class=\"c0 li-bullet-0\"><span class=\"c3\">\u00a0adathordozhat\u00f3s\u00e1ghoz val\u00f3 joghoz [GDPR 20. cikk];<\/span><\/li>\n<li class=\"c0 li-bullet-0\"><span class=\"c3\">a hozz\u00e1j\u00e1rul\u00e1s visszavon\u00e1s\u00e1hoz val\u00f3 joghoz [GDPR 7. cikk (3) bek.];<\/span><\/li>\n<li class=\"c2 c22 li-bullet-0\"><span class=\"c3\">tiltakoz\u00e1shoz val\u00f3 joghoz [GDPR 21. cikk.]<\/span><\/li>\n<\/ul>\n<p class=\"c1\">\u00a0<\/p>\n<p class=\"c2\"><span class=\"c8 c10\">Az Adatkezel\u0151 k\u00f6teles:<\/span><span class=\"c3\">\u00a0<\/span><\/p>\n<ul class=\"c23 lst-kix_8lecn6pq7w-0 start\">\n<li class=\"c0 li-bullet-0\"><span class=\"c3\">az \u00e9rintett r\u00e9sz\u00e9re ny\u00fajtand\u00f3 b\u00e1rmely \u00e9rtes\u00edt\u00e9st \u00e9s t\u00e1j\u00e9koztat\u00e1st k\u00f6nnyen hozz\u00e1f\u00e9rhet\u0151 \u00e9s olvashat\u00f3 form\u00e1ban, l\u00e9nyegre t\u00f6r\u0151, vil\u00e1gos \u00e9s k\u00f6z\u00e9rthet\u0151en megfogalmazott tartalommal teljes\u00edteni, tov\u00e1bb\u00e1<\/span><\/li>\n<li class=\"c0 li-bullet-0\"><span class=\"c3\">az \u00e9rintett \u00e1ltal beny\u00fajtott, az \u0151t megillet\u0151 jogosults\u00e1gok \u00e9rv\u00e9nyes\u00edt\u00e9s\u00e9re ir\u00e1nyul\u00f3 k\u00e9relmet annak beny\u00fajt\u00e1s\u00e1t\u00f3l sz\u00e1m\u00edtott legr\u00f6videbb id\u0151 alatt, de legfeljebb huszon\u00f6t napon bel\u00fcl elb\u00edr\u00e1lni \u00e9s d\u00f6nt\u00e9s\u00e9r\u0151l az \u00e9rintettet \u00edr\u00e1sban, vagy \u2013 ha az \u00e9rintett a k\u00e9relmet elektronikus \u00faton ny\u00fajtotta be \u2013 elektronikus \u00faton \u00e9rtes\u00edti. Sz\u00fcks\u00e9g eset\u00e9n, figyelembe v\u00e9ve a k\u00e9relem \u00f6sszetetts\u00e9g\u00e9t \u00e9s a k\u00e9relmek sz\u00e1m\u00e1t, ez a hat\u00e1rid\u0151 tov\u00e1bbi k\u00e9t h\u00f3nappal meghosszabb\u00edthat\u00f3.<\/span><\/li>\n<li class=\"c2 c22 li-bullet-0\"><span class=\"c3\">azon k\u00f6lts\u00e9geinek megt\u00e9r\u00edt\u00e9s\u00e9t k\u00f6vetelheti az \u00e9rintett\u0151l, amelyek az \u00e9rintett Infotv. 15. \u00a7 (3) bek. a) \u00e9s b) pontban foglaltak szerinti ism\u00e9telt \u00e9s megalapozatlan k\u00e9relm\u00e9nek \u00e9rv\u00e9nyes\u00edt\u00e9s\u00e9vel \u00f6sszef\u00fcgg\u00e9sben k\u00f6zvetlen\u00fcl felmer\u00fcltek.<\/span><\/li>\n<\/ul>\n<p class=\"c2\"><span class=\"c3\">Amennyiben az \u00e9rintett meg\u00edt\u00e9l\u00e9se szerint az Adatkezel\u0151 a szem\u00e9lyes adatok kezel\u00e9se k\u00f6r\u00e9ben jogait megs\u00e9rtette, jogosult<\/span><\/p>\n<p class=\"c2\"><span class=\"c3\">&#8211; az Adatkezel\u0151 adatv\u00e9delmi tisztvisel\u0151j\u00e9hez, vagy<\/span><\/p>\n<p class=\"c2\"><span class=\"c3\">(Adatkezel\u0151: Semmelweis Egyetem, 1085 Bp., \u00dcll\u0151i \u00fat 26.; Tel.: 06-1-459-1500<\/span><\/p>\n<p class=\"c25\"><span class=\"c8\">Adatv\u00e9delmi tisztvisel\u0151: Dr. Tr\u00f3cs\u00e1nyi S\u00e1ra, Tel.: 06-1-224-1547, e-mail:\u00a0<\/span><span class=\"c8 c9\"><a class=\"c21\" href=\"mailto:adatvedelem@semmelweis-univ.hu\">adatvedelem@semmelweis-univ.hu<\/a><\/span><span class=\"c3\">)<\/span><\/p>\n<p class=\"c25\"><span class=\"c3\">&#8211; a Nemzeti Adatv\u00e9delmi \u00e9s Inform\u00e1ci\u00f3szabads\u00e1g Hat\u00f3s\u00e1ghoz [1125 Budapest, Szil\u00e1gyi Erzs\u00e9bet fasor 22\/C; postac\u00edm: 1530 Budapest Pf. 5; honlap: http:\/\/www.naih.hu; telefon: (+36 1) 391 1400; telefax: (+36 1) 394 1410; e-mail: ugyfelszolgalat@naih.hu.], illetve<\/span><\/p>\n<p class=\"c25\"><span class=\"c3\">&#8211; b\u00edr\u00f3s\u00e1ghoz fordulni.<\/span><\/p>\n<p class=\"c13\">\u00a0<\/p>\n","protected":false},"excerpt":{"rendered":"<p>Az adatok v\u00e9delm\u00e9r\u0151l a\u00a0 <a class=\"c21\" href=\"https:\/\/www.google.com\/url?q=https:\/\/semmelweis.hu\/jogigfoig\/files\/2020\/08\/Adatvedelmi_Szabalyzat_hatalyos_2020_08_05.pdf&amp;sa=D&amp;source=editors&amp;ust=1740250753127314&amp;usg=AOvVaw0Om5bj2uWYkkb0Cmp_zOme\">Semmelweis Egyetem adatv\u00e9delmi, valamint a k\u00f6z\u00e9rdek\u0171 adatok megismer\u00e9s\u00e9re ir\u00e1nyul\u00f3 ig\u00e9nyek teljes\u00edt\u00e9s\u00e9nek, tov\u00e1bb\u00e1 a k\u00f6telez\u0151en k\u00f6zz\u00e9teend\u0151 adatok nyilv\u00e1noss\u00e1gra hozatal\u00e1nak rendj\u00e9r\u0151l sz\u00f3l\u00f3 szab\u00e1lyzata<\/a> \u00a0rendelkezik, tov\u00e1bb\u00e1 m\u00e9rvad\u00f3 m\u00e9g \u00a0az\u00a0 <a class=\"c21\" href=\"https:\/\/www.google.com\/url?q=https:\/\/semmelweis.hu\/jogigfoig\/files\/2019\/03\/Adatkezelesi-tajekoztato_hallgato.pdf&amp;sa=D&amp;source=editors&amp;ust=1740250753127529&amp;usg=AOvVaw1qpLdCo71a5AFLoEMOCklQ\">Adatkezel\u00e9si t\u00e1j\u00e9koztat\u00f3 a szem\u00e9lyes adatok kezel\u00e9s\u00e9r\u0151l &#8211; a hallgat\u00f3i jogviszonyhoz kapcsol\u00f3d\u00f3an<\/a> \u00a0dokumentum. A Semmelweis Egyetem Selye J\u00e1nos Doktorandusz Szakkoll\u00e9giumba online regisztr\u00e1l\u00f3k adataival kapcsolatban a saj\u00e1t adatkezel\u00e9si t\u00e1j\u00e9koztat\u00f3 szerint j\u00e1runk el. K\u00e9rd\u00e9s\u00e9vel, k\u00e9r\u00e9s\u00e9vel kapcsolatban forduljon hozz\u00e1nk bizalommal az\u00a0 <a class=\"c21\" href=\"mailto:semmelweis.phd.dormitory@gmail.com\">semmelweis.phd.dormitory@gmail.com<\/a> \u00a0e-mail c\u00edmen. \u00a0 1. Adatkezel\u00e9si t\u00e1j\u00e9koztat\u00f3 &#8211; Semmelweis Egyetem Selye J\u00e1nos Doktorandusz Szakkoll\u00e9gium Semmelweis Egyetem Selye J\u00e1nos Doktorandusz Szakkoll\u00e9gium tagjai &hellip;<\/p>\n","protected":false},"author":101158,"featured_media":0,"parent":0,"menu_order":0,"comment_status":"closed","ping_status":"closed","template":"","meta":{"_acf_changed":false,"footnotes":""},"categories":[],"tags":[],"class_list":["post-907","page","type-page","status-publish","hentry"],"acf":[],"_links":{"self":[{"href":"https:\/\/semmelweis.hu\/selye\/wp-json\/wp\/v2\/pages\/907","targetHints":{"allow":["GET"]}}],"collection":[{"href":"https:\/\/semmelweis.hu\/selye\/wp-json\/wp\/v2\/pages"}],"about":[{"href":"https:\/\/semmelweis.hu\/selye\/wp-json\/wp\/v2\/types\/page"}],"author":[{"embeddable":true,"href":"https:\/\/semmelweis.hu\/selye\/wp-json\/wp\/v2\/users\/101158"}],"replies":[{"embeddable":true,"href":"https:\/\/semmelweis.hu\/selye\/wp-json\/wp\/v2\/comments?post=907"}],"version-history":[{"count":1,"href":"https:\/\/semmelweis.hu\/selye\/wp-json\/wp\/v2\/pages\/907\/revisions"}],"predecessor-version":[{"id":908,"href":"https:\/\/semmelweis.hu\/selye\/wp-json\/wp\/v2\/pages\/907\/revisions\/908"}],"wp:attachment":[{"href":"https:\/\/semmelweis.hu\/selye\/wp-json\/wp\/v2\/media?parent=907"}],"wp:term":[{"taxonomy":"category","embeddable":true,"href":"https:\/\/semmelweis.hu\/selye\/wp-json\/wp\/v2\/categories?post=907"},{"taxonomy":"post_tag","embeddable":true,"href":"https:\/\/semmelweis.hu\/selye\/wp-json\/wp\/v2\/tags?post=907"}],"curies":[{"name":"wp","href":"https:\/\/api.w.org\/{rel}","templated":true}]}}