{"id":894,"date":"2025-02-22T18:40:50","date_gmt":"2025-02-22T17:40:50","guid":{"rendered":"https:\/\/semmelweis.hu\/selye\/?page_id=894"},"modified":"2025-02-27T08:23:55","modified_gmt":"2025-02-27T07:23:55","slug":"siszk","status":"publish","type":"page","link":"https:\/\/semmelweis.hu\/selye\/siszk\/","title":{"rendered":"Semmelweis Ign\u00e1c Szakkoll\u00e9gium"},"content":{"rendered":"<p style=\"text-align: justify;\"><a href=\"https:\/\/semmelweis.hu\/siszk\/files\/2021\/12\/RS33461_KA-20150720-IMG_7354-sellye-kollegium-scr.jpg\"><img loading=\"lazy\" decoding=\"async\" class=\"size-medium wp-image-561 alignright\" src=\"https:\/\/semmelweis.hu\/siszk\/files\/2021\/12\/RS33461_KA-20150720-IMG_7354-sellye-kollegium-scr-267x400.jpg\" alt=\"\" width=\"267\" height=\"400\" \/><\/a><\/p>\n<h2>Semmelweis Ign\u00e1c Szakkoll\u00e9gium | Bemutatkoz\u00e1s<\/h2>\n<p>A Semmelweis Ign\u00e1c Szakkoll\u00e9gium (vagy r\u00f6viden: SISZK) a Semmelweis Egyetem 2019-ben alap\u00edtott szakkoll\u00e9giuma, mely elhelyezked\u00e9s\u00e9t tekintve Budapesten, az Egyetem \u00dcll\u0151i \u00fat 22. \u00e9p\u00fclet\u00e9ben tal\u00e1lhat\u00f3. Int\u00e9zm\u00e9ny\u00fcnk a Semmelweis Egyetem r\u00e9szek\u00e9nt m\u0171k\u00f6d\u0151, ugyanakkor \u00f6ntev\u00e9keny alapon szervez\u0151d\u0151 csoportja, amely a Semmelweis Egyetem szen\u00e1tus\u00e1nak 139\/2019 (XII. 12.). sz\u00e1m\u00fa hat\u00e1rozata alapj\u00e1n tev\u00e9kenykedik.<\/p>\n<p>C\u00e9ljaink megval\u00f3s\u00edt\u00e1s\u00e1ra ir\u00e1nyul\u00f3an Szakkoll\u00e9giumunk di\u00e1k\u00f6nkorm\u00e1nyzati elven \u00e9s demokratikusan m\u0171k\u00f6dik, mely m\u0171k\u00f6d\u00e9s pontos keretrendszer\u00e9t \u00e9s ir\u00e1nyelveit\u00a0<strong>Szervezeti \u00e9s M\u0171k\u00f6d\u00e9si Szab\u00e1lyzatunk<\/strong>\u00a0tartalmazza.<\/p>\n<p>A Szakkoll\u00e9gium p\u00e1rtokt\u00f3l f\u00fcggetlen szervezet, amely semmilyen k\u00f6zvetlen politikai tev\u00e9kenys\u00e9get nem folytat. A Szakkoll\u00e9gium p\u00e1rtokat nem t\u00e1mogat, orsz\u00e1ggy\u0171l\u00e9si k\u00e9pvisel\u0151ket nem \u00e1ll\u00edt, \u00e9s nem t\u00e1mogat.<\/p>\n<h5>Tev\u00e9kenys\u00e9g\u00fcnk \u00e9s c\u00e9ljaink:<\/h5>\n<ol>\n<li>Egy szakmai di\u00e1kszervezet m\u0171k\u00f6dtet\u00e9se.<\/li>\n<li>Az Egyetem oktat\u00e1si tev\u00e9kenys\u00e9g\u00e9nek kieg\u00e9sz\u00edt\u00e9se, a sikeres szakmai \u00e9lethez sz\u00fcks\u00e9ges tud\u00e1sanyag elsaj\u00e1t\u00edt\u00e1s\u00e1nak seg\u00edt\u00e9se kurzusok szervez\u00e9se \u00e1ltal.<\/li>\n<li>Az egyetemi hallgat\u00f3s\u00e1g tudom\u00e1nyos \u00e9rdekl\u0151d\u00e9s\u00e9nek kiel\u00e9g\u00edt\u00e9se tudom\u00e1nyos el\u0151ad\u00e1sok \u00e9s konferenci\u00e1k \u00fatj\u00e1n.<\/li>\n<li>Az eg\u00e9szs\u00e9g\u00fcgy \u00e9s ahhoz kapcsol\u00f3d\u00f3 hivat\u00e1sok, szak\u00e1gak megismertet\u00e9se, n\u00e9pszer\u0171s\u00edt\u00e9se az Egyetemen \u00e9s azon k\u00edv\u00fcl.<\/li>\n<li>A Semmelweis Egyetem k\u00fcl\u00f6nb\u00f6z\u0151 karain tanul\u00f3 tehets\u00e9ges hallgat\u00f3inak k\u00f6z\u00f6ss\u00e9gi t\u00e9r teremt\u00e9se, t\u00f6bbek k\u00f6z\u00f6tt rendszeres k\u00f6z\u00f6ss\u00e9gi programok szervez\u00e9se \u00e1ltal.<\/li>\n<li>Kapcsolat\u00e9p\u00edt\u00e9s \u00e9s egy\u00fcttm\u0171k\u00f6d\u00e9si lehet\u0151s\u00e9gek keres\u00e9se belf\u00f6ldi \u00e9s k\u00fclf\u00f6ldi egyetemekkel \u00e9s m\u00e1s term\u00e9szettudom\u00e1nyos ter\u00fcleten tev\u00e9kenyked\u0151, illetve kutat\u00e1s-fejleszt\u00e9ssel foglalkoz\u00f3 szervezetekkel.<\/li>\n<li>A karok kultur\u00e1lis \u00e9s k\u00f6z\u00f6ss\u00e9gi \u00e9let\u00e9nek sz\u00ednes\u00edt\u00e9se.<\/li>\n<\/ol>\n<p>Szakkoll\u00e9giumunk m\u0171k\u00f6d\u00e9se ugyan \u00f6nszervez\u0151d\u0151 form\u00e1ban t\u00f6rt\u00e9nik, infrastruktur\u00e1lis \u00e9s b\u00fcrokratikus tekintetben t\u00f6reksz\u00fcnk a min\u00e9l gy\u00fcm\u00f6lcs\u00f6z\u0151bb \u00e9s \u00f6sszefon\u00f3d\u00f3bb partners\u00e9gre a Semmelweis Egyetem, mint anyaint\u00e9zm\u00e9ny m\u00e1s szervezeti egys\u00e9geivel, mint a Doktori Iskol\u00e1val, a Doktorandusz \u00d6nkorm\u00e1nyzattal, a Hallgat\u00f3i \u00d6nkorm\u00e1nyzattal, az Alumni Igazgat\u00f3s\u00e1ggal \u00e9s a Koll\u00e9giumok Igazgat\u00f3s\u00e1g\u00e1val.<\/p>\n<p>\u00dagy hissz\u00fck, kezdem\u00e9nyez\u00e9s\u00fcnk nagy el\u0151rel\u00e9p\u00e9st jelent mind a Semmelweis Egyetem hallgat\u00f3i sz\u00e1m\u00e1ra, mind az anyaint\u00e9zm\u00e9nynek \u00f6sszess\u00e9g\u00e9ben, melynek szakmai rangsorokban t\u00f6rt\u00e9n\u0151 el\u0151re l\u00e9p\u00e9s\u00e9hez, oktat\u00f3i \u00e9s kutat\u00f3 ut\u00e1np\u00f3tl\u00e1sk\u00e9pz\u00e9shez egyar\u00e1nt igyeksz\u00fcnk hozz\u00e1j\u00e1rulni.\u00a0<\/p>\n<h2>SELYE-SISZK Tud\u00e1stranszfer<\/h2>\n<p style=\"text-align: justify;\">A Semmelweis Ign\u00e1c Szakkoll\u00e9gium m\u0171k\u00f6d\u00e9s\u00e9nek gerinc\u00e9t partnerint\u00e9zm\u00e9ny\u00e9vel, a Selye J\u00e1nos Doktorandusz Szakkoll\u00e9giummal val\u00f3 tudom\u00e1nyos egy\u00fcttm\u0171k\u00f6d\u00e9se adja, melyre alapelveink is \u00e9p\u00fclnek.<\/p>\n<p style=\"text-align: justify;\">Ezen alapelvek k\u00e9t f\u0151 c\u00e9l el\u00e9r\u00e9s\u00e9t szolg\u00e1lj\u00e1k; melyek az oktat\u00e1s-tehets\u00e9ggondoz\u00e1s, valamint az effekt\u00edv \u00e9s hossz\u00fat\u00e1von \u00f6n\u00e1ll\u00f3 kutat\u00f3munka v\u00e9gz\u00e9se. Tekintettel arra, hogy a Semmelweis Egyetem m\u0171k\u00f6d\u00e9se &#8211; a betegell\u00e1t\u00e1son t\u00falmen\u0151en &#8211; maga is ezen a k\u00e9t eszm\u00e9n nyugszik, szeml\u00e9let\u00fcnk illeszkedik az anyaint\u00e9zm\u00e9ny profilj\u00e1ba.<\/p>\n<p style=\"text-align: justify;\">Szakmai programunkban kiemelt szereppel b\u00edr a hat\u00e9kony \u00e9s k\u00f6zeli egy\u00fcttm\u0171k\u00f6d\u00e9si viszonyon alapul\u00f3 tudom\u00e1nyos mentorprogram, melynek keretein bel\u00fcl szoros kollabor\u00e1ci\u00f3t alak\u00edtunk ki a Selye J\u00e1nos Doktorandusz Szakkoll\u00e9gium PhD k\u00e9pz\u00e9sben r\u00e9sztvev\u0151 hallgat\u00f3ival, illetve a Doktori Iskol\u00e1val. Ezen partneri viszonyok \u00e1ltal kutat\u00f3i \u00e9letp\u00e1lyamodellt k\u00edn\u00e1lunk fel a szakkoll\u00e9giumba felv\u00e9telt nyert hallgat\u00f3k sz\u00e1m\u00e1ra, mely sor\u00e1n Int\u00e9zm\u00e9ny\u00fcnk tagjai a Selye J\u00e1nos Doktorandusz Szakkoll\u00e9gium PhD hallgat\u00f3inak szem\u00e9ly\u00e9ben egy-egy dedik\u00e1lt, a kutat\u00e1sban j\u00e1rtas mentorra tesznek szert, a mentor-mentor\u00e1lt p\u00e1ros k\u00f6z\u00f6s tudom\u00e1nyos \u00e9rdekl\u0151d\u00e9si ter\u00fclet\u00e9t alapul v\u00e9ve.<\/p>\n<p style=\"text-align: justify;\">A szem\u00e9lyre szabott egy\u00e9ni mentor\u00e1ci\u00f3n t\u00falmen\u0151en, az adott diszcipl\u00edn\u00e1ban \u00e9rdekelt tagjainkat tudom\u00e1ny\u00e1gi kutat\u00f3csoportjainkba deleg\u00e1ljuk, melyek kollekt\u00edv tudom\u00e1nyos p\u00e1rtfog\u00e1st biztos\u00edtanak. Aktu\u00e1lisan n\u00e9gy tudom\u00e1nyter\u00fcleten tev\u00e9kenykedik kutat\u00f3csoportunk, melyek nevezetesen: a Farmakol\u00f3giai Kutat\u00f3csoport, a Neurobiol\u00f3giai \u00e9s Ment\u00e1lis Eg\u00e9szs\u00e9gtudom\u00e1nyi Kutat\u00f3csoport, a Molekul\u00e1ris Medicina Kutat\u00f3csoport, valamint a Klinikai Orvostudom\u00e1nyok Kutat\u00f3csoport. Mindegyik kutat\u00f3csoport egyenk\u00e9nt 10-14 f\u0151, a kutat\u00e1s ir\u00e1ny\u00e1ban elk\u00f6telezett gradu\u00e1lis \u00e9s PhD hallgat\u00f3t foglalkoztat, melyek mell\u00e9 a Semmelweis Egyetem int\u00e9zeteinek egyik\u00e9b\u0151l egy-egy az adott tudom\u00e1nyter\u00fcleten m\u00e1r nagy tapasztalattal rendelkez\u0151 \u201epatron\u00e1l\u00f3 h\u00e1tt\u00e9rint\u00e9zet\u201d ker\u00fclt kijel\u00f6l\u00e9sre. A kutat\u00f3csoportok tagjai a h\u00e1tt\u00e9rint\u00e9zet munkat\u00e1rsainak min\u0151s\u00e9gbiztos\u00edt\u00e1sa, eszk\u00f6zparkja \u00e9s szakmai fel\u00fcgyelete mellett k\u00f6z\u00f6sen v\u00e9geznek kutat\u00e1st \u00e9s k\u00f6z\u00f6sen publik\u00e1lnak.<\/p>\n<p style=\"text-align: justify;\">C\u00e9lunk, hogy szakkoll\u00e9gist\u00e1ink, megkezdett kutat\u00e1saikkal \u00e9s el\u00e9rt eredm\u00e9nyeikkel TDK \u00e9s egy\u00e9b hazai, illetve nemzetk\u00f6zi konferenci\u00e1kon adjanak el\u0151, rangos szaklapokba publik\u00e1ljanak \u00e9s diplom\u00e1juk megszerz\u00e9s\u00e9t k\u00f6vet\u0151en a PhD k\u00e9pz\u00e9si programba l\u00e9pjenek, ekkor m\u00e1r a Selye J\u00e1nos Doktorandusz Szakkoll\u00e9gium oltalma alatt, ahol tudom\u00e1nyos teljes\u00edtm\u00e9ny\u00fck tov\u00e1bbi kamatoztat\u00e1s\u00e1ra ny\u00edlik lehet\u0151s\u00e9g\u00fck. Hissz\u00fck, hogy a &#8222;Selye-SISZK&#8221; kollabor\u00e1ci\u00f3 szintj\u00e9n megval\u00f3sul\u00f3 kollekt\u00edv kutat\u00f3munka relev\u00e1ns, magas impakt faktorral b\u00edr\u00f3 publik\u00e1ci\u00f3k megsz\u00fclet\u00e9s\u00e9hez \u00e9s tagjaink sz\u00e1m\u00e1ra a tudom\u00e1nyos vil\u00e1gban t\u00f6rt\u00e9n\u0151 min\u0151s\u00e9gi elm\u00e9ly\u00fcl\u00e9s\u00fcl\u00e9shez vezet.<\/p>\n<p style=\"text-align: justify;\">A fenti c\u00e9lkit\u0171z\u00e9seket el\u0151seg\u00edtend\u0151, tagjaink sz\u00e1m\u00e1ra c\u00e9lorient\u00e1lt kurzusokat biztos\u00edtunk oktat\u00e1sm\u00f3dszertan, statisztika, publik\u00e1ci\u00f3s ir\u00e1nyelvek, el\u0151ad\u00e1stechnika, adatb\u00e1ziselemz\u00e9s, irodalomkutat\u00e1s, programoz\u00e1si alapismeretek \u00e9s labortechnika t\u00e9mak\u00f6r\u00f6kben. A &#8222;Selye-SISZK&#8221; egy\u00fcttm\u0171k\u00f6d\u00e9s \u00e1ltal int\u00e9zm\u00e9ny\u00fcnk otthont ad tudom\u00e1nyos el\u0151ad\u00e1sok, f\u00f3rumok megtart\u00e1s\u00e1hoz, valamint tudom\u00e1nyos poszterprezent\u00e1ci\u00f3khoz \u00e9s \u201ejournal club\u201d-ok r\u00e9sz\u00e9re.<\/p>\n<h2>\u00a0<\/h2>\n","protected":false},"excerpt":{"rendered":"<p><a href=\"https:\/\/semmelweis.hu\/siszk\/files\/2021\/12\/RS33461_KA-20150720-IMG_7354-sellye-kollegium-scr.jpg\"><\/a> Semmelweis Ign\u00e1c Szakkoll\u00e9gium | Bemutatkoz\u00e1s A Semmelweis Ign\u00e1c Szakkoll\u00e9gium (vagy r\u00f6viden: SISZK) a Semmelweis Egyetem 2019-ben alap\u00edtott szakkoll\u00e9giuma, mely elhelyezked\u00e9s\u00e9t tekintve Budapesten, az Egyetem \u00dcll\u0151i \u00fat 22. \u00e9p\u00fclet\u00e9ben tal\u00e1lhat\u00f3. Int\u00e9zm\u00e9ny\u00fcnk a Semmelweis Egyetem r\u00e9szek\u00e9nt m\u0171k\u00f6d\u0151, ugyanakkor \u00f6ntev\u00e9keny alapon szervez\u0151d\u0151 csoportja, amely a Semmelweis Egyetem szen\u00e1tus\u00e1nak 139\/2019 (XII. 12.). sz\u00e1m\u00fa hat\u00e1rozata alapj\u00e1n tev\u00e9kenykedik. C\u00e9ljaink megval\u00f3s\u00edt\u00e1s\u00e1ra ir\u00e1nyul\u00f3an &hellip;<\/p>\n","protected":false},"author":101158,"featured_media":0,"parent":0,"menu_order":0,"comment_status":"closed","ping_status":"closed","template":"","meta":{"_acf_changed":false,"footnotes":""},"categories":[],"tags":[],"class_list":["post-894","page","type-page","status-publish","hentry"],"acf":[],"_links":{"self":[{"href":"https:\/\/semmelweis.hu\/selye\/wp-json\/wp\/v2\/pages\/894","targetHints":{"allow":["GET"]}}],"collection":[{"href":"https:\/\/semmelweis.hu\/selye\/wp-json\/wp\/v2\/pages"}],"about":[{"href":"https:\/\/semmelweis.hu\/selye\/wp-json\/wp\/v2\/types\/page"}],"author":[{"embeddable":true,"href":"https:\/\/semmelweis.hu\/selye\/wp-json\/wp\/v2\/users\/101158"}],"replies":[{"embeddable":true,"href":"https:\/\/semmelweis.hu\/selye\/wp-json\/wp\/v2\/comments?post=894"}],"version-history":[{"count":7,"href":"https:\/\/semmelweis.hu\/selye\/wp-json\/wp\/v2\/pages\/894\/revisions"}],"predecessor-version":[{"id":977,"href":"https:\/\/semmelweis.hu\/selye\/wp-json\/wp\/v2\/pages\/894\/revisions\/977"}],"wp:attachment":[{"href":"https:\/\/semmelweis.hu\/selye\/wp-json\/wp\/v2\/media?parent=894"}],"wp:term":[{"taxonomy":"category","embeddable":true,"href":"https:\/\/semmelweis.hu\/selye\/wp-json\/wp\/v2\/categories?post=894"},{"taxonomy":"post_tag","embeddable":true,"href":"https:\/\/semmelweis.hu\/selye\/wp-json\/wp\/v2\/tags?post=894"}],"curies":[{"name":"wp","href":"https:\/\/api.w.org\/{rel}","templated":true}]}}