{"id":69,"date":"2021-12-12T22:40:06","date_gmt":"2021-12-12T21:40:06","guid":{"rendered":"https:\/\/semmelweis.hu\/selye\/?page_id=69"},"modified":"2025-02-23T09:31:39","modified_gmt":"2025-02-23T08:31:39","slug":"szervezeti-es-mukodesi-rend-kepzesi-program","status":"publish","type":"page","link":"https:\/\/semmelweis.hu\/selye\/rolunk\/dokumentumtar\/szervezeti-es-mukodesi-rend-kepzesi-program\/","title":{"rendered":"Szervezeti \u00e9s M\u0171k\u00f6d\u00e9si Rend &amp; K\u00e9pz\u00e9si Program"},"content":{"rendered":"<div class=\"exp-col-content-holder\"><a class=\"expand-cnt-link\" href=\"#\">SZERVEZETI \u00c9S M\u0170K\u00d6D\u00c9SI REND &amp; K\u00c9PZ\u00c9SI PROGRAM (SELYE | 2024.03.13)<\/a><\/p>\n<div class=\"hidden-content\">\n<p><b><iframe loading=\"lazy\" src=\"https:\/\/drive.google.com\/file\/d\/1pueOlID_MYUWSZm8lsuilW1xuqy5Ixu0\/preview\" width=\"100%\" height=\"1080\"><\/iframe><\/b><b><\/b><\/p>\n<p style=\"text-align: center\"><strong><a href=\"https:\/\/drive.google.com\/file\/d\/1pueOlID_MYUWSZm8lsuilW1xuqy5Ixu0\/view?usp=drive_link\">Let\u00f6lthet\u0151 v\u00e1ltozat<\/a><\/strong><\/p>\n<\/div>\n<\/div>\n<div class=\"hidden-content\">\n<div class=\"exp-col-content-holder\"><a class=\"expand-cnt-link\" href=\"#\">SZERVEZETI \u00c9S M\u0170K\u00d6D\u00c9SI REND &amp; K\u00c9PZ\u00c9SI PROGRAM (SISZK | 2024.03.13)<\/a><\/p>\n<div class=\"hidden-content\">\n<p><b><iframe loading=\"lazy\" src=\"https:\/\/drive.google.com\/file\/d\/1v9tPdoMUeUPwN6zgYlWEGE-IspyL2HFu\/preview\" width=\"100%\" height=\"1080\"><\/iframe><\/b><\/p>\n<p style=\"text-align: center\"><a href=\"https:\/\/drive.google.com\/file\/d\/1v9tPdoMUeUPwN6zgYlWEGE-IspyL2HFu\/view?usp=drive_link\"><strong>Let\u00f6lthet\u0151 v\u00e1ltozat<\/strong><\/a><\/p>\n<\/div>\n<\/div>\n<div class=\"hidden-content\">\n<div class=\"hidden-content\">\u00a0<\/div>\n<\/div>\n<\/div>\n","protected":false},"excerpt":{"rendered":"<p><a class=\"expand-cnt-link\" href=\"#\">SZERVEZETI \u00c9S M\u0170K\u00d6D\u00c9SI REND &amp; K\u00c9PZ\u00c9SI PROGRAM (SELYE | 2024.03.13)<\/a><\/p>\n<p><a href=\"https:\/\/drive.google.com\/file\/d\/1pueOlID_MYUWSZm8lsuilW1xuqy5Ixu0\/view?usp=drive_link\">Let\u00f6lthet\u0151 v\u00e1ltozat<\/a><\/p>\n<p><a class=\"expand-cnt-link\" href=\"#\">SZERVEZETI \u00c9S M\u0170K\u00d6D\u00c9SI REND &amp; K\u00c9PZ\u00c9SI PROGRAM (SISZK | 2024.03.13)<\/a><\/p>\n<p><a href=\"https:\/\/drive.google.com\/file\/d\/1v9tPdoMUeUPwN6zgYlWEGE-IspyL2HFu\/view?usp=drive_link\">Let\u00f6lthet\u0151 v\u00e1ltozat<\/a><\/p>\n<p>\u00a0<\/p>\n","protected":false},"author":101158,"featured_media":0,"parent":45,"menu_order":0,"comment_status":"closed","ping_status":"closed","template":"","meta":{"_acf_changed":false,"footnotes":""},"categories":[],"tags":[],"class_list":["post-69","page","type-page","status-publish","hentry"],"acf":[],"_links":{"self":[{"href":"https:\/\/semmelweis.hu\/selye\/wp-json\/wp\/v2\/pages\/69","targetHints":{"allow":["GET"]}}],"collection":[{"href":"https:\/\/semmelweis.hu\/selye\/wp-json\/wp\/v2\/pages"}],"about":[{"href":"https:\/\/semmelweis.hu\/selye\/wp-json\/wp\/v2\/types\/page"}],"author":[{"embeddable":true,"href":"https:\/\/semmelweis.hu\/selye\/wp-json\/wp\/v2\/users\/101158"}],"replies":[{"embeddable":true,"href":"https:\/\/semmelweis.hu\/selye\/wp-json\/wp\/v2\/comments?post=69"}],"version-history":[{"count":10,"href":"https:\/\/semmelweis.hu\/selye\/wp-json\/wp\/v2\/pages\/69\/revisions"}],"predecessor-version":[{"id":923,"href":"https:\/\/semmelweis.hu\/selye\/wp-json\/wp\/v2\/pages\/69\/revisions\/923"}],"up":[{"embeddable":true,"href":"https:\/\/semmelweis.hu\/selye\/wp-json\/wp\/v2\/pages\/45"}],"wp:attachment":[{"href":"https:\/\/semmelweis.hu\/selye\/wp-json\/wp\/v2\/media?parent=69"}],"wp:term":[{"taxonomy":"category","embeddable":true,"href":"https:\/\/semmelweis.hu\/selye\/wp-json\/wp\/v2\/categories?post=69"},{"taxonomy":"post_tag","embeddable":true,"href":"https:\/\/semmelweis.hu\/selye\/wp-json\/wp\/v2\/tags?post=69"}],"curies":[{"name":"wp","href":"https:\/\/api.w.org\/{rel}","templated":true}]}}