{"id":67,"date":"2021-12-12T22:40:06","date_gmt":"2021-12-12T21:40:06","guid":{"rendered":"https:\/\/semmelweis.hu\/selye\/?page_id=67"},"modified":"2025-02-23T21:00:11","modified_gmt":"2025-02-23T20:00:11","slug":"alapito-dokumentumok","status":"publish","type":"page","link":"https:\/\/semmelweis.hu\/selye\/rolunk\/dokumentumtar\/alapito-dokumentumok\/","title":{"rendered":"Alap\u00edt\u00f3 dokumentumok"},"content":{"rendered":"<div class=\"exp-col-content-holder\"><a class=\"expand-cnt-link\" href=\"#\">Alap\u00edt\u00f3 Okirat (SELYE)<\/a><\/p>\n<div class=\"hidden-content\">\n<p><iframe loading=\"lazy\" src=\"https:\/\/drive.google.com\/file\/d\/1wqjIgxBT-khE7PjHHYFTUhwbjOz9QZ43\/preview\" width=\"100%\" height=\"1080\"><\/iframe><\/p>\n<p>&nbsp;<\/p>\n<\/div>\n<\/div>\n<p>&nbsp;<\/p>\n<div class=\"exp-col-content-holder\"><a class=\"expand-cnt-link\" href=\"#\">A Semmelweis Egyetem Szen\u00e1tus\u00e1nak 137\/2021. (XI.25.) SZ\u00c1M\u00da HAT\u00c1ROZATA (SELYE)<\/a><\/p>\n<div class=\"hidden-content\">\n<p><iframe loading=\"lazy\" src=\"https:\/\/drive.google.com\/file\/d\/1yREyGWjkKEChcEQZCUmnJ2jjM0muo30N\/preview\" width=\"100%\" height=\"1080\"><span data-mce-type=\"bookmark\" style=\"width: 0px;overflow: hidden;line-height: 0\" class=\"mce_SELRES_start\">\ufeff<\/span><\/iframe><\/p>\n<p>&nbsp;<\/p>\n<\/div>\n<\/div>\n<p>&nbsp;<\/p>\n<div class=\"exp-col-content-holder\"><a class=\"expand-cnt-link\" href=\"#\">80\/2021. (XI.29.) Semmelweis Egyetem Hallgat\u00f3i \u00d6nkorm\u00e1nyzat Eln\u00f6ki hat\u00e1rozat (SELYE)<\/a><\/p>\n<div class=\"hidden-content\">\n<p><iframe loading=\"lazy\" src=\"https:\/\/drive.google.com\/file\/d\/1MtkjztS7IUY6oOiKAww63fYwdtnW8AtI\/preview\" width=\"100%\" height=\"1080\"><\/iframe><\/p>\n<p>&nbsp;<\/p>\n<\/div>\n<\/div>\n<div class=\"exp-col-content-holder\"><a class=\"expand-cnt-link\" href=\"#\">Alap\u00edt\u00f3 Okirat (SISZK)<\/a><\/p>\n<div class=\"hidden-content\">\n<p><iframe loading=\"lazy\" src=\"https:\/\/drive.google.com\/file\/d\/1LDvrj2nGmAxt5lYqjLiJbWL6MzmFVPlv\/preview\" width=\"100%\" height=\"1080\"><\/iframe><\/p>\n<p>&nbsp;<\/p>\n<\/div>\n<\/div>\n<p>&nbsp;<\/p>\n<div class=\"exp-col-content-holder\"><a class=\"expand-cnt-link\" href=\"#\">Semmelweis Egyetem Szen\u00e1tus\u00e1na 139\/2019 (XII.12) sz\u00e1m\u00fa hat\u00e1rozata (SISZK)<\/a><\/p>\n<div class=\"hidden-content\">\n<p><iframe loading=\"lazy\" src=\"https:\/\/drive.google.com\/file\/d\/1BKLU2KSnpPxxtnM0-Ndci8OOooVwVC8I\/preview\" width=\"100%\" height=\"1080\"><\/iframe><\/p>\n<p>&nbsp;<\/p>\n<\/div>\n<\/div>\n<p>&nbsp;<\/p>\n<div class=\"exp-col-content-holder\"><a class=\"expand-cnt-link\" href=\"#\">Kancell\u00e1ri egyet\u00e9rt\u00e9s a Semmelweis Ign\u00e1c Szakkoll\u00e9gium Alap\u00edt\u00f3 Okirat\u00e1nak kiad\u00e1s\u00e1r\u00f3l (SISZK)<\/a><\/p>\n<div class=\"hidden-content\">\n<p><iframe loading=\"lazy\" src=\"https:\/\/drive.google.com\/file\/d\/1U6bfuf4LHOsQx7Fxf4MCOxnKWrS_3elk\/preview\" width=\"100%\" height=\"1080\"><\/iframe><\/p>\n<p>&nbsp;<\/p>\n<\/div>\n<\/div>\n<div class=\"exp-col-content-holder\"><a class=\"expand-cnt-link\" href=\"#\">42\/2019. (XII.28.) Semmelweis Egyetem Hallgat\u00f3i \u00d6nkorm\u00e1nyzat K\u00fcld\u00f6ttgy\u0171l\u00e9si hat\u00e1rozat (SISZK)<\/a><\/p>\n<div class=\"hidden-content\">\n<p><iframe loading=\"lazy\" src=\"https:\/\/drive.google.com\/file\/d\/15ijgsDLOB44MGI1-2cRJaJJJA3sWrFkt\/preview\" width=\"100%\" height=\"1080\"><\/iframe><\/p>\n<p>&nbsp;<\/p>\n<\/div>\n<\/div>\n<p>&nbsp;<\/p>\n<div class=\"exp-col-content-holder\"><a class=\"expand-cnt-link\" href=\"#\">Semmelweis Ign\u00e1c Szakkoll\u00e9gium nyilv\u00e1ntart\u00e1sba v\u00e9teli kezdem\u00e9nyez\u00e9se az Oktat\u00e1si Hivataln\u00e1l (SISZK)<\/a><\/p>\n<div class=\"hidden-content\">\n<p><iframe loading=\"lazy\" src=\"https:\/\/drive.google.com\/file\/d\/1YSsVdQKzpTLF-7hnWxeH5erpWWgF7tIK\/preview\" width=\"100%\" height=\"1080\"><span data-mce-type=\"bookmark\" style=\"width: 0px;overflow: hidden;line-height: 0\" class=\"mce_SELRES_start\">\ufeff<\/span><\/iframe><\/p>\n<p>&nbsp;<\/p>\n<\/div>\n<\/div>\n<p>&nbsp;<\/p>\n","protected":false},"excerpt":{"rendered":"<p><a class=\"expand-cnt-link\" href=\"#\">Alap\u00edt\u00f3 Okirat (SELYE)<\/a><\/p>\n<p>&nbsp;<\/p>\n<p>&nbsp;<br \/>\n<a class=\"expand-cnt-link\" href=\"#\">A Semmelweis Egyetem Szen\u00e1tus\u00e1nak 137\/2021. (XI.25.) SZ\u00c1M\u00da HAT\u00c1ROZATA (SELYE)<\/a><\/p>\n<p>\ufeff<br \/>\n&nbsp;<\/p>\n<p>&nbsp;<br \/>\n<a class=\"expand-cnt-link\" href=\"#\">80\/2021. (XI.29.) Semmelweis Egyetem Hallgat\u00f3i \u00d6nkorm\u00e1nyzat Eln\u00f6ki hat\u00e1rozat (SELYE)<\/a><\/p>\n<p>&nbsp;<\/p>\n<p><a class=\"expand-cnt-link\" href=\"#\">Alap\u00edt\u00f3 Okirat (SISZK)<\/a><\/p>\n<p>&nbsp;<\/p>\n<p>&nbsp;<br \/>\n<a class=\"expand-cnt-link\" href=\"#\">Semmelweis Egyetem Szen\u00e1tus\u00e1na 139\/2019 (XII.12) sz\u00e1m\u00fa hat\u00e1rozata (SISZK)<\/a><\/p>\n<p>&nbsp;<\/p>\n<p>&nbsp;<br \/>\n<a class=\"expand-cnt-link\" href=\"#\">Kancell\u00e1ri egyet\u00e9rt\u00e9s a Semmelweis Ign\u00e1c Szakkoll\u00e9gium Alap\u00edt\u00f3 Okirat\u00e1nak kiad\u00e1s\u00e1r\u00f3l (SISZK)<\/a><\/p>\n<p>&nbsp;<\/p>\n<p><a class=\"expand-cnt-link\" href=\"#\">42\/2019. (XII.28.) Semmelweis Egyetem Hallgat\u00f3i \u00d6nkorm\u00e1nyzat K\u00fcld\u00f6ttgy\u0171l\u00e9si hat\u00e1rozat (SISZK)<\/a><\/p>\n<p>&nbsp;<\/p>\n<p>&nbsp;<br \/>\n<a class=\"expand-cnt-link\" href=\"#\">Semmelweis Ign\u00e1c Szakkoll\u00e9gium nyilv\u00e1ntart\u00e1sba v\u00e9teli kezdem\u00e9nyez\u00e9se az Oktat\u00e1si Hivataln\u00e1l (SISZK)<\/a><\/p>\n<p>\ufeff<br \/>\n&nbsp;<\/p>\n<p>&nbsp;<\/p>\n","protected":false},"author":101158,"featured_media":0,"parent":45,"menu_order":0,"comment_status":"closed","ping_status":"closed","template":"","meta":{"_acf_changed":false,"footnotes":""},"categories":[],"tags":[],"class_list":["post-67","page","type-page","status-publish","hentry"],"acf":[],"_links":{"self":[{"href":"https:\/\/semmelweis.hu\/selye\/wp-json\/wp\/v2\/pages\/67","targetHints":{"allow":["GET"]}}],"collection":[{"href":"https:\/\/semmelweis.hu\/selye\/wp-json\/wp\/v2\/pages"}],"about":[{"href":"https:\/\/semmelweis.hu\/selye\/wp-json\/wp\/v2\/types\/page"}],"author":[{"embeddable":true,"href":"https:\/\/semmelweis.hu\/selye\/wp-json\/wp\/v2\/users\/101158"}],"replies":[{"embeddable":true,"href":"https:\/\/semmelweis.hu\/selye\/wp-json\/wp\/v2\/comments?post=67"}],"version-history":[{"count":10,"href":"https:\/\/semmelweis.hu\/selye\/wp-json\/wp\/v2\/pages\/67\/revisions"}],"predecessor-version":[{"id":934,"href":"https:\/\/semmelweis.hu\/selye\/wp-json\/wp\/v2\/pages\/67\/revisions\/934"}],"up":[{"embeddable":true,"href":"https:\/\/semmelweis.hu\/selye\/wp-json\/wp\/v2\/pages\/45"}],"wp:attachment":[{"href":"https:\/\/semmelweis.hu\/selye\/wp-json\/wp\/v2\/media?parent=67"}],"wp:term":[{"taxonomy":"category","embeddable":true,"href":"https:\/\/semmelweis.hu\/selye\/wp-json\/wp\/v2\/categories?post=67"},{"taxonomy":"post_tag","embeddable":true,"href":"https:\/\/semmelweis.hu\/selye\/wp-json\/wp\/v2\/tags?post=67"}],"curies":[{"name":"wp","href":"https:\/\/api.w.org\/{rel}","templated":true}]}}