{"id":641,"date":"2023-08-06T20:25:17","date_gmt":"2023-08-06T18:25:17","guid":{"rendered":"https:\/\/semmelweis.hu\/selye\/?page_id=641"},"modified":"2025-02-24T11:53:55","modified_gmt":"2025-02-24T10:53:55","slug":"szakkollegiumi-osztondij-palyazati-idoszak","status":"publish","type":"page","link":"https:\/\/semmelweis.hu\/selye\/szakkollegiumi-osztondij-palyazati-idoszak\/","title":{"rendered":"Szakkoll\u00e9giumi \u00f6szt\u00f6nd\u00edj p\u00e1ly\u00e1zat"},"content":{"rendered":"<p style=\"text-align: center\"><strong>JELENLEGI \u00d6SZT\u00d6ND\u00cdJP\u00c1LY\u00c1ZATI ID\u0150SZAK: <br \/>\n<span style=\"color: #800000\">Z\u00c1RT!<\/span><\/strong><\/p>\n<p style=\"text-align: center\">\n<div class=\"wpcf7 no-js\" id=\"wpcf7-f575-o1\" lang=\"\" dir=\"ltr\" data-wpcf7-id=\"575\">\n<div class=\"screen-reader-response\"><p role=\"status\" aria-live=\"polite\" aria-atomic=\"true\"><\/p> <ul><\/ul><\/div>\n<form action=\"\/selye\/wp-json\/wp\/v2\/pages\/641#wpcf7-f575-o1\" method=\"post\" class=\"wpcf7-form init\" aria-label=\"Kapcsolatfelv\u00e9teli \u0171rlap\" enctype=\"multipart\/form-data\" novalidate=\"novalidate\" data-status=\"init\">\n<div style=\"display: none;\">\n<input type=\"hidden\" name=\"_wpcf7\" value=\"575\" \/>\n<input type=\"hidden\" name=\"_wpcf7_version\" value=\"6.0.5\" \/>\n<input type=\"hidden\" name=\"_wpcf7_locale\" value=\"\" \/>\n<input type=\"hidden\" name=\"_wpcf7_unit_tag\" value=\"wpcf7-f575-o1\" \/>\n<input type=\"hidden\" name=\"_wpcf7_container_post\" value=\"0\" \/>\n<input type=\"hidden\" name=\"_wpcf7_posted_data_hash\" value=\"\" \/>\n<input type=\"hidden\" name=\"_wpcf7_recaptcha_response\" value=\"\" \/>\n<\/div>\n<p><label> N\u00e9v* (k\u00f6telez\u0151)<br \/>\n<span class=\"wpcf7-form-control-wrap\" data-name=\"your-name\"><input size=\"40\" maxlength=\"400\" class=\"wpcf7-form-control wpcf7-text wpcf7-validates-as-required\" aria-required=\"true\" aria-invalid=\"false\" value=\"\" type=\"text\" name=\"your-name\" \/><\/span> <\/label>\n<\/p>\n<p><label> E-mail c\u00edm* (k\u00f6telez\u0151)<br \/>\n<span class=\"wpcf7-form-control-wrap\" data-name=\"your-email\"><input size=\"40\" maxlength=\"400\" class=\"wpcf7-form-control wpcf7-email wpcf7-validates-as-required wpcf7-text wpcf7-validates-as-email\" aria-required=\"true\" aria-invalid=\"false\" value=\"\" type=\"email\" name=\"your-email\" \/><\/span> <\/label>\n<\/p>\n<p><label> Doktori Iskola\/Kar* (k\u00f6telez\u0151)<br \/>\n<span class=\"wpcf7-form-control-wrap\" data-name=\"DI\"><select class=\"wpcf7-form-control wpcf7-select\" aria-invalid=\"false\" name=\"DI\"><option value=\"Elm\u00e9leti \u00e9s Transzl\u00e1ci\u00f3s Orvostudom\u00e1nyok\">Elm\u00e9leti \u00e9s Transzl\u00e1ci\u00f3s Orvostudom\u00e1nyok<\/option><option value=\"R\u00e1cz K\u00e1roly Klinikai Orvostudom\u00e1nyok\">R\u00e1cz K\u00e1roly Klinikai Orvostudom\u00e1nyok<\/option><option value=\"Gy\u00f3gyszertudom\u00e1nyok\">Gy\u00f3gyszertudom\u00e1nyok<\/option><option value=\"Ment\u00e1lis Eg\u00e9szs\u00e9gtudom\u00e1nyok\">Ment\u00e1lis Eg\u00e9szs\u00e9gtudom\u00e1nyok<\/option><option value=\"Szent\u00e1gothai J\u00e1nos Idegtudom\u00e1nyi\">Szent\u00e1gothai J\u00e1nos Idegtudom\u00e1nyi<\/option><option value=\"Molekul\u00e1ris Orvostudom\u00e1nyok\">Molekul\u00e1ris Orvostudom\u00e1nyok<\/option><option value=\"Patol\u00f3giai Tudom\u00e1nyok\">Patol\u00f3giai Tudom\u00e1nyok<\/option><option value=\"Eg\u00e9szs\u00e9gtudom\u00e1nyi\">Eg\u00e9szs\u00e9gtudom\u00e1nyi<\/option><option value=\"\u00c1ltal\u00e1nos Orvostudom\u00e1nyi Kar\">\u00c1ltal\u00e1nos Orvostudom\u00e1nyi Kar<\/option><option value=\"Fogorvostudom\u00e1nyi Kar\">Fogorvostudom\u00e1nyi Kar<\/option><option value=\"Gy\u00f3gyszer\u00e9sztudom\u00e1nyi Kar\">Gy\u00f3gyszer\u00e9sztudom\u00e1nyi Kar<\/option><option value=\"Eg\u00e9szs\u00e9gtudom\u00e1nyi Kar\">Eg\u00e9szs\u00e9gtudom\u00e1nyi Kar<\/option><option value=\"Eg\u00e9szs\u00e9g\u00fcgyi K\u00f6zszolg\u00e1lati Kar\">Eg\u00e9szs\u00e9g\u00fcgyi K\u00f6zszolg\u00e1lati Kar<\/option><option value=\"Pet\u0151 Andr\u00e1s Kar\">Pet\u0151 Andr\u00e1s Kar<\/option><option value=\"Egy\u00e9b\">Egy\u00e9b<\/option><\/select><\/span> <\/label>\n<\/p>\n<p><label> Neptun k\u00f3d* (k\u00f6telez\u0151)<br \/>\n<span class=\"wpcf7-form-control-wrap\" data-name=\"your-neptun\"><input size=\"40\" maxlength=\"400\" class=\"wpcf7-form-control wpcf7-text wpcf7-validates-as-required\" aria-required=\"true\" aria-invalid=\"false\" value=\"\" type=\"text\" name=\"your-neptun\" \/><\/span> <\/label>\n<\/p>\n<p><label> Besz\u00e1mol\u00f3 a Selye J\u00e1nos Doktorandusz Szakkoll\u00e9gium k\u00f6tel\u00e9k\u00e9ben v\u00e9gzett tev\u00e9kenys\u00e9gekr\u0151l a legut\u00f3bbi teljes\u00edt\u00e9si id\u0151szakban (megnevezve a Selye J\u00e1nos Doktorandusz Szakkoll\u00e9giumban bet\u00f6lt\u00f6tt esetleges poz\u00edci\u00f3t)* (k\u00f6telez\u0151)<br \/>\n<span class=\"wpcf7-form-control-wrap\" data-name=\"melleklet202107\"><input size=\"40\" class=\"wpcf7-form-control wpcf7-file wpcf7-validates-as-required\" accept=\".pdf,.doc,.docx,.jpg,.png\" aria-required=\"true\" aria-invalid=\"false\" type=\"file\" name=\"melleklet202107\" \/><\/span> <\/label>\n<\/p>\n<p><label> Megjegyz\u00e9s (nem k\u00f6telez\u0151)<br \/>\n<span class=\"wpcf7-form-control-wrap\" data-name=\"your-message\"><textarea cols=\"40\" rows=\"10\" maxlength=\"2000\" class=\"wpcf7-form-control wpcf7-textarea\" aria-invalid=\"false\" name=\"your-message\"><\/textarea><\/span> <\/label>\n<\/p>\n<p><input class=\"wpcf7-form-control wpcf7-submit has-spinner\" type=\"submit\" value=\"Bek\u00fcld\u00e9s\" \/>\n<\/p><div class=\"wpcf7-response-output\" aria-hidden=\"true\"><\/div>\n<\/form>\n<\/div>\n<\/p>\n","protected":false},"excerpt":{"rendered":"<p>JELENLEGI \u00d6SZT\u00d6ND\u00cdJP\u00c1LY\u00c1ZATI ID\u0150SZAK:<br \/>\nZ\u00c1RT!<\/p>\n","protected":false},"author":101158,"featured_media":0,"parent":0,"menu_order":0,"comment_status":"closed","ping_status":"closed","template":"","meta":{"_acf_changed":false,"footnotes":""},"categories":[],"tags":[],"class_list":["post-641","page","type-page","status-publish","hentry"],"acf":[],"_links":{"self":[{"href":"https:\/\/semmelweis.hu\/selye\/wp-json\/wp\/v2\/pages\/641","targetHints":{"allow":["GET"]}}],"collection":[{"href":"https:\/\/semmelweis.hu\/selye\/wp-json\/wp\/v2\/pages"}],"about":[{"href":"https:\/\/semmelweis.hu\/selye\/wp-json\/wp\/v2\/types\/page"}],"author":[{"embeddable":true,"href":"https:\/\/semmelweis.hu\/selye\/wp-json\/wp\/v2\/users\/101158"}],"replies":[{"embeddable":true,"href":"https:\/\/semmelweis.hu\/selye\/wp-json\/wp\/v2\/comments?post=641"}],"version-history":[{"count":6,"href":"https:\/\/semmelweis.hu\/selye\/wp-json\/wp\/v2\/pages\/641\/revisions"}],"predecessor-version":[{"id":940,"href":"https:\/\/semmelweis.hu\/selye\/wp-json\/wp\/v2\/pages\/641\/revisions\/940"}],"wp:attachment":[{"href":"https:\/\/semmelweis.hu\/selye\/wp-json\/wp\/v2\/media?parent=641"}],"wp:term":[{"taxonomy":"category","embeddable":true,"href":"https:\/\/semmelweis.hu\/selye\/wp-json\/wp\/v2\/categories?post=641"},{"taxonomy":"post_tag","embeddable":true,"href":"https:\/\/semmelweis.hu\/selye\/wp-json\/wp\/v2\/tags?post=641"}],"curies":[{"name":"wp","href":"https:\/\/api.w.org\/{rel}","templated":true}]}}