{"id":491,"date":"2022-02-19T15:31:31","date_gmt":"2022-02-19T14:31:31","guid":{"rendered":"https:\/\/semmelweis.hu\/selye\/?page_id=491"},"modified":"2025-02-23T20:42:38","modified_gmt":"2025-02-23T19:42:38","slug":"hatarozatok","status":"publish","type":"page","link":"https:\/\/semmelweis.hu\/selye\/rolunk\/dokumentumtar\/hatarozatok\/","title":{"rendered":"Hat\u00e1rozatok"},"content":{"rendered":"<p style=\"text-align: center\"><strong><a href=\"https:\/\/drive.google.com\/drive\/folders\/1CukyvUNN2PsWqbUO8XWhFWGtBUoTook9?usp=sharing\">K\u00d6ZGY\u0170L\u00c9S HAT\u00c1ROZATAI<\/a><\/strong><\/p>\n<p style=\"text-align: center\"><a href=\"https:\/\/drive.google.com\/drive\/folders\/1INjB0XuYkQXHnPZ8jGHwUsBrBlFJv6l8?usp=sharing\"><strong>ELN\u00d6KS\u00c9G HAT\u00c1ROZATAI<\/strong><\/a><\/p>\n","protected":false},"excerpt":{"rendered":"<p><a href=\"https:\/\/drive.google.com\/drive\/folders\/1CukyvUNN2PsWqbUO8XWhFWGtBUoTook9?usp=sharing\">K\u00d6ZGY\u0170L\u00c9S HAT\u00c1ROZATAI<\/a><br \/>\n<a href=\"https:\/\/drive.google.com\/drive\/folders\/1INjB0XuYkQXHnPZ8jGHwUsBrBlFJv6l8?usp=sharing\">ELN\u00d6KS\u00c9G HAT\u00c1ROZATAI<\/a><\/p>\n","protected":false},"author":101158,"featured_media":0,"parent":45,"menu_order":0,"comment_status":"closed","ping_status":"closed","template":"","meta":{"_acf_changed":false,"footnotes":""},"categories":[],"tags":[],"class_list":["post-491","page","type-page","status-publish","hentry"],"acf":[],"_links":{"self":[{"href":"https:\/\/semmelweis.hu\/selye\/wp-json\/wp\/v2\/pages\/491","targetHints":{"allow":["GET"]}}],"collection":[{"href":"https:\/\/semmelweis.hu\/selye\/wp-json\/wp\/v2\/pages"}],"about":[{"href":"https:\/\/semmelweis.hu\/selye\/wp-json\/wp\/v2\/types\/page"}],"author":[{"embeddable":true,"href":"https:\/\/semmelweis.hu\/selye\/wp-json\/wp\/v2\/users\/101158"}],"replies":[{"embeddable":true,"href":"https:\/\/semmelweis.hu\/selye\/wp-json\/wp\/v2\/comments?post=491"}],"version-history":[{"count":10,"href":"https:\/\/semmelweis.hu\/selye\/wp-json\/wp\/v2\/pages\/491\/revisions"}],"predecessor-version":[{"id":931,"href":"https:\/\/semmelweis.hu\/selye\/wp-json\/wp\/v2\/pages\/491\/revisions\/931"}],"up":[{"embeddable":true,"href":"https:\/\/semmelweis.hu\/selye\/wp-json\/wp\/v2\/pages\/45"}],"wp:attachment":[{"href":"https:\/\/semmelweis.hu\/selye\/wp-json\/wp\/v2\/media?parent=491"}],"wp:term":[{"taxonomy":"category","embeddable":true,"href":"https:\/\/semmelweis.hu\/selye\/wp-json\/wp\/v2\/categories?post=491"},{"taxonomy":"post_tag","embeddable":true,"href":"https:\/\/semmelweis.hu\/selye\/wp-json\/wp\/v2\/tags?post=491"}],"curies":[{"name":"wp","href":"https:\/\/api.w.org\/{rel}","templated":true}]}}