{"id":42,"date":"2021-12-12T21:35:03","date_gmt":"2021-12-12T20:35:03","guid":{"rendered":"https:\/\/semmelweis.hu\/selye\/?page_id=42"},"modified":"2025-10-20T13:12:09","modified_gmt":"2025-10-20T11:12:09","slug":"szervezeti-felepites","status":"publish","type":"page","link":"https:\/\/semmelweis.hu\/selye\/rolunk\/szervezeti-felepites\/","title":{"rendered":"Szervezeti fel\u00e9p\u00edt\u00e9s"},"content":{"rendered":"<h2>Eln\u00f6k<\/h2>\n<p><a class=\"emp-name\" href=\"https:\/\/semmelweis.hu\/telefonkonyv\/?emp_id=19668\">Dr. \u00c1rm\u00f3s Rich\u00e1rd Levente<\/a><\/p>\n<p>+36 20 663 2616<\/p>\n<h2>Tagok<\/h2>\n<div class=\"row mx-0 py-2 result-line \">\n<div>\u00a0<\/div>\n<div>\u00a0<\/div>\n<div class=\"col-12 col-md-5 pl-0 pr-2 \">B\u00e1bik Anna S\u00e1ra<\/div>\n<div class=\"col-8 col-md-5 pl-0 pr-2\"><span class=\"emp-phone\">szakkoll\u00e9giumi tag<\/span><\/div>\n<div class=\"col-4 col-md-2 pl-0 pr-2\">\u00a0<\/div>\n<\/div>\n<div class=\"row mx-0 py-2 result-line \">\n<div class=\"col-12 col-md-5 pl-0 pr-2 \">B\u00e1bik Zs\u00f3fia<\/div>\n<div class=\"col-8 col-md-5 pl-0 pr-2\"><span class=\"emp-phone\">szakkoll\u00e9giumi tag<\/span><\/div>\n<div class=\"col-4 col-md-2 pl-0 pr-2\">\u00a0<\/div>\n<\/div>\n<div class=\"row mx-0 py-2 result-line \">\n<div class=\"col-12 col-md-5 pl-0 pr-2 \">Bakacsi Anna Vir\u00e1g<\/div>\n<div class=\"col-8 col-md-5 pl-0 pr-2\"><span class=\"emp-phone\">eln\u00f6ks\u00e9gi tag, k\u00f6z\u00f6ss\u00e9gi referens<\/span><\/div>\n<div class=\"col-4 col-md-2 pl-0 pr-2\">\u00a0<\/div>\n<\/div>\n<div class=\"row mx-0 py-2 result-line \">\n<div class=\"col-12 col-md-5 pl-0 pr-2 \">Becske Melinda<\/div>\n<div class=\"col-8 col-md-5 pl-0 pr-2\"><span class=\"emp-phone\">szakkoll\u00e9giumi tag<\/span><\/div>\n<div class=\"col-4 col-md-2 pl-0 pr-2\">\u00a0<\/div>\n<\/div>\n<div class=\"row mx-0 py-2 result-line \">\n<div class=\"col-12 col-md-5 pl-0 pr-2 \">Bogd\u00e1nyi R\u00e9ka<\/div>\n<div class=\"col-8 col-md-5 pl-0 pr-2\"><span class=\"emp-phone\">szakkoll\u00e9giumi tag<\/span><\/div>\n<div class=\"col-4 col-md-2 pl-0 pr-2\">\u00a0<\/div>\n<\/div>\n<div class=\"row mx-0 py-2 result-line \">\n<div class=\"col-12 col-md-5 pl-0 pr-2 \">Dr. Bozs\u00e1nyi Szabolcs PhD<\/div>\n<div class=\"col-8 col-md-5 pl-0 pr-2\"><span class=\"emp-phone\">alumni tag<\/span><\/div>\n<div class=\"col-4 col-md-2 pl-0 pr-2\">\u00a0<\/div>\n<\/div>\n<div class=\"row mx-0 py-2 result-line \">\n<div class=\"col-12 col-md-5 pl-0 pr-2 \">Csik\u00f3s M\u00e1t\u00e9<\/div>\n<div class=\"col-8 col-md-5 pl-0 pr-2\"><span class=\"emp-phone\">szakkoll\u00e9giumi tag<\/span><\/div>\n<div class=\"col-4 col-md-2 pl-0 pr-2\">\u00a0<\/div>\n<\/div>\n<div class=\"row mx-0 py-2 result-line \">\n<div class=\"col-12 col-md-5 pl-0 pr-2 \">Csomos Attila<\/div>\n<div class=\"col-8 col-md-5 pl-0 pr-2\"><span class=\"emp-phone\">eln\u00f6ks\u00e9gi tag, p\u00e1ly\u00e1zati referens<\/span><\/div>\n<div class=\"col-4 col-md-2 pl-0 pr-2\">\u00a0<\/div>\n<\/div>\n<div class=\"row mx-0 py-2 result-line \">\n<div class=\"col-12 col-md-5 pl-0 pr-2 \">Dud\u00e1s Tibor<\/div>\n<div class=\"col-8 col-md-5 pl-0 pr-2\"><span class=\"emp-phone\">szakkoll\u00e9giumi tag<\/span><\/div>\n<div class=\"col-4 col-md-2 pl-0 pr-2\">\u00a0<\/div>\n<\/div>\n<div class=\"row mx-0 py-2 result-line \">\n<div class=\"col-12 col-md-5 pl-0 pr-2 \">Farkas Zolt\u00e1n Tam\u00e1s<\/div>\n<div class=\"col-8 col-md-5 pl-0 pr-2\"><span class=\"emp-phone\">szakkoll\u00e9giumi tag<\/span><\/div>\n<div class=\"col-4 col-md-2 pl-0 pr-2\">\u00a0<\/div>\n<\/div>\n<div class=\"row mx-0 py-2 result-line \">\n<div class=\"col-12 col-md-5 pl-0 pr-2 \">Fejes Emese Vikt\u00f3ria<\/div>\n<div class=\"col-8 col-md-5 pl-0 pr-2\"><span class=\"emp-phone\">szakkoll\u00e9giumi tag<\/span><\/div>\n<div class=\"col-4 col-md-2 pl-0 pr-2\">\u00a0<\/div>\n<\/div>\n<div class=\"row mx-0 py-2 result-line \">\n<div class=\"col-12 col-md-5 pl-0 pr-2 \">Dr. Gagyi Endre Botond<\/div>\n<div class=\"col-8 col-md-5 pl-0 pr-2\"><span class=\"emp-phone\">szakkoll\u00e9giumi tag<\/span><\/div>\n<div class=\"col-4 col-md-2 pl-0 pr-2\">\u00a0<\/div>\n<\/div>\n<div class=\"row mx-0 py-2 result-line \">\n<div class=\"col-12 col-md-5 pl-0 pr-2 \">Gelencs\u00e9r Rebeka<\/div>\n<div class=\"col-8 col-md-5 pl-0 pr-2\"><span class=\"emp-phone\">szakkoll\u00e9giumi tag<\/span><\/div>\n<div class=\"col-4 col-md-2 pl-0 pr-2\">\u00a0<\/div>\n<\/div>\n<div class=\"row mx-0 py-2 result-line \">\n<div class=\"col-12 col-md-5 pl-0 pr-2 \">J\u00f3zsa Huba S\u00e1ndor<\/div>\n<div class=\"col-8 col-md-5 pl-0 pr-2\"><span class=\"emp-phone\">szakkoll\u00e9giumi tag<\/span><\/div>\n<div class=\"col-4 col-md-2 pl-0 pr-2\">\u00a0<\/div>\n<\/div>\n<div class=\"row mx-0 py-2 result-line \">\n<div class=\"col-12 col-md-5 pl-0 pr-2 \">Kegyes-Brassai Anna Csilla<\/div>\n<div class=\"col-8 col-md-5 pl-0 pr-2\"><span class=\"emp-phone\">alumni tag<\/span><\/div>\n<div class=\"col-4 col-md-2 pl-0 pr-2\">\u00a0<\/div>\n<\/div>\n<div class=\"row mx-0 py-2 result-line \">\n<div class=\"col-12 col-md-5 pl-0 pr-2 \">Kov\u00e1cs Lilla<\/div>\n<div class=\"col-8 col-md-5 pl-0 pr-2\"><span class=\"emp-phone\">szakkoll\u00e9giumi tag<\/span><\/div>\n<div class=\"col-4 col-md-2 pl-0 pr-2\">\u00a0<\/div>\n<\/div>\n<div class=\"row mx-0 py-2 result-line \">\n<div class=\"col-12 col-md-5 pl-0 pr-2 \">Lakatos Alexandra<\/div>\n<div class=\"col-8 col-md-5 pl-0 pr-2\"><span class=\"emp-phone\">szakkoll\u00e9giumi tag<\/span><\/div>\n<div class=\"col-4 col-md-2 pl-0 pr-2\">\u00a0<\/div>\n<\/div>\n<div class=\"row mx-0 py-2 result-line \">\n<div class=\"col-12 col-md-5 pl-0 pr-2 \">L\u00e1szl\u00f3 Zs\u00f3fia<\/div>\n<div class=\"col-8 col-md-5 pl-0 pr-2\"><span class=\"emp-phone\">eln\u00f6ks\u00e9gi tag, marketing referens<\/span><\/div>\n<div class=\"col-4 col-md-2 pl-0 pr-2\">\u00a0<\/div>\n<\/div>\n<div class=\"row mx-0 py-2 result-line \">\n<div class=\"col-12 col-md-5 pl-0 pr-2 \">Magyar T\u00e1rek Zolt\u00e1n<\/div>\n<div class=\"col-8 col-md-5 pl-0 pr-2\"><span class=\"emp-phone\">eln\u00f6ks\u00e9gi tag<\/span><\/div>\n<div class=\"col-4 col-md-2 pl-0 pr-2\">\u00a0<\/div>\n<\/div>\n<div class=\"row mx-0 py-2 result-line \">\n<div class=\"col-12 col-md-5 pl-0 pr-2 \">Dr. M\u00e1ndoki Andr\u00e1s<\/div>\n<div class=\"col-8 col-md-5 pl-0 pr-2\"><span class=\"emp-phone\">eln\u00f6ks\u00e9gi tag<\/span><\/div>\n<\/div>\n<div class=\"row mx-0 py-2 result-line \">\n<div class=\"col-12 col-md-5 pl-0 pr-2 \">M\u00e1th\u00e9 G\u00e1bor B\u00e1lint<\/div>\n<div class=\"col-8 col-md-5 pl-0 pr-2\"><span class=\"emp-phone\">szakkoll\u00e9giumi tag<\/span><\/div>\n<div class=\"col-4 col-md-2 pl-0 pr-2\">\u00a0<\/div>\n<\/div>\n<div class=\"row mx-0 py-2 result-line \">\n<div class=\"col-12 col-md-5 pl-0 pr-2 \">Morvai Eliza<\/div>\n<div class=\"col-8 col-md-5 pl-0 pr-2\"><span class=\"emp-phone\">szakkoll\u00e9giumi tag<\/span><\/div>\n<div class=\"col-4 col-md-2 pl-0 pr-2\">\u00a0<\/div>\n<\/div>\n<div class=\"row mx-0 py-2 result-line \">\n<div class=\"col-12 col-md-5 pl-0 pr-2 \">Mur\u00e1nyi Jerne R\u00e9ka<\/div>\n<div class=\"col-8 col-md-5 pl-0 pr-2\"><span class=\"emp-phone\">szakkoll\u00e9giumi tag<\/span><\/div>\n<div class=\"col-4 col-md-2 pl-0 pr-2\">\u00a0<\/div>\n<\/div>\n<div class=\"row mx-0 py-2 result-line \">\n<div class=\"col-12 col-md-5 pl-0 pr-2 \">Oravecz Orsolya<\/div>\n<div class=\"col-8 col-md-5 pl-0 pr-2\"><span class=\"emp-phone\">eln\u00f6ks\u00e9gi tag<\/span><\/div>\n<div class=\"col-4 col-md-2 pl-0 pr-2\">\u00a0<\/div>\n<\/div>\n<div class=\"row mx-0 py-2 result-line \">\n<div class=\"col-12 col-md-5 pl-0 pr-2 \">Dr. \u0150ri Dorottya<\/div>\n<div class=\"col-8 col-md-5 pl-0 pr-2\"><span class=\"emp-phone\">alumni tag<\/span><\/div>\n<div class=\"col-4 col-md-2 pl-0 pr-2\">\u00a0<\/div>\n<\/div>\n<div class=\"row mx-0 py-2 result-line \">\n<div class=\"col-12 col-md-5 pl-0 pr-2 \">Osztovits Kinga M\u00e1ria<\/div>\n<div class=\"col-8 col-md-5 pl-0 pr-2\"><span class=\"emp-phone\">eln\u00f6ks\u00e9gi tag, titk\u00e1r<\/span><\/div>\n<div class=\"col-4 col-md-2 pl-0 pr-2\">\u00a0<\/div>\n<\/div>\n<div class=\"row mx-0 py-2 result-line \">\n<div class=\"col-12 col-md-5 pl-0 pr-2 \">P\u00e1l Dorottya<\/div>\n<div class=\"col-8 col-md-5 pl-0 pr-2\"><span class=\"emp-phone\">szakkoll\u00e9giumi tag<\/span><\/div>\n<div class=\"col-4 col-md-2 pl-0 pr-2\">\u00a0<\/div>\n<\/div>\n<div class=\"row mx-0 py-2 result-line \">\n<div class=\"col-12 col-md-5 pl-0 pr-2 \">Pallag Gergely<\/div>\n<div class=\"col-8 col-md-5 pl-0 pr-2\"><span class=\"emp-phone\">szakkoll\u00e9giumi tag<\/span><\/div>\n<div class=\"col-4 col-md-2 pl-0 pr-2\">\u00a0<\/div>\n<\/div>\n<div class=\"row mx-0 py-2 result-line \">\n<div class=\"col-12 col-md-5 pl-0 pr-2 \">Pirisi Julianna<\/div>\n<div class=\"col-8 col-md-5 pl-0 pr-2\"><span class=\"emp-phone\">szakkoll\u00e9giumi tag<\/span><\/div>\n<div class=\"col-4 col-md-2 pl-0 pr-2\">\u00a0<\/div>\n<\/div>\n<div class=\"row mx-0 py-2 result-line \">\n<div class=\"col-12 col-md-5 pl-0 pr-2 \">Poncs\u00e1k Kincs\u0151<\/div>\n<div class=\"col-8 col-md-5 pl-0 pr-2\"><span class=\"emp-phone\">szakkoll\u00e9giumi tag<\/span><\/div>\n<div class=\"col-4 col-md-2 pl-0 pr-2\">\u00a0<\/div>\n<\/div>\n<div class=\"row mx-0 py-2 result-line \">\n<div class=\"col-12 col-md-5 pl-0 pr-2 \">Dr. Posta M\u00e1t\u00e9<\/div>\n<div class=\"col-8 col-md-5 pl-0 pr-2\"><span class=\"emp-phone\">eln\u00f6khelyettes<\/span><\/div>\n<div class=\"col-4 col-md-2 pl-0 pr-2\">\u00a0<\/div>\n<\/div>\n<div class=\"row mx-0 py-2 result-line \">\n<div class=\"col-12 col-md-5 pl-0 pr-2 \">R\u00e1cz Melinda<\/div>\n<div class=\"col-8 col-md-5 pl-0 pr-2\"><span class=\"emp-phone\">eln\u00f6ks\u00e9gi tag<\/span><\/div>\n<div class=\"col-4 col-md-2 pl-0 pr-2\">\u00a0<\/div>\n<\/div>\n<div class=\"row mx-0 py-2 result-line \">\n<div class=\"col-12 col-md-5 pl-0 pr-2 \">S\u00e1fr\u00e1n Csenge Luca<\/div>\n<div class=\"col-8 col-md-5 pl-0 pr-2\"><span class=\"emp-phone\">szakkoll\u00e9giumi tag<\/span><\/div>\n<div class=\"col-4 col-md-2 pl-0 pr-2\">\u00a0<\/div>\n<\/div>\n<div class=\"row mx-0 py-2 result-line \">\n<div class=\"col-12 col-md-5 pl-0 pr-2 \">Seitz Erik<\/div>\n<div class=\"col-8 col-md-5 pl-0 pr-2\"><span class=\"emp-phone\">szakkoll\u00e9giumi tag<\/span><\/div>\n<div class=\"col-4 col-md-2 pl-0 pr-2\">\u00a0<\/div>\n<\/div>\n<div class=\"row mx-0 py-2 result-line \">\n<div class=\"col-12 col-md-5 pl-0 pr-2 \">So\u00f3s \u00c1d\u00e1m<\/div>\n<div class=\"col-8 col-md-5 pl-0 pr-2\"><span class=\"emp-phone\">szakkoll\u00e9giumi tag<\/span><\/div>\n<div class=\"col-4 col-md-2 pl-0 pr-2\">\u00a0<\/div>\n<\/div>\n<div class=\"row mx-0 py-2 result-line \">\n<div class=\"col-12 col-md-5 pl-0 pr-2 \">S\u00f3t\u00e9r Fruzsina<\/div>\n<div class=\"col-8 col-md-5 pl-0 pr-2\"><span class=\"emp-phone\">szakkoll\u00e9giumi tag<\/span><\/div>\n<div class=\"col-4 col-md-2 pl-0 pr-2\">\u00a0<\/div>\n<\/div>\n<div class=\"row mx-0 py-2 result-line \">\n<div class=\"col-12 col-md-5 pl-0 pr-2 \">Szab\u00f3 Vikt\u00f3ria Fl\u00f3ra<\/div>\n<div class=\"col-8 col-md-5 pl-0 pr-2\"><span class=\"emp-phone\">szakkoll\u00e9giumi tag<\/span><\/div>\n<div class=\"col-4 col-md-2 pl-0 pr-2\">\u00a0<\/div>\n<\/div>\n<div class=\"row mx-0 py-2 result-line \">\n<div class=\"col-12 col-md-5 pl-0 pr-2 \">Szappanos Attila<\/div>\n<div class=\"col-8 col-md-5 pl-0 pr-2\"><span class=\"emp-phone\">eln\u00f6ks\u00e9gi tag, habilit\u00e1ci\u00f3s referens<\/span><\/div>\n<div class=\"col-4 col-md-2 pl-0 pr-2\">\u00a0<\/div>\n<\/div>\n<div class=\"row mx-0 py-2 result-line \">\n<div class=\"col-12 col-md-5 pl-0 pr-2 \">Szarvas Csenge Anna<\/div>\n<div class=\"col-8 col-md-5 pl-0 pr-2\"><span class=\"emp-phone\">szakkoll\u00e9giumi tag<\/span><\/div>\n<div class=\"col-4 col-md-2 pl-0 pr-2\">\u00a0<\/div>\n<\/div>\n<div class=\"row mx-0 py-2 result-line \">\n<div class=\"col-12 col-md-5 pl-0 pr-2 \">Szepesi Gabriella<\/div>\n<div class=\"col-8 col-md-5 pl-0 pr-2\"><span class=\"emp-phone\">alumni tag<\/span><\/div>\n<div class=\"col-4 col-md-2 pl-0 pr-2\">\u00a0<\/div>\n<\/div>\n<div class=\"row mx-0 py-2 result-line \">\n<div class=\"col-12 col-md-5 pl-0 pr-2 \">Szigeti P\u00e9ter<\/div>\n<div class=\"col-8 col-md-5 pl-0 pr-2\"><span class=\"emp-phone\">szakkoll\u00e9giumi tag<\/span><\/div>\n<div class=\"col-4 col-md-2 pl-0 pr-2\">\u00a0<\/div>\n<\/div>\n<div class=\"row mx-0 py-2 result-line \">\n<div class=\"col-12 col-md-5 pl-0 pr-2 \">Sz\u0151cs Em\u0151ke<\/div>\n<div class=\"col-8 col-md-5 pl-0 pr-2\"><span class=\"emp-phone\">szakkoll\u00e9giumi tag<\/span><\/div>\n<div class=\"col-4 col-md-2 pl-0 pr-2\">\u00a0<\/div>\n<\/div>\n<div class=\"row mx-0 py-2 result-line \">\n<div class=\"col-12 col-md-5 pl-0 pr-2 \"><a class=\"emp-name\" href=\"https:\/\/semmelweis.hu\/telefonkonyv\/?emp_id=24563\">Sz\u0151k<\/a>e<a class=\"emp-name\" href=\"https:\/\/semmelweis.hu\/telefonkonyv\/?emp_id=24563\"> Mira<\/a><\/div>\n<div class=\"col-8 col-md-5 pl-0 pr-2\"><span class=\"emp-phone\">szakkoll\u00e9giumi tag<\/span><\/div>\n<div class=\"col-4 col-md-2 pl-0 pr-2\">\u00a0<\/div>\n<\/div>\n<div class=\"row mx-0 py-2 result-line \">\n<div class=\"col-12 col-md-5 pl-0 pr-2 \">Sztebel Judit<\/div>\n<div class=\"col-8 col-md-5 pl-0 pr-2\"><span class=\"emp-phone\">szakkoll\u00e9giumi tag<\/span><\/div>\n<div class=\"col-4 col-md-2 pl-0 pr-2\">\u00a0<\/div>\n<\/div>\n<div class=\"row mx-0 py-2 result-line \">\n<div class=\"col-12 col-md-5 pl-0 pr-2 \">T\u00f3th-K\u0151r\u00f6si Csenge<\/div>\n<div class=\"col-8 col-md-5 pl-0 pr-2\"><span class=\"emp-phone\">szakkoll\u00e9giumi tag<\/span><\/div>\n<div class=\"col-4 col-md-2 pl-0 pr-2\">\u00a0<\/div>\n<\/div>\n<div class=\"row mx-0 py-2 result-line \">\n<div class=\"col-12 col-md-5 pl-0 pr-2 \">Uzonyi Eszter<\/div>\n<div class=\"col-8 col-md-5 pl-0 pr-2\"><span class=\"emp-phone\">szakkoll\u00e9giumi tag<\/span><\/div>\n<div class=\"col-4 col-md-2 pl-0 pr-2\">\u00a0<\/div>\n<\/div>\n<div class=\"row mx-0 py-2 result-line \">\n<div class=\"col-12 col-md-5 pl-0 pr-2 \">Veres Krist\u00f3f Domonkos<\/div>\n<div class=\"col-8 col-md-5 pl-0 pr-2\"><span class=\"emp-phone\">szakkoll\u00e9giumi tag<\/span><\/div>\n<div class=\"col-4 col-md-2 pl-0 pr-2\">\u00a0<\/div>\n<\/div>\n<div class=\"row mx-0 py-2 result-line \">\n<div class=\"col-12 col-md-5 pl-0 pr-2 \">Vizi P\u00e9ter M\u00e1rk<\/div>\n<div class=\"col-8 col-md-5 pl-0 pr-2\"><span class=\"emp-phone\">eln\u00f6khelyettes<\/span><\/div>\n<\/div>\n","protected":false},"excerpt":{"rendered":"<p>Eln\u00f6k <a class=\"emp-name\" href=\"https:\/\/semmelweis.hu\/telefonkonyv\/?emp_id=19668\">Dr. \u00c1rm\u00f3s Rich\u00e1rd Levente<\/a> +36 20 663 2616 Tagok \u00a0 \u00a0 B\u00e1bik Anna S\u00e1ra szakkoll\u00e9giumi tag \u00a0 B\u00e1bik Zs\u00f3fia szakkoll\u00e9giumi tag \u00a0 Bakacsi Anna Vir\u00e1g eln\u00f6ks\u00e9gi tag, k\u00f6z\u00f6ss\u00e9gi referens \u00a0 Becske Melinda szakkoll\u00e9giumi tag \u00a0 Bogd\u00e1nyi R\u00e9ka szakkoll\u00e9giumi tag \u00a0 Dr. Bozs\u00e1nyi Szabolcs PhD alumni tag \u00a0 Csik\u00f3s M\u00e1t\u00e9 szakkoll\u00e9giumi tag \u00a0 Csomos Attila eln\u00f6ks\u00e9gi tag, p\u00e1ly\u00e1zati referens &hellip;<\/p>\n","protected":false},"author":101158,"featured_media":0,"parent":10,"menu_order":1,"comment_status":"closed","ping_status":"closed","template":"","meta":{"_acf_changed":false,"footnotes":""},"categories":[],"tags":[],"class_list":["post-42","page","type-page","status-publish","hentry"],"acf":[],"_links":{"self":[{"href":"https:\/\/semmelweis.hu\/selye\/wp-json\/wp\/v2\/pages\/42","targetHints":{"allow":["GET"]}}],"collection":[{"href":"https:\/\/semmelweis.hu\/selye\/wp-json\/wp\/v2\/pages"}],"about":[{"href":"https:\/\/semmelweis.hu\/selye\/wp-json\/wp\/v2\/types\/page"}],"author":[{"embeddable":true,"href":"https:\/\/semmelweis.hu\/selye\/wp-json\/wp\/v2\/users\/101158"}],"replies":[{"embeddable":true,"href":"https:\/\/semmelweis.hu\/selye\/wp-json\/wp\/v2\/comments?post=42"}],"version-history":[{"count":6,"href":"https:\/\/semmelweis.hu\/selye\/wp-json\/wp\/v2\/pages\/42\/revisions"}],"predecessor-version":[{"id":1076,"href":"https:\/\/semmelweis.hu\/selye\/wp-json\/wp\/v2\/pages\/42\/revisions\/1076"}],"up":[{"embeddable":true,"href":"https:\/\/semmelweis.hu\/selye\/wp-json\/wp\/v2\/pages\/10"}],"wp:attachment":[{"href":"https:\/\/semmelweis.hu\/selye\/wp-json\/wp\/v2\/media?parent=42"}],"wp:term":[{"taxonomy":"category","embeddable":true,"href":"https:\/\/semmelweis.hu\/selye\/wp-json\/wp\/v2\/categories?post=42"},{"taxonomy":"post_tag","embeddable":true,"href":"https:\/\/semmelweis.hu\/selye\/wp-json\/wp\/v2\/tags?post=42"}],"curies":[{"name":"wp","href":"https:\/\/api.w.org\/{rel}","templated":true}]}}