{"id":27,"date":"2021-12-12T21:32:53","date_gmt":"2021-12-12T20:32:53","guid":{"rendered":"https:\/\/semmelweis.hu\/selye\/?page_id=27"},"modified":"2025-02-24T12:00:59","modified_gmt":"2025-02-24T11:00:59","slug":"habilitacio","status":"publish","type":"page","link":"https:\/\/semmelweis.hu\/selye\/habilitacio\/","title":{"rendered":"Habilit\u00e1ci\u00f3"},"content":{"rendered":"<p style=\"text-align: center\"><strong>A Selye J\u00e1nos Doktorandusz Szakkoll\u00e9gium \u00e9s a Semmelweis Ign\u00e1c Szakkoll\u00e9gium tagfelv\u00e9tele a habilit\u00e1ci\u00f3s elj\u00e1r\u00e1s sor\u00e1n t\u00f6rt\u00e9nik, melyet a Szakkoll\u00e9gium Habilit\u00e1ci\u00f3s Bizotts\u00e1ga koordin\u00e1l.<\/strong><\/p>\n<p style=\"text-align: center\"><strong>A habilit\u00e1ci\u00f3s elj\u00e1r\u00e1sba l\u00e9p\u00e9shez az al\u00e1bbi jelentkez\u00e9si fel\u00fclet kit\u00f6lt\u00e9s\u00e9vel van lehet\u0151s\u00e9g tagfelv\u00e9teli id\u0151szakban.<\/strong><\/p>\n<p style=\"text-align: center\"><strong>A Selye J\u00e1nos Doktorandusz Szakkoll\u00e9giumba PhD k\u00e9pz\u00e9sben r\u00e9sztvev\u0151 hallgat\u00f3k jelentkezhetnek.<br \/>\nA Semmelweis Ign\u00e1c Szakkoll\u00e9giumba a gradu\u00e1lis k\u00e9pz\u00e9sben r\u00e9sztvev\u0151 hallgat\u00f3k jelentkezhetnek.<\/strong><\/p>\n<p style=\"text-align: center\"><span style=\"color: #800000\"><strong><span style=\"color: #000000\">AKTU\u00c1LIS JELENTKEZ\u00c9SI ID\u0150SZAK:<\/span> Z\u00c1RT!<\/strong><\/span><\/p>\n<table style=\"border-collapse: collapse;width: 100%\">\n<tbody>\n<tr>\n<td style=\"width: 100%;text-align: center\">\n<div class=\"wpcf7 no-js\" id=\"wpcf7-f167-o1\" lang=\"\" dir=\"ltr\" data-wpcf7-id=\"167\">\n<div class=\"screen-reader-response\"><p role=\"status\" aria-live=\"polite\" aria-atomic=\"true\"><\/p> <ul><\/ul><\/div>\n<form action=\"\/selye\/wp-json\/wp\/v2\/pages\/27#wpcf7-f167-o1\" method=\"post\" class=\"wpcf7-form init\" aria-label=\"Kapcsolatfelv\u00e9teli \u0171rlap\" enctype=\"multipart\/form-data\" novalidate=\"novalidate\" data-status=\"init\">\n<div style=\"display: none;\">\n<input type=\"hidden\" name=\"_wpcf7\" value=\"167\" \/>\n<input type=\"hidden\" name=\"_wpcf7_version\" value=\"6.0.5\" \/>\n<input type=\"hidden\" name=\"_wpcf7_locale\" value=\"\" \/>\n<input type=\"hidden\" name=\"_wpcf7_unit_tag\" value=\"wpcf7-f167-o1\" \/>\n<input type=\"hidden\" name=\"_wpcf7_container_post\" value=\"0\" \/>\n<input type=\"hidden\" name=\"_wpcf7_posted_data_hash\" value=\"\" \/>\n<input type=\"hidden\" name=\"_wpcf7_recaptcha_response\" value=\"\" \/>\n<\/div>\n<p><label> *N\u00e9v (k\u00f6telez\u0151)<br \/>\n<span class=\"wpcf7-form-control-wrap\" data-name=\"your-name\"><input size=\"40\" maxlength=\"400\" class=\"wpcf7-form-control wpcf7-text wpcf7-validates-as-required\" aria-required=\"true\" aria-invalid=\"false\" value=\"\" type=\"text\" name=\"your-name\" \/><\/span> <\/label>\n<\/p>\n<p><label> *Email c\u00edm (k\u00f6telez\u0151)<br \/>\n<span class=\"wpcf7-form-control-wrap\" data-name=\"your-email\"><input size=\"40\" maxlength=\"400\" class=\"wpcf7-form-control wpcf7-email wpcf7-validates-as-required wpcf7-text wpcf7-validates-as-email\" aria-required=\"true\" aria-invalid=\"false\" value=\"\" type=\"email\" name=\"your-email\" \/><\/span> <\/label>\n<\/p>\n<p><label> Telefonsz\u00e1m<br \/>\n<span class=\"wpcf7-form-control-wrap\" data-name=\"your-tel\"><input size=\"40\" maxlength=\"400\" class=\"wpcf7-form-control wpcf7-tel wpcf7-text wpcf7-validates-as-tel\" aria-invalid=\"false\" value=\"\" type=\"tel\" name=\"your-tel\" \/><\/span> <\/label>\n<\/p>\n<p><label> Doktori Iskola\/Kar* (k\u00f6telez\u0151)<br \/>\n<span class=\"wpcf7-form-control-wrap\" data-name=\"DI\"><select class=\"wpcf7-form-control wpcf7-select\" aria-invalid=\"false\" name=\"DI\"><option value=\"Elm\u00e9leti \u00e9s Transzl\u00e1ci\u00f3s Orvostudom\u00e1nyok DI\">Elm\u00e9leti \u00e9s Transzl\u00e1ci\u00f3s Orvostudom\u00e1nyok DI<\/option><option value=\"R\u00e1cz K\u00e1roly Klinikai Orvostudom\u00e1nyok DI\">R\u00e1cz K\u00e1roly Klinikai Orvostudom\u00e1nyok DI<\/option><option value=\"Gy\u00f3gyszertudom\u00e1nyok DI\">Gy\u00f3gyszertudom\u00e1nyok DI<\/option><option value=\"Ment\u00e1lis Eg\u00e9szs\u00e9gtudom\u00e1nyok DI\">Ment\u00e1lis Eg\u00e9szs\u00e9gtudom\u00e1nyok DI<\/option><option value=\"Eg\u00e9szs\u00e9gtudom\u00e1nyi DI\">Eg\u00e9szs\u00e9gtudom\u00e1nyi DI<\/option><option value=\"Szent\u00e1gothai J\u00e1nos Idegtudom\u00e1nyi DI\">Szent\u00e1gothai J\u00e1nos Idegtudom\u00e1nyi DI<\/option><option value=\"Molekul\u00e1ris Orvostudom\u00e1nyok DI\">Molekul\u00e1ris Orvostudom\u00e1nyok DI<\/option><option value=\"Patol\u00f3giai Tudom\u00e1nyok DI\">Patol\u00f3giai Tudom\u00e1nyok DI<\/option><option value=\"\u00c1ltal\u00e1nos Orvostudom\u00e1nyi Kar\">\u00c1ltal\u00e1nos Orvostudom\u00e1nyi Kar<\/option><option value=\"Fogorvostudom\u00e1nyi Kar\">Fogorvostudom\u00e1nyi Kar<\/option><option value=\"Gy\u00f3gyszer\u00e9sztudom\u00e1nyi Kar\">Gy\u00f3gyszer\u00e9sztudom\u00e1nyi Kar<\/option><option value=\"Eg\u00e9szs\u00e9gtudom\u00e1nyi Kar\">Eg\u00e9szs\u00e9gtudom\u00e1nyi Kar<\/option><option value=\"Eg\u00e9szs\u00e9g\u00fcgyi K\u00f6zszolg\u00e1lati Kar\">Eg\u00e9szs\u00e9g\u00fcgyi K\u00f6zszolg\u00e1lati Kar<\/option><option value=\"Pet\u0151 Andr\u00e1s Kar\">Pet\u0151 Andr\u00e1s Kar<\/option><option value=\"Egy\u00e9b\">Egy\u00e9b<\/option><\/select><\/span> <\/label>\n<\/p>\n<p><label> Doktori\/Gradu\u00e1lis k\u00e9pz\u00e9s beiratkoz\u00e1s d\u00e1tuma* (k\u00f6telez\u0151) form\u00e1tum:\u00e9\u00e9\u00e9\u00e9.hh.nn.<br \/>\n<span class=\"wpcf7-form-control-wrap\" data-name=\"Beiratkozasdatuma\"><input class=\"wpcf7-form-control wpcf7-date wpcf7-validates-as-required wpcf7-validates-as-date\" min=\"1769-01-01\" aria-required=\"true\" aria-invalid=\"false\" value=\"\" type=\"date\" name=\"Beiratkozasdatuma\" \/><\/span> <\/label>\n<\/p>\n<p><label> PhD\/Gradu\u00e1lis tanulm\u00e1nyok v\u00e1rhat\u00f3 befejez\u00e9se* (k\u00f6telez\u0151) form\u00e1tum:\u00e9\u00e9\u00e9\u00e9.hh.nn.<br \/>\n<span class=\"wpcf7-form-control-wrap\" data-name=\"diplomadatuma\"><input class=\"wpcf7-form-control wpcf7-date wpcf7-validates-as-required wpcf7-validates-as-date\" min=\"1769-01-01\" aria-required=\"true\" aria-invalid=\"false\" value=\"\" type=\"date\" name=\"diplomadatuma\" \/><\/span> <\/label>\n<\/p>\n<p><label> Jelenlegi munkahely\/kutat\u00e1si hely (ha nincs, hagyd \u00fcresen)<br \/>\n<span class=\"wpcf7-form-control-wrap\" data-name=\"munkahely\"><input size=\"40\" maxlength=\"400\" class=\"wpcf7-form-control wpcf7-text\" aria-invalid=\"false\" value=\"\" type=\"text\" name=\"munkahely\" \/><\/span> <\/label>\n<\/p>\n<p><label> Tudom\u00e1nyos \u00e9rdekl\u0151d\u00e9si ter\u00fclet* (k\u00f6telez\u0151)<br \/>\n<span class=\"wpcf7-form-control-wrap\" data-name=\"kutatas\"><input size=\"40\" maxlength=\"400\" class=\"wpcf7-form-control wpcf7-text wpcf7-validates-as-required\" aria-required=\"true\" aria-invalid=\"false\" value=\"\" type=\"text\" name=\"kutatas\" \/><\/span> <\/label>\n<\/p>\n<p><label> T\u00e9mavezet\u0151\/tutor (ha nincs, hagyd ki)<br \/>\n<span class=\"wpcf7-form-control-wrap\" data-name=\"temavezeto\"><input size=\"40\" maxlength=\"400\" class=\"wpcf7-form-control wpcf7-text\" aria-invalid=\"false\" value=\"\" type=\"text\" name=\"temavezeto\" \/><\/span> <\/label>\n<\/p>\n<p><label> \u00d6n\u00e9letrajz (amennyiben most nem felt\u00f6lthet\u0151, k\u00e9rj\u00fck a jelentkez\u00e9si id\u0151szak v\u00e9g\u00e9ig emailben elk\u00fcldeni a semmelweis.phd.dormitory@gmail.com email c\u00edmre!)<br \/>\n<span class=\"wpcf7-form-control-wrap\" data-name=\"melleklet1\"><input size=\"40\" class=\"wpcf7-form-control wpcf7-file\" accept=\".pdf,.doc,.docx\" aria-invalid=\"false\" type=\"file\" name=\"melleklet1\" \/><\/span> <\/label>\n<\/p>\n<p><label> Eddigi eredm\u00e9nyek<br \/>\n- tov\u00e1bbi v\u00e9gzetts\u00e9gek, el\u0151ad\u00e1sok, d\u00edjak, oktat\u00e1si teljes\u00edtm\u00e9ny, publik\u00e1ci\u00f3s lista<br \/>\n(MTMT link is elegend\u0151 a dokumentumban, ha van)<br \/>\n<span class=\"wpcf7-form-control-wrap\" data-name=\"melleklet2\"><input size=\"40\" class=\"wpcf7-form-control wpcf7-file\" accept=\".pdf,.doc,.docx\" aria-invalid=\"false\" type=\"file\" name=\"melleklet2\" \/><\/span> <\/label>\n<\/p>\n<p><label> \u00dczenet\/k\u00e9rd\u00e9s<br \/>\n<span class=\"wpcf7-form-control-wrap\" data-name=\"your-message\"><textarea cols=\"40\" rows=\"10\" maxlength=\"2000\" class=\"wpcf7-form-control wpcf7-textarea\" aria-invalid=\"false\" name=\"your-message\"><\/textarea><\/span> <\/label>\n<\/p>\n<p><input class=\"wpcf7-form-control wpcf7-submit has-spinner\" type=\"submit\" value=\"K\u00fcld\u00e9s\" \/>\n<\/p><div class=\"wpcf7-response-output\" aria-hidden=\"true\"><\/div>\n<\/form>\n<\/div>\n<\/td>\n<\/tr>\n<\/tbody>\n<\/table>\n<blockquote class=\"wp-embedded-content\" data-secret=\"aHbd89GRYm\"><p><a href=\"https:\/\/semmelweis.hu\/selye\/adatkezeles\/\">Adatkezel\u00e9si t\u00e1j\u00e9koztat\u00f3<\/a><\/p><\/blockquote>\n<p><iframe loading=\"lazy\" class=\"wp-embedded-content\" sandbox=\"allow-scripts\" security=\"restricted\" style=\"position: absolute; clip: rect(1px, 1px, 1px, 1px);\" title=\"&#8220;Adatkezel\u00e9si t\u00e1j\u00e9koztat\u00f3&#8221; &#8212; Selye J\u00e1nos Doktorandusz Szakkoll\u00e9gium | Semmelweis Ign\u00e1c Szakkoll\u00e9gium\" src=\"https:\/\/semmelweis.hu\/selye\/adatkezeles\/embed\/#?secret=KigBYe1OGN#?secret=aHbd89GRYm\" data-secret=\"aHbd89GRYm\" width=\"600\" height=\"338\" frameborder=\"0\" marginwidth=\"0\" marginheight=\"0\" scrolling=\"no\"><\/iframe><\/p>\n","protected":false},"excerpt":{"rendered":"<p>A Selye J\u00e1nos Doktorandusz Szakkoll\u00e9gium \u00e9s a Semmelweis Ign\u00e1c Szakkoll\u00e9gium tagfelv\u00e9tele a habilit\u00e1ci\u00f3s elj\u00e1r\u00e1s sor\u00e1n t\u00f6rt\u00e9nik, melyet a Szakkoll\u00e9gium Habilit\u00e1ci\u00f3s Bizotts\u00e1ga koordin\u00e1l. A habilit\u00e1ci\u00f3s elj\u00e1r\u00e1sba l\u00e9p\u00e9shez az al\u00e1bbi jelentkez\u00e9si fel\u00fclet kit\u00f6lt\u00e9s\u00e9vel van lehet\u0151s\u00e9g tagfelv\u00e9teli id\u0151szakban. A Selye J\u00e1nos Doktorandusz Szakkoll\u00e9giumba PhD k\u00e9pz\u00e9sben r\u00e9sztvev\u0151 hallgat\u00f3k jelentkezhetnek. A Semmelweis Ign\u00e1c Szakkoll\u00e9giumba a gradu\u00e1lis k\u00e9pz\u00e9sben r\u00e9sztvev\u0151 hallgat\u00f3k jelentkezhetnek. &hellip;<\/p>\n","protected":false},"author":101158,"featured_media":0,"parent":0,"menu_order":4,"comment_status":"closed","ping_status":"closed","template":"","meta":{"_acf_changed":false,"footnotes":""},"categories":[],"tags":[],"class_list":["post-27","page","type-page","status-publish","hentry"],"acf":[],"_links":{"self":[{"href":"https:\/\/semmelweis.hu\/selye\/wp-json\/wp\/v2\/pages\/27","targetHints":{"allow":["GET"]}}],"collection":[{"href":"https:\/\/semmelweis.hu\/selye\/wp-json\/wp\/v2\/pages"}],"about":[{"href":"https:\/\/semmelweis.hu\/selye\/wp-json\/wp\/v2\/types\/page"}],"author":[{"embeddable":true,"href":"https:\/\/semmelweis.hu\/selye\/wp-json\/wp\/v2\/users\/101158"}],"replies":[{"embeddable":true,"href":"https:\/\/semmelweis.hu\/selye\/wp-json\/wp\/v2\/comments?post=27"}],"version-history":[{"count":10,"href":"https:\/\/semmelweis.hu\/selye\/wp-json\/wp\/v2\/pages\/27\/revisions"}],"predecessor-version":[{"id":943,"href":"https:\/\/semmelweis.hu\/selye\/wp-json\/wp\/v2\/pages\/27\/revisions\/943"}],"wp:attachment":[{"href":"https:\/\/semmelweis.hu\/selye\/wp-json\/wp\/v2\/media?parent=27"}],"wp:term":[{"taxonomy":"category","embeddable":true,"href":"https:\/\/semmelweis.hu\/selye\/wp-json\/wp\/v2\/categories?post=27"},{"taxonomy":"post_tag","embeddable":true,"href":"https:\/\/semmelweis.hu\/selye\/wp-json\/wp\/v2\/tags?post=27"}],"curies":[{"name":"wp","href":"https:\/\/api.w.org\/{rel}","templated":true}]}}