{"id":253,"date":"2021-12-18T17:44:00","date_gmt":"2021-12-18T16:44:00","guid":{"rendered":"https:\/\/semmelweis.hu\/selye\/?page_id=253"},"modified":"2023-08-06T20:22:37","modified_gmt":"2023-08-06T18:22:37","slug":"contact-us","status":"publish","type":"page","link":"https:\/\/semmelweis.hu\/selye\/en\/contact-us\/","title":{"rendered":"Contact us"},"content":{"rendered":"<p><strong><a href=\"https:\/\/semmelweis.hu\/selye\/files\/2023\/08\/selye_janos_logo-no-background.tif\"><img decoding=\"async\" class=\"aligncenter size-full wp-image-636\" src=\"https:\/\/semmelweis.hu\/selye\/files\/2023\/08\/selye_janos_logo-no-background.tif\" alt=\"\" \/><\/a>Semmelweis University &#8211; Selye J\u00e1nos Doctoral College for Advanced Studies<br \/>\n<img loading=\"lazy\" decoding=\"async\" class=\"wp-image-638 alignright\" src=\"https:\/\/semmelweis.hu\/selye\/files\/2023\/08\/selye_janos_logo-jpg.jpg\" alt=\"\" width=\"151\" height=\"150\" srcset=\"https:\/\/semmelweis.hu\/selye\/files\/2023\/08\/selye_janos_logo-jpg.jpg 670w, https:\/\/semmelweis.hu\/selye\/files\/2023\/08\/selye_janos_logo-jpg-400x400.jpg 400w, https:\/\/semmelweis.hu\/selye\/files\/2023\/08\/selye_janos_logo-jpg-150x150.jpg 150w\" sizes=\"auto, (max-width: 151px) 100vw, 151px\" \/><br \/>\n<\/strong><\/p>\n<p><strong>Address:<\/strong> H-1085 Budapest, \u00dcll\u0151i \u00fat 22.<br \/>\n<strong>Phone:<\/strong> +36 20 666 3795<\/p>\n<p><strong>President:<\/strong> <br \/>\nRich\u00e1rd Levente \u00c1rm\u00f3s, MD<\/p>\n<p style=\"text-align: center\"><strong><img loading=\"lazy\" decoding=\"async\" class=\"wp-image-379 alignnone\" src=\"https:\/\/semmelweis.hu\/selye\/files\/2022\/01\/messenger-logo.png\" alt=\"\" width=\"35\" height=\"35\" srcset=\"https:\/\/semmelweis.hu\/selye\/files\/2022\/01\/messenger-logo.png 2048w, https:\/\/semmelweis.hu\/selye\/files\/2022\/01\/messenger-logo-400x400.png 400w, https:\/\/semmelweis.hu\/selye\/files\/2022\/01\/messenger-logo-1024x1024.png 1024w, https:\/\/semmelweis.hu\/selye\/files\/2022\/01\/messenger-logo-150x150.png 150w, https:\/\/semmelweis.hu\/selye\/files\/2022\/01\/messenger-logo-768x768.png 768w, https:\/\/semmelweis.hu\/selye\/files\/2022\/01\/messenger-logo-1536x1536.png 1536w, https:\/\/semmelweis.hu\/selye\/files\/2022\/01\/messenger-logo-753x753.png 753w\" sizes=\"auto, (max-width: 35px) 100vw, 35px\" \/>Contact us on<a href=\"http:\/\/m.me\/siszkollegium\"> Messenger<\/a> or via the following form!<\/strong><\/p>\n<div class=\"exp-col-content-holder\"><a class=\"expand-cnt-link\" href=\"#\">WRITE TO US HERE!<\/a><\/p>\n<div class=\"hidden-content\">\n\n<div class=\"wpcf7 no-js\" id=\"wpcf7-f320-o1\" lang=\"\" dir=\"ltr\" data-wpcf7-id=\"320\">\n<div class=\"screen-reader-response\"><p role=\"status\" aria-live=\"polite\" aria-atomic=\"true\"><\/p> <ul><\/ul><\/div>\n<form action=\"\/selye\/wp-json\/wp\/v2\/pages\/253#wpcf7-f320-o1\" method=\"post\" class=\"wpcf7-form init\" aria-label=\"Kapcsolatfelv\u00e9teli \u0171rlap\" enctype=\"multipart\/form-data\" novalidate=\"novalidate\" data-status=\"init\">\n<div style=\"display: none;\">\n<input type=\"hidden\" name=\"_wpcf7\" value=\"320\" \/>\n<input type=\"hidden\" name=\"_wpcf7_version\" value=\"6.0.5\" \/>\n<input type=\"hidden\" name=\"_wpcf7_locale\" value=\"\" \/>\n<input type=\"hidden\" name=\"_wpcf7_unit_tag\" value=\"wpcf7-f320-o1\" \/>\n<input type=\"hidden\" name=\"_wpcf7_container_post\" value=\"0\" \/>\n<input type=\"hidden\" name=\"_wpcf7_posted_data_hash\" value=\"\" \/>\n<input type=\"hidden\" name=\"_wpcf7_recaptcha_response\" value=\"\" \/>\n<\/div>\n<p><label> *Name (required)<br \/>\n<span class=\"wpcf7-form-control-wrap\" data-name=\"your-name\"><input size=\"40\" maxlength=\"400\" class=\"wpcf7-form-control wpcf7-text wpcf7-validates-as-required\" aria-required=\"true\" aria-invalid=\"false\" value=\"\" type=\"text\" name=\"your-name\" \/><\/span> <\/label>\n<\/p>\n<p><label> NEPTUN<br \/>\n<span class=\"wpcf7-form-control-wrap\" data-name=\"neptun\"><input size=\"40\" maxlength=\"400\" class=\"wpcf7-form-control wpcf7-text\" aria-invalid=\"false\" value=\"\" type=\"text\" name=\"neptun\" \/><\/span> <\/label>\n<\/p>\n<p><label> *E-mail (required)<br \/>\n<span class=\"wpcf7-form-control-wrap\" data-name=\"your-email\"><input size=\"40\" maxlength=\"400\" class=\"wpcf7-form-control wpcf7-email wpcf7-validates-as-required wpcf7-text wpcf7-validates-as-email\" aria-required=\"true\" aria-invalid=\"false\" value=\"\" type=\"email\" name=\"your-email\" \/><\/span> <\/label>\n<\/p>\n<p><label> Doctoral School* (required)<br \/>\n<span class=\"wpcf7-form-control-wrap\" data-name=\"DI\"><select class=\"wpcf7-form-control wpcf7-select\" aria-invalid=\"false\" name=\"DI\"><option value=\"Theoretical and Translational Medicine\">Theoretical and Translational Medicine<\/option><option value=\"K\u00e1roly R\u00e1cz Doctoral School of Clinical Medicine\">K\u00e1roly R\u00e1cz Doctoral School of Clinical Medicine<\/option><option value=\"Pharmaceutical Sciences\">Pharmaceutical Sciences<\/option><option value=\"Mental Health Sciences\">Mental Health Sciences<\/option><option value=\"Health Sciences\">Health Sciences<\/option><option value=\"J\u00e1nos Szent\u00e1gothai Doctoral School of Neurosciences\">J\u00e1nos Szent\u00e1gothai Doctoral School of Neurosciences<\/option><option value=\"Molecular Medicine\">Molecular Medicine<\/option><option value=\"Pathological Sciences\">Pathological Sciences<\/option><option value=\"Other\">Other<\/option><\/select><\/span> <\/label>\n<\/p>\n<p><label> *Subject (required)<br \/>\n<span class=\"wpcf7-form-control-wrap\" data-name=\"your-subject\"><input size=\"40\" maxlength=\"400\" class=\"wpcf7-form-control wpcf7-text wpcf7-validates-as-required\" aria-required=\"true\" aria-invalid=\"false\" value=\"\" type=\"text\" name=\"your-subject\" \/><\/span> <\/label>\n<\/p>\n<p><label> *Message (required)<br \/>\n<span class=\"wpcf7-form-control-wrap\" data-name=\"your-message\"><textarea cols=\"40\" rows=\"10\" maxlength=\"2000\" class=\"wpcf7-form-control wpcf7-textarea wpcf7-validates-as-required\" aria-required=\"true\" aria-invalid=\"false\" name=\"your-message\"><\/textarea><\/span> <\/label>\n<\/p>\n<p><span class=\"wpcf7-form-control-wrap\" data-name=\"file-1\"><input size=\"40\" class=\"wpcf7-form-control wpcf7-file\" accept=\"audio\/*,video\/*,image\/*\" aria-invalid=\"false\" type=\"file\" name=\"file-1\" \/><\/span>\n<\/p>\n<p><input class=\"wpcf7-form-control wpcf7-submit has-spinner\" type=\"submit\" value=\"Send\" \/>\n<\/p><div class=\"wpcf7-response-output\" aria-hidden=\"true\"><\/div>\n<\/form>\n<\/div>\n\n<\/div>\n<\/div>\n\n<!-- iframe plugin v.4.9 wordpress.org\/plugins\/iframe\/ -->\n<iframe loading=\"lazy\" src=\"https:\/\/www.google.com\/maps\/embed?pb=!1m18!1m12!1m3!1d2696.098575181758!2d19.0633709158309!3d47.487993004156756!2m3!1f0!2f0!3f0!3m2!1i1024!2i768!4f13.1!3m3!1m2!1s0x4741dc5a2724b66f%3A0xd0954d9282b7f0c9!2zQnVkYXBlc3QsIMOcbGzFkWkgw7p0IDIyLCAxMDg1!5e0!3m2!1shu!2shu!4v1632770453537!5m2!1shu!2shu\" width=\"100%\" height=\"450\" scrolling=\"yes\" class=\"iframe-class\" frameborder=\"0\"><\/iframe>\n\n","protected":false},"excerpt":{"rendered":"<p><a href=\"https:\/\/semmelweis.hu\/selye\/files\/2023\/08\/selye_janos_logo-no-background.tif\"><\/a>Semmelweis University &#8211; Selye J\u00e1nos Doctoral College for Advanced Studies<\/p>\n<p>Address: H-1085 Budapest, \u00dcll\u0151i \u00fat 22.<br \/>\nPhone: +36 20 666 3795<br \/>\nPresident:<br \/>\nRich\u00e1rd Levente \u00c1rm\u00f3s, MD<br \/>\nContact us on<a href=\"http:\/\/m.me\/siszkollegium\"> Messenger<\/a> or via the following form!<br \/>\n<a class=\"expand-cnt-link\" href=\"#\">WRITE TO US HERE!<\/a><\/p>\n","protected":false},"author":101158,"featured_media":0,"parent":0,"menu_order":7,"comment_status":"closed","ping_status":"closed","template":"","meta":{"_acf_changed":false,"footnotes":""},"categories":[],"tags":[],"class_list":["post-253","page","type-page","status-publish","hentry"],"acf":[],"_links":{"self":[{"href":"https:\/\/semmelweis.hu\/selye\/wp-json\/wp\/v2\/pages\/253","targetHints":{"allow":["GET"]}}],"collection":[{"href":"https:\/\/semmelweis.hu\/selye\/wp-json\/wp\/v2\/pages"}],"about":[{"href":"https:\/\/semmelweis.hu\/selye\/wp-json\/wp\/v2\/types\/page"}],"author":[{"embeddable":true,"href":"https:\/\/semmelweis.hu\/selye\/wp-json\/wp\/v2\/users\/101158"}],"replies":[{"embeddable":true,"href":"https:\/\/semmelweis.hu\/selye\/wp-json\/wp\/v2\/comments?post=253"}],"version-history":[{"count":10,"href":"https:\/\/semmelweis.hu\/selye\/wp-json\/wp\/v2\/pages\/253\/revisions"}],"predecessor-version":[{"id":639,"href":"https:\/\/semmelweis.hu\/selye\/wp-json\/wp\/v2\/pages\/253\/revisions\/639"}],"wp:attachment":[{"href":"https:\/\/semmelweis.hu\/selye\/wp-json\/wp\/v2\/media?parent=253"}],"wp:term":[{"taxonomy":"category","embeddable":true,"href":"https:\/\/semmelweis.hu\/selye\/wp-json\/wp\/v2\/categories?post=253"},{"taxonomy":"post_tag","embeddable":true,"href":"https:\/\/semmelweis.hu\/selye\/wp-json\/wp\/v2\/tags?post=253"}],"curies":[{"name":"wp","href":"https:\/\/api.w.org\/{rel}","templated":true}]}}