{"id":243,"date":"2021-12-18T17:34:25","date_gmt":"2021-12-18T16:34:25","guid":{"rendered":"https:\/\/semmelweis.hu\/selye\/?page_id=243"},"modified":"2025-07-01T10:27:00","modified_gmt":"2025-07-01T08:27:00","slug":"structure-of-the-organization","status":"publish","type":"page","link":"https:\/\/semmelweis.hu\/selye\/en\/aboutus\/structure-of-the-organization\/","title":{"rendered":"Structure of the organization"},"content":{"rendered":"            <div class=\"qae-faqs-container qae-faqs-toggle-container\">\n\t\t\t\t\t\t\t<ul class=\"qe-faqs-filters-container\">\n\t\t\t\t<li class=\"active\"><a class=\"qe-faqs-filter all-faqs\" href=\"#\" data-filter=\"*\">All<\/a><\/li>\n\t\t\t\t<li><a class=\"qe-faqs-filter\" href=\"#presidental-council\" data-filter=\".presidental-council\">Presidental Council<\/a><\/li>\t\t\t<\/ul>\n\t\t\t\t\t<div id=\"qaef-999\" class=\"qe-faq-toggle presidental-council\">\n\t\t\t<div class=\"qe-toggle-title\">\n\t\t\t\t<h4>\n\t\t\t\t\t<i class=\"fa fa-minus-circle\"><\/i> Presidental Council\t\t\t\t<\/h4>\n\t\t\t<\/div>\n\t\t\t<div class=\"qe-toggle-content\">\n\t\t\t\t<p><img decoding=\"async\" loading=\"lazy\" class=\"wp-image-85 alignleft\" src=\"https:\/\/semmelweis.hu\/siszk\/files\/2021\/09\/\u00c1RM\u00d3S-RICH\u00c1RD-scaled.jpg\" alt=\"\" width=\"150\" height=\"224\" \/><strong>\u00c1rm\u00f3s, Rich\u00e1rd Levente, MD.<br \/>\n<em>president<\/em><\/strong><\/p>\n<p>armos.richard@med.semmelweis-univ.hu<\/p>\n<hr \/>\n<p style=\"text-align: center\"><strong>Posta, M\u00e1t\u00e9, MD.<br \/>\n<em>vice president<\/em><\/strong><\/p>\n<table style=\"border-collapse: collapse;width: 100%;height: 318px\">\n<tbody>\n<tr style=\"height: 62px\">\n<td style=\"width: 100%;text-align: center;height: 62px\"><strong>M\u00e1ndoki, Andr\u00e1s, PharmD.<\/strong><br \/>\n<em><strong>pharmaceutical sciences research group coordinator<\/strong><\/em><\/td>\n<\/tr>\n<tr style=\"height: 32px\">\n<td style=\"width: 100%;text-align: center;height: 32px\"><strong>Oravecz, Orsolya<\/strong><br \/>\n<em><strong>molecular medicine research group coordinator<br \/>\n<\/strong><\/em><\/td>\n<\/tr>\n<tr style=\"height: 32px\">\n<td style=\"width: 100%;text-align: center;height: 32px\"><strong>Kasek, Roland<\/strong><br \/>\n<em><strong>behavioural sciences research group coordinator<\/strong><\/em><\/td>\n<\/tr>\n<tr style=\"height: 32px\">\n<td style=\"width: 100%;text-align: center;height: 32px\"><strong>R\u00e1cz, Melinda<\/strong><br \/>\n<em><strong>neurobiological research group coordinator<\/strong><\/em><\/td>\n<\/tr>\n<tr style=\"height: 32px\">\n<td style=\"width: 100%;text-align: center;height: 32px\"><strong>Rapszky, Gabriella, MD.<\/strong><br \/>\n<em><strong>clinical sciences research group coordinator<\/strong><\/em><\/td>\n<\/tr>\n<tr style=\"height: 32px\">\n<td style=\"width: 100%;text-align: center;height: 32px\"><strong>Kegyes-Brassai, Anna<\/strong><br \/>\n<em><strong>committee of professional affairs referent<br \/>\n<\/strong><\/em><\/td>\n<\/tr>\n<tr style=\"height: 32px\">\n<td style=\"width: 100%;text-align: center;height: 32px\"><strong>L\u00e1szl\u00f3, Zs\u00f3fia<\/strong><br \/>\n<em><strong>communication committee referent<br \/>\n<\/strong><\/em><\/td>\n<\/tr>\n<tr style=\"height: 32px\">\n<td style=\"width: 100%;text-align: center;height: 32px\"><strong>Szappanos, Attila<\/strong><br \/>\n<em><strong>habilitation committee referent<br \/>\n<\/strong><\/em><\/td>\n<\/tr>\n<\/tbody>\n<\/table>\n<hr \/>\n\t\t\t<\/div>\n\t\t<\/div>\n\t\t\t\t<div id=\"qaef-1000\" class=\"qe-faq-toggle presidental-council\">\n\t\t\t<div class=\"qe-toggle-title\">\n\t\t\t\t<h4>\n\t\t\t\t\t<i class=\"fa fa-minus-circle\"><\/i> Research groups\t\t\t\t<\/h4>\n\t\t\t<\/div>\n\t\t\t<div class=\"qe-toggle-content\">\n\t\t\t\t<p style=\"text-align: center\"><strong>Pharmaceutical Sciences Research Group<\/strong><\/p>\n<table style=\"border-collapse: collapse;width: 100%\">\n<tbody>\n<tr>\n<td style=\"width: 100%;text-align: center\"><strong>M\u00e1ndoki, Andr\u00e1s, PharmD. (SELYE)<br \/>\n<em>research group coordinator<\/em><\/strong><\/td>\n<\/tr>\n<tr>\n<td style=\"width: 100%;text-align: center\">Kenan Aloss (SELYE)<\/td>\n<\/tr>\n<tr>\n<td style=\"width: 100%;text-align: center\">Safaa Mohammed Omer Musa, PharmD. (SELYE)<\/td>\n<\/tr>\n<tr>\n<td style=\"width: 100%;text-align: center\">Moln\u00e1r, Petra<\/td>\n<\/tr>\n<tr>\n<td style=\"width: 100%;text-align: center\">Lohinai, Zsombor<\/td>\n<\/tr>\n<\/tbody>\n<\/table>\n<p style=\"text-align: center\"><strong>Molecular Medicine Research Group\u00a0<\/strong><\/p>\n<table style=\"border-collapse: collapse;width: 100%;height: 558px\">\n<tbody>\n<tr style=\"height: 63px\">\n<td style=\"width: 100%;text-align: center;height: 63px\"><strong>Oravecz, Orsolya (SELYE)<\/strong><br \/>\n<em><strong>research group coordinator<\/strong><\/em><\/td>\n<\/tr>\n<tr style=\"height: 33px\">\n<td style=\"width: 100%;height: 33px;text-align: center\">Posta, M\u00e1t\u00e9, MD. (SELYE)<\/td>\n<\/tr>\n<tr style=\"height: 33px\">\n<td style=\"width: 100%;height: 33px;text-align: center\">\u00c1rm\u00f3s, Rich\u00e1rd Levente, MD. (SELYE)<\/td>\n<\/tr>\n<tr style=\"height: 33px\">\n<td style=\"width: 100%;height: 33px;text-align: center\">Pallag, Gergely (SELYE)<\/td>\n<\/tr>\n<tr style=\"height: 33px\">\n<td style=\"width: 100%;height: 33px;text-align: center\">Sayam Ghosal (SELYE)<\/td>\n<\/tr>\n<tr style=\"height: 33px\">\n<td style=\"width: 100%;height: 33px;text-align: center\">Sz\u0151cs, Em\u0151ke (SELYE)<\/td>\n<\/tr>\n<tr style=\"height: 33px\">\n<td style=\"width: 100%;height: 33px;text-align: center\">Lakatos, Alexandra (SELYE)<\/td>\n<\/tr>\n<tr>\n<td style=\"width: 100%;text-align: center\">So\u00f3s, \u00c1d\u00e1m (SELYE)<\/td>\n<\/tr>\n<tr style=\"height: 33px\">\n<td style=\"width: 100%;height: 33px;text-align: center\">P\u00e1l, Dorottya (SELYE)<\/td>\n<\/tr>\n<tr style=\"height: 33px\">\n<td style=\"width: 100%;height: 33px;text-align: center\">Horny\u00e1k, Bal\u00e1zs (SISZK)<\/td>\n<\/tr>\n<tr style=\"height: 33px\">\n<td style=\"width: 100%;height: 33px;text-align: center\">J\u00f3zsa, Huba (SISZK)<\/td>\n<\/tr>\n<tr style=\"height: 33px\">\n<td style=\"width: 100%;height: 33px;text-align: center\">Poncs\u00e1k, Kincs\u0151 (SISZK)<\/td>\n<\/tr>\n<tr style=\"height: 33px\">\n<td style=\"width: 100%;height: 33px;text-align: center\">S\u00f3t\u00e9r, Fruzsina (SISZK)<\/td>\n<\/tr>\n<tr style=\"height: 33px\">\n<td style=\"width: 100%;height: 33px;text-align: center\">Szappanos, Attila (SISZK)<\/td>\n<\/tr>\n<tr style=\"height: 33px\">\n<td style=\"width: 100%;height: 33px;text-align: center\">B\u00e1bik Anna, S\u00e1ra (SISZK)<\/td>\n<\/tr>\n<\/tbody>\n<\/table>\n<p style=\"text-align: center\"><strong>Behavioural Sciences Research Group<\/strong><\/p>\n<table style=\"border-collapse: collapse;width: 100%;height: 228px\">\n<tbody>\n<tr style=\"height: 63px\">\n<td style=\"width: 100%;text-align: center;height: 63px\"><strong>Kasek, Roland (SELYE)<\/strong><br \/>\n<em><strong>research group coordinator<\/strong><\/em><\/td>\n<\/tr>\n<tr style=\"height: 33px\">\n<td style=\"width: 100%;height: 33px;text-align: center\">Nov\u00e1k, Attila, PhD. (SELYE)<\/td>\n<\/tr>\n<tr style=\"height: 33px\">\n<td style=\"width: 100%;height: 33px;text-align: center\">Bogd\u00e1nyi, R\u00e9ka (SISZK)<\/td>\n<\/tr>\n<tr style=\"height: 33px\">\n<td style=\"width: 100%;height: 33px;text-align: center\">J\u00e1rai, D\u00f3ra (SISZK)<\/td>\n<\/tr>\n<tr style=\"height: 33px\">\n<td style=\"width: 100%;height: 33px;text-align: center\">Dud\u00e1s, Tibor (SISZK)<\/td>\n<\/tr>\n<tr style=\"height: 33px\">\n<td style=\"width: 100%;height: 33px;text-align: center\">Fejes, Emese (SISZK)<\/td>\n<\/tr>\n<\/tbody>\n<\/table>\n<p style=\"text-align: center\"><strong>Neurobiological Research Group<\/strong><\/p>\n<table style=\"border-collapse: collapse;width: 100%;height: 426px\">\n<tbody>\n<tr style=\"height: 63px\">\n<td style=\"width: 100%;text-align: center;height: 63px\"><strong>R\u00e1cz, Melinda (SELYE)<\/strong><br \/>\n<em><strong>research group coordinator<\/strong><\/em><\/td>\n<\/tr>\n<tr style=\"height: 33px\">\n<td style=\"width: 100%;height: 33px;text-align: center\">Becske, Melinda (SELYE)<\/td>\n<\/tr>\n<tr style=\"height: 33px\">\n<td style=\"width: 100%;height: 33px;text-align: center\">Magyar, T\u00e1rek Zolt\u00e1n (SELYE)<\/td>\n<\/tr>\n<tr style=\"height: 33px\">\n<td style=\"width: 100%;height: 33px;text-align: center\">Bakacsi, Anna Vir\u00e1g (SISZK)<\/td>\n<\/tr>\n<tr style=\"height: 33px\">\n<td style=\"width: 100%;height: 33px;text-align: center\">Baross, Katinka Eszter (SISZK)<\/td>\n<\/tr>\n<tr style=\"height: 33px\">\n<td style=\"width: 100%;height: 33px;text-align: center\">Kegyes-Brassai, Anna (SISZK)<\/td>\n<\/tr>\n<tr style=\"height: 33px\">\n<td style=\"width: 100%;height: 33px;text-align: center\">Mat\u00e1nyi, Marianna (SISZK)<\/td>\n<\/tr>\n<tr>\n<td style=\"width: 100%;text-align: center\">Szepesi, Gabriella (SISZK)<\/td>\n<\/tr>\n<tr>\n<td style=\"width: 100%;text-align: center\">Vizi, P\u00e9ter M\u00e1rk (SISZK)<\/td>\n<\/tr>\n<tr>\n<td style=\"width: 100%;text-align: center\">Sz\u0151ke, Mira (SISZK)<\/td>\n<\/tr>\n<\/tbody>\n<\/table>\n<p style=\"text-align: center\"><strong>Clinical Sciences Research Group<\/strong><\/p>\n<table style=\"border-collapse: collapse;width: 100%;height: 568px\">\n<tbody>\n<tr style=\"height: 50px\">\n<td style=\"width: 100%;text-align: center;height: 50px\"><strong>Rapszky, Gabriella, MD. (SELYE)<\/strong><br \/>\n<em><strong>research group coordinator<\/strong><\/em><\/td>\n<\/tr>\n<tr style=\"height: 50px\">\n<td style=\"width: 100%;text-align: center;height: 50px\">Gagyi, Endre Botond, MD. (SELYE)<strong><br \/>\n<\/strong><\/td>\n<\/tr>\n<tr style=\"height: 26px\">\n<td style=\"width: 100%;text-align: center;height: 26px\">M\u00e1t\u00e9, Vanda, MD. (SELYE)<\/td>\n<\/tr>\n<tr style=\"height: 26px\">\n<td style=\"width: 100%;text-align: center;height: 26px\">Trinh, Sarolta, MD. (SELYE)<\/td>\n<\/tr>\n<tr style=\"height: 26px\">\n<td style=\"width: 100%;text-align: center;height: 26px\">Seba Aljomaa (SELYE)<\/td>\n<\/tr>\n<tr style=\"height: 26px\">\n<td style=\"width: 100%;text-align: center;height: 26px\">Antics, Dorottya (SISZK)<\/td>\n<\/tr>\n<tr style=\"height: 26px\">\n<td style=\"width: 100%;text-align: center;height: 26px\">Gomb\u00e1si, \u00c1kos (SISZK)<\/td>\n<\/tr>\n<tr style=\"height: 26px\">\n<td style=\"width: 100%;text-align: center;height: 26px\">Kiss, P\u00e9ter G\u00e1bor (SISZK)<\/td>\n<\/tr>\n<tr style=\"height: 26px\">\n<td style=\"width: 100%;text-align: center;height: 26px\">L\u00e1szl\u00f3, Zs\u00f3fia (SISZK)<\/td>\n<\/tr>\n<tr style=\"height: 26px\">\n<td style=\"width: 100%;text-align: center;height: 26px\">M\u00e1th\u00e9, G\u00e1bor B\u00e1lint (SISZK)<\/td>\n<\/tr>\n<tr style=\"height: 26px\">\n<td style=\"width: 100%;text-align: center;height: 26px\">Orb\u00e1n, G\u00e1bor (SISZK)<\/td>\n<\/tr>\n<tr style=\"height: 26px\">\n<td style=\"width: 100%;text-align: center;height: 26px\">Osztovits, Kinga (SISZK)<\/td>\n<\/tr>\n<tr style=\"height: 26px\">\n<td style=\"width: 100%;text-align: center;height: 26px\">Pirisi, Julianna (SISZK)<\/td>\n<\/tr>\n<tr style=\"height: 26px\">\n<td style=\"width: 100%;text-align: center;height: 26px\">Seitz, Erik (SISZK)<\/td>\n<\/tr>\n<tr style=\"height: 26px\">\n<td style=\"width: 100%;text-align: center;height: 26px\">Szigeti, P\u00e9ter (SISZK)<\/td>\n<\/tr>\n<tr style=\"height: 26px\">\n<td style=\"width: 100%;text-align: center;height: 26px\">T\u00f3th, Rebeka M\u00e1ria (SISZK)<\/td>\n<\/tr>\n<\/tbody>\n<\/table>\n\t\t\t<\/div>\n\t\t<\/div>\n\t\t            <\/div>\n\t\t\n","protected":false},"excerpt":{"rendered":"<p>Pharmaceutical Sciences Research Group M\u00e1ndoki, Andr\u00e1s, PharmD. (SELYE) research group coordinator Kenan Aloss (SELYE) Safaa Mohammed Omer Musa, PharmD. (SELYE) Moln\u00e1r, Petra Lohinai, Zsombor Molecular Medicine Research Group\u00a0 Oravecz, Orsolya (SELYE) research group coordinator Posta, M\u00e1t\u00e9, MD. (SELYE) \u00c1rm\u00f3s, Rich\u00e1rd Levente, MD. (SELYE) Pallag, Gergely (SELYE) Sayam Ghosal (SELYE) Sz\u0151cs, Em\u0151ke (SELYE) Lakatos, Alexandra (SELYE) &hellip;<\/p>\n","protected":false},"author":101158,"featured_media":0,"parent":199,"menu_order":1,"comment_status":"closed","ping_status":"closed","template":"","meta":{"_acf_changed":false,"footnotes":""},"categories":[],"tags":[],"class_list":["post-243","page","type-page","status-publish","hentry"],"acf":[],"_links":{"self":[{"href":"https:\/\/semmelweis.hu\/selye\/wp-json\/wp\/v2\/pages\/243","targetHints":{"allow":["GET"]}}],"collection":[{"href":"https:\/\/semmelweis.hu\/selye\/wp-json\/wp\/v2\/pages"}],"about":[{"href":"https:\/\/semmelweis.hu\/selye\/wp-json\/wp\/v2\/types\/page"}],"author":[{"embeddable":true,"href":"https:\/\/semmelweis.hu\/selye\/wp-json\/wp\/v2\/users\/101158"}],"replies":[{"embeddable":true,"href":"https:\/\/semmelweis.hu\/selye\/wp-json\/wp\/v2\/comments?post=243"}],"version-history":[{"count":4,"href":"https:\/\/semmelweis.hu\/selye\/wp-json\/wp\/v2\/pages\/243\/revisions"}],"predecessor-version":[{"id":1003,"href":"https:\/\/semmelweis.hu\/selye\/wp-json\/wp\/v2\/pages\/243\/revisions\/1003"}],"up":[{"embeddable":true,"href":"https:\/\/semmelweis.hu\/selye\/wp-json\/wp\/v2\/pages\/199"}],"wp:attachment":[{"href":"https:\/\/semmelweis.hu\/selye\/wp-json\/wp\/v2\/media?parent=243"}],"wp:term":[{"taxonomy":"category","embeddable":true,"href":"https:\/\/semmelweis.hu\/selye\/wp-json\/wp\/v2\/categories?post=243"},{"taxonomy":"post_tag","embeddable":true,"href":"https:\/\/semmelweis.hu\/selye\/wp-json\/wp\/v2\/tags?post=243"}],"curies":[{"name":"wp","href":"https:\/\/api.w.org\/{rel}","templated":true}]}}