{"id":16,"date":"2021-09-27T15:06:43","date_gmt":"2021-09-27T13:06:43","guid":{"rendered":"https:\/\/semmelweis.hu\/selye\/?page_id=16"},"modified":"2025-10-02T19:07:01","modified_gmt":"2025-10-02T17:07:01","slug":"kapcsolat","status":"publish","type":"page","link":"https:\/\/semmelweis.hu\/selye\/kapcsolat\/","title":{"rendered":"Kapcsolat"},"content":{"rendered":"\n<!-- iframe plugin v.4.9 wordpress.org\/plugins\/iframe\/ -->\n<iframe loading=\"lazy\" src=\"https:\/\/www.google.com\/maps\/embed?pb=!1m18!1m12!1m3!1d2696.098575181758!2d19.0633709158309!3d47.487993004156756!2m3!1f0!2f0!3f0!3m2!1i1024!2i768!4f13.1!3m3!1m2!1s0x4741dc5a2724b66f%3A0xd0954d9282b7f0c9!2zQnVkYXBlc3QsIMOcbGzFkWkgw7p0IDIyLCAxMDg1!5e0!3m2!1shu!2shu!4v1632770453537!5m2!1shu!2shu\" width=\"100%\" height=\"450\" scrolling=\"yes\" class=\"iframe-class\" frameborder=\"0\"><\/iframe>\n\n<p><strong>Semmelweis Egyetem | Selye J\u00e1nos Doktorandusz Szakkoll\u00e9gium \u00e9s Semmelweis Ign\u00e1c Szakkoll\u00e9gium<br \/>\n<img loading=\"lazy\" decoding=\"async\" class=\"wp-image-584 alignright\" src=\"https:\/\/semmelweis.hu\/selye\/files\/2022\/11\/cropped-cropped-selye_janos_logo-jpg.jpg\" alt=\"\" width=\"150\" height=\"150\" srcset=\"https:\/\/semmelweis.hu\/selye\/files\/2022\/11\/cropped-cropped-selye_janos_logo-jpg.jpg 512w, https:\/\/semmelweis.hu\/selye\/files\/2022\/11\/cropped-cropped-selye_janos_logo-jpg-400x400.jpg 400w, https:\/\/semmelweis.hu\/selye\/files\/2022\/11\/cropped-cropped-selye_janos_logo-jpg-150x150.jpg 150w, https:\/\/semmelweis.hu\/selye\/files\/2022\/11\/cropped-cropped-selye_janos_logo-jpg-270x270.jpg 270w, https:\/\/semmelweis.hu\/selye\/files\/2022\/11\/cropped-cropped-selye_janos_logo-jpg-192x192.jpg 192w, https:\/\/semmelweis.hu\/selye\/files\/2022\/11\/cropped-cropped-selye_janos_logo-jpg-180x180.jpg 180w, https:\/\/semmelweis.hu\/selye\/files\/2022\/11\/cropped-cropped-selye_janos_logo-jpg-32x32.jpg 32w\" sizes=\"auto, (max-width: 150px) 100vw, 150px\" \/><\/strong><\/p>\n<p><strong>C\u00edm:<\/strong> 1085 Budapest \u00dcll\u0151i \u00fat 22.<br \/>\n<strong>Telefon (porta):<\/strong> +36 20 666 3795<br \/>\n<strong>Email:<\/strong> selye@semmelweis.hu<br \/>\n<strong>Eln\u00f6k: <\/strong>Dr. \u00c1rm\u00f3s Rich\u00e1rd Levente<\/p>\n<div class=\"exp-col-content-holder\"><a class=\"expand-cnt-link\" href=\"#\">K\u00c9RD\u00c9SED VAN?<br \/>\n<\/a><\/p>\n<div class=\"hidden-content\">\n\n<div class=\"wpcf7 no-js\" id=\"wpcf7-f83-o1\" lang=\"\" dir=\"ltr\" data-wpcf7-id=\"83\">\n<div class=\"screen-reader-response\"><p role=\"status\" aria-live=\"polite\" aria-atomic=\"true\"><\/p> <ul><\/ul><\/div>\n<form action=\"\/selye\/wp-json\/wp\/v2\/pages\/16#wpcf7-f83-o1\" method=\"post\" class=\"wpcf7-form init\" aria-label=\"Kapcsolatfelv\u00e9teli \u0171rlap\" enctype=\"multipart\/form-data\" novalidate=\"novalidate\" data-status=\"init\">\n<div style=\"display: none;\">\n<input type=\"hidden\" name=\"_wpcf7\" value=\"83\" \/>\n<input type=\"hidden\" name=\"_wpcf7_version\" value=\"6.0.5\" \/>\n<input type=\"hidden\" name=\"_wpcf7_locale\" value=\"\" \/>\n<input type=\"hidden\" name=\"_wpcf7_unit_tag\" value=\"wpcf7-f83-o1\" \/>\n<input type=\"hidden\" name=\"_wpcf7_container_post\" value=\"0\" \/>\n<input type=\"hidden\" name=\"_wpcf7_posted_data_hash\" value=\"\" \/>\n<input type=\"hidden\" name=\"_wpcf7_recaptcha_response\" value=\"\" \/>\n<\/div>\n<p><label> *N\u00e9v (k\u00f6telez\u0151)<br \/>\n<span class=\"wpcf7-form-control-wrap\" data-name=\"your-name\"><input size=\"40\" maxlength=\"400\" class=\"wpcf7-form-control wpcf7-text wpcf7-validates-as-required\" aria-required=\"true\" aria-invalid=\"false\" value=\"\" type=\"text\" name=\"your-name\" \/><\/span> <\/label>\n<\/p>\n<p><label> NEPTUN-k\u00f3d<br \/>\n<span class=\"wpcf7-form-control-wrap\" data-name=\"neptun\"><input size=\"40\" maxlength=\"400\" class=\"wpcf7-form-control wpcf7-text\" aria-invalid=\"false\" value=\"\" type=\"text\" name=\"neptun\" \/><\/span> <\/label>\n<\/p>\n<p><label> *E-mail c\u00edm (k\u00f6telez\u0151)<br \/>\n<span class=\"wpcf7-form-control-wrap\" data-name=\"your-email\"><input size=\"40\" maxlength=\"400\" class=\"wpcf7-form-control wpcf7-email wpcf7-validates-as-required wpcf7-text wpcf7-validates-as-email\" aria-required=\"true\" aria-invalid=\"false\" value=\"\" type=\"email\" name=\"your-email\" \/><\/span> <\/label>\n<\/p>\n<p><label> *Doktori Iskola (k\u00f6telez\u0151) <\/label><br \/>\n<span class=\"wpcf7-form-control-wrap\" data-name=\"menu-DI\"><select class=\"wpcf7-form-control wpcf7-select wpcf7-validates-as-required\" aria-required=\"true\" aria-invalid=\"false\" name=\"menu-DI\"><option value=\"Elm\u00e9leti \u00e9s Transzl\u00e1ci\u00f3s Orvostudom\u00e1nyok DI\">Elm\u00e9leti \u00e9s Transzl\u00e1ci\u00f3s Orvostudom\u00e1nyok DI<\/option><option value=\"R\u00e1cz K\u00e1roly Klinikai Orvostudom\u00e1nyok DI\">R\u00e1cz K\u00e1roly Klinikai Orvostudom\u00e1nyok DI<\/option><option value=\"Gy\u00f3gyszertudom\u00e1nyok DI\">Gy\u00f3gyszertudom\u00e1nyok DI<\/option><option value=\"Ment\u00e1lis Eg\u00e9szs\u00e9gtudom\u00e1nyok DI\">Ment\u00e1lis Eg\u00e9szs\u00e9gtudom\u00e1nyok DI<\/option><option value=\"Eg\u00e9szs\u00e9gtudom\u00e1nyi DI\">Eg\u00e9szs\u00e9gtudom\u00e1nyi DI<\/option><option value=\"Szent\u00e1gothai J\u00e1nos Idegtudom\u00e1nyi DI\">Szent\u00e1gothai J\u00e1nos Idegtudom\u00e1nyi DI<\/option><option value=\"Molekul\u00e1ris Orvostudom\u00e1nyok DI\">Molekul\u00e1ris Orvostudom\u00e1nyok DI<\/option><option value=\"Patol\u00f3giai Tudom\u00e1nyok DI\">Patol\u00f3giai Tudom\u00e1nyok DI<\/option><option value=\"Egy\u00e9b\">Egy\u00e9b<\/option><\/select><\/span>\n<\/p>\n<p><label> *T\u00e1rgy (k\u00f6telez\u0151)<br \/>\n<span class=\"wpcf7-form-control-wrap\" data-name=\"your-subject\"><input size=\"40\" maxlength=\"400\" class=\"wpcf7-form-control wpcf7-text wpcf7-validates-as-required\" aria-required=\"true\" aria-invalid=\"false\" value=\"\" type=\"text\" name=\"your-subject\" \/><\/span> <\/label>\n<\/p>\n<p><label> *\u00dczenet (k\u00f6telez\u0151)<br \/>\n<span class=\"wpcf7-form-control-wrap\" data-name=\"your-message\"><textarea cols=\"40\" rows=\"10\" maxlength=\"2000\" class=\"wpcf7-form-control wpcf7-textarea wpcf7-validates-as-required\" aria-required=\"true\" aria-invalid=\"false\" name=\"your-message\"><\/textarea><\/span> <\/label>\n<\/p>\n<p><span class=\"wpcf7-form-control-wrap\" data-name=\"file-1\"><input size=\"40\" class=\"wpcf7-form-control wpcf7-file\" accept=\".pdf,.doc,.docx,.jpg,.png\" aria-invalid=\"false\" type=\"file\" name=\"file-1\" \/><\/span>\n<\/p>\n<p><input class=\"wpcf7-form-control wpcf7-submit has-spinner\" type=\"submit\" value=\"K\u00fcld\u00e9s\" \/>\n<\/p><div class=\"wpcf7-response-output\" aria-hidden=\"true\"><\/div>\n<\/form>\n<\/div>\n\n<blockquote class=\"wp-embedded-content\" data-secret=\"jiWFbj0ow9\"><p><a href=\"https:\/\/semmelweis.hu\/selye\/adatkezeles\/\">Adatkezel\u00e9si t\u00e1j\u00e9koztat\u00f3<\/a><\/p><\/blockquote>\n<p><iframe loading=\"lazy\" class=\"wp-embedded-content\" sandbox=\"allow-scripts\" security=\"restricted\" style=\"position: absolute; visibility: hidden;\" title=\"&#8220;Adatkezel\u00e9si t\u00e1j\u00e9koztat\u00f3&#8221; &#8212; Selye J\u00e1nos Doktorandusz Szakkoll\u00e9gium | Semmelweis Ign\u00e1c Szakkoll\u00e9gium\" src=\"https:\/\/semmelweis.hu\/selye\/adatkezeles\/embed\/#?secret=seRdxnlQxG#?secret=jiWFbj0ow9\" data-secret=\"jiWFbj0ow9\" width=\"600\" height=\"338\" frameborder=\"0\" marginwidth=\"0\" marginheight=\"0\" scrolling=\"no\"><\/iframe><\/p>\n<\/div>\n<\/div>\n<p>&nbsp;<\/p>\n","protected":false},"excerpt":{"rendered":"<p>Semmelweis Egyetem | Selye J\u00e1nos Doktorandusz Szakkoll\u00e9gium \u00e9s Semmelweis Ign\u00e1c Szakkoll\u00e9gium<\/p>\n<p>C\u00edm: 1085 Budapest \u00dcll\u0151i \u00fat 22.<br \/>\nTelefon (porta): +36 20 666 3795<br \/>\nEmail: selye@semmelweis.hu<br \/>\nEln\u00f6k: Dr. \u00c1rm\u00f3s Rich\u00e1rd Levente<br \/>\n<a class=\"expand-cnt-link\" href=\"#\">K\u00c9RD\u00c9SED VAN?<br \/>\n<\/a><\/p>\n<p><a href=\"https:\/\/semmelweis.hu\/selye\/adatkezeles\/\">Adatkezel\u00e9si t\u00e1j\u00e9koztat\u00f3<\/a><\/p>\n<p>&nbsp;<\/p>\n","protected":false},"author":12,"featured_media":0,"parent":0,"menu_order":7,"comment_status":"closed","ping_status":"closed","template":"","meta":{"_acf_changed":false,"footnotes":""},"categories":[],"tags":[],"class_list":["post-16","page","type-page","status-publish","hentry"],"acf":[],"_links":{"self":[{"href":"https:\/\/semmelweis.hu\/selye\/wp-json\/wp\/v2\/pages\/16","targetHints":{"allow":["GET"]}}],"collection":[{"href":"https:\/\/semmelweis.hu\/selye\/wp-json\/wp\/v2\/pages"}],"about":[{"href":"https:\/\/semmelweis.hu\/selye\/wp-json\/wp\/v2\/types\/page"}],"author":[{"embeddable":true,"href":"https:\/\/semmelweis.hu\/selye\/wp-json\/wp\/v2\/users\/12"}],"replies":[{"embeddable":true,"href":"https:\/\/semmelweis.hu\/selye\/wp-json\/wp\/v2\/comments?post=16"}],"version-history":[{"count":10,"href":"https:\/\/semmelweis.hu\/selye\/wp-json\/wp\/v2\/pages\/16\/revisions"}],"predecessor-version":[{"id":1074,"href":"https:\/\/semmelweis.hu\/selye\/wp-json\/wp\/v2\/pages\/16\/revisions\/1074"}],"wp:attachment":[{"href":"https:\/\/semmelweis.hu\/selye\/wp-json\/wp\/v2\/media?parent=16"}],"wp:term":[{"taxonomy":"category","embeddable":true,"href":"https:\/\/semmelweis.hu\/selye\/wp-json\/wp\/v2\/categories?post=16"},{"taxonomy":"post_tag","embeddable":true,"href":"https:\/\/semmelweis.hu\/selye\/wp-json\/wp\/v2\/tags?post=16"}],"curies":[{"name":"wp","href":"https:\/\/api.w.org\/{rel}","templated":true}]}}