{"id":10,"date":"2021-09-27T15:05:26","date_gmt":"2021-09-27T13:05:26","guid":{"rendered":"https:\/\/semmelweis.hu\/selye\/?page_id=10"},"modified":"2025-10-02T18:55:23","modified_gmt":"2025-10-02T16:55:23","slug":"rolunk","status":"publish","type":"page","link":"https:\/\/semmelweis.hu\/selye\/rolunk\/","title":{"rendered":"R\u00f3lunk"},"content":{"rendered":"<p>A <strong>Selye J\u00e1nos Doktorandusz Szakkoll\u00e9gium<\/strong> (vagy r\u00f6viden: SELYE) a Semmelweis Egyetem 2021-ben alap\u00edtott szakkoll\u00e9giuma, mely elhelyezked\u00e9s\u00e9t tekintve Budapesten, az Egyetem \u00dcll\u0151i \u00fat 22. \u00e9p\u00fclet\u00e9ben tal\u00e1lhat\u00f3. Int\u00e9zm\u00e9ny\u00fcnk a Semmelweis Egyetem r\u00e9szek\u00e9nt m\u0171k\u00f6d\u0151, ugyanakkor \u00f6ntev\u00e9keny alapon szervez\u0151d\u0151 csoportja, amely a Semmelweis Egyetem szen\u00e1tus\u00e1nak 137\/2021. (XI. 25.). sz\u00e1m\u00fa hat\u00e1rozata alapj\u00e1n tev\u00e9kenykedik.<\/p>\n<p>C\u00e9ljaink megval\u00f3s\u00edt\u00e1s\u00e1ra ir\u00e1nyul\u00f3an Szakkoll\u00e9giumunk di\u00e1k\u00f6nkorm\u00e1nyzati elven \u00e9s demokratikusan m\u0171k\u00f6dik, mely m\u0171k\u00f6d\u00e9s pontos keretrendszer\u00e9t \u00e9s ir\u00e1nyelveit a <a href=\"https:\/\/semmelweis.hu\/selye\/rolunk\/dokumentumtar\/szervezeti-es-mukodesi-rend-kepzesi-program\/\"><strong>Szervezeti \u00e9s M\u0171k\u00f6d\u00e9si Rend<\/strong><\/a>\u00a0tartalmazza.<\/p>\n<p>A Szakkoll\u00e9gium p\u00e1rtokt\u00f3l f\u00fcggetlen szervezet, amely semmilyen k\u00f6zvetlen politikai tev\u00e9kenys\u00e9get nem folytat. A Szakkoll\u00e9gium p\u00e1rtokat nem t\u00e1mogat, orsz\u00e1ggy\u0171l\u00e9si k\u00e9pvisel\u0151ket nem \u00e1ll\u00edt, \u00e9s nem t\u00e1mogat.<\/p>\n<p>Tev\u00e9kenys\u00e9g\u00fcnk \u00e9s c\u00e9ljaink az al\u00e1bbiak:<\/p>\n<ol>\n<li>\n<p>\u00a0Egy doktorandusz hallgat\u00f3kat \u00e9s fiatal kutat\u00f3kat t\u00f6m\u00f6r\u00edt\u0151 szakmai di\u00e1kszervezet \u00e9s egy hat\u00e9kony tudom\u00e1nyos m\u0171hely m\u0171k\u00f6dtet\u00e9se.<\/p>\n<\/li>\n<li>\n<p>\u00a0Tudom\u00e1nyos kutat\u00e1sok v\u00e9gz\u00e9se \u2013 k\u00fcl\u00f6n\u00f6s tekintettel a tudom\u00e1nyos hat\u00e1rter\u00fcletekre \u2013 \u00e9s az eredm\u00e9nyek publik\u00e1ci\u00f3ja.<\/p>\n<\/li>\n<li>\n<p>Kifejezett interdiszciplin\u00e1ris tudom\u00e1nyos egy\u00fcttm\u0171k\u00f6d\u00e9s az eg\u00e9szs\u00e9g\u00fcgyi szak\u00e1gakon bel\u00fcl \u00e9s t\u00e1rsszakm\u00e1kkal egyar\u00e1nt.<\/p>\n<\/li>\n<li>\n<p>K\u00f6z\u00f6s tudom\u00e1nyos tev\u00e9kenys\u00e9gen alapul\u00f3 szoros kollabor\u00e1ci\u00f3 a Semmelweis Egyetem Semmelweis Ign\u00e1c Szakkoll\u00e9gium\u00e1nak gradu\u00e1lis hallgat\u00f3ival.<\/p>\n<\/li>\n<li>\n<p>A szakkoll\u00e9gium kollekt\u00edv er\u0151forr\u00e1sai seg\u00edts\u00e9g\u00e9vel doktorandusz tagjaink hozz\u00e1seg\u00edt\u00e9se a min\u00e9l magasabb publik\u00e1ci\u00f3s teljes\u00edtm\u00e9ny el\u00e9r\u00e9s\u00e9hez \u00e9s a miel\u0151bbi fokozatszerz\u00e9shez.<\/p>\n<\/li>\n<li>\n<p>A Szakkoll\u00e9gium fokozatot szerzett tagjainak kutat\u00f3k\u00e9nt, oktat\u00f3k\u00e9nt \u00e9s tudom\u00e1nyos t\u00e9mavezet\u0151k\u00e9nt t\u00f6rt\u00e9n\u0151 visszacsatorn\u00e1z\u00e1sa az anyaint\u00e9zm\u00e9nybe, illetve az anyaint\u00e9zm\u00e9nyen k\u00edv\u00fcl elhelyezked\u0151 szakkoll\u00e9giumi alumni tagok tudom\u00e1nyos \u201enagyk\u00f6vetk\u00e9nt\u201d t\u00f6rt\u00e9n\u0151 \u00f6sszek\u00f6t\u00e9se az anyaint\u00e9zm\u00e9nnyel mind hazai, mind nemzetk\u00f6zi szinten.<\/p>\n<\/li>\n<li>\n<p>Az Egyetem oktat\u00e1si tev\u00e9kenys\u00e9g\u00e9nek kieg\u00e9sz\u00edt\u00e9se, a sikeres szakmai \u00e9lethez \u00e9s tudom\u00e1nyos karrierhez sz\u00fcks\u00e9ges tud\u00e1sanyag elsaj\u00e1t\u00edt\u00e1s\u00e1nak seg\u00edt\u00e9se c\u00e9lorient\u00e1lt kurzusok szervez\u00e9se \u00e1ltal.<\/p>\n<\/li>\n<li>\n<p><span style=\"font-size: 1rem\">Az egyetemi hallgat\u00f3s\u00e1g tudom\u00e1nyos \u00e9rdekl\u0151d\u00e9s\u00e9nek kiel\u00e9g\u00edt\u00e9se tudom\u00e1nyos <\/span><span style=\"font-size: 1rem\">el\u0151ad\u00e1sok \u00e9s konferenci\u00e1k \u00fatj\u00e1n.<\/span><\/p>\n<\/li>\n<li>\n<p><span style=\"font-size: 1rem\">Az eg\u00e9szs\u00e9g\u00fcgy \u00e9s ahhoz kapcsol\u00f3d\u00f3 hivat\u00e1sok, szak\u00e1gak megismertet\u00e9se, <\/span><span style=\"font-size: 1rem\">n\u00e9pszer\u0171s\u00edt\u00e9se az Egyetemen \u00e9s azon k\u00edv\u00fcl.<\/span><\/p>\n<\/li>\n<li>\n<p><span style=\"font-size: 1rem\">A Semmelweis Egyetem k\u00fcl\u00f6nb\u00f6z\u0151 karain \u00e9s m\u00e1s fels\u0151oktat\u00e1si int\u00e9zm\u00e9nyekben <\/span><span style=\"font-size: 1rem\">tanul\u00f3 tehets\u00e9ges hallgat\u00f3k sz\u00e1m\u00e1ra k\u00f6z\u00f6ss\u00e9gi t\u00e9r teremt\u00e9se, t\u00f6bbek k\u00f6z\u00f6tt <\/span><span style=\"font-size: 1rem\">rendszeres k\u00f6z\u00f6ss\u00e9gi programok szervez\u00e9se \u00e1ltal.<\/span><\/p>\n<\/li>\n<li>\n<p><span style=\"font-size: 1rem\">Kapcsolat\u00e9p\u00edt\u00e9s \u00e9s egy\u00fcttm\u0171k\u00f6d\u00e9si lehet\u0151s\u00e9gek keres\u00e9se belf\u00f6ldi \u00e9s k\u00fclf\u00f6ldi <\/span><span style=\"font-size: 1rem\">egyetemekkel \u00e9s m\u00e1s term\u00e9szettudom\u00e1nyos ter\u00fcleten tev\u00e9kenyked\u0151, illetve <\/span><span style=\"font-size: 1rem\">kutat\u00e1s-fejleszt\u00e9ssel foglalkoz\u00f3 szervezetekkel.<\/span><\/p>\n<\/li>\n<li>\n<p><span style=\"font-size: 1rem\">A Semmelweis Egyetem kultur\u00e1lis \u00e9s k\u00f6z\u00f6ss\u00e9gi \u00e9let\u00e9nek sz\u00ednes\u00edt\u00e9se.<\/span><\/p>\n<\/li>\n<li>\n<p><span style=\"font-size: 1rem\">Tagjaink sz\u00e1m\u00e1ra <\/span><span style=\"font-size: 1rem\">tudom\u00e1nyos \u00e9letp\u00e1lyamodell ny\u00fajt\u00e1sa.<\/span><\/p>\n<\/li>\n<\/ol>\n<p>Szakkoll\u00e9giumunk m\u0171k\u00f6d\u00e9se ugyan \u00f6nszervez\u0151d\u0151 form\u00e1ban t\u00f6rt\u00e9nik, infrastruktur\u00e1lis \u00e9s b\u00fcrokratikus tekintetben t\u00f6reksz\u00fcnk a min\u00e9l gy\u00fcm\u00f6lcs\u00f6z\u0151bb \u00e9s \u00f6sszefon\u00f3d\u00f3bb partners\u00e9gre a Semmelweis Egyetem, mint anyaint\u00e9zm\u00e9ny m\u00e1s szervezeti egys\u00e9geivel, mint a Doktori Iskol\u00e1val, a Doktorandusz \u00d6nkorm\u00e1nyzattal, a Hallgat\u00f3i \u00d6nkorm\u00e1nyzattal, az Alumni Igazgat\u00f3s\u00e1ggal \u00e9s a Koll\u00e9giumok Igazgat\u00f3s\u00e1g\u00e1val.<\/p>\n<p>\u00dagy hissz\u00fck, kezdem\u00e9nyez\u00e9s\u00fcnk nagy el\u0151rel\u00e9p\u00e9st jelent mind a Semmelweis Egyetem hallgat\u00f3i sz\u00e1m\u00e1ra, mind az anyaint\u00e9zm\u00e9nynek \u00f6sszess\u00e9g\u00e9ben, melynek szakmai rangsorokban t\u00f6rt\u00e9n\u0151 el\u0151re l\u00e9p\u00e9s\u00e9hez, oktat\u00f3i \u00e9s kutat\u00f3 ut\u00e1np\u00f3tl\u00e1sk\u00e9pz\u00e9shez egyar\u00e1nt igyeksz\u00fcnk hozz\u00e1j\u00e1rulni.\u00a0<\/p>\n<p style=\"text-align: right\">\u00a0<\/p>\n<p style=\"text-align: right\"><em><strong>Dr. \u00c1rm\u00f3s Rich\u00e1rd Levente<\/strong><\/em><br \/>\n<em><strong>alap\u00edt\u00f3<\/strong><\/em><\/p>\n","protected":false},"excerpt":{"rendered":"<p>A Selye J\u00e1nos Doktorandusz Szakkoll\u00e9gium (vagy r\u00f6viden: SELYE) a Semmelweis Egyetem 2021-ben alap\u00edtott szakkoll\u00e9giuma, mely elhelyezked\u00e9s\u00e9t tekintve Budapesten, az Egyetem \u00dcll\u0151i \u00fat 22. \u00e9p\u00fclet\u00e9ben tal\u00e1lhat\u00f3. Int\u00e9zm\u00e9ny\u00fcnk a Semmelweis Egyetem r\u00e9szek\u00e9nt m\u0171k\u00f6d\u0151, ugyanakkor \u00f6ntev\u00e9keny alapon szervez\u0151d\u0151 csoportja, amely a Semmelweis Egyetem szen\u00e1tus\u00e1nak 137\/2021. (XI. 25.). sz\u00e1m\u00fa hat\u00e1rozata alapj\u00e1n tev\u00e9kenykedik. C\u00e9ljaink megval\u00f3s\u00edt\u00e1s\u00e1ra ir\u00e1nyul\u00f3an Szakkoll\u00e9giumunk di\u00e1k\u00f6nkorm\u00e1nyzati elven \u00e9s &hellip;<\/p>\n","protected":false},"author":12,"featured_media":154,"parent":0,"menu_order":1,"comment_status":"closed","ping_status":"closed","template":"","meta":{"_acf_changed":false,"footnotes":""},"categories":[],"tags":[],"class_list":["post-10","page","type-page","status-publish","has-post-thumbnail","hentry"],"acf":[],"_links":{"self":[{"href":"https:\/\/semmelweis.hu\/selye\/wp-json\/wp\/v2\/pages\/10","targetHints":{"allow":["GET"]}}],"collection":[{"href":"https:\/\/semmelweis.hu\/selye\/wp-json\/wp\/v2\/pages"}],"about":[{"href":"https:\/\/semmelweis.hu\/selye\/wp-json\/wp\/v2\/types\/page"}],"author":[{"embeddable":true,"href":"https:\/\/semmelweis.hu\/selye\/wp-json\/wp\/v2\/users\/12"}],"replies":[{"embeddable":true,"href":"https:\/\/semmelweis.hu\/selye\/wp-json\/wp\/v2\/comments?post=10"}],"version-history":[{"count":10,"href":"https:\/\/semmelweis.hu\/selye\/wp-json\/wp\/v2\/pages\/10\/revisions"}],"predecessor-version":[{"id":1070,"href":"https:\/\/semmelweis.hu\/selye\/wp-json\/wp\/v2\/pages\/10\/revisions\/1070"}],"wp:featuredmedia":[{"embeddable":true,"href":"https:\/\/semmelweis.hu\/selye\/wp-json\/wp\/v2\/media\/154"}],"wp:attachment":[{"href":"https:\/\/semmelweis.hu\/selye\/wp-json\/wp\/v2\/media?parent=10"}],"wp:term":[{"taxonomy":"category","embeddable":true,"href":"https:\/\/semmelweis.hu\/selye\/wp-json\/wp\/v2\/categories?post=10"},{"taxonomy":"post_tag","embeddable":true,"href":"https:\/\/semmelweis.hu\/selye\/wp-json\/wp\/v2\/tags?post=10"}],"curies":[{"name":"wp","href":"https:\/\/api.w.org\/{rel}","templated":true}]}}