{"id":985,"date":"2015-09-28T13:07:45","date_gmt":"2015-09-28T11:07:45","guid":{"rendered":"http:\/\/semmelweis.hu\/sebeszet1\/?page_id=985"},"modified":"2021-01-28T09:45:45","modified_gmt":"2021-01-28T08:45:45","slug":"fisesz","status":"publish","type":"page","link":"https:\/\/semmelweis.hu\/sebeszet\/oktatas\/posztgradualis-kepzes\/fisesz\/","title":{"rendered":"FISESZ"},"content":{"rendered":"<p style=\"text-align: justify\">A k\u00e9pz\u00e9si feladatok fejleszt\u00e9s\u00e9re 2012-ben megalakult a Magyar Seb\u00e9sz T\u00e1rsas\u00e1g keretein bel\u00fcl a Fiatal Seb\u00e9szek Szekci\u00f3ja, melynek klinik\u00e1nkhoz k\u00f6thet\u0151 eln\u00f6kei Dr. Szij\u00e1rt\u00f3 Attila, Dr. Sz\u0171cs \u00c1kos \u00e9s Dr. \u00d3nody P\u00e9ter.<\/p>\n<p><a href=\"https:\/\/www.fisesz.hu\/\">&gt;&gt; Tov\u00e1bb a Fisesz oldal\u00e1ra &lt;&lt;<\/a><\/p>\n","protected":false},"excerpt":{"rendered":"<p>A k\u00e9pz\u00e9si feladatok fejleszt\u00e9s\u00e9re 2012-ben megalakult a Magyar Seb\u00e9sz T\u00e1rsas\u00e1g keretein bel\u00fcl a Fiatal Seb\u00e9szek Szekci\u00f3ja, melynek klinik\u00e1nkhoz k\u00f6thet\u0151 eln\u00f6kei Dr. Szij\u00e1rt\u00f3 Attila, Dr. Sz\u0171cs \u00c1kos \u00e9s Dr. \u00d3nody P\u00e9ter.<br \/>\n<a href=\"https:\/\/www.fisesz.hu\/\">&gt;&gt; Tov\u00e1bb a Fisesz oldal\u00e1ra &lt;&lt;<\/a><\/p>\n","protected":false},"author":101022,"featured_media":0,"parent":946,"menu_order":1,"comment_status":"closed","ping_status":"closed","template":"","meta":{"_acf_changed":false,"footnotes":""},"categories":[],"tags":[],"class_list":["post-985","page","type-page","status-publish","hentry"],"acf":[],"_links":{"self":[{"href":"https:\/\/semmelweis.hu\/sebeszet\/wp-json\/wp\/v2\/pages\/985","targetHints":{"allow":["GET"]}}],"collection":[{"href":"https:\/\/semmelweis.hu\/sebeszet\/wp-json\/wp\/v2\/pages"}],"about":[{"href":"https:\/\/semmelweis.hu\/sebeszet\/wp-json\/wp\/v2\/types\/page"}],"author":[{"embeddable":true,"href":"https:\/\/semmelweis.hu\/sebeszet\/wp-json\/wp\/v2\/users\/101022"}],"replies":[{"embeddable":true,"href":"https:\/\/semmelweis.hu\/sebeszet\/wp-json\/wp\/v2\/comments?post=985"}],"version-history":[{"count":3,"href":"https:\/\/semmelweis.hu\/sebeszet\/wp-json\/wp\/v2\/pages\/985\/revisions"}],"predecessor-version":[{"id":6181,"href":"https:\/\/semmelweis.hu\/sebeszet\/wp-json\/wp\/v2\/pages\/985\/revisions\/6181"}],"up":[{"embeddable":true,"href":"https:\/\/semmelweis.hu\/sebeszet\/wp-json\/wp\/v2\/pages\/946"}],"wp:attachment":[{"href":"https:\/\/semmelweis.hu\/sebeszet\/wp-json\/wp\/v2\/media?parent=985"}],"wp:term":[{"taxonomy":"category","embeddable":true,"href":"https:\/\/semmelweis.hu\/sebeszet\/wp-json\/wp\/v2\/categories?post=985"},{"taxonomy":"post_tag","embeddable":true,"href":"https:\/\/semmelweis.hu\/sebeszet\/wp-json\/wp\/v2\/tags?post=985"}],"curies":[{"name":"wp","href":"https:\/\/api.w.org\/{rel}","templated":true}]}}