{"id":9541,"date":"2026-03-03T09:58:32","date_gmt":"2026-03-03T08:58:32","guid":{"rendered":"https:\/\/semmelweis.hu\/sebeszet\/?page_id=9541"},"modified":"2026-03-03T10:06:00","modified_gmt":"2026-03-03T09:06:00","slug":"palyaorientacios-latogatas-kozepiskolasoknak","status":"publish","type":"page","link":"https:\/\/semmelweis.hu\/sebeszet\/palyaorientacios-latogatas-kozepiskolasoknak\/","title":{"rendered":"P\u00e1lyaorient\u00e1ci\u00f3s l\u00e1togat\u00e1s k\u00f6z\u00e9piskol\u00e1soknak"},"content":{"rendered":"<p style=\"text-align: justify\"><strong>Kedves K\u00f6z\u00e9piskol\u00e1s Di\u00e1kok!<\/strong><\/p>\n<p style=\"text-align: justify\">Klinik\u00e1nk egy \u00e9vben k\u00e9tszer p\u00e1lyaorient\u00e1ci\u00f3s l\u00e1togat\u00e1st szervez k\u00f6z\u00e9piskol\u00e1s di\u00e1kok r\u00e9sz\u00e9re.<\/p>\n<p style=\"text-align: justify\">Ezen a napon a di\u00e1kok betekint\u00e9st kaphatnak a Seb\u00e9szeti, Transzplant\u00e1ci\u00f3s \u00e9s Gasztroenterol\u00f3giai Klinika mindennapi betegell\u00e1t\u00e1si \u00e9s oktat\u00e1si tev\u00e9kenys\u00e9g\u00e9be, ezzel is seg\u00edtve a j\u00f6v\u0151beli p\u00e1lyav\u00e1laszt\u00e1st.<\/p>\n<p style=\"text-align: justify\">Egy orvos koll\u00e9ga bemutatja az \u00e9p\u00fcletet, a napi rutinokat, \u00e9s \u00e1ltal\u00e1ban egy magas sz\u00ednvonal\u00fa, komplex ell\u00e1t\u00e1si k\u00f6rrel b\u00edr\u00f3 seb\u00e9szeti int\u00e9zm\u00e9ny m\u0171k\u00f6d\u00e9s\u00e9t.<\/p>\n<p style=\"text-align: justify\">Amennyiben felkeltette \u00e9rdekl\u0151d\u00e9s\u00e9t a l\u00e1togat\u00e1s, k\u00e9rj\u00fck, hogy a k\u00f6vetkez\u0151 email c\u00edmen jelentkezzen: oktatas.seb1@semmelweis.hu<\/p>\n<p style=\"text-align: justify\">Felh\u00edvjuk a figyelm\u00fcket, hogy a kapacit\u00e1st figyelembe v\u00e9ve egy alkalomra maximum 4-5 di\u00e1kot tudunk fogadni, \u00edgy a regisztr\u00e1ci\u00f3 az email-es jelentkez\u00e9sek sorrendj\u00e9ben t\u00f6rt\u00e9nik. Ezt k\u00f6vet\u0151en v\u00e1r\u00f3list\u00e1t nyitunk \u00e9s lemond\u00e1s eset\u00e9n \u00e9rtes\u00edtj\u00fck a soron k\u00f6vetkez\u0151 di\u00e1kot.<\/p>\n<p style=\"text-align: justify\">Az id\u0151ponttal kapcsolatban \u00e9rdekl\u0151dj\u00f6n email-ben (<strong>k\u00f6vetkez\u0151 szabad id\u0151pont 2026 \u0151sz<\/strong>).<\/p>\n<p><img loading=\"lazy\" decoding=\"async\" class=\"aligncenter wp-image-8614 size-full\" src=\"https:\/\/semmelweis.hu\/sebeszet\/files\/2024\/05\/438162612_816311900406250_9123821590230530725_n.jpg\" alt=\"\" width=\"2048\" height=\"1152\" srcset=\"https:\/\/semmelweis.hu\/sebeszet\/files\/2024\/05\/438162612_816311900406250_9123821590230530725_n.jpg 2048w, https:\/\/semmelweis.hu\/sebeszet\/files\/2024\/05\/438162612_816311900406250_9123821590230530725_n-300x169.jpg 300w, https:\/\/semmelweis.hu\/sebeszet\/files\/2024\/05\/438162612_816311900406250_9123821590230530725_n-1024x576.jpg 1024w, https:\/\/semmelweis.hu\/sebeszet\/files\/2024\/05\/438162612_816311900406250_9123821590230530725_n-768x432.jpg 768w, https:\/\/semmelweis.hu\/sebeszet\/files\/2024\/05\/438162612_816311900406250_9123821590230530725_n-1536x864.jpg 1536w, https:\/\/semmelweis.hu\/sebeszet\/files\/2024\/05\/438162612_816311900406250_9123821590230530725_n-753x424.jpg 753w\" sizes=\"auto, (max-width: 2048px) 100vw, 2048px\" \/><\/p>\n<p>&nbsp;<\/p>\n<p>&nbsp;<\/p>\n","protected":false},"excerpt":{"rendered":"<p>Kedves K\u00f6z\u00e9piskol\u00e1s Di\u00e1kok! Klinik\u00e1nk egy \u00e9vben k\u00e9tszer p\u00e1lyaorient\u00e1ci\u00f3s l\u00e1togat\u00e1st szervez k\u00f6z\u00e9piskol\u00e1s di\u00e1kok r\u00e9sz\u00e9re. Ezen a napon a di\u00e1kok betekint\u00e9st kaphatnak a Seb\u00e9szeti, Transzplant\u00e1ci\u00f3s \u00e9s Gasztroenterol\u00f3giai Klinika mindennapi betegell\u00e1t\u00e1si \u00e9s oktat\u00e1si tev\u00e9kenys\u00e9g\u00e9be, ezzel is seg\u00edtve a j\u00f6v\u0151beli p\u00e1lyav\u00e1laszt\u00e1st. Egy orvos koll\u00e9ga bemutatja az \u00e9p\u00fcletet, a napi rutinokat, \u00e9s \u00e1ltal\u00e1ban egy magas sz\u00ednvonal\u00fa, komplex ell\u00e1t\u00e1si k\u00f6rrel b\u00edr\u00f3 &hellip;<\/p>\n","protected":false},"author":102261,"featured_media":0,"parent":0,"menu_order":0,"comment_status":"closed","ping_status":"closed","template":"","meta":{"_acf_changed":false,"footnotes":""},"categories":[],"tags":[],"class_list":["post-9541","page","type-page","status-publish","hentry"],"acf":[],"_links":{"self":[{"href":"https:\/\/semmelweis.hu\/sebeszet\/wp-json\/wp\/v2\/pages\/9541","targetHints":{"allow":["GET"]}}],"collection":[{"href":"https:\/\/semmelweis.hu\/sebeszet\/wp-json\/wp\/v2\/pages"}],"about":[{"href":"https:\/\/semmelweis.hu\/sebeszet\/wp-json\/wp\/v2\/types\/page"}],"author":[{"embeddable":true,"href":"https:\/\/semmelweis.hu\/sebeszet\/wp-json\/wp\/v2\/users\/102261"}],"replies":[{"embeddable":true,"href":"https:\/\/semmelweis.hu\/sebeszet\/wp-json\/wp\/v2\/comments?post=9541"}],"version-history":[{"count":4,"href":"https:\/\/semmelweis.hu\/sebeszet\/wp-json\/wp\/v2\/pages\/9541\/revisions"}],"predecessor-version":[{"id":9545,"href":"https:\/\/semmelweis.hu\/sebeszet\/wp-json\/wp\/v2\/pages\/9541\/revisions\/9545"}],"wp:attachment":[{"href":"https:\/\/semmelweis.hu\/sebeszet\/wp-json\/wp\/v2\/media?parent=9541"}],"wp:term":[{"taxonomy":"category","embeddable":true,"href":"https:\/\/semmelweis.hu\/sebeszet\/wp-json\/wp\/v2\/categories?post=9541"},{"taxonomy":"post_tag","embeddable":true,"href":"https:\/\/semmelweis.hu\/sebeszet\/wp-json\/wp\/v2\/tags?post=9541"}],"curies":[{"name":"wp","href":"https:\/\/api.w.org\/{rel}","templated":true}]}}