{"id":9476,"date":"2025-10-18T09:22:54","date_gmt":"2025-10-18T07:22:54","guid":{"rendered":"https:\/\/semmelweis.hu\/sebeszet\/?page_id=9476"},"modified":"2025-11-10T12:36:59","modified_gmt":"2025-11-10T11:36:59","slug":"plasztikai-es-rekonstrukcios-sebeszeti-tanszek","status":"publish","type":"page","link":"https:\/\/semmelweis.hu\/sebeszet\/tanszekek\/plasztikai-es-rekonstrukcios-sebeszeti-tanszek\/","title":{"rendered":"Plasztikai \u00e9s Rekonstrukci\u00f3s Seb\u00e9szeti Tansz\u00e9k"},"content":{"rendered":"<h2 style=\"text-align: center\"><strong>Plasztikai \u00e9s Rekonstrukci\u00f3s Seb\u00e9szeti Tansz\u00e9k<\/strong><\/h2>\n<h6>Szervezeti egys\u00e9g jelen idej\u0171 r\u00f6vid bemutat\u00e1sa<\/h6>\n<p>&nbsp;<\/p>\n<p style=\"text-align: justify\">A Semmelweis Egyetem Seb\u00e9szeti, Transzplant\u00e1ci\u00f3s \u00e9s Gasztroenterol\u00f3giai Klinik\u00e1n m\u0171k\u00f6d\u0151 Plasztikai \u00e9s Rekonstrukci\u00f3s Seb\u00e9szeti Tansz\u00e9k c\u00e9lja, hogy a betegek sz\u00e1m\u00e1ra a legmagasabb szint\u0171 ell\u00e1t\u00e1st biztos\u00edtsa, mik\u00f6zben a hazai plasztikai seb\u00e9szeti k\u00e9pz\u00e9s \u00e9s kutat\u00e1s egyik meghat\u00e1roz\u00f3 k\u00f6zpontj\u00e1v\u00e1 v\u00e1ljunk. Munk\u00e1nk h\u00e1rom alappill\u00e9re a klinikai betegell\u00e1t\u00e1s, az orvosk\u00e9pz\u00e9s \u00e9s a kutat\u00e1si-innov\u00e1ci\u00f3s tev\u00e9kenys\u00e9g.<\/p>\n<p style=\"text-align: justify\"><strong>Klinikai tev\u00e9kenys\u00e9g\u00fcnk<\/strong> sz\u00e9les spektrumot fed le. F\u0151 ter\u00fcleteink k\u00f6z\u00e9 tartozik az eml\u0151seb\u00e9szet \u00e9s az eml\u0151rekonstrukci\u00f3, melyet szoros egy\u00fcttm\u0171k\u00f6d\u00e9sben v\u00e9gz\u00fcnk az Onkol\u00f3giai \u00e9s Belgy\u00f3gy\u00e1szati Klinik\u00e1kkal. Tansz\u00e9k\u00fcnk kiemelt szerepet v\u00e1llal a k\u00fcl\u00f6nb\u00f6z\u0151 daganatelt\u00e1vol\u00edt\u00e1sok ut\u00e1ni helyre\u00e1ll\u00edt\u00f3 m\u0171t\u00e9tekben is: fej-nyaki, ortop\u00e9diai, urol\u00f3giai \u00e9s b\u0151rgy\u00f3gy\u00e1szati klinik\u00e1k betegeinek rekonstrukci\u00f3j\u00e1t v\u00e9gezz\u00fck, gyakran mikroseb\u00e9szeti technik\u00e1k alkalmaz\u00e1s\u00e1val. A rekonstrukt\u00edv beavatkoz\u00e1sok k\u00f6z\u00f6tt szerepelnek a csont- \u00e9s l\u00e1gyr\u00e9szp\u00f3tl\u00e1sok, v\u00e9gtagment\u0151 m\u0171t\u00e9tek, valamint komplex onkoplasztikai eml\u0151m\u0171t\u00e9tek. A klasszikus helyre\u00e1ll\u00edt\u00f3 m\u0171t\u00e9tek mellett a legmodernebb, perfor\u00e1tor lebenyekkel v\u00e9gzett elj\u00e1r\u00e1sokat is rendszeresen alkalmazzuk.<\/p>\n<p style=\"text-align: justify\"><strong>Oktat\u00e1si feladataink<\/strong> k\u00f6zponti elemei a gradu\u00e1lis \u00e9s posztgradu\u00e1lis k\u00e9pz\u00e9s. Az egyetemi hallgat\u00f3k sz\u00e1m\u00e1ra f\u00e9l\u00e9ves tant\u00e1rgy keret\u00e9ben betekint\u00e9st ny\u00fajtunk a plasztikai seb\u00e9szet vil\u00e1g\u00e1ba, m\u00edg a szakorvosjel\u00f6ltek sz\u00e1m\u00e1ra akkredit\u00e1lt k\u00e9pz\u00e9si programokat k\u00edn\u00e1lunk. Posztgradu\u00e1lis szinten mesterkurzusokat \u00e9s tematikus tanfolyamokat tartunk, p\u00e9ld\u00e1ul mikroseb\u00e9szeti alapok, onkoplasztikai eml\u0151seb\u00e9szet, nyirokseb\u00e9szet vagy cadaver prepar\u00e1ci\u00f3s kurzusok form\u00e1j\u00e1ban. E k\u00e9pz\u00e9sek c\u00e9lja, hogy a j\u00f6v\u0151 gener\u00e1ci\u00f3 seb\u00e9szeit korszer\u0171 technol\u00f3gi\u00e1kkal \u00e9s magas sz\u00ednvonal\u00fa gyakorlati tud\u00e1ssal l\u00e1ssuk el.<\/p>\n<p style=\"text-align: justify\"><strong>Kutat\u00e1si \u00e9s innov\u00e1ci\u00f3s tev\u00e9kenys\u00e9g\u00fcnk<\/strong> a sebgy\u00f3gyul\u00e1s, a sz\u00f6veti regener\u00e1ci\u00f3, a 3D nyomtat\u00e1s \u00e9s a mesters\u00e9ges intelligencia plasztikai seb\u00e9szeti alkalmaz\u00e1saira is kiterjed. Fontos sz\u00e1munkra a nemzetk\u00f6zi egy\u00fcttm\u0171k\u00f6d\u00e9sek \u00e9p\u00edt\u00e9se \u00e9s a modern technol\u00f3gi\u00e1k miel\u0151bbi integr\u00e1l\u00e1sa a klinikai gyakorlatba.<\/p>\n<p style=\"text-align: justify\">K\u00fcl\u00f6n hangs\u00falyt helyez\u00fcnk a <strong>k\u00f6z\u00f6ss\u00e9gi szerepv\u00e1llal\u00e1sra<\/strong> is. \u00c9vente t\u00f6bb eg\u00e9szs\u00e9gnapot szervez\u00fcnk, valamint akt\u00edvan r\u00e9szt vesz\u00fcnk a t\u00e1rsadalmi tudatoss\u00e1got er\u0151s\u00edt\u0151 nemzetk\u00f6zi kamp\u00e1nyokban, mint p\u00e9ld\u00e1ul a Mellr\u00e1k Vil\u00e1gnapja, a Plasztikai Seb\u00e9szet Vil\u00e1gnapja vagy a Limf\u00f6d\u00e9ma Vil\u00e1gnapja.<\/p>\n<p style=\"text-align: justify\">Tansz\u00e9k\u00fcnk \u00e9rt\u00e9kei k\u00f6z\u00f6tt a multidiszciplin\u00e1ris egy\u00fcttm\u0171k\u00f6d\u00e9s, az innov\u00e1ci\u00f3 \u00e9s az elk\u00f6telezetts\u00e9g \u00e1llnak. C\u00e9lunk, hogy a jelen ig\u00e9nyein t\u00fal a j\u00f6v\u0151 kih\u00edv\u00e1saira is v\u00e1laszt adjunk, \u00e9s a hazai, valamint nemzetk\u00f6zi plasztikai seb\u00e9szet fejl\u0151d\u00e9s\u00e9nek meghat\u00e1roz\u00f3 szerepl\u0151i maradjunk.<\/p>\n<p>&nbsp;<\/p>\n<p style=\"text-align: justify\"><strong><u>Munkat\u00e1rsak:<\/u><\/strong><\/p>\n<p>Dr. Kl\u00e1rik Zolt\u00e1n PhD. \u2013 tansz\u00e9kvezet\u0151 egyetemi docens<\/p>\n<p>Dr. Bogn\u00e1r G\u00e1bor PhD. \u2013 egyetemi docens<\/p>\n<p>Dr. P\u00e1lh\u00e1zy T\u00edmea \u2013 egyetemi tan\u00e1rseg\u00e9d<\/p>\n<p>Dr. Scutaru Tabita Timeea \u00a0\u2013 seb\u00e9szeti szakorvosjel\u00f6lt<\/p>\n<p>Dr. Nyir\u00e1dy Loretta Enik\u0151 \u00a0\u2013 klinikai orvos<\/p>\n<p>Dr. Jancs\u00f3 M\u00e1t\u00e9 \u2013 klinikai szakorvos<\/p>\n<p>&nbsp;<\/p>\n<p>Budapest, 2025. okt\u00f3ber\u00a0\u00a0\u00a0\u00a0\u00a0\u00a0\u00a0\u00a0\u00a0\u00a0\u00a0\u00a0\u00a0\u00a0\u00a0\u00a0\u00a0\u00a0\u00a0\u00a0\u00a0\u00a0\u00a0\u00a0\u00a0\u00a0\u00a0\u00a0\u00a0\u00a0\u00a0\u00a0\u00a0\u00a0\u00a0\u00a0\u00a0\u00a0\u00a0\u00a0\u00a0\u00a0\u00a0\u00a0\u00a0\u00a0\u00a0\u00a0\u00a0\u00a0 K\u00e9sz\u00edtette: Dr. Kl\u00e1rik Zolt\u00e1n, tansz\u00e9kvezet\u0151<\/p>\n<p>&nbsp;<\/p>\n","protected":false},"excerpt":{"rendered":"<p>Plasztikai \u00e9s Rekonstrukci\u00f3s Seb\u00e9szeti Tansz\u00e9k Szervezeti egys\u00e9g jelen idej\u0171 r\u00f6vid bemutat\u00e1sa &nbsp; A Semmelweis Egyetem Seb\u00e9szeti, Transzplant\u00e1ci\u00f3s \u00e9s Gasztroenterol\u00f3giai Klinik\u00e1n m\u0171k\u00f6d\u0151 Plasztikai \u00e9s Rekonstrukci\u00f3s Seb\u00e9szeti Tansz\u00e9k c\u00e9lja, hogy a betegek sz\u00e1m\u00e1ra a legmagasabb szint\u0171 ell\u00e1t\u00e1st biztos\u00edtsa, mik\u00f6zben a hazai plasztikai seb\u00e9szeti k\u00e9pz\u00e9s \u00e9s kutat\u00e1s egyik meghat\u00e1roz\u00f3 k\u00f6zpontj\u00e1v\u00e1 v\u00e1ljunk. Munk\u00e1nk h\u00e1rom alappill\u00e9re a klinikai betegell\u00e1t\u00e1s, az &hellip;<\/p>\n","protected":false},"author":102261,"featured_media":0,"parent":9468,"menu_order":2,"comment_status":"closed","ping_status":"closed","template":"template-fullwidth.php","meta":{"_acf_changed":false,"footnotes":""},"categories":[],"tags":[],"class_list":["post-9476","page","type-page","status-publish","hentry"],"acf":[],"_links":{"self":[{"href":"https:\/\/semmelweis.hu\/sebeszet\/wp-json\/wp\/v2\/pages\/9476","targetHints":{"allow":["GET"]}}],"collection":[{"href":"https:\/\/semmelweis.hu\/sebeszet\/wp-json\/wp\/v2\/pages"}],"about":[{"href":"https:\/\/semmelweis.hu\/sebeszet\/wp-json\/wp\/v2\/types\/page"}],"author":[{"embeddable":true,"href":"https:\/\/semmelweis.hu\/sebeszet\/wp-json\/wp\/v2\/users\/102261"}],"replies":[{"embeddable":true,"href":"https:\/\/semmelweis.hu\/sebeszet\/wp-json\/wp\/v2\/comments?post=9476"}],"version-history":[{"count":4,"href":"https:\/\/semmelweis.hu\/sebeszet\/wp-json\/wp\/v2\/pages\/9476\/revisions"}],"predecessor-version":[{"id":9494,"href":"https:\/\/semmelweis.hu\/sebeszet\/wp-json\/wp\/v2\/pages\/9476\/revisions\/9494"}],"up":[{"embeddable":true,"href":"https:\/\/semmelweis.hu\/sebeszet\/wp-json\/wp\/v2\/pages\/9468"}],"wp:attachment":[{"href":"https:\/\/semmelweis.hu\/sebeszet\/wp-json\/wp\/v2\/media?parent=9476"}],"wp:term":[{"taxonomy":"category","embeddable":true,"href":"https:\/\/semmelweis.hu\/sebeszet\/wp-json\/wp\/v2\/categories?post=9476"},{"taxonomy":"post_tag","embeddable":true,"href":"https:\/\/semmelweis.hu\/sebeszet\/wp-json\/wp\/v2\/tags?post=9476"}],"curies":[{"name":"wp","href":"https:\/\/api.w.org\/{rel}","templated":true}]}}