{"id":9471,"date":"2025-10-18T09:20:52","date_gmt":"2025-10-18T07:20:52","guid":{"rendered":"https:\/\/semmelweis.hu\/sebeszet\/?page_id=9471"},"modified":"2025-10-18T09:23:37","modified_gmt":"2025-10-18T07:23:37","slug":"intervencios-gasztroenterologiai-tanszek","status":"publish","type":"page","link":"https:\/\/semmelweis.hu\/sebeszet\/tanszekek\/intervencios-gasztroenterologiai-tanszek\/","title":{"rendered":"Intervenci\u00f3s Gasztroenterol\u00f3giai Tansz\u00e9k"},"content":{"rendered":"<h2 style=\"text-align: center\"><strong>Intervenci\u00f3s Gasztroenterol\u00f3giai Tansz\u00e9k<\/strong><\/h2>\n<h6>Szervezeti egys\u00e9g jelen idej\u0171 r\u00f6vid bemutat\u00e1sa<\/h6>\n<p>&nbsp;<\/p>\n<p style=\"text-align: justify\">A t\u00e1pcsatorna betegs\u00e9geinek ismerete az \u00e1ltal\u00e1nos orvosi k\u00e9pz\u00e9s meghat\u00e1roz\u00f3 fontoss\u00e1g\u00fa eleme, mivel sz\u00e1mos gyakori betegs\u00e9g tartozik k\u00f6r\u00e9be, amelyek ismerete alapvet\u0151.<\/p>\n<p style=\"text-align: justify\">A gasztroenterol\u00f3gia oktat\u00e1s\u00e1nak c\u00e9lja \u00e9s f\u0151 hangs\u00falya a gasztroenterol\u00f3giai k\u00f3rk\u00e9pek ismeret\u00e9nek \u00e1tad\u00e1sa, \u00edgy a fels\u0151 t\u00e1pcsatorna (nyel\u0151cs\u0151, gyomor, duodenum), a v\u00e9konyb\u00e9l, az als\u00f3 t\u00e1pcsatorna (vastagb\u00e9l), valamint a m\u00e1j, az epeutak \u00e9s a hasny\u00e1lmirigy gyakori megbeteged\u00e9sei.<\/p>\n<p style=\"text-align: justify\">A gasztroenterol\u00f3gia, az em\u00e9szt\u0151szervi endoszk\u00f3pia \u00e9s a seb\u00e9szet szoros egy\u00fcttm\u0171k\u00f6d\u00e9se n\u00e9lk\u00fcl\u00f6zhetetlen \u00e9s elvitathatatlan.<\/p>\n<p style=\"text-align: justify\">A Semmelweis Egyetemen 2020-ban, a szakmai profil tiszt\u00edt\u00e1si t\u00f6rekv\u00e9seknek k\u00f6sz\u00f6nhet\u0151en, az egyes\u00edtett gasztroenterol\u00f3giai munkacsoport megalakul\u00e1s\u00e1val a progressz\u00edv gasztroenterol\u00f3giai ell\u00e1t\u00e1s egyetemi centraliz\u00e1l\u00e1sa val\u00f3sult meg a n\u00e9hai I. sz. Seb\u00e9szeti Klinik\u00e1n.<\/p>\n<p style=\"text-align: justify\">A Seb\u00e9szeti, Transzplant\u00e1ci\u00f3s \u00e9s Gasztroenterol\u00f3giai Klinik\u00e1n, a progressz\u00edv Gasztroenterol\u00f3giai Centrum kialak\u00edt\u00e1s\u00e1val, megfelel\u0151 keretek k\u00f6z\u00f6tt, egy akt\u00edv m\u0171k\u00f6d\u00e9si rendszert teremtett\u00fcnk meg, a betegell\u00e1t\u00e1s, oktat\u00e1s \u00e9s kutat\u00e1s egyetemi egys\u00e9g min\u0151s\u00e9gi \u00e9gisz\u00e9nek megfelel\u0151en.<\/p>\n<p style=\"text-align: justify\">Az Intervenci\u00f3s Gasztroenterol\u00f3giai Tansz\u00e9k megalakul\u00e1s\u00e1val a szakter\u00fclet teljes non-invaz\u00edv \u00e9s invaz\u00edv spektruma, bele\u00e9rtve a konzervat\u00edv gasztroenterol\u00f3gi\u00e1t \u00e9s hematol\u00f3gi\u00e1t, a gyullad\u00e1sos b\u00e9lbetegs\u00e9geket, r\u00f6vidb\u00e9l szindr\u00f3m\u00e1t, valamint a diagnosztikus \u00e9s intervenci\u00f3s endoszk\u00f3pi\u00e1t, egy\u00fcttesen biztos\u00edtja a szakter\u00fclet fejl\u0151d\u00e9s\u00e9t \u00e9s a t\u00e1pcsatornai betegs\u00e9gben szenved\u0151k komprehenz\u00edv j\u00e1r\u00f3- \u00e9s fekv\u0151beteg ell\u00e1t\u00e1s\u00e1t, a multidiszciplin\u00e1ris szeml\u00e9let holisztikus ig\u00e9ny\u00e9vel.<\/p>\n<p style=\"text-align: justify\">A munkacsoport megalakul\u00e1sa szerte\u00e1gaz\u00f3bb klinikai tudom\u00e1nyos kutat\u00e1st, illetve klinikofarmakol\u00f3giai vizsg\u00e1latok elind\u00edt\u00e1s\u00e1t inspir\u00e1lja, valamint az egyetemi gradu\u00e1lis oktat\u00e1sban \u00e9s posztgradu\u00e1lis k\u00e9pz\u00e9sben is jelent\u0151s szerepet k\u00e9pvisel, amely a szakm\u00e1t a p\u00e1lyakezd\u0151 orvosok, szakorvos jel\u00f6ltek \u00e9s szakorvosok sz\u00e1m\u00e1ra tudja vonz\u00f3bb\u00e1 tenni.<\/p>\n<p style=\"text-align: justify\">Gasztroenterol\u00f3giai Centrumunk a gasztroenterol\u00f3giai- \u00e9s em\u00e9szt\u0151szervi endoszk\u00f3pos betegell\u00e1t\u00e1st, valamint a szakmaspecifikus oktat\u00e1st tekintve m\u00e1ra haz\u00e1nk egyik legnagyobb centrum\u00e1v\u00e1 v\u00e1lt.<\/p>\n<p style=\"text-align: justify\">Magyarorsz\u00e1gon egyed\u00fcl\u00e1ll\u00f3 m\u00f3don az Eur\u00f3pai Em\u00e9szt\u0151szervi Endoszk\u00f3pos T\u00e1rsas\u00e1g (ESGE) hivatalos oktat\u00f3 centruma.<\/p>\n<p style=\"text-align: justify\">Munkat\u00e1rsaink sz\u00e1mos k\u00fclf\u00f6ldi \u00e9s magyar nyelv\u0171 tudom\u00e1nyos k\u00f6zlem\u00e9ny szerz\u0151i, hazai \u00e9s nemzetk\u00f6zi szakmai rendezv\u00e9nyek rendszeres megh\u00edvott el\u0151ad\u00f3i.<\/p>\n<p>&nbsp;<\/p>\n<p><strong>Munkat\u00e1rsak:<\/strong><\/p>\n<table width=\"516\">\n<tbody>\n<tr>\n<td width=\"238\">TANSZ\u00c9KVEZET\u00d5<\/td>\n<td width=\"278\">Dr. Hritz Istv\u00e1n egyetemi docens<\/td>\n<\/tr>\n<tr>\n<td width=\"238\">EGYETEMI TAN\u00c1R<\/td>\n<td width=\"278\">Dr. Miheller P\u00e1l<\/td>\n<\/tr>\n<tr>\n<td rowspan=\"3\" width=\"238\">EGYETEMI DOCENS<\/td>\n<td width=\"278\">Dr. Hagym\u00e1si Krisztina<\/td>\n<\/tr>\n<tr>\n<td width=\"278\">Dr. M\u00fcllner Katalin<\/td>\n<\/tr>\n<tr>\n<td width=\"278\">Dr. Werling Kl\u00e1ra<\/td>\n<\/tr>\n<tr>\n<td rowspan=\"3\" width=\"238\">EGYETEMI ADJUNKTUS<\/td>\n<td width=\"278\">Dr. Leiszter Katalim<\/td>\n<\/tr>\n<tr>\n<td width=\"278\">Dr. Papp Veronika<\/td>\n<\/tr>\n<tr>\n<td width=\"278\">Dr. Patai \u00c1rp\u00e1d<\/td>\n<\/tr>\n<tr>\n<td width=\"238\">EGYETEMI TAN\u00c1RSESG\u00c9D<\/td>\n<td width=\"278\">Dr. Csontos \u00c1gnes<\/td>\n<\/tr>\n<tr>\n<td rowspan=\"3\" width=\"238\">KLINIKAI F\u0150ORVOS<\/td>\n<td width=\"278\">Dr. Horv\u00e1th Mikl\u00f3s<\/td>\n<\/tr>\n<tr>\n<td width=\"278\">Dr. P\u00e9ter Zolt\u00e1n<\/td>\n<\/tr>\n<tr>\n<td width=\"278\">Dr. Sz\u00e9kely Hajnal<\/td>\n<\/tr>\n<tr>\n<td rowspan=\"4\" width=\"238\">KLINIKAI SZAKORVOS<\/td>\n<td width=\"278\">Dr. Czompa Di\u00e1na<\/td>\n<\/tr>\n<tr>\n<td width=\"278\">Dr. Gell\u00e9rt B\u00e1lint<\/td>\n<\/tr>\n<tr>\n<td width=\"278\">Dr. Menyh\u00e1rt Orsolya<\/td>\n<\/tr>\n<tr>\n<td width=\"278\">Dr. Szathm\u00e1ri R\u00e9ka<\/td>\n<\/tr>\n<tr>\n<td rowspan=\"5\" width=\"238\">SZAKORVOSJEL\u00d6LT<\/td>\n<td width=\"278\">Dr. Dr\u00e1cz B\u00e1lint<\/td>\n<\/tr>\n<tr>\n<td width=\"278\">Dr. Egresi Anna<\/td>\n<\/tr>\n<tr>\n<td width=\"278\">Dr. M\u00e1th Be\u00e1ta<\/td>\n<\/tr>\n<tr>\n<td width=\"278\">Dr. Mor\u00e1r Al\u00edz<\/td>\n<\/tr>\n<tr>\n<td width=\"278\">Dr. Vilmos Fruzsina<\/td>\n<\/tr>\n<\/tbody>\n<\/table>\n<p>&nbsp;<\/p>\n<p>&nbsp;<\/p>\n<p>&nbsp;<\/p>\n<p>Budapest, 2025. okt\u00f3ber\u00a0\u00a0\u00a0\u00a0\u00a0\u00a0\u00a0\u00a0\u00a0\u00a0\u00a0\u00a0\u00a0\u00a0\u00a0\u00a0\u00a0\u00a0\u00a0\u00a0\u00a0\u00a0\u00a0\u00a0\u00a0\u00a0\u00a0\u00a0\u00a0\u00a0\u00a0\u00a0\u00a0\u00a0\u00a0\u00a0\u00a0\u00a0\u00a0\u00a0 K\u00e9sz\u00edtette: Dr. Hritz Istv\u00e1n, tansz\u00e9kvezet\u0151<\/p>\n<p>&nbsp;<\/p>\n","protected":false},"excerpt":{"rendered":"<p>Intervenci\u00f3s Gasztroenterol\u00f3giai Tansz\u00e9k Szervezeti egys\u00e9g jelen idej\u0171 r\u00f6vid bemutat\u00e1sa &nbsp; A t\u00e1pcsatorna betegs\u00e9geinek ismerete az \u00e1ltal\u00e1nos orvosi k\u00e9pz\u00e9s meghat\u00e1roz\u00f3 fontoss\u00e1g\u00fa eleme, mivel sz\u00e1mos gyakori betegs\u00e9g tartozik k\u00f6r\u00e9be, amelyek ismerete alapvet\u0151. A gasztroenterol\u00f3gia oktat\u00e1s\u00e1nak c\u00e9lja \u00e9s f\u0151 hangs\u00falya a gasztroenterol\u00f3giai k\u00f3rk\u00e9pek ismeret\u00e9nek \u00e1tad\u00e1sa, \u00edgy a fels\u0151 t\u00e1pcsatorna (nyel\u0151cs\u0151, gyomor, duodenum), a v\u00e9konyb\u00e9l, az als\u00f3 t\u00e1pcsatorna (vastagb\u00e9l), &hellip;<\/p>\n","protected":false},"author":102261,"featured_media":0,"parent":9468,"menu_order":1,"comment_status":"closed","ping_status":"closed","template":"template-fullwidth.php","meta":{"_acf_changed":false,"footnotes":""},"categories":[],"tags":[],"class_list":["post-9471","page","type-page","status-publish","hentry"],"acf":[],"_links":{"self":[{"href":"https:\/\/semmelweis.hu\/sebeszet\/wp-json\/wp\/v2\/pages\/9471","targetHints":{"allow":["GET"]}}],"collection":[{"href":"https:\/\/semmelweis.hu\/sebeszet\/wp-json\/wp\/v2\/pages"}],"about":[{"href":"https:\/\/semmelweis.hu\/sebeszet\/wp-json\/wp\/v2\/types\/page"}],"author":[{"embeddable":true,"href":"https:\/\/semmelweis.hu\/sebeszet\/wp-json\/wp\/v2\/users\/102261"}],"replies":[{"embeddable":true,"href":"https:\/\/semmelweis.hu\/sebeszet\/wp-json\/wp\/v2\/comments?post=9471"}],"version-history":[{"count":4,"href":"https:\/\/semmelweis.hu\/sebeszet\/wp-json\/wp\/v2\/pages\/9471\/revisions"}],"predecessor-version":[{"id":9475,"href":"https:\/\/semmelweis.hu\/sebeszet\/wp-json\/wp\/v2\/pages\/9471\/revisions\/9475"}],"up":[{"embeddable":true,"href":"https:\/\/semmelweis.hu\/sebeszet\/wp-json\/wp\/v2\/pages\/9468"}],"wp:attachment":[{"href":"https:\/\/semmelweis.hu\/sebeszet\/wp-json\/wp\/v2\/media?parent=9471"}],"wp:term":[{"taxonomy":"category","embeddable":true,"href":"https:\/\/semmelweis.hu\/sebeszet\/wp-json\/wp\/v2\/categories?post=9471"},{"taxonomy":"post_tag","embeddable":true,"href":"https:\/\/semmelweis.hu\/sebeszet\/wp-json\/wp\/v2\/tags?post=9471"}],"curies":[{"name":"wp","href":"https:\/\/api.w.org\/{rel}","templated":true}]}}