{"id":9340,"date":"2025-07-17T09:57:08","date_gmt":"2025-07-17T07:57:08","guid":{"rendered":"https:\/\/semmelweis.hu\/sebeszet\/?page_id=9340"},"modified":"2025-07-17T09:59:05","modified_gmt":"2025-07-17T07:59:05","slug":"a-sztomaterapia-tortenete-fejlodese","status":"publish","type":"page","link":"https:\/\/semmelweis.hu\/sebeszet\/betegellatas\/stomaterapia\/a-sztomaterapia-tortenete-fejlodese\/","title":{"rendered":"A szt\u00f3mater\u00e1pia t\u00f6rt\u00e9nete, fejl\u0151d\u00e9se"},"content":{"rendered":"<h2 style=\"text-align: center\">A szt\u00f3mater\u00e1pia t\u00f6rt\u00e9nete, fejl\u0151d\u00e9se<\/h2>\n<p>&nbsp;<\/p>\n<p style=\"text-align: justify\">A szt\u00f3mater\u00e1pia fejl\u0151d\u00e9se az orvos- \u00e9s \u00e1pol\u00e1studom\u00e1ny egy jelent\u0151s szakter\u00fclet\u00e9nek t\u00f6rt\u00e9net\u00e9t t\u00fckr\u00f6zi. A szt\u00f3ma (mesters\u00e9gesen l\u00e9trehozott ny\u00edl\u00e1s a hasfalon) kialak\u00edt\u00e1s\u00e1t k\u00f6vet\u0151en a beteg \u00e9letmin\u0151s\u00e9ge jelent\u0151sen f\u00fcgg a megfelel\u0151 szt\u00f3mater\u00e1pi\u00e1t\u00f3l \u2013 ez az ell\u00e1t\u00e1s fejl\u0151d\u00f6tt sokat az elm\u00falt \u00e9vtizedek sor\u00e1n. Az al\u00e1bbiakban \u00f6sszefoglalom a szt\u00f3mater\u00e1pia fejl\u0151d\u00e9s\u00e9nek f\u0151bb \u00e1llom\u00e1sait:<\/p>\n<p style=\"text-align: justify\">\u00a0<\/p>\n<ol style=\"text-align: justify\">\n<li><strong>Kezdetek<\/strong><\/li>\n<\/ol>\n<p style=\"text-align: justify\">Az els\u0151 dokument\u00e1lt szt\u00f3mak\u00e9pz\u00e9sek f\u0151k\u00e9nt \u00e9letment\u0151 beavatkoz\u00e1sok voltak, p\u00e9ld\u00e1ul harci s\u00e9r\u00fcl\u00e9st k\u00f6vet\u0151en vagy b\u00e9lelz\u00e1r\u00f3d\u00e1s miatt. Kezdetben nem l\u00e9tezett semmilyen speci\u00e1lis eszk\u00f6z vagy ell\u00e1t\u00e1si rendszer; a betegek t\u00falnyom\u00f3r\u00e9szt nem is \u00e9lt\u00e9k t\u00fal ezeket a beavatkoz\u00e1sokat.<\/p>\n<p style=\"text-align: justify\">A higi\u00e9niai \u00e9s fert\u0151tlen\u00edt\u00e9si ismeretek hi\u00e1nya gyakori komplik\u00e1ci\u00f3khoz vezetett.<\/p>\n<p style=\"text-align: justify\">\u00a0<\/p>\n<ol style=\"text-align: justify\" start=\"2\">\n<li><strong>Technol\u00f3giai \u00e1tt\u00f6r\u00e9sek<\/strong><\/li>\n<\/ol>\n<p style=\"text-align: justify\">1950-es \u00e9vek: Megjelentek az els\u0151 iparilag gy\u00e1rtott szt\u00f3mazs\u00e1kok (pl. gumib\u00f3l k\u00e9sz\u00fclt, \u00fajrahaszn\u00e1lhat\u00f3 t\u00edpusok).<\/p>\n<p style=\"text-align: justify\">1960-as \u00e9vek: Bevezett\u00e9k az \u00f6ntapad\u00f3s szt\u00f3ma alaplapokat, amelyek m\u00e1r k\u00e9nyelmesebb \u00e9s higi\u00e9nikusabb ell\u00e1t\u00e1st biztos\u00edtottak.<\/p>\n<p style=\"text-align: justify\">Elindult a szt\u00f3mater\u00e1pia, mint k\u00fcl\u00f6n\u00e1ll\u00f3 \u00e1pol\u00e1si szakter\u00fclet. Az els\u0151 szt\u00f3mater\u00e1pi\u00e1s n\u0151v\u00e9r maga is szt\u00f3mavisel\u0151 volt, Norma N Gill, aki seb\u00e9sz\u00e9vel Rupert B. Turnbullal egy\u00fctt nemcsak azt ismert\u00e9k fel, hogy sz\u00fcks\u00e9g van a szt\u00f3m\u00e1sok eduk\u00e1ci\u00f3j\u00e1ra, hanem eszk\u00f6z\u00f6k fejleszt\u00e9s\u00e9ben is r\u00e9szt vettek.<\/p>\n<p style=\"text-align: justify\">\u00a0<\/p>\n<ol style=\"text-align: justify\" start=\"3\">\n<li><strong>Szt\u00f3mater\u00e1pi\u00e1s n\u0151v\u00e9rk\u00e9pz\u00e9s kialakul\u00e1sa<\/strong><\/li>\n<\/ol>\n<p style=\"text-align: justify\">1968-ban megalakult az Enterostomal Therapy Nurses Association (ETNA), k\u00e9s\u0151bb WOCN n\u00e9ven (Wound, Ostomy, and Continence Nurses Society). K\u00e9s\u0151bb Norma N Gill alap\u00edt\u00f3ja \u00e9s els\u0151 vezet\u0151je lett a World Council of Enterostomal Therapists nev\u0171 szervezetnek Enteroszt\u00f3materapeut\u00e1k Vil\u00e1gtan\u00e1cs\u00e1nak.<\/p>\n<p style=\"text-align: justify\">Eur\u00f3p\u00e1ban \u00e9s Magyarorsz\u00e1gon is elindult a szt\u00f3mater\u00e1pi\u00e1s szakn\u0151v\u00e9r k\u00e9pz\u00e9se.<\/p>\n<p style=\"text-align: justify\">Megjelentek a modern, k\u00e9t r\u00e9szb\u0151l \u00e1ll\u00f3 szt\u00f3marendszerek: alaplap + cser\u00e9lhet\u0151 zs\u00e1k. amely m\u00e1r hidrocolloid alapanyag\u00fa volt, \u00e9s amely b\u0151rbar\u00e1t \u00e9s biztons\u00e1gos ell\u00e1t\u00e1s\u00e1t biztos\u00edtja a szt\u00f3m\u00e1nak.<\/p>\n<p style=\"text-align: justify\">\u00a0<\/p>\n<ol style=\"text-align: justify\" start=\"4\">\n<li><strong>Min\u0151s\u00e9g \u00e9s betegeduk\u00e1ci\u00f3 f\u00f3kuszba ker\u00fcl\u00e9se<\/strong><\/li>\n<\/ol>\n<p style=\"text-align: justify\">A szt\u00f3mater\u00e1pi\u00e1s n\u0151v\u00e9rek kulcsszerepl\u0151v\u00e9 v\u00e1ltak a betegek eduk\u00e1ci\u00f3j\u00e1ban \u00e9s pszich\u00e9s t\u00e1mogat\u00e1s\u00e1ban. Elindultak a szt\u00f3m\u00e1sok \u00f6nseg\u00edt\u0151 klubjai \u00e9s a betegtal\u00e1lkoz\u00f3k.<\/p>\n<p style=\"text-align: justify\">B\u0151v\u00fclt a term\u00e9kk\u00edn\u00e1lat: szagmentes zs\u00e1kok, b\u0151rbar\u00e1t ragaszt\u00f3k, konvex rendszerek.<\/p>\n<p style=\"text-align: justify\">\u00a0<\/p>\n<ol style=\"text-align: justify\" start=\"5\">\n<li><strong>Digit\u00e1lis korszak \u00e9s szem\u00e9lyre szabott ell\u00e1t\u00e1s (2010\u2013napjainkig)<\/strong><\/li>\n<\/ol>\n<p style=\"text-align: justify\">Okostelefonos alkalmaz\u00e1sok, online konzult\u00e1ci\u00f3, digit\u00e1lis napl\u00f3k seg\u00edtik a betegek k\u00f6vet\u00e9s\u00e9t.<\/p>\n<p style=\"text-align: justify\">3D nyomtat\u00e1ssal testre szabhat\u00f3 eszk\u00f6z\u00f6k jelentek meg. N\u0151 az ig\u00e9ny az egy\u00e9ni \u00e9letm\u00f3dhoz igaz\u00edtott megold\u00e1sokra (pl. sporthoz val\u00f3 szt\u00f3mazs\u00e1kok).<\/p>\n<p style=\"text-align: justify\">K\u00f6rnyezettudatosabb gy\u00e1rt\u00e1si megold\u00e1sok alakulnak.<\/p>\n<p style=\"text-align: justify\">\u00a0<\/p>\n<ol style=\"text-align: justify\" start=\"6\">\n<li><strong>A j\u00f6v\u0151 ir\u00e1nyai<\/strong><\/li>\n<\/ol>\n<p style=\"text-align: justify\">Intelligens eszk\u00f6z\u00f6k fejleszt\u00e9se (pl. sziv\u00e1rg\u00e1st jelz\u0151 szenzorok). A regenerat\u00edv orvosl\u00e1sban fejl\u0151dnek a b\u00e9lrekonstrukci\u00f3s lehet\u0151s\u00e9gek, b\u00e9lp\u00f3tl\u00f3 technik\u00e1k.<\/p>\n<p style=\"text-align: justify\">Tov\u00e1bbra is kiemelt c\u00e9l a szt\u00f3m\u00e1val \u00e9l\u0151k \u00e9letmin\u0151s\u00e9g\u00e9nek jav\u00edt\u00e1sa, testi \u00e9s lelki szempontb\u00f3l is.<\/p>\n<p style=\"text-align: justify\">\u00a0<\/p>\n","protected":false},"excerpt":{"rendered":"<p>A szt\u00f3mater\u00e1pia t\u00f6rt\u00e9nete, fejl\u0151d\u00e9se &nbsp; A szt\u00f3mater\u00e1pia fejl\u0151d\u00e9se az orvos- \u00e9s \u00e1pol\u00e1studom\u00e1ny egy jelent\u0151s szakter\u00fclet\u00e9nek t\u00f6rt\u00e9net\u00e9t t\u00fckr\u00f6zi. A szt\u00f3ma (mesters\u00e9gesen l\u00e9trehozott ny\u00edl\u00e1s a hasfalon) kialak\u00edt\u00e1s\u00e1t k\u00f6vet\u0151en a beteg \u00e9letmin\u0151s\u00e9ge jelent\u0151sen f\u00fcgg a megfelel\u0151 szt\u00f3mater\u00e1pi\u00e1t\u00f3l \u2013 ez az ell\u00e1t\u00e1s fejl\u0151d\u00f6tt sokat az elm\u00falt \u00e9vtizedek sor\u00e1n. Az al\u00e1bbiakban \u00f6sszefoglalom a szt\u00f3mater\u00e1pia fejl\u0151d\u00e9s\u00e9nek f\u0151bb \u00e1llom\u00e1sait: \u00a0 Kezdetek Az &hellip;<\/p>\n","protected":false},"author":102261,"featured_media":0,"parent":5618,"menu_order":1,"comment_status":"closed","ping_status":"closed","template":"","meta":{"_acf_changed":false,"footnotes":""},"categories":[],"tags":[],"class_list":["post-9340","page","type-page","status-publish","hentry"],"acf":[],"_links":{"self":[{"href":"https:\/\/semmelweis.hu\/sebeszet\/wp-json\/wp\/v2\/pages\/9340","targetHints":{"allow":["GET"]}}],"collection":[{"href":"https:\/\/semmelweis.hu\/sebeszet\/wp-json\/wp\/v2\/pages"}],"about":[{"href":"https:\/\/semmelweis.hu\/sebeszet\/wp-json\/wp\/v2\/types\/page"}],"author":[{"embeddable":true,"href":"https:\/\/semmelweis.hu\/sebeszet\/wp-json\/wp\/v2\/users\/102261"}],"replies":[{"embeddable":true,"href":"https:\/\/semmelweis.hu\/sebeszet\/wp-json\/wp\/v2\/comments?post=9340"}],"version-history":[{"count":2,"href":"https:\/\/semmelweis.hu\/sebeszet\/wp-json\/wp\/v2\/pages\/9340\/revisions"}],"predecessor-version":[{"id":9342,"href":"https:\/\/semmelweis.hu\/sebeszet\/wp-json\/wp\/v2\/pages\/9340\/revisions\/9342"}],"up":[{"embeddable":true,"href":"https:\/\/semmelweis.hu\/sebeszet\/wp-json\/wp\/v2\/pages\/5618"}],"wp:attachment":[{"href":"https:\/\/semmelweis.hu\/sebeszet\/wp-json\/wp\/v2\/media?parent=9340"}],"wp:term":[{"taxonomy":"category","embeddable":true,"href":"https:\/\/semmelweis.hu\/sebeszet\/wp-json\/wp\/v2\/categories?post=9340"},{"taxonomy":"post_tag","embeddable":true,"href":"https:\/\/semmelweis.hu\/sebeszet\/wp-json\/wp\/v2\/tags?post=9340"}],"curies":[{"name":"wp","href":"https:\/\/api.w.org\/{rel}","templated":true}]}}