{"id":897,"date":"2015-09-26T16:48:34","date_gmt":"2015-09-26T14:48:34","guid":{"rendered":"http:\/\/semmelweis.hu\/sebeszet1\/?page_id=897"},"modified":"2021-01-13T13:25:02","modified_gmt":"2021-01-13T12:25:02","slug":"hasnyalmirigy-sebeszet","status":"publish","type":"page","link":"https:\/\/semmelweis.hu\/sebeszet\/betegellatas\/sebeszet-2\/sebeszeti-jarobeteg-ellatas\/hasnyalmirigy-sebeszet\/","title":{"rendered":"Hasny\u00e1lmirigy-seb\u00e9szet"},"content":{"rendered":"<p><span style=\"font-weight: 400\"><strong>El\u0151zetes id\u0151pont k\u00e9r\u00e9se<\/strong> a k\u00f6vetkez\u0151 sz\u00e1mon lehets\u00e9ges minden h\u00e9tk\u00f6znap 8:00-14:30 k\u00f6z\u00f6tt: +36 20 825 9090<\/span><\/p>\n<p><strong>Rendel\u00e9si id\u0151pont:<\/strong><span style=\"font-weight: 400\"> p\u00e9ntek 8:30-14:30<\/span><\/p>\n<p><strong>Munkat\u00e1rsak:<\/strong><\/p>\n<p><a href=\"https:\/\/semmelweis.hu\/telefonkonyv\/?act=mt&amp;inst_id=56&amp;emp_id=1786\"><span style=\"font-weight: 400\">Dr. Hars\u00e1nyi L\u00e1szl\u00f3<\/span><\/a><br \/>\n<span style=\"font-weight: 400\">helysz\u00edn: alagsor<br \/>\n<\/span><span style=\"font-weight: 400\">bejelentkez\u00e9s: 06-1-333-5343<\/span><\/p>\n<p><a href=\"https:\/\/semmelweis.hu\/telefonkonyv\/?act=mt&amp;inst_id=56&amp;emp_id=9197\"><span style=\"font-weight: 400\">Dr. Marjai Tam\u00e1s<\/span><\/a><br \/>\n<span style=\"font-weight: 400\">helysz\u00edn: alagsor\u00a0<\/span><\/p>\n<p><a href=\"https:\/\/semmelweis.hu\/telefonkonyv\/?act=mt&amp;inst_id=56&amp;emp_id=7752\"><span style=\"font-weight: 400\">Dr. Sz\u0171cs \u00c1kos<\/span><\/a><br \/>\n<span style=\"font-weight: 400\">helysz\u00edn: alagsor<\/span><\/p>\n<p><span style=\"font-weight: 400\">Dr. Szij\u00e1rt\u00f3 Attila (rendel\u00e9si id\u0151: cs\u00fct\u00f6rt\u00f6k)<br \/>\n<\/span><span style=\"font-weight: 400\">helysz\u00edn: alagsor<\/span><\/p>\n","protected":false},"excerpt":{"rendered":"<p>El\u0151zetes id\u0151pont k\u00e9r\u00e9se a k\u00f6vetkez\u0151 sz\u00e1mon lehets\u00e9ges minden h\u00e9tk\u00f6znap 8:00-14:30 k\u00f6z\u00f6tt: +36 20 825 9090<br \/>\nRendel\u00e9si id\u0151pont: p\u00e9ntek 8:30-14:30<br \/>\nMunkat\u00e1rsak:<br \/>\n<a href=\"https:\/\/semmelweis.hu\/telefonkonyv\/?act=mt&amp;inst_id=56&amp;emp_id=1786\">Dr. Hars\u00e1nyi L\u00e1szl\u00f3<\/a><br \/>\nhelysz\u00edn: alagsor<br \/>\nbejelentkez\u00e9s: 06-1-333-5343<br \/>\n<a href=\"https:\/\/semmelweis.hu\/telefonkonyv\/?act=mt&amp;inst_id=56&amp;emp_id=9197\">Dr. Marjai Tam\u00e1s<\/a><br \/>\nhelysz\u00edn: alagsor\u00a0<br \/>\n<a href=\"https:\/\/semmelweis.hu\/telefonkonyv\/?act=mt&amp;inst_id=56&amp;emp_id=7752\">Dr. Sz\u0171cs \u00c1kos<\/a><br \/>\nhelysz\u00edn: alagsor<br \/>\nDr. Szij\u00e1rt\u00f3 Attila (rendel\u00e9si id\u0151: cs\u00fct\u00f6rt\u00f6k)<br \/>\nhelysz\u00edn: alagsor<\/p>\n","protected":false},"author":101022,"featured_media":0,"parent":640,"menu_order":10,"comment_status":"closed","ping_status":"closed","template":"","meta":{"_acf_changed":false,"footnotes":""},"categories":[],"tags":[],"class_list":["post-897","page","type-page","status-publish","hentry"],"acf":[],"_links":{"self":[{"href":"https:\/\/semmelweis.hu\/sebeszet\/wp-json\/wp\/v2\/pages\/897","targetHints":{"allow":["GET"]}}],"collection":[{"href":"https:\/\/semmelweis.hu\/sebeszet\/wp-json\/wp\/v2\/pages"}],"about":[{"href":"https:\/\/semmelweis.hu\/sebeszet\/wp-json\/wp\/v2\/types\/page"}],"author":[{"embeddable":true,"href":"https:\/\/semmelweis.hu\/sebeszet\/wp-json\/wp\/v2\/users\/101022"}],"replies":[{"embeddable":true,"href":"https:\/\/semmelweis.hu\/sebeszet\/wp-json\/wp\/v2\/comments?post=897"}],"version-history":[{"count":10,"href":"https:\/\/semmelweis.hu\/sebeszet\/wp-json\/wp\/v2\/pages\/897\/revisions"}],"predecessor-version":[{"id":5951,"href":"https:\/\/semmelweis.hu\/sebeszet\/wp-json\/wp\/v2\/pages\/897\/revisions\/5951"}],"up":[{"embeddable":true,"href":"https:\/\/semmelweis.hu\/sebeszet\/wp-json\/wp\/v2\/pages\/640"}],"wp:attachment":[{"href":"https:\/\/semmelweis.hu\/sebeszet\/wp-json\/wp\/v2\/media?parent=897"}],"wp:term":[{"taxonomy":"category","embeddable":true,"href":"https:\/\/semmelweis.hu\/sebeszet\/wp-json\/wp\/v2\/categories?post=897"},{"taxonomy":"post_tag","embeddable":true,"href":"https:\/\/semmelweis.hu\/sebeszet\/wp-json\/wp\/v2\/tags?post=897"}],"curies":[{"name":"wp","href":"https:\/\/api.w.org\/{rel}","templated":true}]}}