{"id":895,"date":"2015-09-26T16:42:56","date_gmt":"2015-09-26T14:42:56","guid":{"rendered":"http:\/\/semmelweis.hu\/sebeszet1\/?page_id=895"},"modified":"2022-02-08T13:09:54","modified_gmt":"2022-02-08T12:09:54","slug":"maj-es-epeuti-sebeszet","status":"publish","type":"page","link":"https:\/\/semmelweis.hu\/sebeszet\/betegellatas\/sebeszet-2\/sebeszeti-jarobeteg-ellatas\/maj-es-epeuti-sebeszet\/","title":{"rendered":"M\u00e1j- \u00e9s epe\u00fati seb\u00e9szet"},"content":{"rendered":"<p><span style=\"font-weight: 400\"><strong>El\u0151zetes id\u0151pont k\u00e9r\u00e9se<\/strong> a k\u00f6vetkez\u0151 sz\u00e1mon lehets\u00e9ges minden h\u00e9tk\u00f6znap 8:00-14:30 k\u00f6z\u00f6tt: +36 20 825 9090<\/span><\/p>\n<p><strong>Rendel\u00e9si id\u0151pont:<\/strong><span style=\"font-weight: 400\"> cs\u00fct\u00f6rt\u00f6k 8:30-14:30<\/span><\/p>\n<p><strong>Munkat\u00e1rsak:<\/strong><\/p>\n<p><a href=\"https:\/\/semmelweis.hu\/telefonkonyv\/?act=mt&amp;inst_id=56&amp;emp_id=1446\"><span style=\"font-weight: 400\">Dr. Szij\u00e1rt\u00f3 Attila<\/span><\/a><br \/>\n<span style=\"font-weight: 400\">helysz\u00edn: alagsor<\/span><\/p>\n<p><span style=\"font-weight: 400\"><a href=\"https:\/\/semmelweis.hu\/telefonkonyv\/?emp_id=11424\">Dr. F\u00fcl\u00f6p Andr\u00e1s<\/a><br \/>\n<\/span><span style=\"font-weight: 400\">helysz\u00edn: alagsor<\/span><\/p>\n<p><a href=\"https:\/\/semmelweis.hu\/telefonkonyv\/?act=mt&amp;inst_id=56&amp;emp_id=7750\"><span style=\"font-weight: 400\">Dr. Hahn Oszk\u00e1r<\/span><\/a><br \/>\n<span style=\"font-weight: 400\">helysz\u00edn: alagsor<\/span><\/p>\n<p><a href=\"https:\/\/semmelweis.hu\/telefonkonyv\/?emp_id=11077\">Dr. Kokas B\u00e1lint<\/a><br \/>\nHelysz\u00edn: alagsor<\/p>\n<p><a href=\"https:\/\/semmelweis.hu\/telefonkonyv\/?act=mt&amp;inst_id=56&amp;emp_id=7746\"><span style=\"font-weight: 400\">Dr. Kupcsulik P\u00e9ter<\/span><\/a><br \/>\n<span style=\"font-weight: 400\">helysz\u00edn: f\u00f6ldszint : 08:00-10:00 <br \/>\n<\/span><span style=\"font-weight: 400\">bejelentkez\u00e9s: +36 1 210 0794<\/span><\/p>\n<p><a href=\"https:\/\/semmelweis.hu\/telefonkonyv\/?emp_id=9245\"><span style=\"font-weight: 400\">Dr. Pekli Damj\u00e1n<\/span><\/a><br \/>\n<span style=\"font-weight: 400\">helysz\u00edn: alagsor<\/span><\/p>\n","protected":false},"excerpt":{"rendered":"<p>El\u0151zetes id\u0151pont k\u00e9r\u00e9se a k\u00f6vetkez\u0151 sz\u00e1mon lehets\u00e9ges minden h\u00e9tk\u00f6znap 8:00-14:30 k\u00f6z\u00f6tt: +36 20 825 9090<br \/>\nRendel\u00e9si id\u0151pont: cs\u00fct\u00f6rt\u00f6k 8:30-14:30<br \/>\nMunkat\u00e1rsak:<br \/>\n<a href=\"https:\/\/semmelweis.hu\/telefonkonyv\/?act=mt&amp;inst_id=56&amp;emp_id=1446\">Dr. Szij\u00e1rt\u00f3 Attila<\/a><br \/>\nhelysz\u00edn: alagsor<br \/>\n<a href=\"https:\/\/semmelweis.hu\/telefonkonyv\/?emp_id=11424\">Dr. F\u00fcl\u00f6p Andr\u00e1s<\/a><br \/>\nhelysz\u00edn: alagsor<br \/>\n<a href=\"https:\/\/semmelweis.hu\/telefonkonyv\/?act=mt&amp;inst_id=56&amp;emp_id=7750\">Dr. Hahn Oszk\u00e1r<\/a><br \/>\nhelysz\u00edn: alagsor<br \/>\n<a href=\"https:\/\/semmelweis.hu\/telefonkonyv\/?emp_id=11077\">Dr. Kokas B\u00e1lint<\/a><br \/>\nHelysz\u00edn: alagsor<br \/>\n<a href=\"https:\/\/semmelweis.hu\/telefonkonyv\/?act=mt&amp;inst_id=56&amp;emp_id=7746\">Dr. Kupcsulik P\u00e9ter<\/a><br \/>\nhelysz\u00edn: f\u00f6ldszint : 08:00-10:00<br \/>\nbejelentkez\u00e9s: +36 1 210 0794<br \/>\n<a href=\"https:\/\/semmelweis.hu\/telefonkonyv\/?emp_id=9245\">Dr. Pekli Damj\u00e1n<\/a><br \/>\nhelysz\u00edn: alagsor<\/p>\n","protected":false},"author":101022,"featured_media":0,"parent":640,"menu_order":9,"comment_status":"closed","ping_status":"closed","template":"","meta":{"_acf_changed":false,"footnotes":""},"categories":[],"tags":[],"class_list":["post-895","page","type-page","status-publish","hentry"],"acf":[],"_links":{"self":[{"href":"https:\/\/semmelweis.hu\/sebeszet\/wp-json\/wp\/v2\/pages\/895","targetHints":{"allow":["GET"]}}],"collection":[{"href":"https:\/\/semmelweis.hu\/sebeszet\/wp-json\/wp\/v2\/pages"}],"about":[{"href":"https:\/\/semmelweis.hu\/sebeszet\/wp-json\/wp\/v2\/types\/page"}],"author":[{"embeddable":true,"href":"https:\/\/semmelweis.hu\/sebeszet\/wp-json\/wp\/v2\/users\/101022"}],"replies":[{"embeddable":true,"href":"https:\/\/semmelweis.hu\/sebeszet\/wp-json\/wp\/v2\/comments?post=895"}],"version-history":[{"count":11,"href":"https:\/\/semmelweis.hu\/sebeszet\/wp-json\/wp\/v2\/pages\/895\/revisions"}],"predecessor-version":[{"id":7272,"href":"https:\/\/semmelweis.hu\/sebeszet\/wp-json\/wp\/v2\/pages\/895\/revisions\/7272"}],"up":[{"embeddable":true,"href":"https:\/\/semmelweis.hu\/sebeszet\/wp-json\/wp\/v2\/pages\/640"}],"wp:attachment":[{"href":"https:\/\/semmelweis.hu\/sebeszet\/wp-json\/wp\/v2\/media?parent=895"}],"wp:term":[{"taxonomy":"category","embeddable":true,"href":"https:\/\/semmelweis.hu\/sebeszet\/wp-json\/wp\/v2\/categories?post=895"},{"taxonomy":"post_tag","embeddable":true,"href":"https:\/\/semmelweis.hu\/sebeszet\/wp-json\/wp\/v2\/tags?post=895"}],"curies":[{"name":"wp","href":"https:\/\/api.w.org\/{rel}","templated":true}]}}