{"id":893,"date":"2015-09-26T16:35:37","date_gmt":"2015-09-26T14:35:37","guid":{"rendered":"http:\/\/semmelweis.hu\/sebeszet1\/?page_id=893"},"modified":"2023-07-04T15:48:49","modified_gmt":"2023-07-04T13:48:49","slug":"emlo-sebeszet","status":"publish","type":"page","link":"https:\/\/semmelweis.hu\/sebeszet\/betegellatas\/sebeszet-2\/sebeszeti-jarobeteg-ellatas\/emlo-sebeszet\/","title":{"rendered":"Eml\u0151seb\u00e9szet"},"content":{"rendered":"<p>El\u0151zetes id\u0151pont k\u00e9r\u00e9se a k\u00f6vetkez\u0151 sz\u00e1mon lehets\u00e9ges minden h\u00e9tk\u00f6znap 8:00-14:30 k\u00f6z\u00f6tt: +36 20 825 9090, +36 20\u00a0825 9020<\/p>\n<p><strong>Rendel\u00e9si id\u0151pont: szerda 8:30-14:30<\/strong><\/p>\n<p><strong>Dr. Bogn\u00e1r G\u00e1bor<\/strong>, Ph.D.<br \/>\nSeb\u00e9sz, plasztikai \u00e9s \u00e9g\u00e9s seb\u00e9sz<br \/>\negyetemi docens<br \/>\nHelysz\u00edn: f\u00f6ldszint<\/p>\n<p><strong>Dr. P\u00e1lh\u00e1zy T\u00edmea<\/strong><br \/>\nSeb\u00e9sz, plasztikai \u00e9s \u00e9g\u00e9s seb\u00e9sz<br \/>\negyetemi tan\u00e1rseg\u00e9d<br \/>\nhelysz\u00edn: f\u00f6ldszint<\/p>\n<p><strong>Dr. Kl\u00e1rik Zolt\u00e1n<\/strong>, Ph.D.<br \/>\nPlasztikai \u00e9s \u00e9g\u00e9s seb\u00e9sz<br \/>\negyetemi adjunktus<br \/>\nhelysz\u00edn: f\u00f6ldszint<\/p>\n<p><strong>Dr. Jancs\u00f3 M\u00e1t\u00e9<\/strong><br \/>\nPlasztikai \u00e9s \u00e9g\u00e9s seb\u00e9sz<br \/>\nklinikai szakorvos<br \/>\nhelysz\u00edn: f\u00f6ldszint<\/p>\n<p style=\"text-align: justify\">A Semmelweis Egyetem Sebe\u0301szeti, Transzplanta\u0301cio\u0301s e\u0301s Gasztroenterolo\u0301giai Klinika Plasztikai Seb\u00e9szet Munkacsoport teljesk\u00f6r\u0171 ell\u00e1t\u00e1st ny\u00fajt multidiszciplin\u00e1ris form\u00e1ban a plasztikai seb\u00e9szeti beavatkoz\u00e1st ig\u00e9nyl\u0151 betegek sz\u00e1m\u00e1ra.<\/p>\n<p style=\"text-align: justify\">A Plasztikai Seb\u00e9szeti Munkacsoport orvosai \u00e9s szak\u00e1pol\u00f3i elk\u00f6telezettek amellett, hogy minden p\u00e1ciensnek objekt\u00edv \u00e9s modern klinikai szolg\u00e1ltat\u00e1sokat biztos\u00edtsanak, amelyek magukban foglalhatj\u00e1k a komplex klinikai probl\u00e9m\u00e1k multidiszciplin\u00e1ris \u00e9rt\u00e9kel\u00e9s\u00e9t \u00e9s kezel\u00e9s\u00e9t. A Semmelweis Egyetemen a rekonstrukci\u00f3s p\u00e1ciensek ig\u00e9nyei egyediek. Ez\u00e9rt a m\u0171t\u00e9ti tervnek egy\u00e9nre szabottnak kell lennie.\u00a0<\/p>\n<p style=\"text-align: justify\">Az optim\u00e1lis rekonstrukci\u00f3 t\u00f6bb l\u00e9pcs\u0151s elj\u00e1r\u00e1st, a leg\u00fajabb m\u00f3dszerek alkalmaz\u00e1s\u00e1t \u00e9s\/vagy mikroseb\u00e9szeti transzplant\u00e1ci\u00f3kat is mag\u00e1ban foglalhatnak. Az \u00faj technik\u00e1k kifejleszt\u00e9se \u00e9s alkalmaz\u00e1sa, valamint a hagyom\u00e1nyos m\u00f3dszerek kreat\u00edv alkalmaz\u00e1sa lehet\u0151v\u00e9 teszi a legkorszer\u0171bb rekonstrukci\u00f3t az optim\u00e1lis forma \u00e9s funkci\u00f3 helyre\u00e1ll\u00edt\u00e1sa \u00e9rdek\u00e9ben. A rekonstrukci\u00f3s \u00e9s kozmetikai elj\u00e1r\u00e1sok teljes sk\u00e1l\u00e1ja el\u00e9rhet\u0151 az Int\u00e9zetben.<\/p>\n<p>F\u0151bb feladatk\u00f6r:<\/p>\n<ul>\n<li>az eml\u0151 j\u00f3- \u00e9s rosszindulat\u00fa elv\u00e1ltoz\u00e1sainak m\u0171t\u00e9tei,<\/li>\n<li>daganatseb\u00e9szet miatt kialakult eml\u0151 hi\u00e1ny helyre\u00e1ll\u00edt\u00e1sa,<\/li>\n<li>extr\u00e9m nagym\u00e9ret\u0171 eml\u0151 kisebb\u00edt\u00e9se,<\/li>\n<li>a b\u0151r \u00e9s a l\u00e1gyr\u00e9szek j\u00f3- \u00e9s rosszindulat\u00fa daganatainak elt\u00e1vol\u00edt\u00e1sa \u00e9s az adott ter\u00fclet helyre\u00e1ll\u00edt\u00e1sa<\/li>\n<li>nagyfok\u00fa tests\u00falycs\u00f6kken\u00e9st k\u00f6vet\u0151, m\u00e9retein\u00e9l fogva higi\u00e9n\u00e9s panaszokat okoz\u00f3, a szoci\u00e1lis beilleszked\u00e9st zavar\u00f3 b\u0151r-zs\u00edrfeleslegek elt\u00e1vol\u00edt\u00e1s\u00e1t,<\/li>\n<li>a s\u00e9r\u00fcl\u00e9sek, \u00e9g\u00e9s, k\u00fcl\u00f6nb\u00f6z\u0151 orvosi beavatkoz\u00e1sok (m\u0171t\u00e9t, besug\u00e1rz\u00e1s stb.) ut\u00e1n visszamaradt hegek, torzul\u00e1sok, fejl\u0151d\u00e9si rendelleness\u00e9gek (ajakhasad\u00e9k csecsem\u0151kori z\u00e1r\u00e1sa ut\u00e1n visszamaradt feln\u0151ttkori ajak- \u00e9s orr-deformit\u00e1sok, az eml\u0151 fejl\u0151d\u00e9si rendelleness\u00e9gei stb.) korrekci\u00f3ja,<\/li>\n<li>tart\u00f3s fekv\u00e9s sor\u00e1n kialakult felfekv\u00e9sek m\u0171t\u00e9ti kezel\u00e9se,<\/li>\n<li>kr\u00f3nikus sebek kezel\u00e9se,<\/li>\n<li>baleseteket valamint fert\u0151z\u00e9sek k\u00f6vet\u0151en kialakult l\u00e1gyr\u00e9sz hi\u00e1nyok p\u00f3tl\u00e1sa,<\/li>\n<li>teljes vagy r\u00e9szleges hasi defektusok helyre\u00e1ll\u00edt\u00e1sa<\/li>\n<\/ul>\n<p style=\"text-align: justify\">A fentiekben felsorolt helyre\u00e1ll\u00edt\u00f3 beavatkoz\u00e1sokat NEAK \u00e1ltal finansz\u00edrozott, a t\u00f6rv\u00e9nyek \u00e9s rendelkez\u00e9sek \u00e1ltal meghat\u00e1rozott felt\u00e9telek szerint v\u00e9gezhet\u0151 plasztikai seb\u00e9szet m\u0171t\u00e9tek.<\/p>\n","protected":false},"excerpt":{"rendered":"<p>El\u0151zetes id\u0151pont k\u00e9r\u00e9se a k\u00f6vetkez\u0151 sz\u00e1mon lehets\u00e9ges minden h\u00e9tk\u00f6znap 8:00-14:30 k\u00f6z\u00f6tt: +36 20 825 9090, +36 20\u00a0825 9020 Rendel\u00e9si id\u0151pont: szerda 8:30-14:30 Dr. Bogn\u00e1r G\u00e1bor, Ph.D. Seb\u00e9sz, plasztikai \u00e9s \u00e9g\u00e9s seb\u00e9sz egyetemi docens Helysz\u00edn: f\u00f6ldszint Dr. P\u00e1lh\u00e1zy T\u00edmea Seb\u00e9sz, plasztikai \u00e9s \u00e9g\u00e9s seb\u00e9sz egyetemi tan\u00e1rseg\u00e9d helysz\u00edn: f\u00f6ldszint Dr. Kl\u00e1rik Zolt\u00e1n, Ph.D. Plasztikai \u00e9s \u00e9g\u00e9s seb\u00e9sz &hellip;<\/p>\n","protected":false},"author":101022,"featured_media":0,"parent":640,"menu_order":7,"comment_status":"closed","ping_status":"closed","template":"","meta":{"_acf_changed":false,"footnotes":""},"categories":[],"tags":[],"class_list":["post-893","page","type-page","status-publish","hentry"],"acf":[],"_links":{"self":[{"href":"https:\/\/semmelweis.hu\/sebeszet\/wp-json\/wp\/v2\/pages\/893","targetHints":{"allow":["GET"]}}],"collection":[{"href":"https:\/\/semmelweis.hu\/sebeszet\/wp-json\/wp\/v2\/pages"}],"about":[{"href":"https:\/\/semmelweis.hu\/sebeszet\/wp-json\/wp\/v2\/types\/page"}],"author":[{"embeddable":true,"href":"https:\/\/semmelweis.hu\/sebeszet\/wp-json\/wp\/v2\/users\/101022"}],"replies":[{"embeddable":true,"href":"https:\/\/semmelweis.hu\/sebeszet\/wp-json\/wp\/v2\/comments?post=893"}],"version-history":[{"count":10,"href":"https:\/\/semmelweis.hu\/sebeszet\/wp-json\/wp\/v2\/pages\/893\/revisions"}],"predecessor-version":[{"id":8167,"href":"https:\/\/semmelweis.hu\/sebeszet\/wp-json\/wp\/v2\/pages\/893\/revisions\/8167"}],"up":[{"embeddable":true,"href":"https:\/\/semmelweis.hu\/sebeszet\/wp-json\/wp\/v2\/pages\/640"}],"wp:attachment":[{"href":"https:\/\/semmelweis.hu\/sebeszet\/wp-json\/wp\/v2\/media?parent=893"}],"wp:term":[{"taxonomy":"category","embeddable":true,"href":"https:\/\/semmelweis.hu\/sebeszet\/wp-json\/wp\/v2\/categories?post=893"},{"taxonomy":"post_tag","embeddable":true,"href":"https:\/\/semmelweis.hu\/sebeszet\/wp-json\/wp\/v2\/tags?post=893"}],"curies":[{"name":"wp","href":"https:\/\/api.w.org\/{rel}","templated":true}]}}