{"id":8893,"date":"2024-10-03T12:49:13","date_gmt":"2024-10-03T10:49:13","guid":{"rendered":"https:\/\/semmelweis.hu\/sebeszet\/?page_id=8893"},"modified":"2025-02-26T10:49:09","modified_gmt":"2025-02-26T09:49:09","slug":"rektori-palyamunka-cimek","status":"publish","type":"page","link":"https:\/\/semmelweis.hu\/sebeszet\/oktatas\/szakdolgozat\/rektori-palyamunka-cimek\/","title":{"rendered":"Rektori p\u00e1lyamunka c\u00edmek"},"content":{"rendered":"<table style=\"width: 99.6001%\" width=\"708\">\n<tbody>\n<tr>\n<td style=\"width: 73.7342%;text-align: center\" width=\"417\"><span style=\"font-size: 18pt\"><strong>Rektori p\u00e1lyamunka c\u00edme<\/strong><\/span><\/td>\n<td style=\"width: 113.858%;text-align: center\" width=\"291\"><span style=\"font-size: 18pt\"><strong>T\u00e9mavezet\u0151 neve<\/strong><\/span><\/td>\n<\/tr>\n<tr>\n<td style=\"width: 73.7342%\" width=\"417\">Transzan\u00e1lis minim\u00e1l-invaz\u00edv seb\u00e9szeti beavatkoz\u00e1sok klinikai \u00e9rt\u00e9kekl\u00e9se korai malignus k\u00f3rk\u00e9pekben<\/td>\n<td style=\"width: 113.858%\" width=\"291\">Dr. B\u00e1nky Bal\u00e1zs, Dr. Lakatos L\u00f3r\u00e1nd<\/td>\n<\/tr>\n<tr>\n<td style=\"width: 73.7342%\" width=\"417\">A trimod\u00e1lis prehabilit\u00e1ci\u00f3 szerepe nagy kock\u00e1zat\u00fa, elekt\u00edv colorectalis m\u0171t\u00e9tek kock\u00e1zat\u00e1nak cs\u00f6kkent\u00e9s\u00e9re<\/td>\n<td style=\"width: 113.858%\" width=\"291\">Dr. B\u00e1nky Bal\u00e1zs, Dr. Lakatos L\u00f3r\u00e1nd<\/td>\n<\/tr>\n<tr>\n<td style=\"width: 73.7342%\" width=\"417\">Antitestmedi\u00e1lta rejekci\u00f3 korszer\u0171 diagnosztik\u00e1ja \u00e9s ter\u00e1pi\u00e1ja vesetranszplant\u00e1ci\u00f3t k\u00f6vet\u0151en<\/td>\n<td style=\"width: 113.858%\" width=\"291\">Dr. Cseprek\u00e1l Orsolya<\/td>\n<\/tr>\n<tr>\n<td style=\"width: 73.7342%\" width=\"417\">Hypertonia jellegzetess\u00e9gei, kezel\u00e9se transzplant\u00e1ci\u00f3t k\u00f6vet\u0151en<\/td>\n<td style=\"width: 113.858%\" width=\"291\">Dr. Cseprek\u00e1l Orsolya<\/td>\n<\/tr>\n<tr>\n<td style=\"width: 73.7342%\" width=\"417\">Mesters\u00e9ges intelligencia szerepe a vesetranszplant\u00e1ci\u00f3 hossz\u00fa t\u00e1v\u00fa kimenetel\u00e9nek el\u0151rejelz\u00e9s\u00e9ben<\/td>\n<td style=\"width: 113.858%\" width=\"291\">Dr. Cseprek\u00e1l Orsolya<\/td>\n<\/tr>\n<tr>\n<td style=\"width: 73.7342%\" width=\"417\">Polyomav\u00edrus nephritis a vesetranszplant\u00e1ci\u00f3t k\u00f6vet\u0151en<\/td>\n<td style=\"width: 113.858%\" width=\"291\">Dr. Cseprek\u00e1l Orsolya<\/td>\n<\/tr>\n<tr>\n<td style=\"width: 73.7342%\" width=\"417\">Az immunszuppressz\u00edv protokollok nefrotoxicit\u00e1sa &#8211; hol az \u00fat a kock\u00e1zat \u00e9s haszon k\u00f6z\u00f6tt<\/td>\n<td style=\"width: 113.858%\" width=\"291\">Dr. Cseprek\u00e1l Orsolya<\/td>\n<\/tr>\n<tr>\n<td style=\"width: 73.7342%\" width=\"417\">AB0 \u00e9s HLA inkompatibilis vese\u00e1t\u00fcltet\u00e9s \u00e9s keresztdon\u00e1ci\u00f3<\/td>\n<td style=\"width: 113.858%\" width=\"291\">Dr. Cseprek\u00e1l Orsolya<\/td>\n<\/tr>\n<tr>\n<td style=\"width: 73.7342%\" width=\"417\">Pszichoszoci\u00e1lis t\u00e9nyez\u0151k szerepe a vese\u00e1t\u00fcltet\u00e9s eredm\u00e9nyess\u00e9g\u00e9ben<\/td>\n<td style=\"width: 113.858%\" width=\"291\">Dr. Cseprek\u00e1l Orsolya<\/td>\n<\/tr>\n<tr>\n<td style=\"width: 73.7342%\" width=\"417\">A vese alapbetegs\u00e9g\u00e9nek recid\u00edv\u00e1ja vese\u00e1t\u00fcltet\u00e9s ut\u00e1n<\/td>\n<td style=\"width: 113.858%\" width=\"291\">Dr. Cseprek\u00e1l Orsolya<\/td>\n<\/tr>\n<tr>\n<td style=\"width: 73.7342%\" width=\"417\">A szerv\u00e1t\u00fcltet\u00e9s eg\u00e9szs\u00e9g gazdas\u00e1gi vonatkoz\u00e1sai<\/td>\n<td style=\"width: 113.858%\" width=\"291\">Dr. Cseprek\u00e1l Orsolya<\/td>\n<\/tr>\n<tr>\n<td style=\"width: 73.7342%\" width=\"417\">Klinikai d\u00f6nt\u00e9st\u00e1mogat\u00f3 rendszerek szerepe a hasi szolid szervtranszplant\u00e1ci\u00f3s v\u00e1r\u00f3lista \u00fczemeltet\u00e9s\u00e9ben<\/td>\n<td style=\"width: 113.858%\" width=\"291\">Dr. Cseprek\u00e1l Orsolya<\/td>\n<\/tr>\n<tr>\n<td style=\"width: 73.7342%\" width=\"417\">A tranz\u00edci\u00f3 jelent\u0151s\u00e9ge a gyermek vesetranszplant\u00e1ci\u00f3ban<\/td>\n<td style=\"width: 113.858%\" width=\"291\">Dr. Cseprek\u00e1l Orsolya<\/td>\n<\/tr>\n<tr>\n<td style=\"width: 73.7342%\" width=\"417\">Az \u00e9l\u0151donoros vese\u00e1t\u00fcltet\u00e9s egyes k\u00e9rd\u00e9sei a nefrol\u00f3gus szemsz\u00f6g\u00e9b\u0151l<\/td>\n<td style=\"width: 113.858%\" width=\"291\">Dr. Cseprek\u00e1l Orsolya<\/td>\n<\/tr>\n<tr>\n<td style=\"width: 73.7342%\" width=\"417\">A b\u00e9l mikrobiom \u00f6sszet\u00e9tel\u00e9nek \u00e9s hat\u00e1s\u00e1nak vizsg\u00e1lata bimod\u00e1lis prehabilit\u00e1ci\u00f3t k\u00f6vet\u0151en, colon anastomosis modellben<\/td>\n<td style=\"width: 113.858%\" width=\"291\">Dr. F\u00fcl\u00f6p Andr\u00e1s, Dr. L\u00e9vay Kl\u00e1ra<\/td>\n<\/tr>\n<tr>\n<td style=\"width: 73.7342%\" width=\"417\">Bimod\u00e1lis prehabilit\u00e1ci\u00f3 hat\u00e1s\u00e1nak vizsg\u00e1lata vastagb\u00e9l resectio kis\u00e1llat modellj\u00e9ben<\/td>\n<td style=\"width: 113.858%\" width=\"291\">Dr. F\u00fcl\u00f6p Andr\u00e1s, Dr. L\u00e9vay Kl\u00e1ra<\/td>\n<\/tr>\n<tr>\n<td style=\"width: 73.7342%\" width=\"417\">Bimodalis prehabilit\u00e1ci\u00f3 hat\u00e1sa a vastagb\u00e9l ny\u00e1lkah\u00e1rtya energiah\u00e1ztart\u00e1s\u00e1ra kis\u00e1llat modellben<\/td>\n<td style=\"width: 113.858%\" width=\"291\">Dr. F\u00fcl\u00f6p Andr\u00e1s, Dr. L\u00e9vay Kl\u00e1ra<\/td>\n<\/tr>\n<tr>\n<td style=\"width: 73.7342%\" width=\"417\">Az akut seb\u00e9szeti betegek mortalit\u00e1s\u00e1t \u00e9s morbidit\u00e1s\u00e1t meghat\u00e1roz\u00f3 intenz\u00edv oszt\u00e1lyos predikt\u00edv faktorok<\/td>\n<td style=\"width: 113.858%\" width=\"291\">Dr. Keczer B\u00e1nk, Dr. Sz\u00e9ll J\u00e1nos, Prof. Dr. Darvas Katalin<\/td>\n<\/tr>\n<tr>\n<td style=\"width: 73.7342%\" width=\"417\">A perioperat\u00edv kardi\u00e1lis elt\u00e9r\u00e9sek szerepe a k\u00f6zepes \u00e9s magas kardi\u00e1lis rizik\u00f3j\u00fa betegek \u00e1ltal\u00e1nos seb\u00e9szeti ell\u00e1t\u00e1s\u00e1ban \u00e9s kimenetel\u00e9ben<\/td>\n<td style=\"width: 113.858%\" width=\"291\">Dr. Keczer B\u00e1nk, Dr. Sz\u00e9ll J\u00e1nos, Prof. Dr. Darvas Katalin<\/td>\n<\/tr>\n<tr>\n<td style=\"width: 73.7342%\" width=\"417\">A t\u00e1pl\u00e1lts\u00e1gi t\u00e9nyez\u0151k predikt\u00edv \u00e9rt\u00e9kei az intenz\u00edv oszt\u00e1lyos ell\u00e1t\u00e1st ig\u00e9nyl\u0151 vs. nem ig\u00e9nyl\u0151 betegek ell\u00e1t\u00e1s\u00e1ban<\/td>\n<td style=\"width: 113.858%\" width=\"291\">Dr. Keczer B\u00e1nk, Dr. Sz\u00e9ll J\u00e1nos, Prof. Dr. Darvas Katalin<\/td>\n<\/tr>\n<tr>\n<td style=\"width: 73.7342%\" width=\"417\">Kock\u00e1zatbecsl\u0151 pontrendszerek fels\u0151 t\u00e1pcsatornai nem varix eredet\u0171 v\u00e9rz\u00e9sekben<\/td>\n<td style=\"width: 113.858%\" width=\"291\">Dr. Patai \u00c1rp\u00e1d<\/td>\n<\/tr>\n<tr>\n<td style=\"width: 73.7342%\" width=\"417\">Kock\u00e1zatbecsl\u0151 pontrendszerek fels\u0151 t\u00e1pcsatornai varix eredet\u0171 v\u00e9rz\u00e9sekben<\/td>\n<td style=\"width: 113.858%\" width=\"291\">Dr. Patai \u00c1rp\u00e1d<\/td>\n<\/tr>\n<tr>\n<td style=\"width: 73.7342%\" width=\"417\">Egynapos seb\u00e9szeti aneszt\u00e9zia<\/td>\n<td style=\"width: 113.858%\" width=\"291\">Dr. Sz\u00e9ll J\u00e1nos, Dr. F\u00f6ldes No\u00e9mi, Dr. Lazri Szelma, Dr. Darvas Katalin<\/td>\n<\/tr>\n<tr>\n<td style=\"width: 73.7342%\" width=\"417\">Szed\u00e1l\u00e1s, delirium kezel\u00e9se, profilaxisa az intenz\u00edv oszt\u00e1lyon<\/td>\n<td style=\"width: 113.858%\" width=\"291\">Dr. Sz\u00e9ll J\u00e1nos, Dr. Karsai D\u00f3ra, Dr. Darvas Katalin<\/td>\n<\/tr>\n<tr>\n<td style=\"width: 73.7342%\" width=\"417\">T\u00e1pl\u00e1l\u00e1si szempontok, t\u00e1pl\u00e1lts\u00e1gi \u00e1llapot meg\u00edt\u00e9l\u00e9se \u00e9s optimaliz\u00e1l\u00e1sa a perioperat\u00edv id\u0151szakban<\/td>\n<td style=\"width: 113.858%\" width=\"291\">Dr. Sz\u00e9ll J\u00e1nos, Dr. Korompay Anna, Dr. Horv\u00e1th Alexandra<\/td>\n<\/tr>\n<tr>\n<td style=\"width: 73.7342%\" width=\"417\">Intraoperativ \u00e9brenl\u00e9t jelent\u0151s\u00e9ge, megel\u0151z\u00e9s\u00e9nek lehet\u0151s\u00e9gei, ut\u00e1nk\u00f6vet\u00e9se<\/td>\n<td style=\"width: 113.858%\" width=\"291\">Dr. Sz\u00e9ll J\u00e1nos, Dr. Lazri Szelma<\/td>\n<\/tr>\n<tr>\n<td style=\"width: 73.7342%\" width=\"417\">Fizikai prehabilitatio hat\u00e1sa m\u00e1jregeneratiora partialis hepatectomiat k\u00f6vet\u0151en kis\u00e1llat modellben<\/td>\n<td style=\"width: 113.858%\" width=\"291\">Dr. Szij\u00e1rt\u00f3 Attila, Dr. L\u00e9vay Kl\u00e1ra<\/td>\n<\/tr>\n<tr>\n<td style=\"width: 73.7342%\" width=\"417\">Integrat\u00edv medicina szerepe a perioperat\u00edv ell\u00e1t\u00e1sban<\/td>\n<td style=\"width: 113.858%\" width=\"291\">Dr. Sz\u0171cs Orsolya, Dr. Darvas Katalin\u00a0<\/td>\n<\/tr>\n<tr>\n<td style=\"width: 73.7342%\" width=\"417\">Posztoperat\u00edv f\u00e1jdalomcsillap\u00edt\u00e1s<\/td>\n<td style=\"width: 113.858%\" width=\"291\">Dr. Sz\u0171cs Orsolya, Dr. T\u00f3th Krisztina, Dr. Darvas Katalin<\/td>\n<\/tr>\n<\/tbody>\n<\/table>\n","protected":false},"excerpt":{"rendered":"<p>Rektori p\u00e1lyamunka c\u00edme T\u00e9mavezet\u0151 neve Transzan\u00e1lis minim\u00e1l-invaz\u00edv seb\u00e9szeti beavatkoz\u00e1sok klinikai \u00e9rt\u00e9kekl\u00e9se korai malignus k\u00f3rk\u00e9pekben Dr. B\u00e1nky Bal\u00e1zs, Dr. Lakatos L\u00f3r\u00e1nd A trimod\u00e1lis prehabilit\u00e1ci\u00f3 szerepe nagy kock\u00e1zat\u00fa, elekt\u00edv colorectalis m\u0171t\u00e9tek kock\u00e1zat\u00e1nak cs\u00f6kkent\u00e9s\u00e9re Dr. B\u00e1nky Bal\u00e1zs, Dr. Lakatos L\u00f3r\u00e1nd Antitestmedi\u00e1lta rejekci\u00f3 korszer\u0171 diagnosztik\u00e1ja \u00e9s ter\u00e1pi\u00e1ja vesetranszplant\u00e1ci\u00f3t k\u00f6vet\u0151en Dr. Cseprek\u00e1l Orsolya Hypertonia jellegzetess\u00e9gei, kezel\u00e9se transzplant\u00e1ci\u00f3t k\u00f6vet\u0151en Dr. Cseprek\u00e1l &hellip;<\/p>\n","protected":false},"author":102261,"featured_media":0,"parent":5996,"menu_order":4,"comment_status":"closed","ping_status":"closed","template":"template-fullwidth.php","meta":{"_acf_changed":false,"footnotes":""},"categories":[],"tags":[],"class_list":["post-8893","page","type-page","status-publish","hentry"],"acf":[],"_links":{"self":[{"href":"https:\/\/semmelweis.hu\/sebeszet\/wp-json\/wp\/v2\/pages\/8893","targetHints":{"allow":["GET"]}}],"collection":[{"href":"https:\/\/semmelweis.hu\/sebeszet\/wp-json\/wp\/v2\/pages"}],"about":[{"href":"https:\/\/semmelweis.hu\/sebeszet\/wp-json\/wp\/v2\/types\/page"}],"author":[{"embeddable":true,"href":"https:\/\/semmelweis.hu\/sebeszet\/wp-json\/wp\/v2\/users\/102261"}],"replies":[{"embeddable":true,"href":"https:\/\/semmelweis.hu\/sebeszet\/wp-json\/wp\/v2\/comments?post=8893"}],"version-history":[{"count":5,"href":"https:\/\/semmelweis.hu\/sebeszet\/wp-json\/wp\/v2\/pages\/8893\/revisions"}],"predecessor-version":[{"id":9097,"href":"https:\/\/semmelweis.hu\/sebeszet\/wp-json\/wp\/v2\/pages\/8893\/revisions\/9097"}],"up":[{"embeddable":true,"href":"https:\/\/semmelweis.hu\/sebeszet\/wp-json\/wp\/v2\/pages\/5996"}],"wp:attachment":[{"href":"https:\/\/semmelweis.hu\/sebeszet\/wp-json\/wp\/v2\/media?parent=8893"}],"wp:term":[{"taxonomy":"category","embeddable":true,"href":"https:\/\/semmelweis.hu\/sebeszet\/wp-json\/wp\/v2\/categories?post=8893"},{"taxonomy":"post_tag","embeddable":true,"href":"https:\/\/semmelweis.hu\/sebeszet\/wp-json\/wp\/v2\/tags?post=8893"}],"curies":[{"name":"wp","href":"https:\/\/api.w.org\/{rel}","templated":true}]}}