{"id":884,"date":"2015-09-26T16:29:11","date_gmt":"2015-09-26T14:29:11","guid":{"rendered":"http:\/\/semmelweis.hu\/sebeszet1\/?page_id=884"},"modified":"2021-01-13T13:26:15","modified_gmt":"2021-01-13T12:26:15","slug":"proctologia","status":"publish","type":"page","link":"https:\/\/semmelweis.hu\/sebeszet\/betegellatas\/sebeszet-2\/sebeszeti-jarobeteg-ellatas\/proctologia\/","title":{"rendered":"Proctol\u00f3gia"},"content":{"rendered":"<p><span style=\"font-weight: 400\"><strong>El\u0151zetes id\u0151pont k\u00e9r\u00e9se<\/strong> a k\u00f6vetkez\u0151 sz\u00e1mon lehets\u00e9ges minden h\u00e9tk\u00f6znap 8:00-14:30 k\u00f6z\u00f6tt: +36 20 825 9090<\/span><\/p>\n<p><strong>Rendel\u00e9si id\u0151pont:<\/strong><span style=\"font-weight: 400\"> h\u00e9tf\u0151 8:30-14:30<\/span><\/p>\n<p><strong>Munkat\u00e1rsak:<\/strong><\/p>\n<p><a href=\"https:\/\/semmelweis.hu\/telefonkonyv\/?act=mt&amp;inst_id=56&amp;emp_id=9192\"><span style=\"font-weight: 400\">Dr. Ferreira G\u00e1bor<\/span><\/a><br \/>\n<span style=\"font-weight: 400\">helysz\u00edn: alagsor<\/span><\/p>\n<p><a href=\"https:\/\/semmelweis.hu\/telefonkonyv\/?act=mt&amp;inst_id=56&amp;emp_id=9199\"><span style=\"font-weight: 400\">Dr. \u00d3nody P\u00e9ter<\/span><\/a><br \/>\n<span style=\"font-weight: 400\">helysz\u00edn: alagsor<\/span><\/p>\n<p><a href=\"https:\/\/semmelweis.hu\/telefonkonyv\/?act=mt&amp;inst_id=56&amp;emp_id=3666\"><span style=\"font-weight: 400\">Dr. Weltner J\u00e1nos<\/span><\/a><br \/>\n<span style=\"font-weight: 400\">helysz\u00edn: alagsor<\/span><\/p>\n","protected":false},"excerpt":{"rendered":"<p>El\u0151zetes id\u0151pont k\u00e9r\u00e9se a k\u00f6vetkez\u0151 sz\u00e1mon lehets\u00e9ges minden h\u00e9tk\u00f6znap 8:00-14:30 k\u00f6z\u00f6tt: +36 20 825 9090<br \/>\nRendel\u00e9si id\u0151pont: h\u00e9tf\u0151 8:30-14:30<br \/>\nMunkat\u00e1rsak:<br \/>\n<a href=\"https:\/\/semmelweis.hu\/telefonkonyv\/?act=mt&amp;inst_id=56&amp;emp_id=9192\">Dr. Ferreira G\u00e1bor<\/a><br \/>\nhelysz\u00edn: alagsor<br \/>\n<a href=\"https:\/\/semmelweis.hu\/telefonkonyv\/?act=mt&amp;inst_id=56&amp;emp_id=9199\">Dr. \u00d3nody P\u00e9ter<\/a><br \/>\nhelysz\u00edn: alagsor<br \/>\n<a href=\"https:\/\/semmelweis.hu\/telefonkonyv\/?act=mt&amp;inst_id=56&amp;emp_id=3666\">Dr. Weltner J\u00e1nos<\/a><br \/>\nhelysz\u00edn: alagsor<\/p>\n","protected":false},"author":101022,"featured_media":0,"parent":640,"menu_order":5,"comment_status":"closed","ping_status":"closed","template":"","meta":{"_acf_changed":false,"footnotes":""},"categories":[],"tags":[],"class_list":["post-884","page","type-page","status-publish","hentry"],"acf":[],"_links":{"self":[{"href":"https:\/\/semmelweis.hu\/sebeszet\/wp-json\/wp\/v2\/pages\/884","targetHints":{"allow":["GET"]}}],"collection":[{"href":"https:\/\/semmelweis.hu\/sebeszet\/wp-json\/wp\/v2\/pages"}],"about":[{"href":"https:\/\/semmelweis.hu\/sebeszet\/wp-json\/wp\/v2\/types\/page"}],"author":[{"embeddable":true,"href":"https:\/\/semmelweis.hu\/sebeszet\/wp-json\/wp\/v2\/users\/101022"}],"replies":[{"embeddable":true,"href":"https:\/\/semmelweis.hu\/sebeszet\/wp-json\/wp\/v2\/comments?post=884"}],"version-history":[{"count":11,"href":"https:\/\/semmelweis.hu\/sebeszet\/wp-json\/wp\/v2\/pages\/884\/revisions"}],"predecessor-version":[{"id":7266,"href":"https:\/\/semmelweis.hu\/sebeszet\/wp-json\/wp\/v2\/pages\/884\/revisions\/7266"}],"up":[{"embeddable":true,"href":"https:\/\/semmelweis.hu\/sebeszet\/wp-json\/wp\/v2\/pages\/640"}],"wp:attachment":[{"href":"https:\/\/semmelweis.hu\/sebeszet\/wp-json\/wp\/v2\/media?parent=884"}],"wp:term":[{"taxonomy":"category","embeddable":true,"href":"https:\/\/semmelweis.hu\/sebeszet\/wp-json\/wp\/v2\/categories?post=884"},{"taxonomy":"post_tag","embeddable":true,"href":"https:\/\/semmelweis.hu\/sebeszet\/wp-json\/wp\/v2\/tags?post=884"}],"curies":[{"name":"wp","href":"https:\/\/api.w.org\/{rel}","templated":true}]}}