{"id":8639,"date":"2024-05-15T14:13:07","date_gmt":"2024-05-15T12:13:07","guid":{"rendered":"https:\/\/semmelweis.hu\/sebeszet\/?page_id=8639"},"modified":"2024-05-15T14:13:07","modified_gmt":"2024-05-15T12:13:07","slug":"betegdokumentacio-masolat-kikerese-2","status":"publish","type":"page","link":"https:\/\/semmelweis.hu\/sebeszet\/betegellatas\/betegdokumentacio-masolat-kikerese-2\/","title":{"rendered":"Betegdokument\u00e1ci\u00f3 m\u00e1solat kik\u00e9r\u00e9se"},"content":{"rendered":"<h3 style=\"text-align: center\"><strong>T\u00c1J\u00c9KOZTAT\u00d3 EG\u00c9SZS\u00c9G\u00dcGYI DOKUMENT\u00c1CI\u00d3 M\u00c1SOLAT\u00c1NAK KIAD\u00c1S\u00c1R\u00d3L<\/strong><\/h3>\n<p>&nbsp;<\/p>\n<p><strong>Tisztelt Adatig\u00e9nyl\u0151k!<\/strong><\/p>\n<p style=\"text-align: justify\"><strong>T\u00e1j\u00e9koztatjuk \u00d6n\u00f6ket, hogy 2024. m\u00e1rcius 1-t\u0151l v\u00e1ltozik a betegdokument\u00e1ci\u00f3 kik\u00e9r\u00e9s\u00e9nek rendje. <\/strong><\/p>\n<p style=\"text-align: justify\"><strong>A kik\u00e9r\u00e9s folyamat\u00e1r\u00f3l a Semmelweis Egyetem Jogi \u00e9s Igazgat\u00e1si F\u0151igazgat\u00f3s\u00e1g honlapj\u00e1n t\u00e1j\u00e9koz\u00f3dhatnak az al\u00e1bbi linkre kattintva:<\/strong><\/p>\n<blockquote class=\"wp-embedded-content\" data-secret=\"EDM4tOLWmw\"><p><a href=\"https:\/\/semmelweis.hu\/jogigfoig\/betegdokumentacio-kikeres\/\">Betegdokument\u00e1ci\u00f3 kik\u00e9r\u00e9s<\/a><\/p><\/blockquote>\n<p><iframe loading=\"lazy\" class=\"wp-embedded-content\" sandbox=\"allow-scripts\" security=\"restricted\" style=\"position: absolute; clip: rect(1px, 1px, 1px, 1px);\" title=\"&#8220;Betegdokument\u00e1ci\u00f3 kik\u00e9r\u00e9s&#8221; &#8212; Jogi \u00e9s Igazgat\u00e1si F\u0151igazgat\u00f3s\u00e1g\" src=\"https:\/\/semmelweis.hu\/jogigfoig\/betegdokumentacio-kikeres\/embed\/#?secret=Ma7bNRhGN4#?secret=EDM4tOLWmw\" data-secret=\"EDM4tOLWmw\" width=\"600\" height=\"338\" frameborder=\"0\" marginwidth=\"0\" marginheight=\"0\" scrolling=\"no\"><\/iframe><\/p>\n","protected":false},"excerpt":{"rendered":"<p>T\u00c1J\u00c9KOZTAT\u00d3 EG\u00c9SZS\u00c9G\u00dcGYI DOKUMENT\u00c1CI\u00d3 M\u00c1SOLAT\u00c1NAK KIAD\u00c1S\u00c1R\u00d3L<br \/>\n&nbsp;<br \/>\nTisztelt Adatig\u00e9nyl\u0151k!<br \/>\nT\u00e1j\u00e9koztatjuk \u00d6n\u00f6ket, hogy 2024. m\u00e1rcius 1-t\u0151l v\u00e1ltozik a betegdokument\u00e1ci\u00f3 kik\u00e9r\u00e9s\u00e9nek rendje.<br \/>\nA kik\u00e9r\u00e9s folyamat\u00e1r\u00f3l a Semmelweis Egyetem Jogi \u00e9s Igazgat\u00e1si F\u0151igazgat\u00f3s\u00e1g honlapj\u00e1n t\u00e1j\u00e9koz\u00f3dhatnak az al\u00e1bbi linkre kattintva:<br \/>\n<a href=\"https:\/\/semmelweis.hu\/jogigfoig\/betegdokumentacio-kikeres\/\">Betegdokument\u00e1ci\u00f3 kik\u00e9r\u00e9s<\/a><\/p>\n","protected":false},"author":102261,"featured_media":0,"parent":77,"menu_order":4,"comment_status":"closed","ping_status":"closed","template":"template-fullwidth.php","meta":{"_acf_changed":false,"footnotes":""},"categories":[],"tags":[],"class_list":["post-8639","page","type-page","status-publish","hentry"],"acf":[],"_links":{"self":[{"href":"https:\/\/semmelweis.hu\/sebeszet\/wp-json\/wp\/v2\/pages\/8639","targetHints":{"allow":["GET"]}}],"collection":[{"href":"https:\/\/semmelweis.hu\/sebeszet\/wp-json\/wp\/v2\/pages"}],"about":[{"href":"https:\/\/semmelweis.hu\/sebeszet\/wp-json\/wp\/v2\/types\/page"}],"author":[{"embeddable":true,"href":"https:\/\/semmelweis.hu\/sebeszet\/wp-json\/wp\/v2\/users\/102261"}],"replies":[{"embeddable":true,"href":"https:\/\/semmelweis.hu\/sebeszet\/wp-json\/wp\/v2\/comments?post=8639"}],"version-history":[{"count":2,"href":"https:\/\/semmelweis.hu\/sebeszet\/wp-json\/wp\/v2\/pages\/8639\/revisions"}],"predecessor-version":[{"id":8641,"href":"https:\/\/semmelweis.hu\/sebeszet\/wp-json\/wp\/v2\/pages\/8639\/revisions\/8641"}],"up":[{"embeddable":true,"href":"https:\/\/semmelweis.hu\/sebeszet\/wp-json\/wp\/v2\/pages\/77"}],"wp:attachment":[{"href":"https:\/\/semmelweis.hu\/sebeszet\/wp-json\/wp\/v2\/media?parent=8639"}],"wp:term":[{"taxonomy":"category","embeddable":true,"href":"https:\/\/semmelweis.hu\/sebeszet\/wp-json\/wp\/v2\/categories?post=8639"},{"taxonomy":"post_tag","embeddable":true,"href":"https:\/\/semmelweis.hu\/sebeszet\/wp-json\/wp\/v2\/tags?post=8639"}],"curies":[{"name":"wp","href":"https:\/\/api.w.org\/{rel}","templated":true}]}}