{"id":8563,"date":"2024-03-19T11:41:13","date_gmt":"2024-03-19T10:41:13","guid":{"rendered":"https:\/\/semmelweis.hu\/sebeszet\/?page_id=8563"},"modified":"2024-09-30T10:21:02","modified_gmt":"2024-09-30T08:21:02","slug":"nemzetkozi-kapcsolatok-tanulmanyutak","status":"publish","type":"page","link":"https:\/\/semmelweis.hu\/sebeszet\/oktatas\/nemzetkozi-kapcsolatok-tanulmanyutak\/","title":{"rendered":"Nemzetk\u00f6zi kapcsolatok, tanulm\u00e1nyutak"},"content":{"rendered":"<p style=\"text-align: center\"><span style=\"font-size: 24pt\"><strong>Nemzetk\u00f6zi kapcsolatok, tanulm\u00e1nyutak<\/strong><\/span><\/p>\n<table style=\"width: 99.0924%\" width=\"1146\">\n<tbody>\n<tr>\n<td style=\"width: 17.5285%\" width=\"206\">N\u00e9v<\/td>\n<td style=\"width: 19.0184%\" width=\"223\">Helysz\u00edn<\/td>\n<td style=\"width: 21.1218%\" width=\"176\">Id\u0151<\/td>\n<td style=\"width: 17.8068%\" width=\"201\">Mentor<\/td>\n<td style=\"width: 43.515%\" width=\"340\">Tanulm\u00e1ny<\/td>\n<\/tr>\n<tr>\n<td style=\"width: 17.5285%\" width=\"206\">Dr. Pekli Damj\u00e1n<\/td>\n<td style=\"width: 19.0184%\" width=\"223\">N\u00e9metorsz\u00e1g, Hamburg- Asklepios Klinik Barmbek, Department f\u00fcr Chirurgie<\/td>\n<td style=\"width: 21.1218%\" width=\"176\">2017.05.01.- 2017.10.31.<\/td>\n<td style=\"width: 17.8068%\" width=\"201\">Prof. Dr. med. Karl J. Oldhafer<\/td>\n<td style=\"width: 43.515%\" width=\"340\">Colon\/m\u00e1jseb\u00e9szeti elj\u00e1r\u00e1sok<\/td>\n<\/tr>\n<tr>\n<td style=\"width: 17.5285%\" width=\"206\">Dr. Vass Tam\u00e1s<\/td>\n<td style=\"width: 19.0184%\" width=\"223\">Jap\u00e1n, Tokyo- Saitama Medical University<\/td>\n<td style=\"width: 21.1218%\" width=\"176\">2023.03.01.- 2023.05.26.\u00a0<\/td>\n<td style=\"width: 17.8068%\" width=\"201\">\u00a0<\/td>\n<td style=\"width: 43.515%\" width=\"340\">Robotseb\u00e9szeti- \u00e9s minim\u00e1lisan invaz\u00edv seb\u00e9szeti elj\u00e1r\u00e1sok fels\u0151 t\u00e1pcsatornai tumoros betegs\u00e9gek seb\u00e9szi kezel\u00e9s\u00e9ben, k\u00fcl\u00f6n\u00f6s tekintettel a region\u00e1lis nyirokcsom\u00f3 dissekci\u00f3ra<\/td>\n<\/tr>\n<tr>\n<td style=\"width: 17.5285%\" width=\"206\">Dr. Bennemann Stephan<\/td>\n<td style=\"width: 19.0184%\" width=\"223\">N\u00e9metorsz\u00e1g, Hamburg- Asklepios Klinik Barmbek, Department f\u00fcr Chirurgie<\/td>\n<td style=\"width: 21.1218%\" width=\"176\">2023.09.01.- 2024.08.31.<\/td>\n<td style=\"width: 17.8068%\" width=\"201\">Prof. Dr. med. Karl J. Oldhafer<\/td>\n<td style=\"width: 43.515%\" width=\"340\">Onkol\u00f3giai beteg komplex ell\u00e1t\u00e1si k\u00e9pz\u00e9se<\/td>\n<\/tr>\n<tr>\n<td style=\"width: 17.5285%\" width=\"206\">Dr. Huszty Gergely<\/td>\n<td style=\"width: 19.0184%\" width=\"223\">Olaszorsz\u00e1g, Padova-Univerita degli Studi di Padova, U.O.C. Chirurgia Epatobiliare e Centro Trapianti di Fegato Liver Transplant and Hepatobiliary Surgery Center<\/td>\n<td style=\"width: 21.1218%\" width=\"176\">2023.10.01.-2023.10.31.<\/td>\n<td style=\"width: 17.8068%\" width=\"201\">Prof. Dr. med. Umberto Cillo<\/td>\n<td style=\"width: 43.515%\" width=\"340\">Komplex hepatobiliaris \u00e9s m\u00e1jtranszplant\u00e1ci\u00f3s k\u00e9pz\u00e9s<\/td>\n<\/tr>\n<tr>\n<td style=\"width: 17.5285%\" width=\"206\">Dr. F\u00fcl\u00f6p Andr\u00e1s<\/td>\n<td style=\"width: 19.0184%\" width=\"223\">Anglia, Portsmouth- Queen Alexandra Hospital, Department of Colorectal Surgery<\/td>\n<td style=\"width: 21.1218%\" width=\"176\">2023.10.30.-2023.12.01.<\/td>\n<td style=\"width: 17.8068%\" width=\"201\">Prof. Dr. med. Jim Kahn<\/td>\n<td style=\"width: 43.515%\" width=\"340\">Robotseb\u00e9szeti- \u00e9s minim\u00e1lisan invaz\u00edv seb\u00e9szeti elj\u00e1r\u00e1sok colorect\u00e1l betegs\u00e9gek seb\u00e9szi kezel\u00e9s\u00e9ben<\/td>\n<\/tr>\n<tr>\n<td style=\"width: 17.5285%\" width=\"206\">Dr. Cseprek\u00e1l Orsolya<\/td>\n<td style=\"width: 19.0184%\" width=\"223\">Franciaorsz\u00e1g, P\u00e1rizs- Univerit\u00e9 Paris Saclay, Division of Nephrology Ambroise Par\u00e9 Hospital AP-HP<\/td>\n<td style=\"width: 21.1218%\" width=\"176\">2023. 11.01.- 2024. 11.01.<\/td>\n<td style=\"width: 17.8068%\" width=\"201\">\u00a0<\/td>\n<td style=\"width: 43.515%\" width=\"340\">Transzplant\u00e1ci\u00f3s epidemiol\u00f3gia. Klinikai inform\u00e1ci\u00f3s adatb\u00e1zisok, nemzeti regiszterek fel\u00e9p\u00edt\u00e9se, m\u0171k\u00f6d\u00e9se \u00e9s kezel\u00e9se. Kr\u00f3nikus vesebeteg \u00e9s vesetranszplant\u00e1lt betegpopul\u00e1ci\u00f3 kardiovaszkul\u00e1ris morbidit\u00e1s \u00e9s mortalit\u00e1s el\u0151rejelz\u00e9s\u00e9ben. Mesters\u00e9ges intelligencia<\/td>\n<\/tr>\n<tr>\n<td style=\"width: 17.5285%\">Dr. B\u00e1nky Bal\u00e1zs<\/td>\n<td style=\"width: 19.0184%\" width=\"223\">Egyes\u00fclt Kir\u00e1lys\u00e1g, Portsmouth-Queen Alexandra Hospital, Department of Colorectal Surgery<\/td>\n<td style=\"width: 21.1218%\">2024.02.01.-2024.02.28.<\/td>\n<td style=\"width: 17.8068%\">Prof. Dr. med. Jim Kahn<\/td>\n<td style=\"width: 43.515%\" width=\"340\">Robotseb\u00e9szeti- \u00e9s minim\u00e1lisan invaz\u00edv seb\u00e9szeti elj\u00e1r\u00e1sok colorect\u00e1l betegs\u00e9gek seb\u00e9szi kezel\u00e9s\u00e9ben<\/td>\n<\/tr>\n<tr>\n<td style=\"width: 17.5285%\">Dr. Lakatos L\u00f3r\u00e1nd<\/td>\n<td style=\"width: 19.0184%\" width=\"223\">Gibraltar, St. Bernard&#8217;s Hospital, Department of Surgery<\/td>\n<td style=\"width: 21.1218%\">2024.02.15.-2024.08.15.<\/td>\n<td style=\"width: 17.8068%\">\u00a0<\/td>\n<td style=\"width: 43.515%\" width=\"340\">Brit eg\u00e9szs\u00e9g\u00fcgyi rendszeren alapul\u00f3 ell\u00e1t\u00e1s saj\u00e1toss\u00e1gainak megismer\u00e9se<\/td>\n<\/tr>\n<tr>\n<td style=\"width: 17.5285%\">Dr. Lengyel B\u00f3ra Blanka<\/td>\n<td style=\"width: 19.0184%\" width=\"223\">Gibraltar, St. Bernard&#8217;s Hospital, Department of Surgery<\/td>\n<td style=\"width: 21.1218%\">2024.08.15.-2025.02.15.<\/td>\n<td style=\"width: 17.8068%\">\u00a0<\/td>\n<td style=\"width: 43.515%\" width=\"340\">Brit eg\u00e9szs\u00e9g\u00fcgyi rendszeren alapul\u00f3 ell\u00e1t\u00e1s saj\u00e1toss\u00e1gainak megismer\u00e9se<\/td>\n<\/tr>\n<\/tbody>\n<\/table>\n<p>&nbsp;<\/p>\n","protected":false},"excerpt":{"rendered":"<p>Nemzetk\u00f6zi kapcsolatok, tanulm\u00e1nyutak N\u00e9v Helysz\u00edn Id\u0151 Mentor Tanulm\u00e1ny Dr. Pekli Damj\u00e1n N\u00e9metorsz\u00e1g, Hamburg- Asklepios Klinik Barmbek, Department f\u00fcr Chirurgie 2017.05.01.- 2017.10.31. Prof. Dr. med. Karl J. Oldhafer Colon\/m\u00e1jseb\u00e9szeti elj\u00e1r\u00e1sok Dr. Vass Tam\u00e1s Jap\u00e1n, Tokyo- Saitama Medical University 2023.03.01.- 2023.05.26.\u00a0 \u00a0 Robotseb\u00e9szeti- \u00e9s minim\u00e1lisan invaz\u00edv seb\u00e9szeti elj\u00e1r\u00e1sok fels\u0151 t\u00e1pcsatornai tumoros betegs\u00e9gek seb\u00e9szi kezel\u00e9s\u00e9ben, k\u00fcl\u00f6n\u00f6s tekintettel a &hellip;<\/p>\n","protected":false},"author":102261,"featured_media":0,"parent":5968,"menu_order":0,"comment_status":"closed","ping_status":"closed","template":"template-fullwidth.php","meta":{"_acf_changed":false,"footnotes":""},"categories":[],"tags":[],"class_list":["post-8563","page","type-page","status-publish","hentry"],"acf":[],"_links":{"self":[{"href":"https:\/\/semmelweis.hu\/sebeszet\/wp-json\/wp\/v2\/pages\/8563","targetHints":{"allow":["GET"]}}],"collection":[{"href":"https:\/\/semmelweis.hu\/sebeszet\/wp-json\/wp\/v2\/pages"}],"about":[{"href":"https:\/\/semmelweis.hu\/sebeszet\/wp-json\/wp\/v2\/types\/page"}],"author":[{"embeddable":true,"href":"https:\/\/semmelweis.hu\/sebeszet\/wp-json\/wp\/v2\/users\/102261"}],"replies":[{"embeddable":true,"href":"https:\/\/semmelweis.hu\/sebeszet\/wp-json\/wp\/v2\/comments?post=8563"}],"version-history":[{"count":10,"href":"https:\/\/semmelweis.hu\/sebeszet\/wp-json\/wp\/v2\/pages\/8563\/revisions"}],"predecessor-version":[{"id":8846,"href":"https:\/\/semmelweis.hu\/sebeszet\/wp-json\/wp\/v2\/pages\/8563\/revisions\/8846"}],"up":[{"embeddable":true,"href":"https:\/\/semmelweis.hu\/sebeszet\/wp-json\/wp\/v2\/pages\/5968"}],"wp:attachment":[{"href":"https:\/\/semmelweis.hu\/sebeszet\/wp-json\/wp\/v2\/media?parent=8563"}],"wp:term":[{"taxonomy":"category","embeddable":true,"href":"https:\/\/semmelweis.hu\/sebeszet\/wp-json\/wp\/v2\/categories?post=8563"},{"taxonomy":"post_tag","embeddable":true,"href":"https:\/\/semmelweis.hu\/sebeszet\/wp-json\/wp\/v2\/tags?post=8563"}],"curies":[{"name":"wp","href":"https:\/\/api.w.org\/{rel}","templated":true}]}}