{"id":8464,"date":"2024-01-09T13:47:22","date_gmt":"2024-01-09T12:47:22","guid":{"rendered":"https:\/\/semmelweis.hu\/sebeszet\/?page_id=8464"},"modified":"2024-01-09T13:48:33","modified_gmt":"2024-01-09T12:48:33","slug":"pszichologiai-muteti-felkeszites","status":"publish","type":"page","link":"https:\/\/semmelweis.hu\/sebeszet\/betegellatas\/klinikai-szakpszichologiai-konzultacio\/pszichologiai-muteti-felkeszites\/","title":{"rendered":"Pszichol\u00f3giai m\u0171t\u00e9ti felk\u00e9sz\u00edt\u00e9s"},"content":{"rendered":"<p style=\"text-align: center\"><strong>PSZICHOL\u00d3GIAI M\u0170T\u00c9TI FELK\u00c9SZ\u00cdT\u00c9S<\/strong><\/p>\n<p>&nbsp;<\/p>\n<p style=\"text-align: justify\">A pszichol\u00f3giai felk\u00e9sz\u00edt\u00e9s <strong>c\u00e9lja,<\/strong> hogy a betegs\u00e9ggel, m\u0171t\u00e9ttel j\u00e1r\u00f3 \u00e9lethelyzettel \u00e9s az ebb\u0151l fakad\u00f3 \u00e9rz\u00e9sekkel, neh\u00e9zs\u00e9gekkel val\u00f3 megk\u00fczd\u00e9sben t\u00e1mogat\u00e1st ny\u00fajtsunk. \u00c1tfog\u00f3 ir\u00e1nymutat\u00e1st k\u00edv\u00e1nunk adni, amellyel a szem\u00e9lyes er\u0151forr\u00e1sok mozg\u00f3s\u00edt\u00e1s\u00e1hoz, a megk\u00fczd\u00e9s n\u00f6vel\u00e9s\u00e9hez szeretn\u00e9nk hozz\u00e1j\u00e1rulni, ezzel \u00d6nt t\u00e1mogatni a m\u0171t\u00e9ti siker el\u00e9r\u00e9s\u00e9ben. Minderre az\u00e9rt fektet\u00fcnk hangs\u00falyt, mert egyre t\u00f6bb adat t\u00e1masztja al\u00e1 azt, hogy az orvosi oldal mellett a m\u0171t\u00e9t k\u00f6r\u00fcli id\u0151szakban alkalmazott pszichol\u00f3giai intervenci\u00f3knak szerepe van a jobb progn\u00f3zis el\u00e9r\u00e9s\u00e9ben. P\u00e9ld\u00e1ul ma m\u00e1r evidencia, hogy a betegek szorong\u00e1sszintj\u00e9nek cs\u00f6kkent\u00e9se a m\u0171t\u00e9tet megel\u0151z\u0151en hat\u00e1sos m\u00f3dja a posztoperat\u00edv f\u00e1jdalomkezel\u00e9snek.<\/p>\n<p style=\"text-align: justify\">A m\u0171t\u00e9ti esem\u00e9ny &#8211; t\u00edpus\u00e1t\u00f3l f\u00fcggetlen\u00fcl &#8211; \u00e9rzelmek sor\u00e1t mozg\u00f3s\u00edthatja. Ezek megjelen\u00e9se term\u00e9szetes velej\u00e1r\u00f3i az oper\u00e1ci\u00f3 k\u00f6r\u00fcli id\u0151szaknak, ugyanakkor az egy\u00e9n pszichol\u00f3giai j\u00f3l-l\u00e9t\u00e9t befoly\u00e1solj\u00e1k. Mindezek kezel\u00e9s\u00e9re l\u00e9teznek pszichol\u00f3giai eszk\u00f6zeink, amelyek a ment\u00e1lis felk\u00e9sz\u00fclts\u00e9get n\u00f6velik. Ennek felismer\u00e9se sarkalt minket arra, hogy p\u00e1cienseinknek biztos\u00edtsunk egy olyan programot, amelyben \u00f6negy\u00fctt\u00e9rz\u00e9st mozg\u00f3s\u00edt\u00f3 feladatokat, evidencia-alap\u00fa pszichoter\u00e1pi\u00e1s technik\u00e1kat, valamint szem\u00e9lyre szabott strat\u00e9gi\u00e1k kidolgoz\u00e1s\u00e1nak lehet\u0151s\u00e9g\u00e9t k\u00edn\u00e1ljuk. Eszk\u00f6zt\u00e1rat k\u00edv\u00e1nunk ny\u00fajtani, amelyek a m\u0171t\u00e9tre k\u00e9sz\u00fcl\u0151 p\u00e1cienseink ment\u00e1lis felk\u00e9sz\u00fclts\u00e9g\u00e9t \u00e9s egy\u00fattal a fel\u00e9p\u00fcl\u00e9s siker\u00e9t t\u00e1mogatj\u00e1k.<\/p>\n<p style=\"text-align: justify\">\u00a0<\/p>\n<p style=\"text-align: justify\"><strong>C\u00e9lunk, hogy magabiztosan n\u00e9zzen szembe az \u00d6n el\u0151tt \u00e1ll\u00f3 m\u0171t\u00e9ttel!<\/strong><\/p>\n<p style=\"text-align: justify\">A felk\u00e9sz\u00fcl\u00e9s eredm\u00e9nyek\u00e9nt megtapasztalhatj\u00e1k saj\u00e1t erej\u00fck mozg\u00f3s\u00edt\u00e1s\u00e1nak lehet\u0151s\u00e9geit, valamint \u00f6nbizalmukat er\u0151s\u00edthetik abban, hogy saj\u00e1t sorsukat ir\u00e1ny\u00edtani tudj\u00e1k. A fel\u00e9p\u00fcl\u00e9si folyamatban v\u00e1llalt akt\u00edv betegszerep k\u00f6zponti eleme pszichol\u00f3giai programunknak.<\/p>\n<p>&nbsp;<\/p>\n<p style=\"text-align: justify\">Programunk egy\u00e9ni \u00e9s csoportos form\u00e1ban is el\u00e9rhet\u0151. \u00c9rdekl\u0151dj\u00f6n al\u00e1bbi el\u00e9rhet\u0151s\u00e9g\u00fcnk\u00f6n:<\/p>\n<p style=\"text-align: justify\"><a href=\"mailto:steg.pszichologusok@semmelweis.hu\">steg.pszichologusok@semmelweis.hu<\/a><\/p>\n<p style=\"text-align: justify\">A m\u0171t\u00e9ti felk\u00e9sz\u00edt\u00e9sen val\u00f3 r\u00e9szv\u00e9tel \u00e9rv\u00e9nyes TAJ-k\u00e1rtya mellett ingyenes (TB-finansz\u00edrozott).<\/p>\n","protected":false},"excerpt":{"rendered":"<p>PSZICHOL\u00d3GIAI M\u0170T\u00c9TI FELK\u00c9SZ\u00cdT\u00c9S &nbsp; A pszichol\u00f3giai felk\u00e9sz\u00edt\u00e9s c\u00e9lja, hogy a betegs\u00e9ggel, m\u0171t\u00e9ttel j\u00e1r\u00f3 \u00e9lethelyzettel \u00e9s az ebb\u0151l fakad\u00f3 \u00e9rz\u00e9sekkel, neh\u00e9zs\u00e9gekkel val\u00f3 megk\u00fczd\u00e9sben t\u00e1mogat\u00e1st ny\u00fajtsunk. \u00c1tfog\u00f3 ir\u00e1nymutat\u00e1st k\u00edv\u00e1nunk adni, amellyel a szem\u00e9lyes er\u0151forr\u00e1sok mozg\u00f3s\u00edt\u00e1s\u00e1hoz, a megk\u00fczd\u00e9s n\u00f6vel\u00e9s\u00e9hez szeretn\u00e9nk hozz\u00e1j\u00e1rulni, ezzel \u00d6nt t\u00e1mogatni a m\u0171t\u00e9ti siker el\u00e9r\u00e9s\u00e9ben. Minderre az\u00e9rt fektet\u00fcnk hangs\u00falyt, mert egyre t\u00f6bb adat t\u00e1masztja al\u00e1 &hellip;<\/p>\n","protected":false},"author":102261,"featured_media":0,"parent":6635,"menu_order":0,"comment_status":"closed","ping_status":"closed","template":"","meta":{"_acf_changed":false,"footnotes":""},"categories":[],"tags":[],"class_list":["post-8464","page","type-page","status-publish","hentry"],"acf":[],"_links":{"self":[{"href":"https:\/\/semmelweis.hu\/sebeszet\/wp-json\/wp\/v2\/pages\/8464","targetHints":{"allow":["GET"]}}],"collection":[{"href":"https:\/\/semmelweis.hu\/sebeszet\/wp-json\/wp\/v2\/pages"}],"about":[{"href":"https:\/\/semmelweis.hu\/sebeszet\/wp-json\/wp\/v2\/types\/page"}],"author":[{"embeddable":true,"href":"https:\/\/semmelweis.hu\/sebeszet\/wp-json\/wp\/v2\/users\/102261"}],"replies":[{"embeddable":true,"href":"https:\/\/semmelweis.hu\/sebeszet\/wp-json\/wp\/v2\/comments?post=8464"}],"version-history":[{"count":2,"href":"https:\/\/semmelweis.hu\/sebeszet\/wp-json\/wp\/v2\/pages\/8464\/revisions"}],"predecessor-version":[{"id":8466,"href":"https:\/\/semmelweis.hu\/sebeszet\/wp-json\/wp\/v2\/pages\/8464\/revisions\/8466"}],"up":[{"embeddable":true,"href":"https:\/\/semmelweis.hu\/sebeszet\/wp-json\/wp\/v2\/pages\/6635"}],"wp:attachment":[{"href":"https:\/\/semmelweis.hu\/sebeszet\/wp-json\/wp\/v2\/media?parent=8464"}],"wp:term":[{"taxonomy":"category","embeddable":true,"href":"https:\/\/semmelweis.hu\/sebeszet\/wp-json\/wp\/v2\/categories?post=8464"},{"taxonomy":"post_tag","embeddable":true,"href":"https:\/\/semmelweis.hu\/sebeszet\/wp-json\/wp\/v2\/tags?post=8464"}],"curies":[{"name":"wp","href":"https:\/\/api.w.org\/{rel}","templated":true}]}}