{"id":830,"date":"2020-06-03T12:37:00","date_gmt":"2020-06-03T10:37:00","guid":{"rendered":"http:\/\/semmelweis.hu\/sebeszet1\/?page_id=830"},"modified":"2024-10-01T13:15:01","modified_gmt":"2024-10-01T11:15:01","slug":"tdk","status":"publish","type":"page","link":"https:\/\/semmelweis.hu\/sebeszet\/kutatas\/tdk\/","title":{"rendered":"TDK"},"content":{"rendered":"<h3 style=\"text-align: center\">TDK az Seb\u00e9szeti, Transzplant\u00e1ci\u00f3s \u00e9s Gasztroenterol\u00f3giai Klinik\u00e1n<\/h3>\n<p style=\"text-align: justify\"><em>\u201eAhol egy az \u00e9let, egy lehet csak az \u00e9lettan, egy a boncz- \u00e9s k\u00f3rtan is. (A seb\u00e9szet) ne legyen egyed\u00fcl k\u00fclform\u00e1kban alapul\u00f3, \u00e9sz n\u00e9lk\u00fcli k\u00e9zm\u0171, hanem az eg\u00e9szet egyes r\u00e9szeiben feltal\u00e1l\u00f3 tudom\u00e1ny\u201d<\/em> &#8211; Balassa J\u00e1nos<\/p>\n<p style=\"text-align: justify\">A Semmelweis Egyetem Seb\u00e9szeti, Transzplant\u00e1ci\u00f3s \u00e9s Gasztroenterol\u00f3giai Klinik\u00e1j\u00e1n a k\u00eds\u00e9rletes \u00e9s seb\u00e9szeti kutat\u00e1sok, seb\u00e9szeti hat\u00e1rter\u00fcleti k\u00e9rd\u00e9sek megv\u00e1laszol\u00e1sa \u00e9vtizedes m\u00faltra tekint vissza. Az \u00e1llatk\u00eds\u00e9rletes labor hosszas, t\u00f6bb \u00e9vtizedes kihagy\u00e1s ut\u00e1n 2000-t\u0151l ism\u00e9t elindult. Az elm\u00falt dek\u00e1dban az el\u0151d\u00f6k kutat\u00f3i szellem\u00e9t meg\u0151rizve az eszk\u00f6zpark jelent\u0151s fejleszt\u00e9se t\u00f6rt\u00e9nt, a t\u00e1rsint\u00e9zetekkel t\u00f6rt\u00e9n\u0151 szoros kollabor\u00e1ci\u00f3 mellett megteremtve ez\u00e1ltal az \u00f6n\u00e1ll\u00f3 az alapkutat\u00e1sok sz\u00e9les reperto\u00e1rj\u00e1t. Jelenleg nem \u00f6n\u00e1ll\u00f3 szervezeti egys\u00e9gk\u00e9nt m\u0171k\u00f6d\u0151 \u201cK\u00eds\u00e9rletes Seb\u00e9szeti R\u00e9szleg\u201d nevet viseli. A k\u00eds\u00e9rleti m\u0171t\u0151 b\u00e1zis\u00e1n a klinik\u00e1n egyed\u00fcl\u00e1ll\u00f3 m\u00f3don a betegell\u00e1t\u00e1s sz\u00e9les psketrum\u00e1ra t\u00e1maszkodva a beteg\u00e1gy melletti vizsg\u00e1latok mellett transzl\u00e1ci\u00f3s, preklinikai \u00e9s klinikai ir\u00e1ny\u00fa vizsg\u00e1latok is zajlanak.<\/p>\n<p style=\"text-align: justify\">A Klinika jelenleg gasztroenterol\u00f3giai, seb\u00e9szeti, onkol\u00f3giai \u00e9s diagnosztikus c\u00e9lokat is szolg\u00e1l\u00f3 alap-, illetve klinikai kutat\u00e1sokat vett c\u00e9lba. Az aktu\u00e1lis kutat\u00e1si t\u00e9m\u00e1kr\u00f3l, kor\u00e1bbi eredm\u00e9nyekr\u0151l jelen honlapon t\u00e1j\u00e9koz\u00f3dhat az \u00e9rdekl\u0151d\u0151 hallgat\u00f3.<\/p>\n<p style=\"text-align: justify\">Amennyiben k\u00e9rd\u00e9se van, a leneti el\u00e9rhet\u0151s\u00e9geken \u00e9rdekl\u0151dhet a TDK t\u00e9mavezet\u0151kn\u00e9l, illetve a klinika TDK felel\u0151s\u00e9n\u00e9l Dr. Sz\u00fccs \u00c1kos egyetemi docens \u00farn\u00e1l.<\/p>\n<h3 style=\"text-align: center\"><strong>D\u00edjazottak<\/strong><\/h3>\n<p style=\"text-align: center\"><strong>2024<\/strong><\/p>\n<table class=\" aligncenter\" width=\"1022\">\n<tbody>\n<tr>\n<td width=\"309\"><strong>N\u00e9v<\/strong><\/td>\n<td width=\"242\"><strong>C\u00edm<\/strong><\/td>\n<td width=\"300\"><strong>T\u00e9mavezet\u0151<\/strong><\/td>\n<td width=\"64\"><strong>TDK<\/strong><\/td>\n<td width=\"107\"><strong>OTDK<\/strong><\/td>\n<\/tr>\n<tr>\n<td>Rein P\u00e9ter L\u00e1szl\u00f3\u00a0<\/td>\n<td width=\"242\">Az endoszk\u00f3pos ultrahang diagnosztikus \u00e9rz\u00e9kenys\u00e9ge kiemelked\u0151 a hasny\u00e1lmirigy t\u00e9rfoglal\u00e1sok vizsg\u00e1lat\u00e1ban<\/td>\n<td>Dr. Hritz Istv\u00e1n\u00a0<\/td>\n<td>I. d\u00edj<\/td>\n<td>OTDK jel\u00f6lt<\/td>\n<\/tr>\n<tr>\n<td>Tim\u00e1r Petra\u00a0<\/td>\n<td width=\"242\">A \u201cFrailty\u201d \u00e9rt\u00e9kel\u00e9se colorectalis carcinom\u00e1s betegek m\u0171t\u00e9ti kock\u00e1zat\u00e1nak meg\u00edt\u00e9l\u00e9s\u00e9re<\/td>\n<td width=\"300\">Dr. B\u00e1nky Bal\u00e1zs, Dr. F\u00fcl\u00f6p Andr\u00e1s\u00a0<\/td>\n<td>I. d\u00edj<\/td>\n<td>OTDK jel\u00f6lt<\/td>\n<\/tr>\n<tr>\n<td width=\"309\">Kov\u00e1cs B\u00e1lint Tibor, Cs\u00f3kay Bernadett Kinga\u00a0<\/td>\n<td width=\"242\">S\u00fcrg\u0151ss\u00e9gi gasztroszk\u00f3pia ideje fels\u0151 gasztrointesztin\u00e1lis v\u00e9rz\u00e9sben<\/td>\n<td width=\"300\">Dr. Patai \u00c1rp\u00e1d, Dr. Vilmos Fruzsina\u00a0<\/td>\n<td>III. d\u00edj<\/td>\n<td>&nbsp;<\/td>\n<\/tr>\n<tr>\n<td width=\"309\">K\u0151v\u00e1g\u00f3 Karina, Turi Fl\u00f3ra\u00a0<\/td>\n<td width=\"242\">A metabolikus diszfunkci\u00f3val asszoci\u00e1lt zs\u00edrm\u00e1jbetegs\u00e9g kardiovaszkul\u00e1ris sz\u00f6v\u0151dm\u00e9nyeinek vizsg\u00e1lata<\/td>\n<td>Dr. Werling Kl\u00e1ra, Dr. Dr\u00e1cz B\u00e1lint\u00a0<\/td>\n<td>II. d\u00edj<\/td>\n<td>OTDK javasolt<\/td>\n<\/tr>\n<tr>\n<td width=\"309\">Hendlein T\u00edmea Helga, Varga Martin Dori\u00e1n\u00a0<\/td>\n<td width=\"242\">Bimod\u00e1lis prehabilit\u00e1ci\u00f3 hat\u00e1s\u00e1nak vizsg\u00e1lata colon anastomosis gy\u00f3gyul\u00e1sra patk\u00e1ny modellben<\/td>\n<td>Dr. L\u00e9vay Kl\u00e1ra, Dr. F\u00fcl\u00f6p Andr\u00e1s\u00a0<\/td>\n<td>II. d\u00edj<\/td>\n<td>OTDK javasolt<\/td>\n<\/tr>\n<tr>\n<td>Tilesch Borb\u00e1la\u00a0<\/td>\n<td width=\"242\">A Semmelweis Egyetem hasny\u00e1lmirigy-transzplant\u00e1ci\u00f3s programj\u00e1nak r\u00f6vid \u00e9s hossz\u00fa t\u00e1v\u00fa eredm\u00e9nyeinek elemz\u00e9se<\/td>\n<td>Dr. Piros L\u00e1szl\u00f3\u00a0<\/td>\n<td>II. d\u00edj<\/td>\n<td>&nbsp;<\/td>\n<\/tr>\n<tr>\n<td>Gy\u0151rffy Attila\u00a0<\/td>\n<td width=\"242\">A stresszszint \u00e9s a hat\u00e9konys\u00e1g vizsg\u00e1lata robot assziszt\u00e1lt m\u0171t\u00e9t sor\u00e1n<\/td>\n<td width=\"300\">Prof. Dr. Szij\u00e1rt\u00f3 Attila, Dr. Pekli Damj\u00e1n\u00a0<\/td>\n<td>III. d\u00edj<\/td>\n<td>&nbsp;<\/td>\n<\/tr>\n<\/tbody>\n<\/table>\n<p style=\"text-align: center\"><strong>2023<\/strong><\/p>\n<table class=\" aligncenter\" width=\"1022\">\n<tbody>\n<tr>\n<td width=\"309\"><strong>N\u00e9v<\/strong><\/td>\n<td width=\"242\"><strong>C\u00edm<\/strong><\/td>\n<td width=\"300\"><strong>T\u00e9mavezet\u0151<\/strong><\/td>\n<td width=\"64\"><strong>TDK<\/strong><\/td>\n<td width=\"107\"><strong>OTDK<\/strong><\/td>\n<\/tr>\n<tr>\n<td>Tim\u00e1r Petra, Dominic Herovi<\/td>\n<td width=\"242\">Kolorekt\u00e1lis karcin\u00f3m\u00e1s betegek szelekt\u00e1l\u00e1sa trimodi\u00e1lis prehabilit\u00e1ci\u00f3ra<\/td>\n<td>Dr. B\u00e1nky Bal\u00e1zs, Dr. F\u00fcl\u00f6p Andr\u00e1s<\/td>\n<td>I. d\u00edj<\/td>\n<td>OTDK jel\u00f6lt<\/td>\n<\/tr>\n<tr>\n<td>Vit\u00e1lis L\u00eddia, Kov\u00e1cs Szabina<\/td>\n<td width=\"242\">A fizikai prehabilit\u00e1ci\u00f3 partialis hepatectomi\u00e1ra gyakorolt hat\u00e1s\u00e1nak vizsg\u00e1lata patk\u00e1ny modellen<\/td>\n<td>Dr. L\u00e9vay Kl\u00e1ra, Dr. F\u00fcl\u00f6p Andr\u00e1s<\/td>\n<td>I. d\u00edj<\/td>\n<td>I. d\u00edj<\/td>\n<\/tr>\n<tr>\n<td>Mahita Darbha<\/td>\n<td width=\"242\">Evidence based investigation of alcohol based hand rubs for efficient hand hygiene.<\/td>\n<td>Dr.Constantinos Voniatis<\/td>\n<td>II. d\u00edj<\/td>\n<td>OTDK javasolt<\/td>\n<\/tr>\n<tr>\n<td>Pleck Andr\u00e1s P\u00e9ter<\/td>\n<td width=\"242\">Preoperat\u00edv Ultrahangprotokoll alkalmaz\u00e1sa a folyad\u00e9kter\u00e1pia optimaliz\u00e1l\u00e1s\u00e1ra a korai hipotenzi\u00f3 megel\u0151z\u00e9s\u00e9hez: Randomiz\u00e1lt Kontroll\u00e1lt Vizsg\u00e1lat.<\/td>\n<td>Dr. Szab\u00f3 Marcel<\/td>\n<td>II. d\u00edj<\/td>\n<td>II. d\u00edj<\/td>\n<\/tr>\n<tr>\n<td>Dominic Herovi, Tim\u00e1r Petra<\/td>\n<td width=\"242\">Analyzing the role of the body composition in the effectiveness of trimodal prehabilitation for colorectal surgery\u00a0<\/td>\n<td>Dr. B\u00e1nky Bal\u00e1zs, Dr. F\u00fcl\u00f6p Andr\u00e1s<\/td>\n<td>III. d\u00edj<\/td>\n<td>&nbsp;<\/td>\n<\/tr>\n<tr>\n<td>Gold Deb\u00f3ra<\/td>\n<td width=\"242\">L\u00e9zerakupunkt\u00fara haszn\u00e1lata a perioperat\u00edv ell\u00e1t\u00e1sban<\/td>\n<td width=\"300\">Dr. So\u00f3s S\u00e1ndor, Dr. Sz\u0171cs Orsolya<\/td>\n<td>III. d\u00edj<\/td>\n<td>&nbsp;<\/td>\n<\/tr>\n<tr>\n<td>Moln\u00e1r D\u00e1niel, Ulmann L\u0151rinc Andr\u00e1s<\/td>\n<td width=\"242\">A nagy felbont\u00e1s\u00fa fotonsz\u00e1ml\u00e1l\u00f3 CT vizsg\u00e1lat szerepe a cisztikus pancreas l\u00e9zi\u00f3k diagnosztik\u00e1j\u00e1ban<\/td>\n<td>Dr. Sz\u00fccs \u00c1kos, Dr. Dud\u00e1s Ibolyka<\/td>\n<td>III. d\u00edj<\/td>\n<td>&nbsp;<\/td>\n<\/tr>\n<\/tbody>\n<\/table>\n<p style=\"text-align: center\">\u00a0<\/p>\n<ul>\n<li><a href=\"https:\/\/semmelweis.hu\/sebeszet\/files\/2021\/04\/D\u00edjazottak.pdf\">D\u00edjazottak 2010-2021<\/a><\/li>\n<li><a href=\"http:\/\/www.tdk.semmelweis.hu\/\">Tov\u00e1bb az egyetemi TDK honlapra<\/a><\/li>\n<\/ul>\n<hr \/>\n<p><strong><em>Eln\u00f6k: Dr. Szij\u00e1rt\u00f3 Attila\u00a0<\/em><\/strong>egyetemi tan\u00e1r, igazgat\u00f3<br \/>\nSE Seb\u00e9szeti, Transzplant\u00e1ci\u00f3s \u00e9s Gasztroenterol\u00f3giai Klinika<\/p>\n<p><strong><em>Aleln\u00f6k: Dr. Radovits Tam\u00e1s\u00a0<\/em><\/strong>egyetemi docens<br \/>\nSE V\u00e1rosmajori Sz\u00edv- \u00e9s \u00c9rgy\u00f3gy\u00e1szati Klinika<\/p>\n<p><strong><em>Titk\u00e1r: Dr. F\u00fcl\u00f6p Andr\u00e1s <\/em><\/strong>egyetemi adjunktus<br \/>\nSE Seb\u00e9szeti, Transzplant\u00e1ci\u00f3s \u00e9s Gasztroenterol\u00f3giai Klinika<\/p>\n<p><strong><em>Titk\u00e1r: Dr. L\u00e9vay Kl\u00e1ra <\/em><\/strong>PhD hallgat\u00f3<br \/>\nSE Seb\u00e9szeti, Transzplant\u00e1ci\u00f3s \u00e9s Gasztroenterol\u00f3giai Klinika<\/p>\n<p><strong><em>Int\u00e9zm\u00e9nyi TDK felel\u0151s: Dr. Sz\u00fccs \u00c1kos\u00a0<\/em><\/strong>egyetemi docens, igazgat\u00f3-helyettes<br \/>\nSE Seb\u00e9szeti, Transzplant\u00e1ci\u00f3s \u00e9s Gasztroenterol\u00f3giai Klinika<\/p>\n<hr \/>\n<ul>\n<li><a href=\"https:\/\/semmelweis.hu\/sebeszet\/files\/2021\/02\/TDK-hallgat\u00f3k-2004_t\u0151l-I.-sz.-Seb\u00e9szeti-Klinika.pdf\">TDK hallgat\u00f3k 2004-2021<\/a><\/li>\n<li><a href=\"https:\/\/semmelweis.hu\/sebeszet\/files\/2016\/10\/szakdolgozat-.pdf\" target=\"_blank\" rel=\"noopener noreferrer\">Szakdolgozat t\u00e9m\u00e1k 2016-2017<\/a><\/li>\n<\/ul>\n","protected":false},"excerpt":{"rendered":"<p>TDK az Seb\u00e9szeti, Transzplant\u00e1ci\u00f3s \u00e9s Gasztroenterol\u00f3giai Klinik\u00e1n \u201eAhol egy az \u00e9let, egy lehet csak az \u00e9lettan, egy a boncz- \u00e9s k\u00f3rtan is. (A seb\u00e9szet) ne legyen egyed\u00fcl k\u00fclform\u00e1kban alapul\u00f3, \u00e9sz n\u00e9lk\u00fcli k\u00e9zm\u0171, hanem az eg\u00e9szet egyes r\u00e9szeiben feltal\u00e1l\u00f3 tudom\u00e1ny\u201d &#8211; Balassa J\u00e1nos A Semmelweis Egyetem Seb\u00e9szeti, Transzplant\u00e1ci\u00f3s \u00e9s Gasztroenterol\u00f3giai Klinik\u00e1j\u00e1n a k\u00eds\u00e9rletes \u00e9s seb\u00e9szeti kutat\u00e1sok, &hellip;<\/p>\n","protected":false},"author":101022,"featured_media":0,"parent":91,"menu_order":6,"comment_status":"closed","ping_status":"closed","template":"template-fullwidth.php","meta":{"_acf_changed":false,"footnotes":""},"categories":[],"tags":[],"class_list":["post-830","page","type-page","status-publish","hentry"],"acf":[],"_links":{"self":[{"href":"https:\/\/semmelweis.hu\/sebeszet\/wp-json\/wp\/v2\/pages\/830","targetHints":{"allow":["GET"]}}],"collection":[{"href":"https:\/\/semmelweis.hu\/sebeszet\/wp-json\/wp\/v2\/pages"}],"about":[{"href":"https:\/\/semmelweis.hu\/sebeszet\/wp-json\/wp\/v2\/types\/page"}],"author":[{"embeddable":true,"href":"https:\/\/semmelweis.hu\/sebeszet\/wp-json\/wp\/v2\/users\/101022"}],"replies":[{"embeddable":true,"href":"https:\/\/semmelweis.hu\/sebeszet\/wp-json\/wp\/v2\/comments?post=830"}],"version-history":[{"count":11,"href":"https:\/\/semmelweis.hu\/sebeszet\/wp-json\/wp\/v2\/pages\/830\/revisions"}],"predecessor-version":[{"id":8879,"href":"https:\/\/semmelweis.hu\/sebeszet\/wp-json\/wp\/v2\/pages\/830\/revisions\/8879"}],"up":[{"embeddable":true,"href":"https:\/\/semmelweis.hu\/sebeszet\/wp-json\/wp\/v2\/pages\/91"}],"wp:attachment":[{"href":"https:\/\/semmelweis.hu\/sebeszet\/wp-json\/wp\/v2\/media?parent=830"}],"wp:term":[{"taxonomy":"category","embeddable":true,"href":"https:\/\/semmelweis.hu\/sebeszet\/wp-json\/wp\/v2\/categories?post=830"},{"taxonomy":"post_tag","embeddable":true,"href":"https:\/\/semmelweis.hu\/sebeszet\/wp-json\/wp\/v2\/tags?post=830"}],"curies":[{"name":"wp","href":"https:\/\/api.w.org\/{rel}","templated":true}]}}