{"id":790,"date":"2015-09-25T00:42:27","date_gmt":"2015-09-24T22:42:27","guid":{"rendered":"http:\/\/semmelweis.hu\/sebeszet1\/?page_id=790"},"modified":"2025-11-05T12:30:29","modified_gmt":"2025-11-05T11:30:29","slug":"contacts","status":"publish","type":"page","link":"https:\/\/semmelweis.hu\/sebeszet\/en\/contacts\/","title":{"rendered":"Contact"},"content":{"rendered":"<h2>Department of Surgery, Transplantation and Gastroenterology<\/h2>\n<h5>HU: Semmelweis Egyetem Seb\u00e9szeti, Transzplant\u00e1ci\u00f3s \u00e9s Gasztroenterol\u00f3giai Klinika<\/p>\n<\/h5>\n<h4><strong>Address: <\/strong><\/h4>\n<p>H-1082 Budapest \u00dcll\u0151i \u00fat 78.<br \/>\nTel: +36 1 459 1500 ext. 52120<br \/>\nE-mail: <a href=\"mailto:steg@semmelweis.hu\">steg@semmelweis.hu<\/a><\/p>\n<div class=\"keretes w-100\">\n<h4><strong>Student Office:<\/strong><\/h4>\n<p>Opening hours: 8:00 \u2013 14:30<br \/>\nZsanett Kov\u00e1cs, Glof\u00e1k Eszter<br \/>\n<a href=\"mailto:oktatas.seb1@semmelweis.hu\">oktatas.seb1@semmelweis.hu<\/a><\/p>\n<h6><strong>Responsible of the English program:<br \/>\n<\/strong><span style=\"font-size: 1rem\">Dr. Gergely Huszty<\/span><\/h6>\n<\/div>\n\n<!-- iframe plugin v.4.9 wordpress.org\/plugins\/iframe\/ -->\n<iframe loading=\"lazy\" src=\"https:\/\/www.google.com\/maps\/embed?pb=!1m18!1m12!1m3!1d2696.3839413685705!2d19.079972!3d47.48243340000002!2m3!1f0!2f0!3f0!3m2!1i1024!2i768!4f13.1!3m3!1m2!1s0x4741dce42f6edf0d%3A0xd3829506ecc86745!2sSemmelweis+Egyetem+I.+Sz.+Seb%C3%A9szeti+Klinika!5e0!3m2!1shu!2shu!4v1443132418057\" width=\"100%\" height=\"350\" scrolling=\"yes\" class=\"iframe-class\" frameborder=\"0\"><\/iframe>\n\n<p>&nbsp;<\/p>\n","protected":false},"excerpt":{"rendered":"<p>Department of Surgery, Transplantation and Gastroenterology<br \/>\nHU: Semmelweis Egyetem Seb\u00e9szeti, Transzplant\u00e1ci\u00f3s \u00e9s Gasztroenterol\u00f3giai Klinika<\/p>\n<p>Address:<br \/>\nH-1082 Budapest \u00dcll\u0151i \u00fat 78.<br \/>\nTel: +36 1 459 1500 ext. 52120<br \/>\nE-mail: <a href=\"mailto:steg@semmelweis.hu\">steg@semmelweis.hu<\/a><\/p>\n<p>Student Office:<br \/>\nOpening hours: 8:00 \u2013 14:30<br \/>\nZsanett Kov\u00e1cs, Glof\u00e1k Eszter<br \/>\n<a href=\"mailto:oktatas.seb1@semmelweis.hu\">oktatas.seb1@semmelweis.hu<\/a><br \/>\nResponsible of the English program:<br \/>\nDr. Gergely Huszty<\/p>\n<p>&nbsp;<\/p>\n","protected":false},"author":101022,"featured_media":0,"parent":0,"menu_order":8,"comment_status":"closed","ping_status":"closed","template":"template-fullwidth.php","meta":{"_acf_changed":false,"footnotes":""},"categories":[],"tags":[],"class_list":["post-790","page","type-page","status-publish","hentry"],"acf":[],"_links":{"self":[{"href":"https:\/\/semmelweis.hu\/sebeszet\/wp-json\/wp\/v2\/pages\/790","targetHints":{"allow":["GET"]}}],"collection":[{"href":"https:\/\/semmelweis.hu\/sebeszet\/wp-json\/wp\/v2\/pages"}],"about":[{"href":"https:\/\/semmelweis.hu\/sebeszet\/wp-json\/wp\/v2\/types\/page"}],"author":[{"embeddable":true,"href":"https:\/\/semmelweis.hu\/sebeszet\/wp-json\/wp\/v2\/users\/101022"}],"replies":[{"embeddable":true,"href":"https:\/\/semmelweis.hu\/sebeszet\/wp-json\/wp\/v2\/comments?post=790"}],"version-history":[{"count":11,"href":"https:\/\/semmelweis.hu\/sebeszet\/wp-json\/wp\/v2\/pages\/790\/revisions"}],"predecessor-version":[{"id":9490,"href":"https:\/\/semmelweis.hu\/sebeszet\/wp-json\/wp\/v2\/pages\/790\/revisions\/9490"}],"wp:attachment":[{"href":"https:\/\/semmelweis.hu\/sebeszet\/wp-json\/wp\/v2\/media?parent=790"}],"wp:term":[{"taxonomy":"category","embeddable":true,"href":"https:\/\/semmelweis.hu\/sebeszet\/wp-json\/wp\/v2\/categories?post=790"},{"taxonomy":"post_tag","embeddable":true,"href":"https:\/\/semmelweis.hu\/sebeszet\/wp-json\/wp\/v2\/tags?post=790"}],"curies":[{"name":"wp","href":"https:\/\/api.w.org\/{rel}","templated":true}]}}