{"id":7828,"date":"2023-01-27T13:09:09","date_gmt":"2023-01-27T12:09:09","guid":{"rendered":"https:\/\/semmelweis.hu\/sebeszet\/?page_id=7828"},"modified":"2024-01-09T13:49:33","modified_gmt":"2024-01-09T12:49:33","slug":"autogen-trening-csoport-gyulladasos-belbetegseggel-diagnosztizalt-pacienseink-szamara","status":"publish","type":"page","link":"https:\/\/semmelweis.hu\/sebeszet\/betegellatas\/klinikai-szakpszichologiai-konzultacio\/autogen-trening-csoport-gyulladasos-belbetegseggel-diagnosztizalt-pacienseink-szamara\/","title":{"rendered":"Autog\u00e9n tr\u00e9ning csoport gyullad\u00e1sos b\u00e9lbetegs\u00e9ggel diagnosztiz\u00e1lt p\u00e1cienseink sz\u00e1m\u00e1ra"},"content":{"rendered":"<p style=\"text-align: center\"><strong>AUTOG\u00c9N TR\u00c9NING CSOPORT GYULLAD\u00c1SOS B\u00c9LBETEGS\u00c9GGEL DIAGNOSZTIZ\u00c1LT P\u00c1CIENSEINK SZ\u00c1M\u00c1RA<\/strong><\/p>\n<p>&nbsp;<\/p>\n<p style=\"text-align: justify\">A gyullad\u00e1sos b\u00e9lbetegs\u00e9g (IBD) t\u00fcnetei mellett kih\u00edv\u00e1st jelenthet a megfelel\u0151 \u00e9letmin\u0151s\u00e9g el\u00e9r\u00e9se.<\/p>\n<p style=\"text-align: justify\">A t\u00fcnetekkel val\u00f3 megk\u00fczd\u00e9sben kiemelt fontoss\u00e1ggal b\u00edrnak egyes pszich\u00e9s t\u00e9nyez\u0151k, hisz a kr\u00f3nikus betegs\u00e9g lefoly\u00e1s\u00e1b\u00f3l ad\u00f3d\u00f3an el\u0151fordulhatnak ak\u00e1r neh\u00e9z id\u0151szakok is, amelyek megterhelik a k\u00fcls\u0151- \u00e9s bels\u0151 er\u0151forr\u00e1sok kapacit\u00e1sait. A Semmelweis Egyetem Seb\u00e9szeti, Transzplant\u00e1ci\u00f3s \u00e9s Gasztroenterol\u00f3giai Klinik\u00e1j\u00e1n betegeink gy\u00f3gyul\u00e1s\u00e1t \u00e9s a hat\u00e9kony betegs\u00e9g- menedzsmentet nemcsak testi, hanem lelki oldalon is t\u00e1mogatjuk, \u00edgy autog\u00e9n tr\u00e9ning csoporton val\u00f3 r\u00e9szv\u00e9teli lehet\u0151s\u00e9get biztos\u00edtunk IBD betegeink sz\u00e1m\u00e1ra \u00e9vente k\u00e9t alkalommal, \u0151sszel \u00e9s tavasszal. Az autog\u00e9n tr\u00e9ning a relax\u00e1ci\u00f3s technik\u00e1k egyik leghat\u00e9konyabb m\u00f3dszere, er\u0151s\u00edti a test \u00f6ngy\u00f3gy\u00edt\u00f3 folyamatait, a testi laz\u00edt\u00e1son kereszt\u00fcl hat a lelki \u00e1llapotra, kellemes pszich\u00e9s \u00e1llapot el\u00e9r\u00e9s\u00e9t c\u00e9lozva. Eredm\u00e9nyek\u00e9ppen testi \u00e9s lelki fesz\u00fclts\u00e9g old\u00e1sa \u00e1ltal pszich\u00e9s energia szabadul fel, a konfliktusok \u00e9s stressz megfelel\u0151 megold\u00e1s\u00e1hoz. A m\u00f3dszer elsaj\u00e1t\u00edt\u00e1sa sor\u00e1n \u00f6nismereti folyamat zajlik le, ami hozz\u00e1j\u00e1rul saj\u00e1t reakci\u00f3ink, \u00e9rzelmeink \u00e9s gondolataink meg\u00e9rt\u00e9s\u00e9hez, \u00edgy adekv\u00e1tabb reag\u00e1l\u00e1sm\u00f3dot tesz lehet\u0151v\u00e9, \u00f6sszess\u00e9g\u00e9ben javul az \u00e9letmin\u0151s\u00e9g \u00e9s a k\u00f6z\u00e9rzet. A csoportot klinik\u00e1nk pszichol\u00f3gusai vezetik.<\/p>\n<p style=\"text-align: justify\">\u00a0<\/p>\n<p style=\"text-align: justify\"><strong>Id\u0151pont:<\/strong>\u00a0k\u00f6vetkez\u0151 indul\u00f3 csoportunkr\u00f3l \u00e9rdekl\u0151dj\u00f6n el\u00e9rhet\u0151s\u00e9geink egyik\u00e9n!<br \/>\n<strong>Helysz\u00edn:<\/strong>\u00a0Semmelweis Egyetem Seb\u00e9szeti, Transzplant\u00e1ci\u00f3s Gasztroenterol\u00f3giai Klinika (1082 Budapest, \u00dcll\u0151i \u00fat 78.).<\/p>\n<p style=\"text-align: justify\"><strong>Csoportvezet\u0151k:<\/strong><br \/>\nJuh\u00e1sz Anita, klinikai szakpszichol\u00f3gus \u00e9s Kiss Luca, tan\u00e1csad\u00f3 szakpszichol\u00f3gus, autog\u00e9n tr\u00e9ner.<\/p>\n<p style=\"text-align: justify\"><strong>JELENTKEZ\u00c9S:<\/strong> A jelentkez\u00e9s eg\u00e9sz \u00e9v sor\u00e1n folyamatos. Emailben v\u00e1rjuk betegeink jelentkez\u00e9s\u00e9t: <a href=\"mailto:steg.pszichologusok@semmelweis.hu\">steg.pszichologusok@semmelweis.hu<\/a><\/p>\n<p style=\"text-align: justify\">A csoporton val\u00f3 r\u00e9szv\u00e9tel \u00e9rv\u00e9nyes TAJ-k\u00e1rtya mellett ingyenes (TB-finansz\u00edrozott).<\/p>\n","protected":false},"excerpt":{"rendered":"<p>AUTOG\u00c9N TR\u00c9NING CSOPORT GYULLAD\u00c1SOS B\u00c9LBETEGS\u00c9GGEL DIAGNOSZTIZ\u00c1LT P\u00c1CIENSEINK SZ\u00c1M\u00c1RA &nbsp; A gyullad\u00e1sos b\u00e9lbetegs\u00e9g (IBD) t\u00fcnetei mellett kih\u00edv\u00e1st jelenthet a megfelel\u0151 \u00e9letmin\u0151s\u00e9g el\u00e9r\u00e9se. A t\u00fcnetekkel val\u00f3 megk\u00fczd\u00e9sben kiemelt fontoss\u00e1ggal b\u00edrnak egyes pszich\u00e9s t\u00e9nyez\u0151k, hisz a kr\u00f3nikus betegs\u00e9g lefoly\u00e1s\u00e1b\u00f3l ad\u00f3d\u00f3an el\u0151fordulhatnak ak\u00e1r neh\u00e9z id\u0151szakok is, amelyek megterhelik a k\u00fcls\u0151- \u00e9s bels\u0151 er\u0151forr\u00e1sok kapacit\u00e1sait. A Semmelweis Egyetem Seb\u00e9szeti, Transzplant\u00e1ci\u00f3s &hellip;<\/p>\n","protected":false},"author":101982,"featured_media":0,"parent":6635,"menu_order":0,"comment_status":"closed","ping_status":"closed","template":"","meta":{"_acf_changed":false,"footnotes":""},"categories":[],"tags":[],"class_list":["post-7828","page","type-page","status-publish","hentry"],"acf":[],"_links":{"self":[{"href":"https:\/\/semmelweis.hu\/sebeszet\/wp-json\/wp\/v2\/pages\/7828","targetHints":{"allow":["GET"]}}],"collection":[{"href":"https:\/\/semmelweis.hu\/sebeszet\/wp-json\/wp\/v2\/pages"}],"about":[{"href":"https:\/\/semmelweis.hu\/sebeszet\/wp-json\/wp\/v2\/types\/page"}],"author":[{"embeddable":true,"href":"https:\/\/semmelweis.hu\/sebeszet\/wp-json\/wp\/v2\/users\/101982"}],"replies":[{"embeddable":true,"href":"https:\/\/semmelweis.hu\/sebeszet\/wp-json\/wp\/v2\/comments?post=7828"}],"version-history":[{"count":8,"href":"https:\/\/semmelweis.hu\/sebeszet\/wp-json\/wp\/v2\/pages\/7828\/revisions"}],"predecessor-version":[{"id":8467,"href":"https:\/\/semmelweis.hu\/sebeszet\/wp-json\/wp\/v2\/pages\/7828\/revisions\/8467"}],"up":[{"embeddable":true,"href":"https:\/\/semmelweis.hu\/sebeszet\/wp-json\/wp\/v2\/pages\/6635"}],"wp:attachment":[{"href":"https:\/\/semmelweis.hu\/sebeszet\/wp-json\/wp\/v2\/media?parent=7828"}],"wp:term":[{"taxonomy":"category","embeddable":true,"href":"https:\/\/semmelweis.hu\/sebeszet\/wp-json\/wp\/v2\/categories?post=7828"},{"taxonomy":"post_tag","embeddable":true,"href":"https:\/\/semmelweis.hu\/sebeszet\/wp-json\/wp\/v2\/tags?post=7828"}],"curies":[{"name":"wp","href":"https:\/\/api.w.org\/{rel}","templated":true}]}}