{"id":78,"date":"2015-09-18T00:00:00","date_gmt":"1970-01-01T00:00:00","guid":{"rendered":"http:\/\/semmelweis.hu\/sebeszet1\/oktatas\/"},"modified":"2023-08-18T11:35:37","modified_gmt":"2023-08-18T09:35:37","slug":"oktatasi-tevekenyseg","status":"publish","type":"page","link":"https:\/\/semmelweis.hu\/sebeszet\/oktatas\/oktatasi-tevekenyseg\/","title":{"rendered":"Oktat\u00e1si tev\u00e9kenys\u00e9g\u00fcnk"},"content":{"rendered":"<figure id=\"attachment_605\" aria-describedby=\"caption-attachment-605\" style=\"width: 247px\" class=\"wp-caption alignright\"><a href=\"https:\/\/semmelweis.hu\/sebeszet\/files\/2015\/09\/klin17.jpg\"><img loading=\"lazy\" decoding=\"async\" class=\" wp-image-605\" src=\"https:\/\/semmelweis.hu\/sebeszet\/files\/2015\/09\/klin17-300x225.jpg\" alt=\"Tanterem\" width=\"247\" height=\"185\" srcset=\"https:\/\/semmelweis.hu\/sebeszet\/files\/2015\/09\/klin17-300x225.jpg 300w, https:\/\/semmelweis.hu\/sebeszet\/files\/2015\/09\/klin17-400x300.jpg 400w, https:\/\/semmelweis.hu\/sebeszet\/files\/2015\/09\/klin17.jpg 640w\" sizes=\"auto, (max-width: 247px) 100vw, 247px\" \/><\/a><figcaption id=\"caption-attachment-605\" class=\"wp-caption-text\">Tanterem<\/figcaption><\/figure>\n<p style=\"text-align: justify\">Az I., II., IV. \u00e9s VI. \u00e9vfolyamos orvostanhallgat\u00f3k magyar, n\u00e9met \u00e9s angol nyelv\u0171 elm\u00e9leti \u00e9s gyakorlati k\u00e9pz\u00e9se folyik. Szakvizsga el\u0151k\u00e9sz\u00edt\u0151 tov\u00e1bbk\u00e9pz\u00e9s, szervezett \u00e9s egy\u00e9ni posztgradu\u00e1lis k\u00e9pz\u00e9s a szakmai profilokban folyik. Tudom\u00e1nyos di\u00e1kk\u00f6ri munka keretei k\u00f6z\u00f6tt minden \u00e9vben egyre t\u00f6bb hallgat\u00f3 foglalkozik k\u00eds\u00e9rleti \u00e9s klinikai seb\u00e9szeti, seb\u00e9szeti patol\u00f3giai \u00e9s aneszteziol\u00f3giai k\u00e9rd\u00e9sekkel. A klinika a szak\u00e1pol\u00f3k, m\u0171t\u0151sn\u0151k, aneszteziol\u00f3gus szakasszisztensek gyakorl\u00f3-oktat\u00f3 int\u00e9zm\u00e9nye.<\/p>\n<p style=\"text-align: justify\">\u00a0<\/p>\n","protected":false},"excerpt":{"rendered":"<p>Az I., II., IV. \u00e9s VI. \u00e9vfolyamos orvostanhallgat\u00f3k magyar, n\u00e9met \u00e9s angol nyelv\u0171 elm\u00e9leti \u00e9s gyakorlati k\u00e9pz\u00e9se folyik. Szakvizsga el\u0151k\u00e9sz\u00edt\u0151 tov\u00e1bbk\u00e9pz\u00e9s, szervezett \u00e9s egy\u00e9ni posztgradu\u00e1lis k\u00e9pz\u00e9s a szakmai profilokban folyik. Tudom\u00e1nyos di\u00e1kk\u00f6ri munka keretei k\u00f6z\u00f6tt minden \u00e9vben egyre t\u00f6bb hallgat\u00f3 foglalkozik k\u00eds\u00e9rleti \u00e9s klinikai seb\u00e9szeti, seb\u00e9szeti patol\u00f3giai \u00e9s aneszteziol\u00f3giai k\u00e9rd\u00e9sekkel. A klinika a szak\u00e1pol\u00f3k, m\u0171t\u0151sn\u0151k, &hellip;<\/p>\n","protected":false},"author":41,"featured_media":603,"parent":5968,"menu_order":2,"comment_status":"closed","ping_status":"closed","template":"","meta":{"_acf_changed":false,"footnotes":""},"categories":[],"tags":[],"class_list":["post-78","page","type-page","status-publish","has-post-thumbnail","hentry"],"acf":[],"_links":{"self":[{"href":"https:\/\/semmelweis.hu\/sebeszet\/wp-json\/wp\/v2\/pages\/78","targetHints":{"allow":["GET"]}}],"collection":[{"href":"https:\/\/semmelweis.hu\/sebeszet\/wp-json\/wp\/v2\/pages"}],"about":[{"href":"https:\/\/semmelweis.hu\/sebeszet\/wp-json\/wp\/v2\/types\/page"}],"author":[{"embeddable":true,"href":"https:\/\/semmelweis.hu\/sebeszet\/wp-json\/wp\/v2\/users\/41"}],"replies":[{"embeddable":true,"href":"https:\/\/semmelweis.hu\/sebeszet\/wp-json\/wp\/v2\/comments?post=78"}],"version-history":[{"count":10,"href":"https:\/\/semmelweis.hu\/sebeszet\/wp-json\/wp\/v2\/pages\/78\/revisions"}],"predecessor-version":[{"id":8258,"href":"https:\/\/semmelweis.hu\/sebeszet\/wp-json\/wp\/v2\/pages\/78\/revisions\/8258"}],"up":[{"embeddable":true,"href":"https:\/\/semmelweis.hu\/sebeszet\/wp-json\/wp\/v2\/pages\/5968"}],"wp:featuredmedia":[{"embeddable":true,"href":"https:\/\/semmelweis.hu\/sebeszet\/wp-json\/wp\/v2\/media\/603"}],"wp:attachment":[{"href":"https:\/\/semmelweis.hu\/sebeszet\/wp-json\/wp\/v2\/media?parent=78"}],"wp:term":[{"taxonomy":"category","embeddable":true,"href":"https:\/\/semmelweis.hu\/sebeszet\/wp-json\/wp\/v2\/categories?post=78"},{"taxonomy":"post_tag","embeddable":true,"href":"https:\/\/semmelweis.hu\/sebeszet\/wp-json\/wp\/v2\/tags?post=78"}],"curies":[{"name":"wp","href":"https:\/\/api.w.org\/{rel}","templated":true}]}}