{"id":7687,"date":"2022-10-17T13:49:59","date_gmt":"2022-10-17T11:49:59","guid":{"rendered":"https:\/\/semmelweis.hu\/sebeszet\/?page_id=7687"},"modified":"2023-04-25T14:59:45","modified_gmt":"2023-04-25T12:59:45","slug":"kutatasi-teruletek","status":"publish","type":"page","link":"https:\/\/semmelweis.hu\/sebeszet\/kutatas\/kutatasi-teruletek\/","title":{"rendered":"Kutat\u00e1si ter\u00fcletek"},"content":{"rendered":"<p style=\"text-align: justify\"><strong>Kutat\u00e1si ter\u00fcleteink:<\/strong><\/p>\n<ul style=\"text-align: justify\">\n<li>\u00daj elj\u00e1r\u00e1sok a daganatok seb\u00e9szet\u00e9ben<\/li>\n<li>M\u00e1jcirrhosis \u00e9s port\u00e1lis hypertensio, m\u00e1j ischaemia \u2013 reperfusio k\u00eds\u00e9rletes vizsg\u00e1lata, ascites patofiziol\u00f3gi\u00e1ja<\/li>\n<li>\u00daj m\u0171t\u00e9ti elj\u00e1r\u00e1sok kifejleszt\u00e9se a pancreason<\/li>\n<li>Minim\u00e1l invaz\u00edv seb\u00e9szi technika b\u0151v\u00edt\u00e9se a m\u00e1j, l\u00e9p, pancreas, gyomor-cardiat\u00e1j \u00e9s endokrin seb\u00e9szet ter\u00fcletein<\/li>\n<li>NOTES (natural orifice transluminal endoscopic)<\/li>\n<li>Eml\u0151seb\u00e9szet<\/li>\n<li>Lymphadenectomia jelent\u0151s\u00e9g\u00e9nek vizsg\u00e1lata az\u00a0onkol\u00f3giai seb\u00e9szetben<\/li>\n<li>Kiterjesztett m\u0171t\u00e9ti beavatkoz\u00e1sok anaesthesi\u00e1ja<\/li>\n<li>Septicus \u00e9s v\u00e9rz\u00e9ses shock intenz\u00edv ter\u00e1pi\u00e1ja<\/li>\n<li>M\u00e1jbetegek m\u0171t\u00e9ti \u00e9rz\u00e9stelen\u00edt\u00e9se<\/li>\n<li>Endokrin betegek m\u0171t\u00e9ti \u00e9rz\u00e9stelen\u00edt\u00e9se<\/li>\n<li>Id\u0151s betegek perioperat\u00edv ell\u00e1t\u00e1sa \u00e9s m\u0171t\u00e9ti \u00e9rz\u00e9stelen\u00edt\u00e9se<\/li>\n<li>Minim\u00e1l invaz\u00edv seb\u00e9szet m\u0171t\u00e9ti \u00e9rz\u00e9stelen\u00edt\u00e9se<\/li>\n<li>Seb\u00e9szeti szeptikus betegek intenz\u00edv ell\u00e1t\u00e1sa<\/li>\n<li>Perioperat\u00edv f\u00e1jdalomcsillap\u00edt\u00e1s<\/li>\n<li>Bakteri\u00e1lis fert\u0151z\u00e9sek kezel\u00e9se, gy\u00f3gyszervizsg\u00e1latok, hum\u00e1n tumorok molekul\u00e1rbiol\u00f3giai vizsg\u00e1lata<\/li>\n<li>Invaz\u00edv\u00a0UH-beavatkoz\u00e1sok.<\/li>\n<li>Epe\u00fati minim\u00e1linvaz\u00edv intervenci\u00f3k<\/li>\n<li>M\u00e1jregener\u00e1ci\u00f3 vizsg\u00e1lata<\/li>\n<\/ul>\n<h2 style=\"text-align: justify\">K\u00eds\u00e9rletes Seb\u00e9szeti R\u00e9szleg<\/h2>\n<p style=\"text-align: justify\">A Semmelweis Egyetem Seb\u00e9szeti, Transzplant\u00e1ci\u00f3s \u00e9s Gasztroenterol\u00f3giai Klinik\u00e1j\u00e1n (ST\u00e9G) a k\u00eds\u00e9rletes seb\u00e9szeti kutat\u00e1sok, seb\u00e9szeti hat\u00e1rter\u00fcleti k\u00e9rd\u00e9sek megv\u00e1laszol\u00e1sa \u00e9vtizedes m\u00faltra tekint vissza. A labor hosszas, t\u00f6bb \u00e9vtizedes kihagy\u00e1s ut\u00e1n 2000-t\u0151l ism\u00e9t m\u0171k\u00f6d\u0151k\u00e9pes lett. Az elm\u00falt dek\u00e1dban el\u00e9rte az alapkutat\u00e1sokhoz sz\u00fcks\u00e9ges felszerelts\u00e9get, kutat\u00f3i szellemet. Jelenleg a Semmelweis Egyetem I. sz. Seb\u00e9szeti Klinik\u00e1j\u00e1n, nem \u00f6n\u00e1ll\u00f3 szervezeti egys\u00e9gk\u00e9nt m\u0171k\u00f6d\u0151 &#8222;K\u00eds\u00e9rletes Seb\u00e9szeti R\u00e9szleg&#8221; nevet viseli. <a href=\"https:\/\/semmelweis.hu\/kiserletimuto\/\" target=\"_blank\" rel=\"noopener\"><strong>Tov\u00e1bb a K\u00eds\u00e9rleti m\u0171t\u0151 honlapj\u00e1ra&#8230;<\/strong><\/a> Mintegy 12 \u00e9ve c\u00e9lul kit\u0171z\u00f6tt \u00e1llatk\u00eds\u00e9rletes h\u00e1tt\u00e9rrel m\u0171k\u00f6d\u0151 laborat\u00f3rium m\u00e1ra gasztroenterol\u00f3giai, m\u00e1jseb\u00e9szeti, onkol\u00f3giai, \u00e9rseb\u00e9szeti \u00e9s diagnosztikus c\u00e9lokat is szolg\u00e1l\u00f3 alapkutat\u00e1sokat vett c\u00e9lba. A tev\u00e9kenys\u00e9g\u00fcnk f\u0151 c\u00e9lja els\u0151dlegesen a seb\u00e9szeti vonatkoz\u00e1s\u00fa klinikai k\u00e9rd\u00e9sek k\u00eds\u00e9rletes k\u00f6r\u00fclm\u00e9nyek k\u00f6z\u00f6tt, \u00e1llatmodelleken val\u00f3 tanulm\u00e1nyoz\u00e1sa. A laborat\u00f3riumban m\u0171k\u00f6d\u0151 k\u00eds\u00e9rletes seb\u00e9szet, mint alkalmazott tudom\u00e1ny, szorosan \u00f6sszefon\u00f3dott az elm\u00falt \u00e9vekben egy\u00e9b k\u00eds\u00e9rletes \u00e9s nem k\u00eds\u00e9rletes tudom\u00e1ny\u00e1gakkal. A K\u00eds\u00e9rleti M\u0171t\u0151 dolgoz\u00f3i az egyetemi t\u00e1rsint\u00e9zetekkel folytatott szoros kollabor\u00e1ci\u00f3 keret\u00e9ben a t\u00e1rszakm\u00e1k (patol\u00f3gia, k\u00f3r\u00e9lettan, anat\u00f3mia, biok\u00e9mia) r\u00e1nk vonatkoz\u00f3 lapismereteit elsaj\u00e1t\u00edtott\u00e1k. Az ilyen ir\u00e1ny\u00fa vizsg\u00e1latokat napi folyamatokat napi rutinban v\u00e9gezz\u00fck. A kutat\u00e1sokban az egyik k\u00f6z\u00f6s vonal a mikrocirkul\u00e1ci\u00f3 k\u00eds\u00e9rletes vizsg\u00e1lata \u00e9s az ischaemia tolerancia n\u00f6vel\u00e9s\u00e9nek lehet\u0151s\u00e9g\u00e9nek tanulm\u00e1nyoz\u00e1sa, klinikai adapt\u00e1ci\u00f3ja volt. A jelen eredm\u00e9nyek arra \u00f6szt\u00f6n\u00f6ztek minket, hogy kutat\u00e1saikat az ischaemias k\u00e1rosod\u00e1s m\u00e9lyebb tanulm\u00e1nyoz\u00e1s\u00e1val (immunol\u00f3giai folyamatok, jel\u00e1tviteli rendszerek, kritikus ischaemia) folytassuk. A nagysz\u00e1m\u00fa sikeres tudom\u00e1nyos di\u00e1kk\u00f6r\u00f6s hallgat\u00f3 mellett a Doktori Iskol\u00e1ban ind\u00edtott t\u00e9m\u00e1nk is lehet\u0151s\u00e9get ad postgradu\u00e1lis k\u00e9pz\u00e9sre is. Minden \u00e9rdekl\u0151d\u0151t szeretettel v\u00e1runk! \u00a0<\/p>\n","protected":false},"excerpt":{"rendered":"<p>Kutat\u00e1si ter\u00fcleteink: \u00daj elj\u00e1r\u00e1sok a daganatok seb\u00e9szet\u00e9ben M\u00e1jcirrhosis \u00e9s port\u00e1lis hypertensio, m\u00e1j ischaemia \u2013 reperfusio k\u00eds\u00e9rletes vizsg\u00e1lata, ascites patofiziol\u00f3gi\u00e1ja \u00daj m\u0171t\u00e9ti elj\u00e1r\u00e1sok kifejleszt\u00e9se a pancreason Minim\u00e1l invaz\u00edv seb\u00e9szi technika b\u0151v\u00edt\u00e9se a m\u00e1j, l\u00e9p, pancreas, gyomor-cardiat\u00e1j \u00e9s endokrin seb\u00e9szet ter\u00fcletein NOTES (natural orifice transluminal endoscopic) Eml\u0151seb\u00e9szet Lymphadenectomia jelent\u0151s\u00e9g\u00e9nek vizsg\u00e1lata az\u00a0onkol\u00f3giai seb\u00e9szetben Kiterjesztett m\u0171t\u00e9ti beavatkoz\u00e1sok anaesthesi\u00e1ja Septicus &hellip;<\/p>\n","protected":false},"author":101236,"featured_media":0,"parent":91,"menu_order":0,"comment_status":"closed","ping_status":"closed","template":"","meta":{"_acf_changed":false,"footnotes":""},"categories":[],"tags":[],"class_list":["post-7687","page","type-page","status-publish","hentry"],"acf":[],"_links":{"self":[{"href":"https:\/\/semmelweis.hu\/sebeszet\/wp-json\/wp\/v2\/pages\/7687","targetHints":{"allow":["GET"]}}],"collection":[{"href":"https:\/\/semmelweis.hu\/sebeszet\/wp-json\/wp\/v2\/pages"}],"about":[{"href":"https:\/\/semmelweis.hu\/sebeszet\/wp-json\/wp\/v2\/types\/page"}],"author":[{"embeddable":true,"href":"https:\/\/semmelweis.hu\/sebeszet\/wp-json\/wp\/v2\/users\/101236"}],"replies":[{"embeddable":true,"href":"https:\/\/semmelweis.hu\/sebeszet\/wp-json\/wp\/v2\/comments?post=7687"}],"version-history":[{"count":2,"href":"https:\/\/semmelweis.hu\/sebeszet\/wp-json\/wp\/v2\/pages\/7687\/revisions"}],"predecessor-version":[{"id":8047,"href":"https:\/\/semmelweis.hu\/sebeszet\/wp-json\/wp\/v2\/pages\/7687\/revisions\/8047"}],"up":[{"embeddable":true,"href":"https:\/\/semmelweis.hu\/sebeszet\/wp-json\/wp\/v2\/pages\/91"}],"wp:attachment":[{"href":"https:\/\/semmelweis.hu\/sebeszet\/wp-json\/wp\/v2\/media?parent=7687"}],"wp:term":[{"taxonomy":"category","embeddable":true,"href":"https:\/\/semmelweis.hu\/sebeszet\/wp-json\/wp\/v2\/categories?post=7687"},{"taxonomy":"post_tag","embeddable":true,"href":"https:\/\/semmelweis.hu\/sebeszet\/wp-json\/wp\/v2\/tags?post=7687"}],"curies":[{"name":"wp","href":"https:\/\/api.w.org\/{rel}","templated":true}]}}