{"id":7672,"date":"2022-10-17T13:30:20","date_gmt":"2022-10-17T11:30:20","guid":{"rendered":"https:\/\/semmelweis.hu\/sebeszet\/?page_id=7672"},"modified":"2023-05-18T10:18:47","modified_gmt":"2023-05-18T08:18:47","slug":"tudomanyos-fokozatok-megszerzese-a-steg-en","status":"publish","type":"page","link":"https:\/\/semmelweis.hu\/sebeszet\/kutatas\/tudomanyos-fokozatok-megszerzese-a-steg-en\/","title":{"rendered":"Tudom\u00e1nyos fokozatok megszerz\u00e9se a ST\u00e9G-en"},"content":{"rendered":"<p>PhD fokozatok ST\u00e9G-en:<\/p>\n<p>Dr. Bal\u00e1zs \u00c1kos-2010<\/p>\n<p>Dr. B\u00e1nky Bal\u00e1zs-2014<\/p>\n<p>Dr. Benk\u0151 Tam\u00e1s-2010<\/p>\n<p>Dr. Bogn\u00e1r G\u00e1bor-2009<\/p>\n<p>Dr. Cseprek\u00e1l Orsolya-2012<\/p>\n<p>Dr. Feh\u00e9rv\u00e1ri Imre-2012<\/p>\n<p>Dr. F\u00f6ldes Katalin-2003<\/p>\n<p>Dr. F\u00fcl\u00f6p Andr\u00e1s-2017<\/p>\n<p>Dr. Hagym\u00e1si Krisztina-2002<\/p>\n<p>Dr. Hahn Oszk\u00e1r- 2015<\/p>\n<p>Dr. Hars\u00e1nyi L\u00e1szl\u00f3-1993<\/p>\n<p>Dr. Hritz Istv\u00e1n-2008<\/p>\n<p>Dr. Huszty Gergely-2010<\/p>\n<p>Dr. Kr\u00e1lik Zolt\u00e1n-2015<\/p>\n<p>Dr. K\u00f3bori L\u00e1szl\u00f3-2004<\/p>\n<p>Dr. Korompay Anna-2016<\/p>\n<p>Dr. Kov\u00e1cs J\u00e1nos-<\/p>\n<p>Dr. Leiszter Katalin-2016<\/p>\n<p>Dr. Lippai D\u00f3ra-2016<\/p>\n<p>Dr. Miheller P\u00e1l-2008<\/p>\n<p>Dr. M\u00fcllner Katalin-2003<\/p>\n<p>Dr. N\u00e9meth K\u00e1roly-2016<\/p>\n<p>Dr. Papp Veronika-2014<\/p>\n<p>Dr. Patai \u00c1rp\u00e1d-2018<\/p>\n<p>Dr. Patonai Attila-2014<\/p>\n<p>Dr. P\u00e9ter Zolt\u00e1n-2006<\/p>\n<p>Dr. Piros L\u00e1szl\u00f3-2014<\/p>\n<p>Dr. Remport \u00c1d\u00e1m-2012<\/p>\n<p>Dr. So\u00f3s S\u00e1ndor-2017<\/p>\n<p>Dr. Sug\u00e1r Istv\u00e1n-1998<\/p>\n<p>Dr. Szab\u00f3 Marcell-2022<\/p>\n<p>Dr. Szij\u00e1rt\u00f3 Attila-2007<\/p>\n<p>Dr. Sz\u00fccs \u00c1kos-2009<\/p>\n<p>Dr. Telkes G\u00e1bor-2009<\/p>\n<p>Dr. Toronyi \u00c9va-2001<\/p>\n<p>Dr. W\u00e1gner L\u00e1szl\u00f3-2002<\/p>\n<p>Dr. Werling Kl\u00e1ra-2022<\/p>\n","protected":false},"excerpt":{"rendered":"<p>PhD fokozatok ST\u00e9G-en: Dr. Bal\u00e1zs \u00c1kos-2010 Dr. B\u00e1nky Bal\u00e1zs-2014 Dr. Benk\u0151 Tam\u00e1s-2010 Dr. Bogn\u00e1r G\u00e1bor-2009 Dr. Cseprek\u00e1l Orsolya-2012 Dr. Feh\u00e9rv\u00e1ri Imre-2012 Dr. F\u00f6ldes Katalin-2003 Dr. F\u00fcl\u00f6p Andr\u00e1s-2017 Dr. Hagym\u00e1si Krisztina-2002 Dr. Hahn Oszk\u00e1r- 2015 Dr. Hars\u00e1nyi L\u00e1szl\u00f3-1993 Dr. Hritz Istv\u00e1n-2008 Dr. Huszty Gergely-2010 Dr. Kr\u00e1lik Zolt\u00e1n-2015 Dr. K\u00f3bori L\u00e1szl\u00f3-2004 Dr. Korompay Anna-2016 Dr. Kov\u00e1cs J\u00e1nos- &hellip;<\/p>\n","protected":false},"author":101236,"featured_media":0,"parent":91,"menu_order":1,"comment_status":"closed","ping_status":"closed","template":"","meta":{"_acf_changed":false,"footnotes":""},"categories":[],"tags":[],"class_list":["post-7672","page","type-page","status-publish","hentry"],"acf":[],"_links":{"self":[{"href":"https:\/\/semmelweis.hu\/sebeszet\/wp-json\/wp\/v2\/pages\/7672","targetHints":{"allow":["GET"]}}],"collection":[{"href":"https:\/\/semmelweis.hu\/sebeszet\/wp-json\/wp\/v2\/pages"}],"about":[{"href":"https:\/\/semmelweis.hu\/sebeszet\/wp-json\/wp\/v2\/types\/page"}],"author":[{"embeddable":true,"href":"https:\/\/semmelweis.hu\/sebeszet\/wp-json\/wp\/v2\/users\/101236"}],"replies":[{"embeddable":true,"href":"https:\/\/semmelweis.hu\/sebeszet\/wp-json\/wp\/v2\/comments?post=7672"}],"version-history":[{"count":5,"href":"https:\/\/semmelweis.hu\/sebeszet\/wp-json\/wp\/v2\/pages\/7672\/revisions"}],"predecessor-version":[{"id":8071,"href":"https:\/\/semmelweis.hu\/sebeszet\/wp-json\/wp\/v2\/pages\/7672\/revisions\/8071"}],"up":[{"embeddable":true,"href":"https:\/\/semmelweis.hu\/sebeszet\/wp-json\/wp\/v2\/pages\/91"}],"wp:attachment":[{"href":"https:\/\/semmelweis.hu\/sebeszet\/wp-json\/wp\/v2\/media?parent=7672"}],"wp:term":[{"taxonomy":"category","embeddable":true,"href":"https:\/\/semmelweis.hu\/sebeszet\/wp-json\/wp\/v2\/categories?post=7672"},{"taxonomy":"post_tag","embeddable":true,"href":"https:\/\/semmelweis.hu\/sebeszet\/wp-json\/wp\/v2\/tags?post=7672"}],"curies":[{"name":"wp","href":"https:\/\/api.w.org\/{rel}","templated":true}]}}