{"id":7394,"date":"2022-05-12T11:39:55","date_gmt":"2022-05-12T09:39:55","guid":{"rendered":"https:\/\/semmelweis.hu\/sebeszet\/?page_id=7394"},"modified":"2023-05-19T11:45:01","modified_gmt":"2023-05-19T09:45:01","slug":"katolikus-surgossegi-lelkipasztori-szolgalat","status":"publish","type":"page","link":"https:\/\/semmelweis.hu\/sebeszet\/betegellatas\/katolikus-surgossegi-lelkipasztori-szolgalat\/","title":{"rendered":"Katolikus S\u00fcrg\u0151ss\u00e9gi Lelkip\u00e1sztori Szolg\u00e1lat"},"content":{"rendered":"<p style=\"text-align: justify\">A k\u00f3rh\u00e1zi oszt\u00e1lyokon foly\u00f3 gy\u00f3gy\u00edt\u00f3 munka zavartalans\u00e1g\u00e1nak biztos\u00edt\u00e1sa mellett minden beteg szabadon gyakorolhatja vall\u00e1s\u00e1t, \u00e9s az egyh\u00e1zi szem\u00e9llyel val\u00f3 kapcsolattart\u00e1si jog\u00e1t.<\/p>\n<p>A Budapesti Katolikus K\u00f3rh\u00e1zlelk\u00e9szs\u00e9g a k\u00f3rh\u00e1zban l\u00e9v\u0151 betegeknek k\u00e9r\u00e9s\u00e9re (s\u00falyos \u00e1llapot eset\u00e9n k\u00f6zvetlen hozz\u00e1tartoz\u00f3 vagy az int\u00e9zm\u00e9ny munkat\u00e1rsa k\u00e9r\u00e9s\u00e9re) s\u00fcrg\u0151s esetekben biztos\u00edtja katolikus pap l\u00e1togat\u00e1s\u00e1t, hogy meger\u0151s\u00edtse \u0151ket Krisztus szents\u00e9geivel.<\/p>\n<p><strong>A Katolikus S\u00fcrg\u0151ss\u00e9gi Lelkip\u00e1sztori Szolg\u00e1lat \u00e9jjel-nappal h\u00edvhat\u00f3 telefonsz\u00e1ma: +3<\/strong><strong>6 1 213 9620<br \/>\n<\/strong><br \/>\nBudapesti Katolikus K\u00f3rh\u00e1zlelk\u00e9szs\u00e9g<br \/>\n1122 Budapest, R\u00e1th Gy\u00f6rgy u. 7-9.<br \/>\nIrodai telefon: 06 1 224-8640 h\u00e9tk\u00f6znap 8-16 \u00f3r\u00e1ig<br \/>\nE-mail:\u00a0<a href=\"mailto:korlelk@gmail.com\">korlelk@gmail.com<\/a><br \/>\nWeboldal, melyen megtal\u00e1lhat\u00f3ak az egyes k\u00f3rh\u00e1zk\u00e1poln\u00e1k miserendje is:<br \/>\n<a href=\"http:\/\/www.facebook.com\/korlelk\">www.facebook.com\/korlelk<\/a><\/p>\n<p style=\"text-align: justify\">Miserend (eg\u00e9sz \u00e9vben): <a href=\"https:\/\/miserend.hu\/templom\/5369\">https:\/\/miserend.hu\/templom\/5369<\/a><\/p>\n<p style=\"text-align: justify\"><strong>Szent Kamill k\u00f3rh\u00e1zk\u00e1polna <\/strong>(K\u00fcls\u0151 Klinikai T\u00f6mb k\u00e1poln\u00e1ja)<br \/>\nKedd: 16<u><sup>30<br \/>\n<\/sup><\/u><span style=\"font-size: 1rem\">Vas\u00e1rnap: 10<\/span><u style=\"font-size: 1rem\"><sup>00<\/sup><\/u><sup>\u00a0 <\/sup><span style=\"font-size: 1rem\">\u2013 g\u00f6r\u00f6g katolikus liturgia (p\u00e1ros h\u00e9ten)<br \/>\n<\/span>A k\u00e1polna nyitva minden nap, 7<u><sup>00<\/sup><\/u> \u00f3r\u00e1t\u00f3l &#8211; 20<u><sup>00<\/sup><\/u> \u00f3r\u00e1ig.<\/p>\n","protected":false},"excerpt":{"rendered":"<p>A k\u00f3rh\u00e1zi oszt\u00e1lyokon foly\u00f3 gy\u00f3gy\u00edt\u00f3 munka zavartalans\u00e1g\u00e1nak biztos\u00edt\u00e1sa mellett minden beteg szabadon gyakorolhatja vall\u00e1s\u00e1t, \u00e9s az egyh\u00e1zi szem\u00e9llyel val\u00f3 kapcsolattart\u00e1si jog\u00e1t. A Budapesti Katolikus K\u00f3rh\u00e1zlelk\u00e9szs\u00e9g a k\u00f3rh\u00e1zban l\u00e9v\u0151 betegeknek k\u00e9r\u00e9s\u00e9re (s\u00falyos \u00e1llapot eset\u00e9n k\u00f6zvetlen hozz\u00e1tartoz\u00f3 vagy az int\u00e9zm\u00e9ny munkat\u00e1rsa k\u00e9r\u00e9s\u00e9re) s\u00fcrg\u0151s esetekben biztos\u00edtja katolikus pap l\u00e1togat\u00e1s\u00e1t, hogy meger\u0151s\u00edtse \u0151ket Krisztus szents\u00e9geivel. A Katolikus S\u00fcrg\u0151ss\u00e9gi Lelkip\u00e1sztori &hellip;<\/p>\n","protected":false},"author":101236,"featured_media":0,"parent":77,"menu_order":18,"comment_status":"closed","ping_status":"closed","template":"","meta":{"_acf_changed":false,"footnotes":""},"categories":[],"tags":[],"class_list":["post-7394","page","type-page","status-publish","hentry"],"acf":[],"_links":{"self":[{"href":"https:\/\/semmelweis.hu\/sebeszet\/wp-json\/wp\/v2\/pages\/7394","targetHints":{"allow":["GET"]}}],"collection":[{"href":"https:\/\/semmelweis.hu\/sebeszet\/wp-json\/wp\/v2\/pages"}],"about":[{"href":"https:\/\/semmelweis.hu\/sebeszet\/wp-json\/wp\/v2\/types\/page"}],"author":[{"embeddable":true,"href":"https:\/\/semmelweis.hu\/sebeszet\/wp-json\/wp\/v2\/users\/101236"}],"replies":[{"embeddable":true,"href":"https:\/\/semmelweis.hu\/sebeszet\/wp-json\/wp\/v2\/comments?post=7394"}],"version-history":[{"count":3,"href":"https:\/\/semmelweis.hu\/sebeszet\/wp-json\/wp\/v2\/pages\/7394\/revisions"}],"predecessor-version":[{"id":8086,"href":"https:\/\/semmelweis.hu\/sebeszet\/wp-json\/wp\/v2\/pages\/7394\/revisions\/8086"}],"up":[{"embeddable":true,"href":"https:\/\/semmelweis.hu\/sebeszet\/wp-json\/wp\/v2\/pages\/77"}],"wp:attachment":[{"href":"https:\/\/semmelweis.hu\/sebeszet\/wp-json\/wp\/v2\/media?parent=7394"}],"wp:term":[{"taxonomy":"category","embeddable":true,"href":"https:\/\/semmelweis.hu\/sebeszet\/wp-json\/wp\/v2\/categories?post=7394"},{"taxonomy":"post_tag","embeddable":true,"href":"https:\/\/semmelweis.hu\/sebeszet\/wp-json\/wp\/v2\/tags?post=7394"}],"curies":[{"name":"wp","href":"https:\/\/api.w.org\/{rel}","templated":true}]}}