{"id":7386,"date":"2022-05-10T08:34:32","date_gmt":"2022-05-10T06:34:32","guid":{"rendered":"https:\/\/semmelweis.hu\/sebeszet\/?page_id=7386"},"modified":"2025-07-08T13:37:18","modified_gmt":"2025-07-08T11:37:18","slug":"trasplant-today","status":"publish","type":"page","link":"https:\/\/semmelweis.hu\/sebeszet\/oktatas\/klinikai-tudomanyos-rendezvenyek\/trasplant-today\/","title":{"rendered":"Trasplant today"},"content":{"rendered":"<p>Az al\u00e1bbi linkeken tal\u00e1lhat\u00f3, Semmelweis Egyetem Kaltura oldal\u00e1n megtekinthet\u0151 mindenki sz\u00e1m\u00e1ra<\/p>\n<ul>\n<li><a href=\"https:\/\/kaltura.semmelweis.hu\/media\/Transplant+Today+-+Dr.+Luciano+Potena\/1_8yx4hvg4\">Dr. Luciano Potena<\/a><\/li>\n<li><a href=\"https:\/\/kaltura.semmelweis.hu\/media\/Transplant+Today+-+Dr.+Frank+Dor\/1_ji7n7k1i\">Dr. Frank Dor<\/a><\/li>\n<li><a href=\"https:\/\/kaltura.semmelweis.hu\/media\/Transplant+Today+-+Dr.+Vassilios+Papalois\/1_ryvl7cfe\">Dr. Vassilios Papalois<\/a><\/li>\n<li><a href=\"https:\/\/www.youtube.com\/watch?v=0WubyN8EVJA\">Prof. Dr. Walter Klepetko<\/a><\/li>\n<li><a href=\"https:\/\/www.youtube.com\/watch?v=kNOlU_v5w-Y\">Dr. Rutger J. Ploeg<\/a><\/li>\n<li><a href=\"https:\/\/www.youtube.com\/watch?v=GZo0plEVKs4\">Bernadette Haase<\/a><\/li>\n<\/ul>\n<ul>\n<li><a href=\"https:\/\/www.youtube.com\/watch?v=9zzgWvCkjUk\">TRANSPLANT TODAY | 25 March 2022 video<\/a><\/li>\n<\/ul>\n<p>Transplant Today-en elhangzott el\u0151ad\u00e1sai.<\/p>\n<p>K\u00e9rem fogadj\u00e1k szeretettel!<\/p>\n","protected":false},"excerpt":{"rendered":"<p>Az al\u00e1bbi linkeken tal\u00e1lhat\u00f3, Semmelweis Egyetem Kaltura oldal\u00e1n megtekinthet\u0151 mindenki sz\u00e1m\u00e1ra<\/p>\n<p><a href=\"https:\/\/kaltura.semmelweis.hu\/media\/Transplant+Today+-+Dr.+Luciano+Potena\/1_8yx4hvg4\">Dr. Luciano Potena<\/a><br \/>\n<a href=\"https:\/\/kaltura.semmelweis.hu\/media\/Transplant+Today+-+Dr.+Frank+Dor\/1_ji7n7k1i\">Dr. Frank Dor<\/a><br \/>\n<a href=\"https:\/\/kaltura.semmelweis.hu\/media\/Transplant+Today+-+Dr.+Vassilios+Papalois\/1_ryvl7cfe\">Dr. Vassilios Papalois<\/a><br \/>\n<a href=\"https:\/\/www.youtube.com\/watch?v=0WubyN8EVJA\">Prof. Dr. Walter Klepetko<\/a><br \/>\n<a href=\"https:\/\/www.youtube.com\/watch?v=kNOlU_v5w-Y\">Dr. Rutger J. Ploeg<\/a><br \/>\n<a href=\"https:\/\/www.youtube.com\/watch?v=GZo0plEVKs4\">Bernadette Haase<\/a><\/p>\n<p><a href=\"https:\/\/www.youtube.com\/watch?v=9zzgWvCkjUk\">TRANSPLANT TODAY | 25 March 2022 video<\/a><\/p>\n<p>Transplant Today-en elhangzott el\u0151ad\u00e1sai.<br \/>\nK\u00e9rem fogadj\u00e1k szeretettel!<\/p>\n","protected":false},"author":101236,"featured_media":0,"parent":7363,"menu_order":2,"comment_status":"closed","ping_status":"closed","template":"","meta":{"_acf_changed":false,"footnotes":""},"categories":[],"tags":[],"class_list":["post-7386","page","type-page","status-publish","hentry"],"acf":[],"_links":{"self":[{"href":"https:\/\/semmelweis.hu\/sebeszet\/wp-json\/wp\/v2\/pages\/7386","targetHints":{"allow":["GET"]}}],"collection":[{"href":"https:\/\/semmelweis.hu\/sebeszet\/wp-json\/wp\/v2\/pages"}],"about":[{"href":"https:\/\/semmelweis.hu\/sebeszet\/wp-json\/wp\/v2\/types\/page"}],"author":[{"embeddable":true,"href":"https:\/\/semmelweis.hu\/sebeszet\/wp-json\/wp\/v2\/users\/101236"}],"replies":[{"embeddable":true,"href":"https:\/\/semmelweis.hu\/sebeszet\/wp-json\/wp\/v2\/comments?post=7386"}],"version-history":[{"count":8,"href":"https:\/\/semmelweis.hu\/sebeszet\/wp-json\/wp\/v2\/pages\/7386\/revisions"}],"predecessor-version":[{"id":9325,"href":"https:\/\/semmelweis.hu\/sebeszet\/wp-json\/wp\/v2\/pages\/7386\/revisions\/9325"}],"up":[{"embeddable":true,"href":"https:\/\/semmelweis.hu\/sebeszet\/wp-json\/wp\/v2\/pages\/7363"}],"wp:attachment":[{"href":"https:\/\/semmelweis.hu\/sebeszet\/wp-json\/wp\/v2\/media?parent=7386"}],"wp:term":[{"taxonomy":"category","embeddable":true,"href":"https:\/\/semmelweis.hu\/sebeszet\/wp-json\/wp\/v2\/categories?post=7386"},{"taxonomy":"post_tag","embeddable":true,"href":"https:\/\/semmelweis.hu\/sebeszet\/wp-json\/wp\/v2\/tags?post=7386"}],"curies":[{"name":"wp","href":"https:\/\/api.w.org\/{rel}","templated":true}]}}